{"id":27587,"date":"2023-10-17T18:51:18","date_gmt":"2023-10-17T17:51:18","guid":{"rendered":"https:\/\/docmarket-dz.com\/?post_type=product&#038;p=27587"},"modified":"2025-12-23T16:07:11","modified_gmt":"2025-12-23T15:07:11","slug":"eau-distilee-5l-2m","status":"publish","type":"product","link":"https:\/\/docmarket-dz.com\/index.php\/product\/eau-distilee-5l-2m\/","title":{"rendered":"EAU DISTILEE 5L"},"content":{"rendered":"","protected":false},"excerpt":{"rendered":"","protected":false},"featured_media":27588,"comment_status":"open","ping_status":"closed","template":"","meta":{"content-type":"","om_disable_all_campaigns":false,"_uf_show_specific_survey":0,"_uf_disable_surveys":false,"jetpack_publicize_message":"","jetpack_publicize_feature_enabled":true,"jetpack_social_post_already_shared":false,"jetpack_social_options":{"image_generator_settings":{"template":"highway","default_image_id":0,"font":"","enabled":false},"version":2}},"product_brand":[],"product_cat":[486,487],"product_tag":[],"class_list":{"0":"post-27587","1":"product","2":"type-product","3":"status-publish","4":"has-post-thumbnail","6":"product_cat-laboratoire","7":"product_cat-medical","9":"first","10":"instock","11":"taxable","12":"shipping-taxable","13":"purchasable","14":"product-type-simple"},"supplier_id":null,"supplier_sku":"","barcode":null,"atum_controlled":true,"out_stock_date":null,"out_stock_threshold":null,"inheritable":false,"inbound_stock":0,"stock_on_hold":0,"sold_today":0,"sales_last_days":0,"reserved_stock":0,"customer_returns":0,"warehouse_damage":0,"lost_in_post":0,"other_logs":0,"out_stock_days":0,"lost_sales":0,"has_location":true,"update_date":"2026-04-10T00:05:14","atum_locations":[{"id":915,"name":"B","slug":"b"}],"atum_stock_status":"instock","restock_status":false,"low_stock_amount":"","sales_update_date":"2026-04-10T00:05:14","calc_backorders":null,"aioseo_notices":[],"jetpack_publicize_connections":[],"jetpack-related-posts":[{"id":24430,"url":"https:\/\/docmarket-dz.com\/index.php\/product\/eau-demineralisee-5l\/","url_meta":{"origin":27587,"position":0},"title":"Eau d\u00e9mineralis\u00e9e 5L","author":"falek.h","date":"24\/12\/2022","format":false,"excerpt":"","rel":"","context":"Article similaire","block_context":{"text":"Article similaire","link":""},"img":{"alt_text":"","src":"https:\/\/i0.wp.com\/docmarket-dz.com\/wp-content\/uploads\/2022\/12\/eau-demineralisee-PhotoRoom1-e1671864569197.jpg?fit=600%2C535&ssl=1&resize=350%2C200","width":350,"height":200,"srcset":"https:\/\/i0.wp.com\/docmarket-dz.com\/wp-content\/uploads\/2022\/12\/eau-demineralisee-PhotoRoom1-e1671864569197.jpg?fit=600%2C535&ssl=1&resize=350%2C200 1x, https:\/\/i0.wp.com\/docmarket-dz.com\/wp-content\/uploads\/2022\/12\/eau-demineralisee-PhotoRoom1-e1671864569197.jpg?fit=600%2C535&ssl=1&resize=525%2C300 1.5x"},"classes":[]},{"id":29779,"url":"https:\/\/docmarket-dz.com\/index.php\/product\/bechtid-premium-5l-concentre\/","url_meta":{"origin":27587,"position":1},"title":"Bechtid Premium 5L concentr\u00e9","author":"Sofiane Arbouche","date":"23\/12\/2024","format":false,"excerpt":"Pour une protection microbicide compl\u00e8te sur les surfaces lavables \u00e0 l'eau","rel":"","context":"Article similaire","block_context":{"text":"Article similaire","link":""},"img":{"alt_text":"","src":"https:\/\/i0.wp.com\/docmarket-dz.com\/wp-content\/uploads\/2024\/12\/Sans-titre-1.png?fit=348%2C500&ssl=1&resize=350%2C200","width":350,"height":200},"classes":[]},{"id":26650,"url":"https:\/\/docmarket-dz.com\/index.php\/product\/desinfectant-surface-surfanium-5l\/","url_meta":{"origin":27587,"position":2},"title":"SURFANIOS Premium 5L","author":"falek.h","date":"17\/03\/2023","format":false,"excerpt":"D\u00e9tergent D\u00e9sinfectant sols et surfaces \u00a0 \u00a0 \u00a0 \u00a0 \u00a0 \u00a0 \u00a0\u00a0 Produit combinant les actions d\u00e9tergente et d\u00e9sinfectante Efficace sur les bact\u00e9ries et moisissures isol\u00e9es de l'environnement hospitalier Produit formul\u00e9 sans ald\u00e9hyde Optimisation \u00e9cotoxycologiques \u00a0 \u00a0 \u00a0 \u00a0 \u00a0 \u00a0Indications : Nettoyage et d\u00e9sinfection des sols, murs, mat\u00e9riel m\u00e9dical\u2026","rel":"","context":"Article similaire","block_context":{"text":"Article similaire","link":""},"img":{"alt_text":"","src":"https:\/\/i0.wp.com\/docmarket-dz.com\/wp-content\/uploads\/2023\/03\/DESINFECTANT-SURFACE-SURFANIUM-5L-e1680614797239.webp?fit=477%2C600&ssl=1&resize=350%2C200","width":350,"height":200},"classes":[]},{"id":26431,"url":"https:\/\/docmarket-dz.com\/index.php\/product\/actyl-surface-5l\/","url_meta":{"origin":27587,"position":3},"title":"ACTYL + SURFACE 5L","author":"falek.h","date":"01\/01\/1970","format":false,"excerpt":"","rel":"","context":"Article similaire","block_context":{"text":"Article similaire","link":""},"img":{"alt_text":"","src":"https:\/\/i0.wp.com\/docmarket-dz.com\/wp-content\/uploads\/2023\/03\/ACTYL-SURFACE-5L-e1680680189527.jpg?fit=634%2C600&ssl=1&resize=350%2C200","width":350,"height":200,"srcset":"https:\/\/i0.wp.com\/docmarket-dz.com\/wp-content\/uploads\/2023\/03\/ACTYL-SURFACE-5L-e1680680189527.jpg?fit=634%2C600&ssl=1&resize=350%2C200 1x, https:\/\/i0.wp.com\/docmarket-dz.com\/wp-content\/uploads\/2023\/03\/ACTYL-SURFACE-5L-e1680680189527.jpg?fit=634%2C600&ssl=1&resize=525%2C300 1.5x"},"classes":[]},{"id":28069,"url":"https:\/\/docmarket-dz.com\/index.php\/product\/revelateur-de-radio-5l\/","url_meta":{"origin":27587,"position":4},"title":"R\u00e9v\u00e9lateur de Radio 5L","author":"fatmazohra.nasri","date":"10\/12\/2023","format":false,"excerpt":"","rel":"","context":"Article similaire","block_context":{"text":"Article similaire","link":""},"img":{"alt_text":"","src":"","width":0,"height":0},"classes":[]},{"id":26418,"url":"https:\/\/docmarket-dz.com\/index.php\/product\/desinfectant-multisurface-5l-2m\/","url_meta":{"origin":27587,"position":5},"title":"DESINFECTANT MULTISURFACE 5L 2M","author":"falek.h","date":"12\/03\/2023","format":false,"excerpt":"","rel":"","context":"Article similaire","block_context":{"text":"Article similaire","link":""},"img":{"alt_text":"","src":"","width":0,"height":0},"classes":[]}],"jetpack_sharing_enabled":true,"tiered_pricing_type":"fixed","tiered_pricing_fixed_rules":[],"tiered_pricing_product_settings":{"layout":"default","base_unit_name":{"singular":null,"plural":null},"default_variation":null},"tiered_pricing_minimum_quantity":null,"tiered_pricing_roles_data":[],"tiered_pricing_percentage_rules":[],"_links":{"self":[{"href":"https:\/\/docmarket-dz.com\/index.php\/wp-json\/wp\/v2\/product\/27587","targetHints":{"allow":["GET"]}}],"collection":[{"href":"https:\/\/docmarket-dz.com\/index.php\/wp-json\/wp\/v2\/product"}],"about":[{"href":"https:\/\/docmarket-dz.com\/index.php\/wp-json\/wp\/v2\/types\/product"}],"replies":[{"embeddable":true,"href":"https:\/\/docmarket-dz.com\/index.php\/wp-json\/wp\/v2\/comments?post=27587"}],"wp:featuredmedia":[{"embeddable":true,"href":"https:\/\/docmarket-dz.com\/index.php\/wp-json\/wp\/v2\/media\/27588"}],"wp:attachment":[{"href":"https:\/\/docmarket-dz.com\/index.php\/wp-json\/wp\/v2\/media?parent=27587"}],"wp:term":[{"taxonomy":"product_brand","embeddable":true,"href":"https:\/\/docmarket-dz.com\/index.php\/wp-json\/wp\/v2\/product_brand?post=27587"},{"taxonomy":"product_cat","embeddable":true,"href":"https:\/\/docmarket-dz.com\/index.php\/wp-json\/wp\/v2\/product_cat?post=27587"},{"taxonomy":"product_tag","embeddable":true,"href":"https:\/\/docmarket-dz.com\/index.php\/wp-json\/wp\/v2\/product_tag?post=27587"}],"curies":[{"name":"wp","href":"https:\/\/api.w.org\/{rel}","templated":true}]}}