{"id":27591,"date":"2023-10-18T09:08:06","date_gmt":"2023-10-18T08:08:06","guid":{"rendered":"https:\/\/docmarket-dz.com\/?post_type=product&#038;p=27591"},"modified":"2025-12-08T15:57:55","modified_gmt":"2025-12-08T14:57:55","slug":"seringue-20cc-ultraliss","status":"publish","type":"product","link":"https:\/\/docmarket-dz.com\/index.php\/product\/seringue-20cc-ultraliss\/","title":{"rendered":"SERINGUE 20CC ULTRALISS"},"content":{"rendered":"","protected":false},"excerpt":{"rendered":"","protected":false},"featured_media":27592,"comment_status":"open","ping_status":"closed","template":"","meta":{"content-type":"","om_disable_all_campaigns":false,"_uf_show_specific_survey":0,"_uf_disable_surveys":false,"jetpack_publicize_message":"","jetpack_publicize_feature_enabled":true,"jetpack_social_post_already_shared":false,"jetpack_social_options":{"image_generator_settings":{"template":"highway","default_image_id":0,"font":"","enabled":false},"version":2}},"product_brand":[],"product_cat":[739],"product_tag":[],"class_list":{"0":"post-27591","1":"product","2":"type-product","3":"status-publish","4":"has-post-thumbnail","6":"product_cat-acupuncture","8":"first","9":"onbackorder","10":"taxable","11":"shipping-taxable","12":"purchasable","13":"product-type-simple"},"supplier_id":null,"supplier_sku":"","barcode":null,"atum_controlled":true,"out_stock_date":"2025-12-08 15:57:55","out_stock_threshold":null,"inheritable":false,"inbound_stock":0,"stock_on_hold":0,"sold_today":0,"sales_last_days":0,"reserved_stock":0,"customer_returns":0,"warehouse_damage":0,"lost_in_post":0,"other_logs":0,"out_stock_days":122,"lost_sales":0,"has_location":false,"update_date":"2026-04-10T00:04:57","atum_locations":[],"atum_stock_status":"onbackorder","restock_status":false,"low_stock_amount":90,"sales_update_date":"2026-04-10T00:04:57","calc_backorders":0,"aioseo_notices":[],"jetpack_publicize_connections":[],"jetpack-related-posts":[{"id":27716,"url":"https:\/\/docmarket-dz.com\/index.php\/product\/seringue-10cc-pronto\/","url_meta":{"origin":27591,"position":0},"title":"Seringue 10CC PRONTO","author":"fatmazohra.nasri","date":"24\/10\/2023","format":false,"excerpt":"Seringues 10 ml avec embout centr\u00e9","rel":"","context":"Article similaire","block_context":{"text":"Article similaire","link":""},"img":{"alt_text":"","src":"https:\/\/i0.wp.com\/docmarket-dz.com\/wp-content\/uploads\/2023\/10\/IMG_1706.jpg?fit=606%2C602&ssl=1&resize=350%2C200","width":350,"height":200,"srcset":"https:\/\/i0.wp.com\/docmarket-dz.com\/wp-content\/uploads\/2023\/10\/IMG_1706.jpg?fit=606%2C602&ssl=1&resize=350%2C200 1x, https:\/\/i0.wp.com\/docmarket-dz.com\/wp-content\/uploads\/2023\/10\/IMG_1706.jpg?fit=606%2C602&ssl=1&resize=525%2C300 1.5x"},"classes":[]},{"id":26653,"url":"https:\/\/docmarket-dz.com\/index.php\/product\/diaflex-diadent-seringue\/","url_meta":{"origin":27591,"position":1},"title":"DIAFLEX DIADENT SERINGUE","author":"falek.h","date":"17\/03\/2023","format":false,"excerpt":"DiaFlex (Seringue d'irrigation pour canal radiculaire) Seringue \u00e0 embout souple en polypropyl\u00e8ne souple pour l'irrigation canalaire. Autoclavable et chimiclavable pour usage multiple jusqu'\u00e0 50 fois. Volume de 1,3 ml imprim\u00e9 \u00e0 intervalles de 1 mm. Effet clinique maximal en un minimum de temps. DiaFlex est compatible avec les seringues Luer\u2026","rel":"","context":"Article similaire","block_context":{"text":"Article similaire","link":""},"img":{"alt_text":"","src":"https:\/\/i0.wp.com\/docmarket-dz.com\/wp-content\/uploads\/2023\/03\/DIAFLEX-DIADENT-SERINGUE-e1680614398697.jpg?fit=600%2C600&ssl=1&resize=350%2C200","width":350,"height":200,"srcset":"https:\/\/i0.wp.com\/docmarket-dz.com\/wp-content\/uploads\/2023\/03\/DIAFLEX-DIADENT-SERINGUE-e1680614398697.jpg?fit=600%2C600&ssl=1&resize=350%2C200 1x, https:\/\/i0.wp.com\/docmarket-dz.com\/wp-content\/uploads\/2023\/03\/DIAFLEX-DIADENT-SERINGUE-e1680614398697.jpg?fit=600%2C600&ssl=1&resize=525%2C300 1.5x"},"classes":[]},{"id":24581,"url":"https:\/\/docmarket-dz.com\/index.php\/product\/seringue-jetable\/","url_meta":{"origin":27591,"position":2},"title":"Seringue jetable","author":"falek.h","date":"06\/01\/2023","format":false,"excerpt":"","rel":"","context":"Article similaire","block_context":{"text":"Article similaire","link":""},"img":{"alt_text":"","src":"https:\/\/i0.wp.com\/docmarket-dz.com\/wp-content\/uploads\/2023\/01\/Seringue-jetable-PhotoRoom-e1673006562138.png?fit=1200%2C1200&ssl=1&resize=350%2C200","width":350,"height":200,"srcset":"https:\/\/i0.wp.com\/docmarket-dz.com\/wp-content\/uploads\/2023\/01\/Seringue-jetable-PhotoRoom-e1673006562138.png?fit=1200%2C1200&ssl=1&resize=350%2C200 1x, https:\/\/i0.wp.com\/docmarket-dz.com\/wp-content\/uploads\/2023\/01\/Seringue-jetable-PhotoRoom-e1673006562138.png?fit=1200%2C1200&ssl=1&resize=525%2C300 1.5x, https:\/\/i0.wp.com\/docmarket-dz.com\/wp-content\/uploads\/2023\/01\/Seringue-jetable-PhotoRoom-e1673006562138.png?fit=1200%2C1200&ssl=1&resize=700%2C400 2x, https:\/\/i0.wp.com\/docmarket-dz.com\/wp-content\/uploads\/2023\/01\/Seringue-jetable-PhotoRoom-e1673006562138.png?fit=1200%2C1200&ssl=1&resize=1050%2C600 3x"},"classes":[]},{"id":27713,"url":"https:\/\/docmarket-dz.com\/index.php\/product\/seringue-5cc-mdm\/","url_meta":{"origin":27591,"position":3},"title":"Seringue 5CC","author":"fatmazohra.nasri","date":"24\/10\/2023","format":false,"excerpt":"","rel":"","context":"Article similaire","block_context":{"text":"Article similaire","link":""},"img":{"alt_text":"","src":"https:\/\/i0.wp.com\/docmarket-dz.com\/wp-content\/uploads\/2023\/10\/IMG_1710.jpg?fit=600%2C603&ssl=1&resize=350%2C200","width":350,"height":200,"srcset":"https:\/\/i0.wp.com\/docmarket-dz.com\/wp-content\/uploads\/2023\/10\/IMG_1710.jpg?fit=600%2C603&ssl=1&resize=350%2C200 1x, https:\/\/i0.wp.com\/docmarket-dz.com\/wp-content\/uploads\/2023\/10\/IMG_1710.jpg?fit=600%2C603&ssl=1&resize=525%2C300 1.5x"},"classes":[]},{"id":27707,"url":"https:\/\/docmarket-dz.com\/index.php\/product\/seringue-1cc-nipro\/","url_meta":{"origin":27591,"position":4},"title":"Seringue 1CC","author":"fatmazohra.nasri","date":"24\/10\/2023","format":false,"excerpt":"","rel":"","context":"Article similaire","block_context":{"text":"Article similaire","link":""},"img":{"alt_text":"","src":"https:\/\/i0.wp.com\/docmarket-dz.com\/wp-content\/uploads\/2023\/10\/IMG_1707.png?fit=599%2C601&ssl=1&resize=350%2C200","width":350,"height":200,"srcset":"https:\/\/i0.wp.com\/docmarket-dz.com\/wp-content\/uploads\/2023\/10\/IMG_1707.png?fit=599%2C601&ssl=1&resize=350%2C200 1x, https:\/\/i0.wp.com\/docmarket-dz.com\/wp-content\/uploads\/2023\/10\/IMG_1707.png?fit=599%2C601&ssl=1&resize=525%2C300 1.5x"},"classes":[]},{"id":26588,"url":"https:\/\/docmarket-dz.com\/index.php\/product\/composite-gc-essentia-en-seringue\/","url_meta":{"origin":27591,"position":5},"title":"COMPOSITE GC ESSENTIA EN SERINGUE","author":"falek.h","date":"01\/01\/1970","format":false,"excerpt":"","rel":"","context":"Article similaire","block_context":{"text":"Article similaire","link":""},"img":{"alt_text":"","src":"https:\/\/i0.wp.com\/docmarket-dz.com\/wp-content\/uploads\/1970\/01\/GC-900984_3.jpg?fit=500%2C500&ssl=1&resize=350%2C200","width":350,"height":200},"classes":[]}],"jetpack_sharing_enabled":true,"tiered_pricing_type":"fixed","tiered_pricing_fixed_rules":[],"tiered_pricing_product_settings":{"layout":"default","base_unit_name":{"singular":null,"plural":null},"default_variation":null},"tiered_pricing_minimum_quantity":null,"tiered_pricing_roles_data":[],"tiered_pricing_percentage_rules":[],"_links":{"self":[{"href":"https:\/\/docmarket-dz.com\/index.php\/wp-json\/wp\/v2\/product\/27591","targetHints":{"allow":["GET"]}}],"collection":[{"href":"https:\/\/docmarket-dz.com\/index.php\/wp-json\/wp\/v2\/product"}],"about":[{"href":"https:\/\/docmarket-dz.com\/index.php\/wp-json\/wp\/v2\/types\/product"}],"replies":[{"embeddable":true,"href":"https:\/\/docmarket-dz.com\/index.php\/wp-json\/wp\/v2\/comments?post=27591"}],"wp:featuredmedia":[{"embeddable":true,"href":"https:\/\/docmarket-dz.com\/index.php\/wp-json\/wp\/v2\/media\/27592"}],"wp:attachment":[{"href":"https:\/\/docmarket-dz.com\/index.php\/wp-json\/wp\/v2\/media?parent=27591"}],"wp:term":[{"taxonomy":"product_brand","embeddable":true,"href":"https:\/\/docmarket-dz.com\/index.php\/wp-json\/wp\/v2\/product_brand?post=27591"},{"taxonomy":"product_cat","embeddable":true,"href":"https:\/\/docmarket-dz.com\/index.php\/wp-json\/wp\/v2\/product_cat?post=27591"},{"taxonomy":"product_tag","embeddable":true,"href":"https:\/\/docmarket-dz.com\/index.php\/wp-json\/wp\/v2\/product_tag?post=27591"}],"curies":[{"name":"wp","href":"https:\/\/api.w.org\/{rel}","templated":true}]}}