{"id":27656,"date":"2023-10-22T11:11:22","date_gmt":"2023-10-22T10:11:22","guid":{"rendered":"https:\/\/docmarket-dz.com\/?post_type=product&#038;p=27656"},"modified":"2026-02-17T10:54:51","modified_gmt":"2026-02-17T09:54:51","slug":"serum-clucose-30-medical","status":"publish","type":"product","link":"https:\/\/docmarket-dz.com\/index.php\/product\/serum-clucose-30-medical\/","title":{"rendered":"SERUM CLUCOSE 30% MEDICAL 500 ml"},"content":{"rendered":"","protected":false},"excerpt":{"rendered":"","protected":false},"featured_media":27657,"comment_status":"open","ping_status":"closed","template":"","meta":{"content-type":"","om_disable_all_campaigns":false,"_uf_show_specific_survey":0,"_uf_disable_surveys":false,"jetpack_publicize_message":"","jetpack_publicize_feature_enabled":true,"jetpack_social_post_already_shared":false,"jetpack_social_options":{"image_generator_settings":{"template":"highway","default_image_id":0,"font":"","enabled":false},"version":2}},"product_brand":[],"product_cat":[487],"product_tag":[],"class_list":{"0":"post-27656","1":"product","2":"type-product","3":"status-publish","4":"has-post-thumbnail","6":"product_cat-medical","8":"first","9":"instock","10":"taxable","11":"shipping-taxable","12":"purchasable","13":"product-type-simple"},"supplier_id":null,"supplier_sku":"","barcode":null,"atum_controlled":true,"out_stock_date":null,"out_stock_threshold":null,"inheritable":false,"inbound_stock":0,"stock_on_hold":0,"sold_today":0,"sales_last_days":0,"reserved_stock":0,"customer_returns":0,"warehouse_damage":0,"lost_in_post":0,"other_logs":0,"out_stock_days":0,"lost_sales":0,"has_location":true,"update_date":"2026-04-16T00:08:12","atum_locations":[{"id":937,"name":"C0","slug":"c0"}],"atum_stock_status":"instock","restock_status":false,"low_stock_amount":13,"sales_update_date":"2026-04-16T00:08:12","calc_backorders":0,"aioseo_notices":[],"jetpack_publicize_connections":[],"jetpack-related-posts":[{"id":29617,"url":"https:\/\/docmarket-dz.com\/index.php\/product\/serum-de-rehydratation-500-ml-medical\/","url_meta":{"origin":27656,"position":0},"title":"S\u00e9rum de R\u00e9hydratation 500 ML -MEDICAL","author":"Amel","date":"06\/11\/2024","format":false,"excerpt":"","rel":"","context":"Article similaire","block_context":{"text":"Article similaire","link":""},"img":{"alt_text":"","src":"","width":0,"height":0},"classes":[]},{"id":27593,"url":"https:\/\/docmarket-dz.com\/index.php\/product\/flacon-chlore-sodium-09-500-ml\/","url_meta":{"origin":27656,"position":1},"title":"S\u00e9rum Sal\u00e9 &#8211; FLACON CHLORE SODIUM 0.9 % 500 ML","author":"fatmazohra.nasri","date":"18\/10\/2023","format":false,"excerpt":"","rel":"","context":"Article similaire","block_context":{"text":"Article similaire","link":""},"img":{"alt_text":"","src":"https:\/\/i0.wp.com\/docmarket-dz.com\/wp-content\/uploads\/2023\/10\/S.jpg?fit=1200%2C1200&ssl=1&resize=350%2C200","width":350,"height":200,"srcset":"https:\/\/i0.wp.com\/docmarket-dz.com\/wp-content\/uploads\/2023\/10\/S.jpg?fit=1200%2C1200&ssl=1&resize=350%2C200 1x, https:\/\/i0.wp.com\/docmarket-dz.com\/wp-content\/uploads\/2023\/10\/S.jpg?fit=1200%2C1200&ssl=1&resize=525%2C300 1.5x, https:\/\/i0.wp.com\/docmarket-dz.com\/wp-content\/uploads\/2023\/10\/S.jpg?fit=1200%2C1200&ssl=1&resize=700%2C400 2x, https:\/\/i0.wp.com\/docmarket-dz.com\/wp-content\/uploads\/2023\/10\/S.jpg?fit=1200%2C1200&ssl=1&resize=1050%2C600 3x"},"classes":[]},{"id":27559,"url":"https:\/\/docmarket-dz.com\/index.php\/product\/betadine-moussante-500-ml\/","url_meta":{"origin":27656,"position":2},"title":"BETADINE MOUSSANTE -500 ML","author":"Somia Belmadani","date":"17\/10\/2023","format":false,"excerpt":"B\u00c9TADINE SCRUB 4 % : solution moussante pour application cutan\u00e9e ; flacon de 500 ML","rel":"","context":"Article similaire","block_context":{"text":"Article similaire","link":""},"img":{"alt_text":"","src":"https:\/\/i0.wp.com\/docmarket-dz.com\/wp-content\/uploads\/2023\/10\/BETADINE-MOUSSANTE-4-1-LITRE-PhotoRoom-e1672565645162.webp?fit=600%2C547&ssl=1&resize=350%2C200","width":350,"height":200,"srcset":"https:\/\/i0.wp.com\/docmarket-dz.com\/wp-content\/uploads\/2023\/10\/BETADINE-MOUSSANTE-4-1-LITRE-PhotoRoom-e1672565645162.webp?fit=600%2C547&ssl=1&resize=350%2C200 1x, https:\/\/i0.wp.com\/docmarket-dz.com\/wp-content\/uploads\/2023\/10\/BETADINE-MOUSSANTE-4-1-LITRE-PhotoRoom-e1672565645162.webp?fit=600%2C547&ssl=1&resize=525%2C300 1.5x"},"classes":[]},{"id":30430,"url":"https:\/\/docmarket-dz.com\/index.php\/product\/gel-hydroalcoolique-500-ml-2m\/","url_meta":{"origin":27656,"position":3},"title":"Gel hydroalcoolique 500 ML  2M","author":"Amel","date":"30\/10\/2025","format":false,"excerpt":"","rel":"","context":"Article similaire","block_context":{"text":"Article similaire","link":""},"img":{"alt_text":"","src":"","width":0,"height":0},"classes":[]},{"id":27500,"url":"https:\/\/docmarket-dz.com\/index.php\/product\/alcool-chirurgical-70-500-ml-en-bouteille\/","url_meta":{"origin":27656,"position":4},"title":"ALCOOL CHIRURGICAL  70\u00b0- 500 ml  en Bouteille","author":"Somia Belmadani","date":"16\/10\/2023","format":false,"excerpt":"","rel":"","context":"Article similaire","block_context":{"text":"Article similaire","link":""},"img":{"alt_text":"","src":"https:\/\/i0.wp.com\/docmarket-dz.com\/wp-content\/uploads\/2023\/10\/ALCOOL-CHIRURGICAL-70-%C2%B0-500-ML-PhotoRoom-e1672564792112.webp?fit=600%2C532&ssl=1&resize=350%2C200","width":350,"height":200,"srcset":"https:\/\/i0.wp.com\/docmarket-dz.com\/wp-content\/uploads\/2023\/10\/ALCOOL-CHIRURGICAL-70-%C2%B0-500-ML-PhotoRoom-e1672564792112.webp?fit=600%2C532&ssl=1&resize=350%2C200 1x, https:\/\/i0.wp.com\/docmarket-dz.com\/wp-content\/uploads\/2023\/10\/ALCOOL-CHIRURGICAL-70-%C2%B0-500-ML-PhotoRoom-e1672564792112.webp?fit=600%2C532&ssl=1&resize=525%2C300 1.5x"},"classes":[]},{"id":28112,"url":"https:\/\/docmarket-dz.com\/index.php\/product\/ldh-cebio-r1-240-ml-r2-120-ml100-tests\/","url_meta":{"origin":27656,"position":5},"title":"LDH CEBIO R1 2*40 ml  R2 1*20 ml(100 tests)","author":"Sofiane Arbouche","date":"12\/12\/2023","format":false,"excerpt":"R\u00e9actif pour le dosage quantitatif de l'activit\u00e9 Lactate Deshydrog\u00e9nase dans le s\u00e9rum et le piasma humains.","rel":"","context":"Article similaire","block_context":{"text":"Article similaire","link":""},"img":{"alt_text":"","src":"https:\/\/i0.wp.com\/docmarket-dz.com\/wp-content\/uploads\/2023\/12\/IMG_2177.png?fit=600%2C605&ssl=1&resize=350%2C200","width":350,"height":200,"srcset":"https:\/\/i0.wp.com\/docmarket-dz.com\/wp-content\/uploads\/2023\/12\/IMG_2177.png?fit=600%2C605&ssl=1&resize=350%2C200 1x, https:\/\/i0.wp.com\/docmarket-dz.com\/wp-content\/uploads\/2023\/12\/IMG_2177.png?fit=600%2C605&ssl=1&resize=525%2C300 1.5x"},"classes":[]}],"jetpack_sharing_enabled":true,"tiered_pricing_type":"fixed","tiered_pricing_fixed_rules":[],"tiered_pricing_product_settings":{"layout":"default","base_unit_name":{"singular":null,"plural":null},"default_variation":null},"tiered_pricing_minimum_quantity":null,"tiered_pricing_roles_data":[],"tiered_pricing_percentage_rules":[],"_links":{"self":[{"href":"https:\/\/docmarket-dz.com\/index.php\/wp-json\/wp\/v2\/product\/27656","targetHints":{"allow":["GET"]}}],"collection":[{"href":"https:\/\/docmarket-dz.com\/index.php\/wp-json\/wp\/v2\/product"}],"about":[{"href":"https:\/\/docmarket-dz.com\/index.php\/wp-json\/wp\/v2\/types\/product"}],"replies":[{"embeddable":true,"href":"https:\/\/docmarket-dz.com\/index.php\/wp-json\/wp\/v2\/comments?post=27656"}],"wp:featuredmedia":[{"embeddable":true,"href":"https:\/\/docmarket-dz.com\/index.php\/wp-json\/wp\/v2\/media\/27657"}],"wp:attachment":[{"href":"https:\/\/docmarket-dz.com\/index.php\/wp-json\/wp\/v2\/media?parent=27656"}],"wp:term":[{"taxonomy":"product_brand","embeddable":true,"href":"https:\/\/docmarket-dz.com\/index.php\/wp-json\/wp\/v2\/product_brand?post=27656"},{"taxonomy":"product_cat","embeddable":true,"href":"https:\/\/docmarket-dz.com\/index.php\/wp-json\/wp\/v2\/product_cat?post=27656"},{"taxonomy":"product_tag","embeddable":true,"href":"https:\/\/docmarket-dz.com\/index.php\/wp-json\/wp\/v2\/product_tag?post=27656"}],"curies":[{"name":"wp","href":"https:\/\/api.w.org\/{rel}","templated":true}]}}