{"id":27690,"date":"2023-10-24T11:07:15","date_gmt":"2023-10-24T10:07:15","guid":{"rendered":"https:\/\/docmarket-dz.com\/?post_type=product&#038;p=27690"},"modified":"2026-03-15T23:21:40","modified_gmt":"2026-03-15T22:21:40","slug":"doigtiers-2-doigts-2","status":"publish","type":"product","link":"https:\/\/docmarket-dz.com\/index.php\/product\/doigtiers-2-doigts-2\/","title":{"rendered":"Doigtiers 2 doigts &#8211; Sachet de 100 unit\u00e9"},"content":{"rendered":"<p>Contrairement \u00e0 un doigtier roul\u00e9, ce\u00a0<strong>doigtier 2 doigts<\/strong>\u00a0\u00e0 usage unique couvre int\u00e9gralement la main du praticien. Il prot\u00e8ge efficacement le m\u00e9decin et le patient des contaminations crois\u00e9s lors d\u2019examen de zones corporelles sensibles (toucher buccal, vaginal, rectal\u2026).<\/p>\n<p>Livr\u00e9s en paquet de 100 doigtiers.<\/p>\n","protected":false},"excerpt":{"rendered":"<p>Contrairement \u00e0 un doigtier roul\u00e9, ce\u00a0doigtier 2 doigts\u00a0\u00e0 usage unique couvre int\u00e9gralement la main du praticien. Il prot\u00e8ge efficacement le m\u00e9decin et le patient des contaminations crois\u00e9s lors d\u2019examen de zones corporelles sensibles (toucher buccal, vaginal, rectal\u2026). Livr\u00e9s en paquet de 100 doigtiers.<\/p>\n","protected":false},"featured_media":27750,"comment_status":"open","ping_status":"closed","template":"","meta":{"content-type":"","om_disable_all_campaigns":false,"_uf_show_specific_survey":0,"_uf_disable_surveys":false,"jetpack_publicize_message":"","jetpack_publicize_feature_enabled":true,"jetpack_social_post_already_shared":false,"jetpack_social_options":{"image_generator_settings":{"template":"highway","default_image_id":0,"font":"","enabled":false},"version":2}},"product_brand":[],"product_cat":[882,487],"product_tag":[],"class_list":{"0":"post-27690","1":"product","2":"type-product","3":"status-publish","4":"has-post-thumbnail","6":"product_cat-gynecologie","7":"product_cat-medical","9":"first","10":"onbackorder","11":"taxable","12":"shipping-taxable","13":"purchasable","14":"product-type-simple"},"supplier_id":null,"supplier_sku":"","barcode":null,"atum_controlled":true,"out_stock_date":null,"out_stock_threshold":null,"inheritable":false,"inbound_stock":0,"stock_on_hold":1,"sold_today":0,"sales_last_days":0,"reserved_stock":0,"customer_returns":0,"warehouse_damage":0,"lost_in_post":0,"other_logs":0,"out_stock_days":0,"lost_sales":0,"has_location":true,"update_date":"2026-04-10T00:04:57","atum_locations":[{"id":937,"name":"C0","slug":"c0"}],"atum_stock_status":"onbackorder","restock_status":false,"low_stock_amount":10,"sales_update_date":"2026-04-10T00:04:57","calc_backorders":-250,"aioseo_notices":[],"jetpack_publicize_connections":[],"jetpack-related-posts":[{"id":27883,"url":"https:\/\/docmarket-dz.com\/index.php\/product\/coffret-coloration-m-g-g-2-flacon-de-100\/","url_meta":{"origin":27690,"position":0},"title":"Coffret Coloration M.G.G 2 Flacon de 100","author":"fatmazohra.nasri","date":"26\/11\/2023","format":false,"excerpt":"A conserver \u00e0 temp\u00e9rature ambiante\u00a0\u00e0 l\u2019abri de la lumi\u00e8re.","rel":"","context":"Article similaire","block_context":{"text":"Article similaire","link":""},"img":{"alt_text":"","src":"https:\/\/i0.wp.com\/docmarket-dz.com\/wp-content\/uploads\/2023\/11\/MGG-scaled-removebg-preview.png?fit=604%2C599&ssl=1&resize=350%2C200","width":350,"height":200,"srcset":"https:\/\/i0.wp.com\/docmarket-dz.com\/wp-content\/uploads\/2023\/11\/MGG-scaled-removebg-preview.png?fit=604%2C599&ssl=1&resize=350%2C200 1x, https:\/\/i0.wp.com\/docmarket-dz.com\/wp-content\/uploads\/2023\/11\/MGG-scaled-removebg-preview.png?fit=604%2C599&ssl=1&resize=525%2C300 1.5x"},"classes":[]},{"id":28102,"url":"https:\/\/docmarket-dz.com\/index.php\/product\/film-radio-numerique-drystar-bt2b-bte-100-3543-cm-2\/","url_meta":{"origin":27690,"position":1},"title":"FILM RADIO NUMERIQUE DRYSTAR BT2B BTE \/100 35*43 cm","author":"fatmazohra.nasri","date":"11\/12\/2023","format":false,"excerpt":"","rel":"","context":"Article similaire","block_context":{"text":"Article similaire","link":""},"img":{"alt_text":"","src":"https:\/\/i0.wp.com\/docmarket-dz.com\/wp-content\/uploads\/2023\/12\/agfa-drystar-dt2b-1.jpg?fit=604%2C598&ssl=1&resize=350%2C200","width":350,"height":200,"srcset":"https:\/\/i0.wp.com\/docmarket-dz.com\/wp-content\/uploads\/2023\/12\/agfa-drystar-dt2b-1.jpg?fit=604%2C598&ssl=1&resize=350%2C200 1x, https:\/\/i0.wp.com\/docmarket-dz.com\/wp-content\/uploads\/2023\/12\/agfa-drystar-dt2b-1.jpg?fit=604%2C598&ssl=1&resize=525%2C300 1.5x"},"classes":[]},{"id":24000,"url":"https:\/\/docmarket-dz.com\/index.php\/product\/3-layer-disposable-protective-face-masks-2\/","url_meta":{"origin":27690,"position":2},"title":"Masques de protection jetables \u00e0 3 couches &#8211; Boite de 100 unites","author":"falek.h","date":"24\/03\/2019","format":false,"excerpt":"","rel":"","context":"Article similaire","block_context":{"text":"Article similaire","link":""},"img":{"alt_text":"","src":"https:\/\/i0.wp.com\/docmarket-dz.com\/wp-content\/uploads\/2020\/08\/face-masks.jpg?fit=465%2C351&ssl=1&resize=350%2C200","width":350,"height":200},"classes":[]},{"id":29179,"url":"https:\/\/docmarket-dz.com\/index.php\/product\/gant-nitril-box-de-100-unite-exam-gloves\/","url_meta":{"origin":27690,"position":3},"title":"Gant NITRIL- Box de 100 unit\u00e9-EXAM GLOVES","author":"Sofiane Arbouche","date":"10\/07\/2024","format":false,"excerpt":"Gants d\u2019examen en Nitrile (boite de 100 unit\u00e9s) : Non st\u00e9rile Ambidextre Usage unique","rel":"","context":"Article similaire","block_context":{"text":"Article similaire","link":""},"img":{"alt_text":"","src":"https:\/\/i0.wp.com\/docmarket-dz.com\/wp-content\/uploads\/2024\/07\/Sans-titre-1.png?fit=210%2C240&ssl=1&resize=350%2C200","width":350,"height":200},"classes":[]},{"id":27676,"url":"https:\/\/docmarket-dz.com\/index.php\/product\/champ-sterile-100-cm100-cm\/","url_meta":{"origin":27690,"position":4},"title":"CHAMP STERILE 100 CM*100 CM","author":"fatmazohra.nasri","date":"23\/10\/2023","format":false,"excerpt":"","rel":"","context":"Article similaire","block_context":{"text":"Article similaire","link":""},"img":{"alt_text":"","src":"https:\/\/i0.wp.com\/docmarket-dz.com\/wp-content\/uploads\/2023\/10\/champs-steriles-100-x-150-cm-PhotoRoom.jpg?fit=455%2C455&ssl=1&resize=350%2C200","width":350,"height":200},"classes":[]},{"id":29253,"url":"https:\/\/docmarket-dz.com\/index.php\/product\/prolongateur-100-cm\/","url_meta":{"origin":27690,"position":5},"title":"Prolongateur 100 Cm","author":"TIKELALINE Amel","date":"08\/08\/2024","format":false,"excerpt":"","rel":"","context":"Article similaire","block_context":{"text":"Article similaire","link":""},"img":{"alt_text":"","src":"","width":0,"height":0},"classes":[]}],"jetpack_sharing_enabled":true,"tiered_pricing_type":"fixed","tiered_pricing_fixed_rules":[],"tiered_pricing_product_settings":{"layout":"default","base_unit_name":{"singular":null,"plural":null},"default_variation":null},"tiered_pricing_minimum_quantity":null,"tiered_pricing_roles_data":[],"tiered_pricing_percentage_rules":[],"_links":{"self":[{"href":"https:\/\/docmarket-dz.com\/index.php\/wp-json\/wp\/v2\/product\/27690","targetHints":{"allow":["GET"]}}],"collection":[{"href":"https:\/\/docmarket-dz.com\/index.php\/wp-json\/wp\/v2\/product"}],"about":[{"href":"https:\/\/docmarket-dz.com\/index.php\/wp-json\/wp\/v2\/types\/product"}],"replies":[{"embeddable":true,"href":"https:\/\/docmarket-dz.com\/index.php\/wp-json\/wp\/v2\/comments?post=27690"}],"wp:featuredmedia":[{"embeddable":true,"href":"https:\/\/docmarket-dz.com\/index.php\/wp-json\/wp\/v2\/media\/27750"}],"wp:attachment":[{"href":"https:\/\/docmarket-dz.com\/index.php\/wp-json\/wp\/v2\/media?parent=27690"}],"wp:term":[{"taxonomy":"product_brand","embeddable":true,"href":"https:\/\/docmarket-dz.com\/index.php\/wp-json\/wp\/v2\/product_brand?post=27690"},{"taxonomy":"product_cat","embeddable":true,"href":"https:\/\/docmarket-dz.com\/index.php\/wp-json\/wp\/v2\/product_cat?post=27690"},{"taxonomy":"product_tag","embeddable":true,"href":"https:\/\/docmarket-dz.com\/index.php\/wp-json\/wp\/v2\/product_tag?post=27690"}],"curies":[{"name":"wp","href":"https:\/\/api.w.org\/{rel}","templated":true}]}}