{"id":27696,"date":"2023-12-04T11:54:14","date_gmt":"2023-12-04T10:54:14","guid":{"rendered":"https:\/\/docmarket-dz.com\/?post_type=product&#038;p=27696"},"modified":"2026-02-25T12:10:08","modified_gmt":"2026-02-25T11:10:08","slug":"sterilet","status":"publish","type":"product","link":"https:\/\/docmarket-dz.com\/index.php\/product\/sterilet\/","title":{"rendered":"St\u00e9rilet en U &#8211; CU 375"},"content":{"rendered":"<div class=\"summary entry-summary\">\n<div class=\"woocommerce-product-details__short-description\">\n<p>Dispositif contraceptif intra-ut\u00e9rin (DIU) au cuivre, non hormonal\u00a0qui emp\u00eache l\u2019implantation dans l\u2019ut\u00e9rus de l\u2019ovocyte f\u00e9cond\u00e9. Cette activit\u00e9 est renforc\u00e9e de mani\u00e8re ancillaire par la pr\u00e9sence de cuivre. Le cuivre a un effet cytotoxique sur les gam\u00e8tes \u00e0 l\u2019origine d\u2019une alt\u00e9ration des spermatozo\u00efdes, entra\u00eenant ainsi une inhibition de la f\u00e9condation. Le DIU Gynelle<sup>\u00ae<\/sup>\u00a0est efficace d\u00e8s le jour de son insertion.<\/p>\n<\/div>\n<\/div>\n<div>\n<div class=\"elementor elementor-10517\" data-elementor-type=\"product-post\" data-elementor-id=\"10517\" data-elementor-post-type=\"product\">\n<section class=\"elementor-section elementor-top-section elementor-element elementor-element-cdc3f8e elementor-section-full_width elementor-section-height-default elementor-section-height-default qodef-elementor-content-no\" data-id=\"cdc3f8e\" data-element_type=\"section\">\n<div class=\"elementor-container elementor-column-gap-no\">\n<div class=\"elementor-column elementor-col-100 elementor-top-column elementor-element elementor-element-ba52ffe\" data-id=\"ba52ffe\" data-element_type=\"column\">\n<div class=\"elementor-widget-wrap elementor-element-populated\">\n<div class=\"elementor-element elementor-element-7c7d384 elementor-widget elementor-widget-e-tabs-section\" data-id=\"7c7d384\" data-element_type=\"widget\" data-settings=\"{&quot;tabssection_sections&quot;:[{&quot;_id&quot;:&quot;46cb09e&quot;,&quot;tabssection_label&quot;:&quot;Description&quot;,&quot;tabssection_id&quot;:&quot;e0744c0&quot;,&quot;tabssection_icon&quot;:{&quot;value&quot;:&quot;&quot;,&quot;library&quot;:&quot;fa-solid&quot;}},{&quot;_id&quot;:&quot;fb881e3&quot;,&quot;tabssection_label&quot;:&quot;Composition&quot;,&quot;tabssection_id&quot;:&quot;4bf8bf3&quot;,&quot;tabssection_icon&quot;:{&quot;value&quot;:&quot;&quot;,&quot;library&quot;:&quot;fa-solid&quot;}},{&quot;tabssection_label&quot;:&quot;Informations&quot;,&quot;tabssection_id&quot;:&quot;2f2a18b&quot;,&quot;_id&quot;:&quot;0a47553&quot;,&quot;tabssection_icon&quot;:{&quot;value&quot;:&quot;&quot;,&quot;library&quot;:&quot;fa-solid&quot;}}],&quot;tabssection_style&quot;:&quot;iconfall&quot;,&quot;manage_section&quot;:&quot;move&quot;,&quot;tabssection_direction&quot;:&quot;horizontal&quot;}\" data-widget_type=\"e-tabs-section.default\">\n<div class=\"elementor-widget-container\">\n<div class=\"e-add-tabs e-add-tabs-direction-horizontal e-add-tabs-position- e-add-tabs-style-iconfall\"><\/div>\n<\/div>\n<\/div>\n<\/div>\n<\/div>\n<\/div>\n<\/section>\n<\/div>\n<\/div>\n","protected":false},"excerpt":{"rendered":"<p>Dispositif contraceptif intra-ut\u00e9rin (DIU) au cuivre, non hormonal\u00a0qui emp\u00eache l\u2019implantation dans l\u2019ut\u00e9rus de l\u2019ovocyte f\u00e9cond\u00e9. Cette activit\u00e9 est renforc\u00e9e de mani\u00e8re ancillaire par la pr\u00e9sence de cuivre. Le cuivre a un effet cytotoxique sur les gam\u00e8tes \u00e0 l\u2019origine d\u2019une alt\u00e9ration des spermatozo\u00efdes, entra\u00eenant ainsi une inhibition de la f\u00e9condation. Le DIU Gynelle\u00ae\u00a0est efficace d\u00e8s le [&hellip;]<\/p>\n","protected":false},"featured_media":27698,"comment_status":"open","ping_status":"closed","template":"","meta":{"content-type":"","om_disable_all_campaigns":false,"_uf_show_specific_survey":0,"_uf_disable_surveys":false,"jetpack_publicize_message":"","jetpack_publicize_feature_enabled":true,"jetpack_social_post_already_shared":true,"jetpack_social_options":{"image_generator_settings":{"template":"highway","default_image_id":0,"font":"","enabled":false},"version":2}},"product_brand":[],"product_cat":[882],"product_tag":[],"class_list":{"0":"post-27696","1":"product","2":"type-product","3":"status-publish","4":"has-post-thumbnail","6":"product_cat-gynecologie","7":"ts_product_brand-althea","9":"first","10":"onbackorder","11":"taxable","12":"shipping-taxable","13":"purchasable","14":"product-type-simple"},"supplier_id":null,"supplier_sku":"","barcode":null,"atum_controlled":true,"out_stock_date":null,"out_stock_threshold":null,"inheritable":false,"inbound_stock":0,"stock_on_hold":0,"sold_today":0,"sales_last_days":0,"reserved_stock":0,"customer_returns":0,"warehouse_damage":0,"lost_in_post":0,"other_logs":0,"out_stock_days":0,"lost_sales":0,"has_location":true,"update_date":"2026-04-10T00:05:14","atum_locations":[{"id":917,"name":"B2","slug":"b2"}],"atum_stock_status":"onbackorder","restock_status":false,"low_stock_amount":10,"sales_update_date":"2026-04-10T00:05:14","calc_backorders":-4,"aioseo_notices":[],"jetpack_publicize_connections":[],"jetpack-related-posts":[{"id":26462,"url":"https:\/\/docmarket-dz.com\/index.php\/product\/ana2000-sd\/","url_meta":{"origin":27696,"position":0},"title":"ANA2000 SD","author":"falek.h","date":"17\/03\/2023","format":false,"excerpt":"ANA 2000 est un amalgame non gamma 2 ternaire monophas\u00e9 \u00e0 haute teneure en cuivre, double dose, boite de 50 capsules.","rel":"","context":"Article similaire","block_context":{"text":"Article similaire","link":""},"img":{"alt_text":"","src":"https:\/\/i0.wp.com\/docmarket-dz.com\/wp-content\/uploads\/2023\/03\/ANA2000-SD-e1680691596502.webp?fit=600%2C600&ssl=1&resize=350%2C200","width":350,"height":200,"srcset":"https:\/\/i0.wp.com\/docmarket-dz.com\/wp-content\/uploads\/2023\/03\/ANA2000-SD-e1680691596502.webp?fit=600%2C600&ssl=1&resize=350%2C200 1x, https:\/\/i0.wp.com\/docmarket-dz.com\/wp-content\/uploads\/2023\/03\/ANA2000-SD-e1680691596502.webp?fit=600%2C600&ssl=1&resize=525%2C300 1.5x"},"classes":[]},{"id":26636,"url":"https:\/\/docmarket-dz.com\/index.php\/product\/dentocrown\/","url_meta":{"origin":27696,"position":1},"title":"DENTOCROWN","author":"falek.h","date":"17\/03\/2023","format":false,"excerpt":"R\u00e9sine composite ch\u00e9mo-polym\u00e9risable pour la confection de couronnes et de bridges provisoires. Dentocrown est extr\u00eamement r\u00e9sistant et dur, la forme est conserv\u00e9e m\u00eame lors de compression, de m\u00eame il a un fini tr\u00e8s esth\u00e9tique gr\u00e2ce \u00e0 la fluorescence naturelle qui ressemble fortement \u00e0 la teinte de la dent. Malgr\u00e9 le\u2026","rel":"","context":"Article similaire","block_context":{"text":"Article similaire","link":""},"img":{"alt_text":"","src":"https:\/\/i0.wp.com\/docmarket-dz.com\/wp-content\/uploads\/2023\/03\/DENTOCROWN-e1680616169279.jpg?fit=600%2C600&ssl=1&resize=350%2C200","width":350,"height":200,"srcset":"https:\/\/i0.wp.com\/docmarket-dz.com\/wp-content\/uploads\/2023\/03\/DENTOCROWN-e1680616169279.jpg?fit=600%2C600&ssl=1&resize=350%2C200 1x, https:\/\/i0.wp.com\/docmarket-dz.com\/wp-content\/uploads\/2023\/03\/DENTOCROWN-e1680616169279.jpg?fit=600%2C600&ssl=1&resize=525%2C300 1.5x"},"classes":[]},{"id":28138,"url":"https:\/\/docmarket-dz.com\/index.php\/product\/pince-a-pansement-longuette-courbe-24-cm\/","url_meta":{"origin":27696,"position":2},"title":"Pince \u00e0 pansement longuette courbe ( 24 CM )","author":"fatmazohra.nasri","date":"16\/12\/2023","format":false,"excerpt":"La pince Longuette droite est une pince m\u00e9dicale en acier inoxydable dot\u00e9e d'un tr\u00e8s long manche, de deux gros mors ovales et stri\u00e9s, et d'un syst\u00e8me de blocage \u00e0 cr\u00e9maill\u00e8re. Elle est utilis\u00e9e pour, par exemple, monter des compresses pli\u00e9es dans le cadre des nettoyages et des badigeonnages antiseptiques lors\u2026","rel":"","context":"Article similaire","block_context":{"text":"Article similaire","link":""},"img":{"alt_text":"","src":"https:\/\/i0.wp.com\/docmarket-dz.com\/wp-content\/uploads\/2023\/12\/29e4edb4da3707409c9a879f98f10f99.jpg?fit=900%2C900&ssl=1&resize=350%2C200","width":350,"height":200,"srcset":"https:\/\/i0.wp.com\/docmarket-dz.com\/wp-content\/uploads\/2023\/12\/29e4edb4da3707409c9a879f98f10f99.jpg?fit=900%2C900&ssl=1&resize=350%2C200 1x, https:\/\/i0.wp.com\/docmarket-dz.com\/wp-content\/uploads\/2023\/12\/29e4edb4da3707409c9a879f98f10f99.jpg?fit=900%2C900&ssl=1&resize=525%2C300 1.5x, https:\/\/i0.wp.com\/docmarket-dz.com\/wp-content\/uploads\/2023\/12\/29e4edb4da3707409c9a879f98f10f99.jpg?fit=900%2C900&ssl=1&resize=700%2C400 2x"},"classes":[]},{"id":26482,"url":"https:\/\/docmarket-dz.com\/index.php\/product\/blanchiment-endo-belagel\/","url_meta":{"origin":27696,"position":3},"title":"BLANCHIMENT ENDO BELAGEL","author":"falek.h","date":"17\/03\/2023","format":false,"excerpt":"Mat\u00e9riau dentaire peroxyde de carbamide\u00a0BELAGEL-O (ENDO)\u00a0 INDICATIONS La p\u00e2te \u00abBelagel-O\u00bb (Endo) est con\u00e7u pour le blanchiment des dents d\u00e9pulp\u00e9es \u00e0 l'int\u00e9rieur des canaux et des couronnes. COMPOSITION ET PROPRI\u00c9T\u00c9S PRINCIPALES La \u00abBelagel-O\u00bb (Endo) est une p\u00e2te \u00e0 base de l\u2019agent de blanchiment plus doux de peroxyde de carbamide - 60%\u2026","rel":"","context":"Article similaire","block_context":{"text":"Article similaire","link":""},"img":{"alt_text":"","src":"https:\/\/i0.wp.com\/docmarket-dz.com\/wp-content\/uploads\/2023\/03\/BLANCHIMENT-ENDO-BELAGEL-e1680696177831.webp?fit=900%2C600&ssl=1&resize=350%2C200","width":350,"height":200,"srcset":"https:\/\/i0.wp.com\/docmarket-dz.com\/wp-content\/uploads\/2023\/03\/BLANCHIMENT-ENDO-BELAGEL-e1680696177831.webp?fit=900%2C600&ssl=1&resize=350%2C200 1x, https:\/\/i0.wp.com\/docmarket-dz.com\/wp-content\/uploads\/2023\/03\/BLANCHIMENT-ENDO-BELAGEL-e1680696177831.webp?fit=900%2C600&ssl=1&resize=525%2C300 1.5x, https:\/\/i0.wp.com\/docmarket-dz.com\/wp-content\/uploads\/2023\/03\/BLANCHIMENT-ENDO-BELAGEL-e1680696177831.webp?fit=900%2C600&ssl=1&resize=700%2C400 2x"},"classes":[]},{"id":27848,"url":"https:\/\/docmarket-dz.com\/index.php\/product\/fixateur-cellulaire\/","url_meta":{"origin":27696,"position":4},"title":"fixateur cellulaire &#8220;Cytologique&#8221; 125 ML","author":"fatmazohra.nasri","date":"16\/11\/2023","format":false,"excerpt":"utilisation pr\u00e9vue: Soimed spray fixateur cytologique est un fixateur pour frottis cytologique \u00e0 base d'alcool, d\u00e9pose un film protecteur et garantissant une longue conservation, une moindre quantit\u00e9 vaporis\u00e9e sur la lame de verre est suffisante pour une bonne fixation en respectant l'aspect d'origine des cellules jusqu'\u00e0 la coloration. Le grand\u2026","rel":"","context":"Article similaire","block_context":{"text":"Article similaire","link":""},"img":{"alt_text":"","src":"https:\/\/i0.wp.com\/docmarket-dz.com\/wp-content\/uploads\/2023\/11\/IMG_3486-Photoroom.png-Photoroom.png?fit=605%2C600&ssl=1&resize=350%2C200","width":350,"height":200,"srcset":"https:\/\/i0.wp.com\/docmarket-dz.com\/wp-content\/uploads\/2023\/11\/IMG_3486-Photoroom.png-Photoroom.png?fit=605%2C600&ssl=1&resize=350%2C200 1x, https:\/\/i0.wp.com\/docmarket-dz.com\/wp-content\/uploads\/2023\/11\/IMG_3486-Photoroom.png-Photoroom.png?fit=605%2C600&ssl=1&resize=525%2C300 1.5x"},"classes":[]},{"id":27902,"url":"https:\/\/docmarket-dz.com\/index.php\/product\/otoscope-smartled-5500-pediatrique-marque-spengler\/","url_meta":{"origin":27696,"position":5},"title":"OTOSCOPE SMARTLED 5500 PEDIATRIQUE MARQUE SPENGLER","author":"fatmazohra.nasri","date":"26\/11\/2023","format":false,"excerpt":"Le Smartled 5500 de Spengler est un\u00a0otoscope\u00a0portable de tr\u00e8s haute pr\u00e9cision qui apporte une lumi\u00e8re d\u2019exception gr\u00e2ce \u00e0 sa double technologie LED et fibre optique, avec une\u00a0colorim\u00e9trie de 4000 K et un IRC (indice de rendu des couleurs) de 95 sur 100. Con\u00e7u avec les praticiens, Spengler propose ainsi un\u2026","rel":"","context":"Article similaire","block_context":{"text":"Article similaire","link":""},"img":{"alt_text":"","src":"https:\/\/i0.wp.com\/docmarket-dz.com\/wp-content\/uploads\/2023\/11\/51e89187d41bcd5001de729f688664d5.png?fit=604%2C632&ssl=1&resize=350%2C200","width":350,"height":200,"srcset":"https:\/\/i0.wp.com\/docmarket-dz.com\/wp-content\/uploads\/2023\/11\/51e89187d41bcd5001de729f688664d5.png?fit=604%2C632&ssl=1&resize=350%2C200 1x, https:\/\/i0.wp.com\/docmarket-dz.com\/wp-content\/uploads\/2023\/11\/51e89187d41bcd5001de729f688664d5.png?fit=604%2C632&ssl=1&resize=525%2C300 1.5x"},"classes":[]}],"jetpack_sharing_enabled":true,"tiered_pricing_type":"fixed","tiered_pricing_fixed_rules":[],"tiered_pricing_product_settings":{"layout":"default","base_unit_name":{"singular":null,"plural":null},"default_variation":null},"tiered_pricing_minimum_quantity":null,"tiered_pricing_roles_data":[],"tiered_pricing_percentage_rules":[],"_links":{"self":[{"href":"https:\/\/docmarket-dz.com\/index.php\/wp-json\/wp\/v2\/product\/27696","targetHints":{"allow":["GET"]}}],"collection":[{"href":"https:\/\/docmarket-dz.com\/index.php\/wp-json\/wp\/v2\/product"}],"about":[{"href":"https:\/\/docmarket-dz.com\/index.php\/wp-json\/wp\/v2\/types\/product"}],"replies":[{"embeddable":true,"href":"https:\/\/docmarket-dz.com\/index.php\/wp-json\/wp\/v2\/comments?post=27696"}],"wp:featuredmedia":[{"embeddable":true,"href":"https:\/\/docmarket-dz.com\/index.php\/wp-json\/wp\/v2\/media\/27698"}],"wp:attachment":[{"href":"https:\/\/docmarket-dz.com\/index.php\/wp-json\/wp\/v2\/media?parent=27696"}],"wp:term":[{"taxonomy":"product_brand","embeddable":true,"href":"https:\/\/docmarket-dz.com\/index.php\/wp-json\/wp\/v2\/product_brand?post=27696"},{"taxonomy":"product_cat","embeddable":true,"href":"https:\/\/docmarket-dz.com\/index.php\/wp-json\/wp\/v2\/product_cat?post=27696"},{"taxonomy":"product_tag","embeddable":true,"href":"https:\/\/docmarket-dz.com\/index.php\/wp-json\/wp\/v2\/product_tag?post=27696"}],"curies":[{"name":"wp","href":"https:\/\/api.w.org\/{rel}","templated":true}]}}