{"id":27709,"date":"2023-12-04T13:15:14","date_gmt":"2023-12-04T12:15:14","guid":{"rendered":"https:\/\/docmarket-dz.com\/?post_type=product&#038;p=27709"},"modified":"2026-03-09T18:07:46","modified_gmt":"2026-03-09T17:07:46","slug":"bechtol-premium-1l-concentre","status":"publish","type":"product","link":"https:\/\/docmarket-dz.com\/index.php\/product\/bechtol-premium-1l-concentre\/","title":{"rendered":"Bechtol Premium 1L Concentr\u00e9 &#8211; D\u00e9sinfectant pour instruments"},"content":{"rendered":"<p>Concentr\u00e9 haute performance de nouvelle g\u00e9n\u00e9ration pour la d\u00e9sinfection et le nettoyage des instruments.<\/p>\n<p><strong>Pays :\u00a0<\/strong>Germany<\/p>\n","protected":false},"excerpt":{"rendered":"<p>Concentr\u00e9 haute performance de nouvelle g\u00e9n\u00e9ration pour la d\u00e9sinfection et le nettoyage des instruments. Pays :\u00a0Germany<\/p>\n","protected":false},"featured_media":27754,"comment_status":"open","ping_status":"closed","template":"","meta":{"content-type":"","om_disable_all_campaigns":false,"_uf_show_specific_survey":0,"_uf_disable_surveys":false,"jetpack_publicize_message":"","jetpack_publicize_feature_enabled":true,"jetpack_social_post_already_shared":false,"jetpack_social_options":{"image_generator_settings":{"template":"highway","default_image_id":0,"font":"","enabled":false},"version":2}},"product_brand":[],"product_cat":[906,100,882,560,486,487],"product_tag":[],"class_list":{"0":"post-27709","1":"product","2":"type-product","3":"status-publish","4":"has-post-thumbnail","6":"product_cat-cardiologei","7":"product_cat-dentaire","8":"product_cat-gynecologie","9":"product_cat-hygiene","10":"product_cat-laboratoire","11":"product_cat-medical","12":"ts_product_brand-becht","14":"first","15":"onbackorder","16":"taxable","17":"shipping-taxable","18":"purchasable","19":"product-type-simple"},"supplier_id":null,"supplier_sku":"","barcode":null,"atum_controlled":true,"out_stock_date":null,"out_stock_threshold":null,"inheritable":false,"inbound_stock":0,"stock_on_hold":2,"sold_today":0,"sales_last_days":0,"reserved_stock":0,"customer_returns":0,"warehouse_damage":0,"lost_in_post":0,"other_logs":0,"out_stock_days":0,"lost_sales":0,"has_location":true,"update_date":"2026-04-10T00:05:14","atum_locations":[{"id":915,"name":"B","slug":"b"}],"atum_stock_status":"onbackorder","restock_status":false,"low_stock_amount":11,"sales_update_date":"2026-04-10T00:05:14","calc_backorders":-1,"aioseo_notices":[],"jetpack_publicize_connections":[],"jetpack-related-posts":[{"id":26642,"url":"https:\/\/docmarket-dz.com\/index.php\/product\/desinfectant-instrument-instrunet\/","url_meta":{"origin":27709,"position":0},"title":"DESINFECTANT INSTRUMENT INSTRUNET","author":"falek.h","date":"17\/03\/2023","format":false,"excerpt":"Instrument Ultrason est le premier d\u00e9sinfectant libre en ald\u00e9hydes. Il est utilis\u00e9 pour des nettoyages et d\u00e9sinfections de mat\u00e9riel par ultrasons. Il s'agit d'un d\u00e9tergent enzymatique concentr\u00e9 avec 4 enzymes formul\u00e9 pour \u00e9liminer les restes organiques dans le mat\u00e9riel dentaire et chirurgical \u00e0 base de prot\u00e9ine, glucidique, lipide et cellulosique.","rel":"","context":"Article similaire","block_context":{"text":"Article similaire","link":""},"img":{"alt_text":"","src":"https:\/\/i0.wp.com\/docmarket-dz.com\/wp-content\/uploads\/2023\/03\/DESINFECTANT-INSTRUMENT-INSTRUNET-e1680613760727.jpg?fit=600%2C600&ssl=1&resize=350%2C200","width":350,"height":200,"srcset":"https:\/\/i0.wp.com\/docmarket-dz.com\/wp-content\/uploads\/2023\/03\/DESINFECTANT-INSTRUMENT-INSTRUNET-e1680613760727.jpg?fit=600%2C600&ssl=1&resize=350%2C200 1x, https:\/\/i0.wp.com\/docmarket-dz.com\/wp-content\/uploads\/2023\/03\/DESINFECTANT-INSTRUMENT-INSTRUNET-e1680613760727.jpg?fit=600%2C600&ssl=1&resize=525%2C300 1.5x"},"classes":[]},{"id":26412,"url":"https:\/\/docmarket-dz.com\/index.php\/product\/desinfectant-concentre-1l\/","url_meta":{"origin":27709,"position":1},"title":"DESINFECTANT CONCENTRE 1L","author":"falek.h","date":"12\/03\/2023","format":false,"excerpt":"","rel":"","context":"Article similaire","block_context":{"text":"Article similaire","link":""},"img":{"alt_text":"","src":"","width":0,"height":0},"classes":[]},{"id":28026,"url":"https:\/\/docmarket-dz.com\/index.php\/product\/bechtoscope-plus-liquide-desinfectant-concentre-1l\/","url_meta":{"origin":27709,"position":2},"title":"Bechtoscope Plus &#8211; liquide d\u00e9sinfectant concentr\u00e9 1L","author":"Sofiane Arbouche","date":"06\/12\/2023","format":false,"excerpt":"\u00a0Le produit Bechtoscope plus est une solution de d\u00e9sinfection pour instruments m\u00e9dicaux, invasifs et non invasifs, ainsi que pour les dispositifs m\u00e9dicaux, y compris les endoscopes rigides et flexibles. \u2022\u00a0 \u00a0 \u00a0 \u00a0Propri\u00e9t\u00e9s: Il est compos\u00e9 d\u2019ald\u00e9hydes et de compos\u00e9s d\u2019ammonium quaternaire, avec une forte activit\u00e9 microbiologique \u00e0 faible concentration.\u2026","rel":"","context":"Article similaire","block_context":{"text":"Article similaire","link":""},"img":{"alt_text":"","src":"https:\/\/i0.wp.com\/docmarket-dz.com\/wp-content\/uploads\/2023\/12\/IMG_2131.png?fit=599%2C601&ssl=1&resize=350%2C200","width":350,"height":200,"srcset":"https:\/\/i0.wp.com\/docmarket-dz.com\/wp-content\/uploads\/2023\/12\/IMG_2131.png?fit=599%2C601&ssl=1&resize=350%2C200 1x, https:\/\/i0.wp.com\/docmarket-dz.com\/wp-content\/uploads\/2023\/12\/IMG_2131.png?fit=599%2C601&ssl=1&resize=525%2C300 1.5x"},"classes":[]},{"id":26413,"url":"https:\/\/docmarket-dz.com\/index.php\/product\/desinfectant-concentre-5l-0-25\/","url_meta":{"origin":27709,"position":3},"title":"DESINFECTANT CONCENTRE 5L  (0.25%)","author":"falek.h","date":"12\/03\/2023","format":false,"excerpt":"","rel":"","context":"Article similaire","block_context":{"text":"Article similaire","link":""},"img":{"alt_text":"","src":"","width":0,"height":0},"classes":[]},{"id":26643,"url":"https:\/\/docmarket-dz.com\/index.php\/product\/desinfectant-instrument-micro-10\/","url_meta":{"origin":27709,"position":4},"title":"DESINFECTANT INSTRUMENT MICRO 10","author":"falek.h","date":"17\/03\/2023","format":false,"excerpt":"D\u00e9sinfectant pour Instruments de Cabinet Micro 10 Enzyme Puissante\u00a0solution tri-enzymatique concentr\u00e9e, sans ald\u00e9hyde, pour la d\u00e9sinfection et le nettoyage de preesterilizaci\u00f3n tous les instruments dentaires et chirurgicaux. Micro 10 Enzyme a un large spectre d'efficacit\u00e9 et un haut pouvoir du d\u00e9tergent qui supprime toute s\u00e9curit\u00e9 tout type de d\u00e9p\u00f4ts qui\u2026","rel":"","context":"Article similaire","block_context":{"text":"Article similaire","link":""},"img":{"alt_text":"","src":"https:\/\/i0.wp.com\/docmarket-dz.com\/wp-content\/uploads\/2023\/03\/DESINFECTANT-INSTRUMENT-MICRO-10.jpg?fit=600%2C600&ssl=1&resize=350%2C200","width":350,"height":200,"srcset":"https:\/\/i0.wp.com\/docmarket-dz.com\/wp-content\/uploads\/2023\/03\/DESINFECTANT-INSTRUMENT-MICRO-10.jpg?fit=600%2C600&ssl=1&resize=350%2C200 1x, https:\/\/i0.wp.com\/docmarket-dz.com\/wp-content\/uploads\/2023\/03\/DESINFECTANT-INSTRUMENT-MICRO-10.jpg?fit=600%2C600&ssl=1&resize=525%2C300 1.5x"},"classes":[]},{"id":26414,"url":"https:\/\/docmarket-dz.com\/index.php\/product\/desinfectant-des-instruments-chirurgicaux-5l-2m\/","url_meta":{"origin":27709,"position":5},"title":"DESINFECTANT DES INSTRUMENTS CHIRURGICAUX 5L 2M","author":"falek.h","date":"12\/03\/2023","format":false,"excerpt":"","rel":"","context":"Article similaire","block_context":{"text":"Article similaire","link":""},"img":{"alt_text":"","src":"","width":0,"height":0},"classes":[]}],"jetpack_sharing_enabled":true,"tiered_pricing_type":"fixed","tiered_pricing_fixed_rules":[],"tiered_pricing_product_settings":{"layout":"default","base_unit_name":{"singular":null,"plural":null},"default_variation":null},"tiered_pricing_minimum_quantity":null,"tiered_pricing_roles_data":[],"tiered_pricing_percentage_rules":[],"_links":{"self":[{"href":"https:\/\/docmarket-dz.com\/index.php\/wp-json\/wp\/v2\/product\/27709","targetHints":{"allow":["GET"]}}],"collection":[{"href":"https:\/\/docmarket-dz.com\/index.php\/wp-json\/wp\/v2\/product"}],"about":[{"href":"https:\/\/docmarket-dz.com\/index.php\/wp-json\/wp\/v2\/types\/product"}],"replies":[{"embeddable":true,"href":"https:\/\/docmarket-dz.com\/index.php\/wp-json\/wp\/v2\/comments?post=27709"}],"wp:featuredmedia":[{"embeddable":true,"href":"https:\/\/docmarket-dz.com\/index.php\/wp-json\/wp\/v2\/media\/27754"}],"wp:attachment":[{"href":"https:\/\/docmarket-dz.com\/index.php\/wp-json\/wp\/v2\/media?parent=27709"}],"wp:term":[{"taxonomy":"product_brand","embeddable":true,"href":"https:\/\/docmarket-dz.com\/index.php\/wp-json\/wp\/v2\/product_brand?post=27709"},{"taxonomy":"product_cat","embeddable":true,"href":"https:\/\/docmarket-dz.com\/index.php\/wp-json\/wp\/v2\/product_cat?post=27709"},{"taxonomy":"product_tag","embeddable":true,"href":"https:\/\/docmarket-dz.com\/index.php\/wp-json\/wp\/v2\/product_tag?post=27709"}],"curies":[{"name":"wp","href":"https:\/\/api.w.org\/{rel}","templated":true}]}}