{"id":27716,"date":"2023-10-24T15:10:25","date_gmt":"2023-10-24T14:10:25","guid":{"rendered":"https:\/\/docmarket-dz.com\/?post_type=product&#038;p=27716"},"modified":"2026-03-06T10:02:02","modified_gmt":"2026-03-06T09:02:02","slug":"seringue-10cc-pronto","status":"publish","type":"product","link":"https:\/\/docmarket-dz.com\/index.php\/product\/seringue-10cc-pronto\/","title":{"rendered":"Seringue 10CC PRONTO"},"content":{"rendered":"<p>Seringues 10 ml avec embout centr\u00e9<\/p>\n","protected":false},"excerpt":{"rendered":"<p>Seringues 10 ml avec embout centr\u00e9<\/p>\n","protected":false},"featured_media":27762,"comment_status":"open","ping_status":"closed","template":"","meta":{"content-type":"","om_disable_all_campaigns":false,"_uf_show_specific_survey":0,"_uf_disable_surveys":false,"jetpack_publicize_message":"","jetpack_publicize_feature_enabled":true,"jetpack_social_post_already_shared":false,"jetpack_social_options":{"image_generator_settings":{"template":"highway","default_image_id":0,"font":"","enabled":false},"version":2}},"product_brand":[],"product_cat":[486,487],"product_tag":[],"class_list":{"0":"post-27716","1":"product","2":"type-product","3":"status-publish","4":"has-post-thumbnail","6":"product_cat-laboratoire","7":"product_cat-medical","9":"first","10":"onbackorder","11":"taxable","12":"shipping-taxable","13":"purchasable","14":"product-type-simple"},"supplier_id":null,"supplier_sku":"","barcode":null,"atum_controlled":true,"out_stock_date":null,"out_stock_threshold":null,"inheritable":false,"inbound_stock":0,"stock_on_hold":10,"sold_today":0,"sales_last_days":0,"reserved_stock":0,"customer_returns":0,"warehouse_damage":0,"lost_in_post":0,"other_logs":0,"out_stock_days":0,"lost_sales":0,"has_location":true,"update_date":"2026-04-16T00:08:12","atum_locations":[{"id":941,"name":"C4","slug":"c4"}],"atum_stock_status":"onbackorder","restock_status":false,"low_stock_amount":50,"sales_update_date":"2026-04-16T00:08:12","calc_backorders":-10,"aioseo_notices":[],"jetpack_publicize_connections":[],"jetpack-related-posts":[{"id":30491,"url":"https:\/\/docmarket-dz.com\/index.php\/product\/seringue-2-ml-g22-pronto-g\/","url_meta":{"origin":27716,"position":0},"title":"Seringue 2 ML G22 PRONTO (G)","author":"Amel","date":"20\/11\/2025","format":false,"excerpt":"Instrument (petite pompe munie d'une aiguille) utilis\u00e9 pour injecter des liquides dans l'organisme ou en pr\u00e9lever","rel":"","context":"Article similaire","block_context":{"text":"Article similaire","link":""},"img":{"alt_text":"","src":"https:\/\/i0.wp.com\/docmarket-dz.com\/wp-content\/uploads\/2023\/10\/IMG_1705.png?fit=603%2C600&ssl=1&resize=350%2C200","width":350,"height":200,"srcset":"https:\/\/i0.wp.com\/docmarket-dz.com\/wp-content\/uploads\/2023\/10\/IMG_1705.png?fit=603%2C600&ssl=1&resize=350%2C200 1x, https:\/\/i0.wp.com\/docmarket-dz.com\/wp-content\/uploads\/2023\/10\/IMG_1705.png?fit=603%2C600&ssl=1&resize=525%2C300 1.5x"},"classes":[]},{"id":30075,"url":"https:\/\/docmarket-dz.com\/index.php\/product\/seringue-2-ml-g25-pronto\/","url_meta":{"origin":27716,"position":1},"title":"Seringue 2 mL G25 PRONTO","author":"Sofiane Arbouche","date":"05\/05\/2025","format":false,"excerpt":"Instrument (petite pompe munie d'une aiguille) utilis\u00e9 pour injecter des liquides dans l'organisme ou en pr\u00e9lever","rel":"","context":"Article similaire","block_context":{"text":"Article similaire","link":""},"img":{"alt_text":"","src":"https:\/\/i0.wp.com\/docmarket-dz.com\/wp-content\/uploads\/2023\/10\/IMG_1705.png?fit=603%2C600&ssl=1&resize=350%2C200","width":350,"height":200,"srcset":"https:\/\/i0.wp.com\/docmarket-dz.com\/wp-content\/uploads\/2023\/10\/IMG_1705.png?fit=603%2C600&ssl=1&resize=350%2C200 1x, https:\/\/i0.wp.com\/docmarket-dz.com\/wp-content\/uploads\/2023\/10\/IMG_1705.png?fit=603%2C600&ssl=1&resize=525%2C300 1.5x"},"classes":[]},{"id":26653,"url":"https:\/\/docmarket-dz.com\/index.php\/product\/diaflex-diadent-seringue\/","url_meta":{"origin":27716,"position":2},"title":"DIAFLEX DIADENT SERINGUE","author":"falek.h","date":"17\/03\/2023","format":false,"excerpt":"DiaFlex (Seringue d'irrigation pour canal radiculaire) Seringue \u00e0 embout souple en polypropyl\u00e8ne souple pour l'irrigation canalaire. Autoclavable et chimiclavable pour usage multiple jusqu'\u00e0 50 fois. Volume de 1,3 ml imprim\u00e9 \u00e0 intervalles de 1 mm. Effet clinique maximal en un minimum de temps. DiaFlex est compatible avec les seringues Luer\u2026","rel":"","context":"Article similaire","block_context":{"text":"Article similaire","link":""},"img":{"alt_text":"","src":"https:\/\/i0.wp.com\/docmarket-dz.com\/wp-content\/uploads\/2023\/03\/DIAFLEX-DIADENT-SERINGUE-e1680614398697.jpg?fit=600%2C600&ssl=1&resize=350%2C200","width":350,"height":200,"srcset":"https:\/\/i0.wp.com\/docmarket-dz.com\/wp-content\/uploads\/2023\/03\/DIAFLEX-DIADENT-SERINGUE-e1680614398697.jpg?fit=600%2C600&ssl=1&resize=350%2C200 1x, https:\/\/i0.wp.com\/docmarket-dz.com\/wp-content\/uploads\/2023\/03\/DIAFLEX-DIADENT-SERINGUE-e1680614398697.jpg?fit=600%2C600&ssl=1&resize=525%2C300 1.5x"},"classes":[]},{"id":27704,"url":"https:\/\/docmarket-dz.com\/index.php\/product\/seringue-2-5cc-g25-nipro\/","url_meta":{"origin":27716,"position":3},"title":"Seringue 2 mL G25 NIPRO","author":"fatmazohra.nasri","date":"24\/10\/2023","format":false,"excerpt":"Instrument (petite pompe munie d'une aiguille) utilis\u00e9 pour injecter des liquides dans l'organisme ou en pr\u00e9lever","rel":"","context":"Article similaire","block_context":{"text":"Article similaire","link":""},"img":{"alt_text":"","src":"https:\/\/i0.wp.com\/docmarket-dz.com\/wp-content\/uploads\/2023\/10\/IMG_1705.png?fit=603%2C600&ssl=1&resize=350%2C200","width":350,"height":200,"srcset":"https:\/\/i0.wp.com\/docmarket-dz.com\/wp-content\/uploads\/2023\/10\/IMG_1705.png?fit=603%2C600&ssl=1&resize=350%2C200 1x, https:\/\/i0.wp.com\/docmarket-dz.com\/wp-content\/uploads\/2023\/10\/IMG_1705.png?fit=603%2C600&ssl=1&resize=525%2C300 1.5x"},"classes":[]},{"id":26563,"url":"https:\/\/docmarket-dz.com\/index.php\/product\/coffret-composite-essentia-starter\/","url_meta":{"origin":27716,"position":4},"title":"COFFRET COMPOSITE ESSENTIA STARTER","author":"falek.h","date":"01\/01\/1970","format":false,"excerpt":"Starter kit de composite : Con\u00e7u pour la technique de stratification des composites. Couleur universelle. La brillance \u00e0 long terme est excellente gr\u00e2ce \u00e0 l'utilisation de particules de remplissage ultrafines. 7 seringues (1 de chaque couleur) Ld, Md, Dd, Le, De, U, Ml et 20 embouts.","rel":"","context":"Article similaire","block_context":{"text":"Article similaire","link":""},"img":{"alt_text":"","src":"https:\/\/i0.wp.com\/docmarket-dz.com\/wp-content\/uploads\/1970\/01\/GC900963-Essentia-Starter-Kit-800x800-1-e1697011536144.jpg?fit=600%2C600&ssl=1&resize=350%2C200","width":350,"height":200,"srcset":"https:\/\/i0.wp.com\/docmarket-dz.com\/wp-content\/uploads\/1970\/01\/GC900963-Essentia-Starter-Kit-800x800-1-e1697011536144.jpg?fit=600%2C600&ssl=1&resize=350%2C200 1x, https:\/\/i0.wp.com\/docmarket-dz.com\/wp-content\/uploads\/1970\/01\/GC900963-Essentia-Starter-Kit-800x800-1-e1697011536144.jpg?fit=600%2C600&ssl=1&resize=525%2C300 1.5x"},"classes":[]},{"id":26587,"url":"https:\/\/docmarket-dz.com\/index.php\/product\/composite-essentia-gc-kit-4\/","url_meta":{"origin":27716,"position":5},"title":"COMPOSITE ESSENTIA GC KIT\/4","author":"falek.h","date":"01\/01\/1970","format":false,"excerpt":"Starter kit de composite : Con\u00e7u pour la technique de stratification des composites. Couleur universelle. La brillance \u00e0 long terme est excellente gr\u00e2ce \u00e0 l'utilisation de particules de remplissage ultrafines. 7 seringues (1 de chaque couleur) Ld, Md, Dd, Le, De, U, Ml et 20 embouts.","rel":"","context":"Article similaire","block_context":{"text":"Article similaire","link":""},"img":{"alt_text":"","src":"https:\/\/i0.wp.com\/docmarket-dz.com\/wp-content\/uploads\/1970\/01\/wqr-e1697016581855.jpg?fit=600%2C440&ssl=1&resize=350%2C200","width":350,"height":200,"srcset":"https:\/\/i0.wp.com\/docmarket-dz.com\/wp-content\/uploads\/1970\/01\/wqr-e1697016581855.jpg?fit=600%2C440&ssl=1&resize=350%2C200 1x, https:\/\/i0.wp.com\/docmarket-dz.com\/wp-content\/uploads\/1970\/01\/wqr-e1697016581855.jpg?fit=600%2C440&ssl=1&resize=525%2C300 1.5x"},"classes":[]}],"jetpack_sharing_enabled":true,"tiered_pricing_type":"fixed","tiered_pricing_fixed_rules":{"4000":22.19},"tiered_pricing_product_settings":{"layout":"default","base_unit_name":{"singular":null,"plural":null},"default_variation":null},"tiered_pricing_minimum_quantity":null,"tiered_pricing_roles_data":[],"tiered_pricing_percentage_rules":[],"_links":{"self":[{"href":"https:\/\/docmarket-dz.com\/index.php\/wp-json\/wp\/v2\/product\/27716","targetHints":{"allow":["GET"]}}],"collection":[{"href":"https:\/\/docmarket-dz.com\/index.php\/wp-json\/wp\/v2\/product"}],"about":[{"href":"https:\/\/docmarket-dz.com\/index.php\/wp-json\/wp\/v2\/types\/product"}],"replies":[{"embeddable":true,"href":"https:\/\/docmarket-dz.com\/index.php\/wp-json\/wp\/v2\/comments?post=27716"}],"wp:featuredmedia":[{"embeddable":true,"href":"https:\/\/docmarket-dz.com\/index.php\/wp-json\/wp\/v2\/media\/27762"}],"wp:attachment":[{"href":"https:\/\/docmarket-dz.com\/index.php\/wp-json\/wp\/v2\/media?parent=27716"}],"wp:term":[{"taxonomy":"product_brand","embeddable":true,"href":"https:\/\/docmarket-dz.com\/index.php\/wp-json\/wp\/v2\/product_brand?post=27716"},{"taxonomy":"product_cat","embeddable":true,"href":"https:\/\/docmarket-dz.com\/index.php\/wp-json\/wp\/v2\/product_cat?post=27716"},{"taxonomy":"product_tag","embeddable":true,"href":"https:\/\/docmarket-dz.com\/index.php\/wp-json\/wp\/v2\/product_tag?post=27716"}],"curies":[{"name":"wp","href":"https:\/\/api.w.org\/{rel}","templated":true}]}}