{"id":27721,"date":"2023-10-24T15:21:39","date_gmt":"2023-10-24T14:21:39","guid":{"rendered":"https:\/\/docmarket-dz.com\/?post_type=product&#038;p=27721"},"modified":"2025-05-22T13:23:44","modified_gmt":"2025-05-22T12:23:44","slug":"coton-hydrophile-500g-cotiflex","status":"publish","type":"product","link":"https:\/\/docmarket-dz.com\/index.php\/product\/coton-hydrophile-500g-cotiflex\/","title":{"rendered":"COTON HYDROPHILE 500G"},"content":{"rendered":"","protected":false},"excerpt":{"rendered":"","protected":false},"featured_media":27722,"comment_status":"open","ping_status":"closed","template":"","meta":{"content-type":"","om_disable_all_campaigns":false,"_uf_show_specific_survey":0,"_uf_disable_surveys":false,"jetpack_publicize_message":"","jetpack_publicize_feature_enabled":true,"jetpack_social_post_already_shared":false,"jetpack_social_options":{"image_generator_settings":{"template":"highway","default_image_id":0,"font":"","enabled":false},"version":2}},"product_brand":[],"product_cat":[906,100,486,487],"product_tag":[],"class_list":{"0":"post-27721","1":"product","2":"type-product","3":"status-publish","4":"has-post-thumbnail","6":"product_cat-cardiologei","7":"product_cat-dentaire","8":"product_cat-laboratoire","9":"product_cat-medical","11":"first","12":"instock","13":"taxable","14":"shipping-taxable","15":"purchasable","16":"product-type-simple"},"supplier_id":null,"supplier_sku":"","barcode":null,"atum_controlled":true,"out_stock_date":null,"out_stock_threshold":null,"inheritable":false,"inbound_stock":0,"stock_on_hold":0,"sold_today":0,"sales_last_days":0,"reserved_stock":0,"customer_returns":0,"warehouse_damage":0,"lost_in_post":0,"other_logs":0,"out_stock_days":0,"lost_sales":0,"has_location":false,"update_date":"2026-04-10T00:05:01","atum_locations":[],"atum_stock_status":"instock","restock_status":false,"low_stock_amount":1,"sales_update_date":"2026-04-10T00:05:01","calc_backorders":0,"aioseo_notices":[],"jetpack_publicize_connections":[],"jetpack-related-posts":[{"id":24609,"url":"https:\/\/docmarket-dz.com\/index.php\/product\/bande-hydrophile-060-x-100-tarlatane\/","url_meta":{"origin":27721,"position":0},"title":"Bande hydrophile (gaze) 0.60 X 100 (Tarlatane)","author":"falek.h","date":"07\/01\/2023","format":false,"excerpt":"","rel":"","context":"Article similaire","block_context":{"text":"Article similaire","link":""},"img":{"alt_text":"","src":"https:\/\/i0.wp.com\/docmarket-dz.com\/wp-content\/uploads\/2023\/01\/rouleau-gaz-tarlatane-e1673278875514.jpg?fit=600%2C254&ssl=1&resize=350%2C200","width":350,"height":200,"srcset":"https:\/\/i0.wp.com\/docmarket-dz.com\/wp-content\/uploads\/2023\/01\/rouleau-gaz-tarlatane-e1673278875514.jpg?fit=600%2C254&ssl=1&resize=350%2C200 1x, https:\/\/i0.wp.com\/docmarket-dz.com\/wp-content\/uploads\/2023\/01\/rouleau-gaz-tarlatane-e1673278875514.jpg?fit=600%2C254&ssl=1&resize=525%2C300 1.5x"},"classes":[]},{"id":26496,"url":"https:\/\/docmarket-dz.com\/index.php\/product\/bonding-magic-coltene\/","url_meta":{"origin":27721,"position":1},"title":"BONDING MAGIC COLTENE","author":"falek.h","date":"17\/03\/2023","format":false,"excerpt":"A base d'alcool. Monocomposant - appr\u00eat et liant en un seul flacon. Les charges contenues dans la formulation aident \u00e0 renforcer la couche hybride. Utilisation dans les composites de restauration et les ciments r\u00e9sineux photopolym\u00e9risables. Contribue \u00e0 la r\u00e9duction de la r\u00e9cidive des caries dentaires Meilleur rapport co\u00fbt\/b\u00e9n\u00e9fice parmi les\u2026","rel":"","context":"Article similaire","block_context":{"text":"Article similaire","link":""},"img":{"alt_text":"","src":"https:\/\/i0.wp.com\/docmarket-dz.com\/wp-content\/uploads\/2023\/03\/BONDING-MAGIC-COLTENE-e1680698433375.jpg?fit=585%2C600&ssl=1&resize=350%2C200","width":350,"height":200,"srcset":"https:\/\/i0.wp.com\/docmarket-dz.com\/wp-content\/uploads\/2023\/03\/BONDING-MAGIC-COLTENE-e1680698433375.jpg?fit=585%2C600&ssl=1&resize=350%2C200 1x, https:\/\/i0.wp.com\/docmarket-dz.com\/wp-content\/uploads\/2023\/03\/BONDING-MAGIC-COLTENE-e1680698433375.jpg?fit=585%2C600&ssl=1&resize=525%2C300 1.5x"},"classes":[]},{"id":24591,"url":"https:\/\/docmarket-dz.com\/index.php\/product\/coton\/","url_meta":{"origin":27721,"position":2},"title":"Coton en Boule 300 G","author":"falek.h","date":"07\/01\/2023","format":false,"excerpt":"","rel":"","context":"Article similaire","block_context":{"text":"Article similaire","link":""},"img":{"alt_text":"","src":"","width":0,"height":0},"classes":[]},{"id":28659,"url":"https:\/\/docmarket-dz.com\/index.php\/product\/draps-en-percale-100-coton\/","url_meta":{"origin":27721,"position":3},"title":"Draps en  Percale 100 % Coton","author":"TIKELALINE Amel","date":"20\/03\/2024","format":false,"excerpt":"","rel":"","context":"Article similaire","block_context":{"text":"Article similaire","link":""},"img":{"alt_text":"","src":"","width":0,"height":0},"classes":[]},{"id":24605,"url":"https:\/\/docmarket-dz.com\/index.php\/product\/tampons-dentaire-coton-salivaire\/","url_meta":{"origin":27721,"position":4},"title":"Tampons Dentaire &#8211; coton salivaire non st\u00e9rile","author":"falek.h","date":"07\/01\/2023","format":false,"excerpt":"","rel":"","context":"Article similaire","block_context":{"text":"Article similaire","link":""},"img":{"alt_text":"","src":"https:\/\/i0.wp.com\/docmarket-dz.com\/wp-content\/uploads\/2023\/01\/IMG_2777-PhotoRoom.png-PhotoRoom.png?fit=608%2C602&ssl=1&resize=350%2C200","width":350,"height":200,"srcset":"https:\/\/i0.wp.com\/docmarket-dz.com\/wp-content\/uploads\/2023\/01\/IMG_2777-PhotoRoom.png-PhotoRoom.png?fit=608%2C602&ssl=1&resize=350%2C200 1x, https:\/\/i0.wp.com\/docmarket-dz.com\/wp-content\/uploads\/2023\/01\/IMG_2777-PhotoRoom.png-PhotoRoom.png?fit=608%2C602&ssl=1&resize=525%2C300 1.5x"},"classes":[]},{"id":26624,"url":"https:\/\/docmarket-dz.com\/index.php\/product\/coton-salivaire-socothyd\/","url_meta":{"origin":27721,"position":5},"title":"COTON SALIVAIRE SOCOTHYD","author":"falek.h","date":"01\/01\/1970","format":false,"excerpt":"","rel":"","context":"Article similaire","block_context":{"text":"Article similaire","link":""},"img":{"alt_text":"","src":"","width":0,"height":0},"classes":[]}],"jetpack_sharing_enabled":true,"tiered_pricing_type":"fixed","tiered_pricing_fixed_rules":[],"tiered_pricing_product_settings":{"layout":"default","base_unit_name":{"singular":null,"plural":null},"default_variation":null},"tiered_pricing_minimum_quantity":null,"tiered_pricing_roles_data":[],"tiered_pricing_percentage_rules":[],"_links":{"self":[{"href":"https:\/\/docmarket-dz.com\/index.php\/wp-json\/wp\/v2\/product\/27721","targetHints":{"allow":["GET"]}}],"collection":[{"href":"https:\/\/docmarket-dz.com\/index.php\/wp-json\/wp\/v2\/product"}],"about":[{"href":"https:\/\/docmarket-dz.com\/index.php\/wp-json\/wp\/v2\/types\/product"}],"replies":[{"embeddable":true,"href":"https:\/\/docmarket-dz.com\/index.php\/wp-json\/wp\/v2\/comments?post=27721"}],"wp:featuredmedia":[{"embeddable":true,"href":"https:\/\/docmarket-dz.com\/index.php\/wp-json\/wp\/v2\/media\/27722"}],"wp:attachment":[{"href":"https:\/\/docmarket-dz.com\/index.php\/wp-json\/wp\/v2\/media?parent=27721"}],"wp:term":[{"taxonomy":"product_brand","embeddable":true,"href":"https:\/\/docmarket-dz.com\/index.php\/wp-json\/wp\/v2\/product_brand?post=27721"},{"taxonomy":"product_cat","embeddable":true,"href":"https:\/\/docmarket-dz.com\/index.php\/wp-json\/wp\/v2\/product_cat?post=27721"},{"taxonomy":"product_tag","embeddable":true,"href":"https:\/\/docmarket-dz.com\/index.php\/wp-json\/wp\/v2\/product_tag?post=27721"}],"curies":[{"name":"wp","href":"https:\/\/api.w.org\/{rel}","templated":true}]}}