{"id":27781,"date":"2023-11-04T11:28:31","date_gmt":"2023-11-04T10:28:31","guid":{"rendered":"https:\/\/docmarket-dz.com\/?post_type=product&#038;p=27781"},"modified":"2025-06-23T16:51:24","modified_gmt":"2025-06-23T15:51:24","slug":"seringue-50ml-luer-lock-nipro","status":"publish","type":"product","link":"https:\/\/docmarket-dz.com\/index.php\/product\/seringue-50ml-luer-lock-nipro\/","title":{"rendered":"SERINGUE 50ML LUER LOCK NIPRO"},"content":{"rendered":"","protected":false},"excerpt":{"rendered":"","protected":false},"featured_media":27770,"comment_status":"open","ping_status":"closed","template":"","meta":{"content-type":"","om_disable_all_campaigns":false,"_uf_show_specific_survey":0,"_uf_disable_surveys":false,"jetpack_publicize_message":"","jetpack_publicize_feature_enabled":true,"jetpack_social_post_already_shared":false,"jetpack_social_options":{"image_generator_settings":{"template":"highway","default_image_id":0,"font":"","enabled":false},"version":2}},"product_brand":[],"product_cat":[487],"product_tag":[],"class_list":{"0":"post-27781","1":"product","2":"type-product","3":"status-publish","4":"has-post-thumbnail","6":"product_cat-medical","8":"first","9":"instock","10":"taxable","11":"shipping-taxable","12":"purchasable","13":"product-type-simple"},"supplier_id":null,"supplier_sku":"","barcode":null,"atum_controlled":true,"out_stock_date":null,"out_stock_threshold":null,"inheritable":false,"inbound_stock":0,"stock_on_hold":0,"sold_today":0,"sales_last_days":0,"reserved_stock":0,"customer_returns":0,"warehouse_damage":0,"lost_in_post":0,"other_logs":0,"out_stock_days":0,"lost_sales":0,"has_location":true,"update_date":"2026-04-16T00:07:56","atum_locations":[{"id":943,"name":"C6","slug":"c6"}],"atum_stock_status":"instock","restock_status":false,"low_stock_amount":20,"sales_update_date":"2026-04-16T00:07:56","calc_backorders":0,"aioseo_notices":[],"jetpack_publicize_connections":[],"jetpack-related-posts":[{"id":26653,"url":"https:\/\/docmarket-dz.com\/index.php\/product\/diaflex-diadent-seringue\/","url_meta":{"origin":27781,"position":0},"title":"DIAFLEX DIADENT SERINGUE","author":"falek.h","date":"17\/03\/2023","format":false,"excerpt":"DiaFlex (Seringue d'irrigation pour canal radiculaire) Seringue \u00e0 embout souple en polypropyl\u00e8ne souple pour l'irrigation canalaire. Autoclavable et chimiclavable pour usage multiple jusqu'\u00e0 50 fois. Volume de 1,3 ml imprim\u00e9 \u00e0 intervalles de 1 mm. Effet clinique maximal en un minimum de temps. DiaFlex est compatible avec les seringues Luer\u2026","rel":"","context":"Article similaire","block_context":{"text":"Article similaire","link":""},"img":{"alt_text":"","src":"https:\/\/i0.wp.com\/docmarket-dz.com\/wp-content\/uploads\/2023\/03\/DIAFLEX-DIADENT-SERINGUE-e1680614398697.jpg?fit=600%2C600&ssl=1&resize=350%2C200","width":350,"height":200,"srcset":"https:\/\/i0.wp.com\/docmarket-dz.com\/wp-content\/uploads\/2023\/03\/DIAFLEX-DIADENT-SERINGUE-e1680614398697.jpg?fit=600%2C600&ssl=1&resize=350%2C200 1x, https:\/\/i0.wp.com\/docmarket-dz.com\/wp-content\/uploads\/2023\/03\/DIAFLEX-DIADENT-SERINGUE-e1680614398697.jpg?fit=600%2C600&ssl=1&resize=525%2C300 1.5x"},"classes":[]},{"id":30029,"url":"https:\/\/docmarket-dz.com\/index.php\/product\/seringue-20ml-nipro\/","url_meta":{"origin":27781,"position":1},"title":"SERINGUE 20mL &#8211; NIPRO","author":"Sofiane Arbouche","date":"17\/04\/2025","format":false,"excerpt":"","rel":"","context":"Article similaire","block_context":{"text":"Article similaire","link":""},"img":{"alt_text":"","src":"https:\/\/i0.wp.com\/docmarket-dz.com\/wp-content\/uploads\/2023\/10\/IMG_1520-PhotoRoom.jpg?fit=601%2C598&ssl=1&resize=350%2C200","width":350,"height":200,"srcset":"https:\/\/i0.wp.com\/docmarket-dz.com\/wp-content\/uploads\/2023\/10\/IMG_1520-PhotoRoom.jpg?fit=601%2C598&ssl=1&resize=350%2C200 1x, https:\/\/i0.wp.com\/docmarket-dz.com\/wp-content\/uploads\/2023\/10\/IMG_1520-PhotoRoom.jpg?fit=601%2C598&ssl=1&resize=525%2C300 1.5x"},"classes":[]},{"id":27707,"url":"https:\/\/docmarket-dz.com\/index.php\/product\/seringue-1cc-nipro\/","url_meta":{"origin":27781,"position":2},"title":"Seringue 1CC","author":"fatmazohra.nasri","date":"24\/10\/2023","format":false,"excerpt":"","rel":"","context":"Article similaire","block_context":{"text":"Article similaire","link":""},"img":{"alt_text":"","src":"https:\/\/i0.wp.com\/docmarket-dz.com\/wp-content\/uploads\/2023\/10\/IMG_1707.png?fit=599%2C601&ssl=1&resize=350%2C200","width":350,"height":200,"srcset":"https:\/\/i0.wp.com\/docmarket-dz.com\/wp-content\/uploads\/2023\/10\/IMG_1707.png?fit=599%2C601&ssl=1&resize=350%2C200 1x, https:\/\/i0.wp.com\/docmarket-dz.com\/wp-content\/uploads\/2023\/10\/IMG_1707.png?fit=599%2C601&ssl=1&resize=525%2C300 1.5x"},"classes":[]},{"id":27704,"url":"https:\/\/docmarket-dz.com\/index.php\/product\/seringue-2-5cc-g25-nipro\/","url_meta":{"origin":27781,"position":3},"title":"Seringue 2 mL G25 NIPRO","author":"fatmazohra.nasri","date":"24\/10\/2023","format":false,"excerpt":"Instrument (petite pompe munie d'une aiguille) utilis\u00e9 pour injecter des liquides dans l'organisme ou en pr\u00e9lever","rel":"","context":"Article similaire","block_context":{"text":"Article similaire","link":""},"img":{"alt_text":"","src":"https:\/\/i0.wp.com\/docmarket-dz.com\/wp-content\/uploads\/2023\/10\/IMG_1705.png?fit=603%2C600&ssl=1&resize=350%2C200","width":350,"height":200,"srcset":"https:\/\/i0.wp.com\/docmarket-dz.com\/wp-content\/uploads\/2023\/10\/IMG_1705.png?fit=603%2C600&ssl=1&resize=350%2C200 1x, https:\/\/i0.wp.com\/docmarket-dz.com\/wp-content\/uploads\/2023\/10\/IMG_1705.png?fit=603%2C600&ssl=1&resize=525%2C300 1.5x"},"classes":[]},{"id":26148,"url":"https:\/\/docmarket-dz.com\/index.php\/product\/microperfuseur-a-ailettes-epicranienne-vaccu-23g-nipro\/","url_meta":{"origin":27781,"position":4},"title":"Microperfuseur \u00e0 ailettes &#8211; EPICRANIENNE VACCU 23G NIPRO &#8211; Boite de 100 unit\u00e9s","author":"falek.h","date":"12\/03\/2023","format":false,"excerpt":"","rel":"","context":"Article similaire","block_context":{"text":"Article similaire","link":""},"img":{"alt_text":"","src":"https:\/\/i0.wp.com\/docmarket-dz.com\/wp-content\/uploads\/2023\/03\/Sans-titre.png?fit=201%2C251&ssl=1&resize=350%2C200","width":350,"height":200},"classes":[]},{"id":26227,"url":"https:\/\/docmarket-dz.com\/index.php\/product\/perfuseur-complet-avec-tube-1-50ml-cathwide-2\/","url_meta":{"origin":27781,"position":5},"title":"PERFUSEUR COMPLET AVEC TUBE 1.50ML CATHWIDE","author":"falek.h","date":"12\/03\/2023","format":false,"excerpt":"","rel":"","context":"Article similaire","block_context":{"text":"Article similaire","link":""},"img":{"alt_text":"","src":"","width":0,"height":0},"classes":[]}],"jetpack_sharing_enabled":true,"tiered_pricing_type":"fixed","tiered_pricing_fixed_rules":[],"tiered_pricing_product_settings":{"layout":"default","base_unit_name":{"singular":null,"plural":null},"default_variation":null},"tiered_pricing_minimum_quantity":null,"tiered_pricing_roles_data":[],"tiered_pricing_percentage_rules":[],"_links":{"self":[{"href":"https:\/\/docmarket-dz.com\/index.php\/wp-json\/wp\/v2\/product\/27781","targetHints":{"allow":["GET"]}}],"collection":[{"href":"https:\/\/docmarket-dz.com\/index.php\/wp-json\/wp\/v2\/product"}],"about":[{"href":"https:\/\/docmarket-dz.com\/index.php\/wp-json\/wp\/v2\/types\/product"}],"replies":[{"embeddable":true,"href":"https:\/\/docmarket-dz.com\/index.php\/wp-json\/wp\/v2\/comments?post=27781"}],"wp:featuredmedia":[{"embeddable":true,"href":"https:\/\/docmarket-dz.com\/index.php\/wp-json\/wp\/v2\/media\/27770"}],"wp:attachment":[{"href":"https:\/\/docmarket-dz.com\/index.php\/wp-json\/wp\/v2\/media?parent=27781"}],"wp:term":[{"taxonomy":"product_brand","embeddable":true,"href":"https:\/\/docmarket-dz.com\/index.php\/wp-json\/wp\/v2\/product_brand?post=27781"},{"taxonomy":"product_cat","embeddable":true,"href":"https:\/\/docmarket-dz.com\/index.php\/wp-json\/wp\/v2\/product_cat?post=27781"},{"taxonomy":"product_tag","embeddable":true,"href":"https:\/\/docmarket-dz.com\/index.php\/wp-json\/wp\/v2\/product_tag?post=27781"}],"curies":[{"name":"wp","href":"https:\/\/api.w.org\/{rel}","templated":true}]}}