{"id":27809,"date":"2023-11-12T15:33:04","date_gmt":"2023-11-12T14:33:04","guid":{"rendered":"https:\/\/docmarket-dz.com\/?post_type=product&#038;p=27809"},"modified":"2024-10-25T19:01:34","modified_gmt":"2024-10-25T18:01:34","slug":"cleaning-spray","status":"publish","type":"product","link":"https:\/\/docmarket-dz.com\/index.php\/product\/cleaning-spray\/","title":{"rendered":"Spray nettoyant pour sonde"},"content":{"rendered":"<p>Nettoyant lotion pour sonde transductrice, usage \u00e9conomique, soluble dans l\u2019eau, \u00e0 usage externe uniquement.<\/p>\n<div class=\"yj6qo\"><\/div>\n","protected":false},"excerpt":{"rendered":"<p>Nettoyant lotion pour sonde transductrice, usage \u00e9conomique, soluble dans l\u2019eau, \u00e0 usage externe uniquement.<\/p>\n","protected":false},"featured_media":27927,"comment_status":"open","ping_status":"closed","template":"","meta":{"content-type":"","om_disable_all_campaigns":false,"_uf_show_specific_survey":0,"_uf_disable_surveys":false,"jetpack_publicize_message":"","jetpack_publicize_feature_enabled":true,"jetpack_social_post_already_shared":false,"jetpack_social_options":{"image_generator_settings":{"template":"highway","default_image_id":0,"font":"","enabled":false},"version":2}},"product_brand":[],"product_cat":[906,882,560,487,883],"product_tag":[],"class_list":{"0":"post-27809","1":"product","2":"type-product","3":"status-publish","4":"has-post-thumbnail","6":"product_cat-cardiologei","7":"product_cat-gynecologie","8":"product_cat-hygiene","9":"product_cat-medical","10":"product_cat-radiologie","12":"first","13":"onbackorder","14":"taxable","15":"shipping-taxable","16":"purchasable","17":"product-type-simple"},"supplier_id":null,"supplier_sku":"","barcode":null,"atum_controlled":true,"out_stock_date":"2024-10-25 19:01:35","out_stock_threshold":null,"inheritable":false,"inbound_stock":0,"stock_on_hold":0,"sold_today":0,"sales_last_days":0,"reserved_stock":0,"customer_returns":0,"warehouse_damage":0,"lost_in_post":0,"other_logs":0,"out_stock_days":531,"lost_sales":614442,"has_location":true,"update_date":"2026-04-10T00:05:02","atum_locations":[{"id":937,"name":"C0","slug":"c0"}],"atum_stock_status":"onbackorder","restock_status":false,"low_stock_amount":10,"sales_update_date":"2026-04-10T00:05:02","calc_backorders":0,"aioseo_notices":[],"jetpack_publicize_connections":[],"jetpack-related-posts":[{"id":29563,"url":"https:\/\/docmarket-dz.com\/index.php\/product\/mindray-m-53-cleanser-50-ml\/","url_meta":{"origin":27809,"position":0},"title":"MINDRAY M-53 CLEANSER &#8211; 50 ml","author":"Sofiane Arbouche","date":"21\/10\/2024","format":false,"excerpt":"Nettoyant pour sonde pour r\u00e9actifs pour analyseur d\u2032h\u00e9matologie M-53 M-52 Mindray","rel":"","context":"Article similaire","block_context":{"text":"Article similaire","link":""},"img":{"alt_text":"","src":"","width":0,"height":0},"classes":[]},{"id":26647,"url":"https:\/\/docmarket-dz.com\/index.php\/product\/desinfectant-spray-surfasaf\/","url_meta":{"origin":27809,"position":1},"title":"SPRAY SURFA&#8217;SAFE PREMIUM D\u00e9sinfectant FL\/750 ML","author":"falek.h","date":"17\/03\/2023","format":false,"excerpt":"\u00a0 \u00a0 \u00a0 \u00a0 INDICATIONS: Mousse d\u00e9tergente d\u00e9sinfectante, destin\u00e9e au nettoyage et \u00e0 la d\u00e9sinfection des surfaces, des structures externes des \u00e9quipements (respirateurs, g\u00e9n\u00e9rateurs d\u2019h\u00e9modialyse\u2026) et des dispositifs m\u00e9dicaux non immergeables et non invasifs (sondes \u00e9chographiques classiques, c\u00e2bles et connectiques, capteurs de pression, testeurs de glyc\u00e9mie, tensiom\u00e8tres, marteaux \u00e0 r\u00e9flexe\u2026)\u2026","rel":"","context":"Article similaire","block_context":{"text":"Article similaire","link":""},"img":{"alt_text":"","src":"https:\/\/i0.wp.com\/docmarket-dz.com\/wp-content\/uploads\/2023\/03\/DESINFECTANT-SPRAY-SURFASAF-e1680615017544.jpg?fit=600%2C600&ssl=1&resize=350%2C200","width":350,"height":200,"srcset":"https:\/\/i0.wp.com\/docmarket-dz.com\/wp-content\/uploads\/2023\/03\/DESINFECTANT-SPRAY-SURFASAF-e1680615017544.jpg?fit=600%2C600&ssl=1&resize=350%2C200 1x, https:\/\/i0.wp.com\/docmarket-dz.com\/wp-content\/uploads\/2023\/03\/DESINFECTANT-SPRAY-SURFASAF-e1680615017544.jpg?fit=600%2C600&ssl=1&resize=525%2C300 1.5x"},"classes":[]},{"id":26253,"url":"https:\/\/docmarket-dz.com\/index.php\/product\/sonde-a-oxygene-ch12\/","url_meta":{"origin":27809,"position":2},"title":"SONDE A OXYGENE CH12","author":"falek.h","date":"12\/03\/2023","format":false,"excerpt":"","rel":"","context":"Article similaire","block_context":{"text":"Article similaire","link":""},"img":{"alt_text":"","src":"","width":0,"height":0},"classes":[]},{"id":28500,"url":"https:\/\/docmarket-dz.com\/index.php\/product\/sonde-cannelee-12-cm\/","url_meta":{"origin":27809,"position":3},"title":"Sonde cannel\u00e9e 12 cm","author":"fatmazohra.nasri","date":"07\/02\/2024","format":false,"excerpt":"La\u00a0sonde cannel\u00e9e, compos\u00e9e d'une canule, est un instrument de chirurgie utilis\u00e9 pour la\u00a0dissection\u00a0ainsi que la d\u00e9coupe des pansements en toute s\u00e9curit\u00e9 sur le patient. \u00a0 Sonde cannel\u00e9e Instrument de\u00a0chirurgie Sert \u00e0 la dissection et \u00e0 la d\u00e9coupe de\u00a0pansements Domaines chirurgical, v\u00e9t\u00e9rinaire et infirmier Plusieurs dimensions disponibles","rel":"","context":"Article similaire","block_context":{"text":"Article similaire","link":""},"img":{"alt_text":"","src":"https:\/\/i0.wp.com\/docmarket-dz.com\/wp-content\/uploads\/2024\/02\/Sonde-cannelee-12-cm.jpg?fit=600%2C602&ssl=1&resize=350%2C200","width":350,"height":200,"srcset":"https:\/\/i0.wp.com\/docmarket-dz.com\/wp-content\/uploads\/2024\/02\/Sonde-cannelee-12-cm.jpg?fit=600%2C602&ssl=1&resize=350%2C200 1x, https:\/\/i0.wp.com\/docmarket-dz.com\/wp-content\/uploads\/2024\/02\/Sonde-cannelee-12-cm.jpg?fit=600%2C602&ssl=1&resize=525%2C300 1.5x"},"classes":[]},{"id":28502,"url":"https:\/\/docmarket-dz.com\/index.php\/product\/sonde-cannelee-14-cm\/","url_meta":{"origin":27809,"position":4},"title":"Sonde cannel\u00e9e 14 cm","author":"fatmazohra.nasri","date":"07\/02\/2024","format":false,"excerpt":"La\u00a0sonde cannel\u00e9e, compos\u00e9e d'une canule, est un instrument de chirurgie utilis\u00e9 pour la\u00a0dissection\u00a0ainsi que la d\u00e9coupe des pansements en toute s\u00e9curit\u00e9 sur le patient. \u00a0 Sonde cannel\u00e9e Instrument de\u00a0chirurgie Sert \u00e0 la dissection et \u00e0 la d\u00e9coupe de\u00a0pansements Domaines chirurgical, v\u00e9t\u00e9rinaire et infirmier Plusieurs dimensions disponibles","rel":"","context":"Article similaire","block_context":{"text":"Article similaire","link":""},"img":{"alt_text":"","src":"https:\/\/i0.wp.com\/docmarket-dz.com\/wp-content\/uploads\/2024\/02\/sonde-cannelee-14-cm.jpg?fit=602%2C600&ssl=1&resize=350%2C200","width":350,"height":200,"srcset":"https:\/\/i0.wp.com\/docmarket-dz.com\/wp-content\/uploads\/2024\/02\/sonde-cannelee-14-cm.jpg?fit=602%2C600&ssl=1&resize=350%2C200 1x, https:\/\/i0.wp.com\/docmarket-dz.com\/wp-content\/uploads\/2024\/02\/sonde-cannelee-14-cm.jpg?fit=602%2C600&ssl=1&resize=525%2C300 1.5x"},"classes":[]},{"id":28504,"url":"https:\/\/docmarket-dz.com\/index.php\/product\/sonde-cannelee-16-cm\/","url_meta":{"origin":27809,"position":5},"title":"Sonde cannel\u00e9e 16 cm","author":"fatmazohra.nasri","date":"07\/02\/2024","format":false,"excerpt":"La\u00a0sonde cannel\u00e9e, compos\u00e9e d'une canule, est un instrument de chirurgie utilis\u00e9 pour la\u00a0dissection\u00a0ainsi que la d\u00e9coupe des pansements en toute s\u00e9curit\u00e9 sur le patient. \u00a0 Sonde cannel\u00e9e Instrument de\u00a0chirurgie Sert \u00e0 la dissection et \u00e0 la d\u00e9coupe de\u00a0pansements Domaines chirurgical, v\u00e9t\u00e9rinaire et infirmier Plusieurs dimensions disponibles","rel":"","context":"Article similaire","block_context":{"text":"Article similaire","link":""},"img":{"alt_text":"","src":"https:\/\/i0.wp.com\/docmarket-dz.com\/wp-content\/uploads\/2024\/02\/sonde-cannelee-16-CM.jpg?fit=613%2C599&ssl=1&resize=350%2C200","width":350,"height":200,"srcset":"https:\/\/i0.wp.com\/docmarket-dz.com\/wp-content\/uploads\/2024\/02\/sonde-cannelee-16-CM.jpg?fit=613%2C599&ssl=1&resize=350%2C200 1x, https:\/\/i0.wp.com\/docmarket-dz.com\/wp-content\/uploads\/2024\/02\/sonde-cannelee-16-CM.jpg?fit=613%2C599&ssl=1&resize=525%2C300 1.5x"},"classes":[]}],"jetpack_sharing_enabled":true,"tiered_pricing_type":"fixed","tiered_pricing_fixed_rules":[],"tiered_pricing_product_settings":{"layout":"default","base_unit_name":{"singular":null,"plural":null},"default_variation":null},"tiered_pricing_minimum_quantity":null,"tiered_pricing_roles_data":[],"tiered_pricing_percentage_rules":[],"_links":{"self":[{"href":"https:\/\/docmarket-dz.com\/index.php\/wp-json\/wp\/v2\/product\/27809","targetHints":{"allow":["GET"]}}],"collection":[{"href":"https:\/\/docmarket-dz.com\/index.php\/wp-json\/wp\/v2\/product"}],"about":[{"href":"https:\/\/docmarket-dz.com\/index.php\/wp-json\/wp\/v2\/types\/product"}],"replies":[{"embeddable":true,"href":"https:\/\/docmarket-dz.com\/index.php\/wp-json\/wp\/v2\/comments?post=27809"}],"wp:featuredmedia":[{"embeddable":true,"href":"https:\/\/docmarket-dz.com\/index.php\/wp-json\/wp\/v2\/media\/27927"}],"wp:attachment":[{"href":"https:\/\/docmarket-dz.com\/index.php\/wp-json\/wp\/v2\/media?parent=27809"}],"wp:term":[{"taxonomy":"product_brand","embeddable":true,"href":"https:\/\/docmarket-dz.com\/index.php\/wp-json\/wp\/v2\/product_brand?post=27809"},{"taxonomy":"product_cat","embeddable":true,"href":"https:\/\/docmarket-dz.com\/index.php\/wp-json\/wp\/v2\/product_cat?post=27809"},{"taxonomy":"product_tag","embeddable":true,"href":"https:\/\/docmarket-dz.com\/index.php\/wp-json\/wp\/v2\/product_tag?post=27809"}],"curies":[{"name":"wp","href":"https:\/\/api.w.org\/{rel}","templated":true}]}}