{"id":27813,"date":"2023-11-12T16:01:43","date_gmt":"2023-11-12T15:01:43","guid":{"rendered":"https:\/\/docmarket-dz.com\/?post_type=product&#038;p=27813"},"modified":"2026-02-04T11:53:41","modified_gmt":"2026-02-04T10:53:41","slug":"ac-cream-pack-de-3-b","status":"publish","type":"product","link":"https:\/\/docmarket-dz.com\/index.php\/product\/ac-cream-pack-de-3-b\/","title":{"rendered":"AC Cream"},"content":{"rendered":"<p>Pate hautement conductrice et adh\u00e9sive pour des enregistrements EEG durables.<\/p>\n<p>Facilement amovible et lavable.<\/p>\n","protected":false},"excerpt":{"rendered":"<p>Pate hautement conductrice et adh\u00e9sive pour des enregistrements EEG durables. Facilement amovible et lavable.<\/p>\n","protected":false},"featured_media":27814,"comment_status":"open","ping_status":"closed","template":"","meta":{"content-type":"","om_disable_all_campaigns":false,"_uf_show_specific_survey":0,"_uf_disable_surveys":false,"jetpack_publicize_message":"","jetpack_publicize_feature_enabled":true,"jetpack_social_post_already_shared":false,"jetpack_social_options":{"image_generator_settings":{"template":"highway","default_image_id":0,"font":"","enabled":false},"version":2}},"product_brand":[],"product_cat":[487],"product_tag":[],"class_list":{"0":"post-27813","1":"product","2":"type-product","3":"status-publish","4":"has-post-thumbnail","6":"product_cat-medical","8":"first","9":"instock","10":"taxable","11":"shipping-taxable","12":"purchasable","13":"product-type-simple"},"supplier_id":null,"supplier_sku":"","barcode":null,"atum_controlled":true,"out_stock_date":null,"out_stock_threshold":null,"inheritable":false,"inbound_stock":0,"stock_on_hold":0,"sold_today":0,"sales_last_days":0,"reserved_stock":0,"customer_returns":0,"warehouse_damage":0,"lost_in_post":0,"other_logs":0,"out_stock_days":0,"lost_sales":0,"has_location":true,"update_date":"2026-04-16T00:08:10","atum_locations":[{"id":962,"name":"D4","slug":"d4"}],"atum_stock_status":"instock","restock_status":false,"low_stock_amount":"","sales_update_date":"2026-04-16T00:08:10","calc_backorders":0,"aioseo_notices":[],"jetpack_publicize_connections":[],"jetpack-related-posts":[{"id":26492,"url":"https:\/\/docmarket-dz.com\/index.php\/product\/bonding-3m-universel\/","url_meta":{"origin":27813,"position":0},"title":"BONDING-3M UNIVERSEL","author":"falek.h","date":"17\/03\/2023","format":false,"excerpt":"Adh\u00e9sif am\u00e9lo-dentinaire automordan\u00e7ant La solution adh\u00e9sive polyvalente qui peut \u00eatre utilis\u00e9e pour toutes les techniques et sur toutes les surfaces dans un seul flacon, r\u00e9sultat : Adh\u00e9sion durable pour les restaurations directes et indirectes. Simplicit\u00e9 : Une seule \u00e9tape, une seule couche pour un temps d\u2019application de 35 secondes. Adh\u00e9sif\u2026","rel":"","context":"Article similaire","block_context":{"text":"Article similaire","link":""},"img":{"alt_text":"","src":"https:\/\/i0.wp.com\/docmarket-dz.com\/wp-content\/uploads\/2023\/03\/BONDING-3M-UNIVERSEL.jpg?fit=600%2C600&ssl=1&resize=350%2C200","width":350,"height":200,"srcset":"https:\/\/i0.wp.com\/docmarket-dz.com\/wp-content\/uploads\/2023\/03\/BONDING-3M-UNIVERSEL.jpg?fit=600%2C600&ssl=1&resize=350%2C200 1x, https:\/\/i0.wp.com\/docmarket-dz.com\/wp-content\/uploads\/2023\/03\/BONDING-3M-UNIVERSEL.jpg?fit=600%2C600&ssl=1&resize=525%2C300 1.5x"},"classes":[]},{"id":24367,"url":"https:\/\/docmarket-dz.com\/index.php\/product\/sparadrap-perfore-4mx18cm\/","url_meta":{"origin":27813,"position":1},"title":"SPARADRAP PERFORE 4MX18CM","author":"falek.h","date":"23\/12\/2022","format":false,"excerpt":"Sparadrap perfor\u00e9 adh\u00e9sif, \u00e0 l\u2019Oxyde de Zinc \u2022\u00a0 \u00a0Neoplast- sparadrap perfor\u00e9 \u00e0 base d\u2019oxyde de Zinc \u2022\u00a0 \u00a0Bandage occlusif, adh\u00e9sif pour peaux normales \u2022\u00a0 \u00a0Fixation de\u00a0 compresses, drains et tubes \u2022\u00a0 \u00a0Perm\u00e9able \u00e0 l\u2019air \u2022\u00a0 \u00a0Se d\u00e9chire facilement \u2022\u00a0 \u00a0Dimensions : 4 M x 18 cm","rel":"","context":"Article similaire","block_context":{"text":"Article similaire","link":""},"img":{"alt_text":"","src":"https:\/\/i0.wp.com\/docmarket-dz.com\/wp-content\/uploads\/2022\/12\/SPARADRAP-PERFORE-4MX18CM-e1680775254474.jpg?fit=660%2C600&ssl=1&resize=350%2C200","width":350,"height":200,"srcset":"https:\/\/i0.wp.com\/docmarket-dz.com\/wp-content\/uploads\/2022\/12\/SPARADRAP-PERFORE-4MX18CM-e1680775254474.jpg?fit=660%2C600&ssl=1&resize=350%2C200 1x, https:\/\/i0.wp.com\/docmarket-dz.com\/wp-content\/uploads\/2022\/12\/SPARADRAP-PERFORE-4MX18CM-e1680775254474.jpg?fit=660%2C600&ssl=1&resize=525%2C300 1.5x"},"classes":[]},{"id":26534,"url":"https:\/\/docmarket-dz.com\/index.php\/product\/champ-plastique-lavable\/","url_meta":{"origin":27813,"position":2},"title":"CHAMP PLASTIQUE LAVABLE","author":"falek.h","date":"01\/01\/1970","format":false,"excerpt":"","rel":"","context":"Article similaire","block_context":{"text":"Article similaire","link":""},"img":{"alt_text":"","src":"","width":0,"height":0},"classes":[]},{"id":25209,"url":"https:\/\/docmarket-dz.com\/index.php\/product\/combinaison-lavable-turque\/","url_meta":{"origin":27813,"position":3},"title":"COMBINAISON LAVABLE (TURQUE)","author":"falek.h","date":"25\/02\/2023","format":false,"excerpt":"","rel":"","context":"Article similaire","block_context":{"text":"Article similaire","link":""},"img":{"alt_text":"","src":"","width":0,"height":0},"classes":[]},{"id":27323,"url":"https:\/\/docmarket-dz.com\/index.php\/product\/aspirateur-chirurgical-22-5l\/","url_meta":{"origin":27813,"position":4},"title":"Aspirateur chirurgical 2*2.5L","author":"fatmazohra.nasri","date":"04\/09\/2023","format":false,"excerpt":"Aspirateur chirurgical \u00e0 deux bocaux (verre) auto-lavables de 2.5 litres chacun avec un dispositif ind\u00e9pendant de trop plein, facile \u00e0 transporter, muni d\u2019une p\u00e9dale de contr\u00f4le pour utilisation par intermittence.","rel":"","context":"Article similaire","block_context":{"text":"Article similaire","link":""},"img":{"alt_text":"","src":"https:\/\/i0.wp.com\/docmarket-dz.com\/wp-content\/uploads\/2023\/09\/electric-surgical-sunction-pump-7a-23d.jpg?fit=599%2C601&ssl=1&resize=350%2C200","width":350,"height":200,"srcset":"https:\/\/i0.wp.com\/docmarket-dz.com\/wp-content\/uploads\/2023\/09\/electric-surgical-sunction-pump-7a-23d.jpg?fit=599%2C601&ssl=1&resize=350%2C200 1x, https:\/\/i0.wp.com\/docmarket-dz.com\/wp-content\/uploads\/2023\/09\/electric-surgical-sunction-pump-7a-23d.jpg?fit=599%2C601&ssl=1&resize=525%2C300 1.5x"},"classes":[]},{"id":26501,"url":"https:\/\/docmarket-dz.com\/index.php\/product\/bonding-universel-c-bond\/","url_meta":{"origin":27813,"position":5},"title":"BONDING UNIVERSEL C-BOND","author":"falek.h","date":"17\/03\/2023","format":false,"excerpt":"C-Bond est un adh\u00e9sif total-etch (mordan\u00e7age total) avec une excellente adh\u00e9sion \u00e0 la dentine et \u00e0 l\u00b4\u00e9mail dentaire. C-Bond assure une bonne r\u00e9tention entre le composite et la dent. Le mat\u00e9riau est d\u00b4une consistance fluide et facile \u00e0 appliquer. C-Bond adh\u00e8re aussi sur les ciments verre ionom\u00e8re pour fond de\u2026","rel":"","context":"Article similaire","block_context":{"text":"Article similaire","link":""},"img":{"alt_text":"","src":"https:\/\/i0.wp.com\/docmarket-dz.com\/wp-content\/uploads\/2023\/03\/BONDING-UNIVERSEL-C-BOND-e1680699009381.jpg?fit=777%2C600&ssl=1&resize=350%2C200","width":350,"height":200,"srcset":"https:\/\/i0.wp.com\/docmarket-dz.com\/wp-content\/uploads\/2023\/03\/BONDING-UNIVERSEL-C-BOND-e1680699009381.jpg?fit=777%2C600&ssl=1&resize=350%2C200 1x, https:\/\/i0.wp.com\/docmarket-dz.com\/wp-content\/uploads\/2023\/03\/BONDING-UNIVERSEL-C-BOND-e1680699009381.jpg?fit=777%2C600&ssl=1&resize=525%2C300 1.5x, https:\/\/i0.wp.com\/docmarket-dz.com\/wp-content\/uploads\/2023\/03\/BONDING-UNIVERSEL-C-BOND-e1680699009381.jpg?fit=777%2C600&ssl=1&resize=700%2C400 2x"},"classes":[]}],"jetpack_sharing_enabled":true,"tiered_pricing_type":"fixed","tiered_pricing_fixed_rules":{"3":2500},"tiered_pricing_product_settings":{"layout":"default","base_unit_name":{"singular":null,"plural":null},"default_variation":null},"tiered_pricing_minimum_quantity":null,"tiered_pricing_roles_data":[],"tiered_pricing_percentage_rules":[],"_links":{"self":[{"href":"https:\/\/docmarket-dz.com\/index.php\/wp-json\/wp\/v2\/product\/27813","targetHints":{"allow":["GET"]}}],"collection":[{"href":"https:\/\/docmarket-dz.com\/index.php\/wp-json\/wp\/v2\/product"}],"about":[{"href":"https:\/\/docmarket-dz.com\/index.php\/wp-json\/wp\/v2\/types\/product"}],"replies":[{"embeddable":true,"href":"https:\/\/docmarket-dz.com\/index.php\/wp-json\/wp\/v2\/comments?post=27813"}],"wp:featuredmedia":[{"embeddable":true,"href":"https:\/\/docmarket-dz.com\/index.php\/wp-json\/wp\/v2\/media\/27814"}],"wp:attachment":[{"href":"https:\/\/docmarket-dz.com\/index.php\/wp-json\/wp\/v2\/media?parent=27813"}],"wp:term":[{"taxonomy":"product_brand","embeddable":true,"href":"https:\/\/docmarket-dz.com\/index.php\/wp-json\/wp\/v2\/product_brand?post=27813"},{"taxonomy":"product_cat","embeddable":true,"href":"https:\/\/docmarket-dz.com\/index.php\/wp-json\/wp\/v2\/product_cat?post=27813"},{"taxonomy":"product_tag","embeddable":true,"href":"https:\/\/docmarket-dz.com\/index.php\/wp-json\/wp\/v2\/product_tag?post=27813"}],"curies":[{"name":"wp","href":"https:\/\/api.w.org\/{rel}","templated":true}]}}