{"id":27817,"date":"2023-11-13T10:01:47","date_gmt":"2023-11-13T09:01:47","guid":{"rendered":"https:\/\/docmarket-dz.com\/?post_type=product&#038;p=27817"},"modified":"2023-12-10T10:44:26","modified_gmt":"2023-12-10T09:44:26","slug":"pince-a-biopsie-gynecologique-douay-20-cm","status":"publish","type":"product","link":"https:\/\/docmarket-dz.com\/index.php\/product\/pince-a-biopsie-gynecologique-douay-20-cm\/","title":{"rendered":"PINCE A BIOPSIE GYNECOLOGIQUE DOUAY 20 CM"},"content":{"rendered":"","protected":false},"excerpt":{"rendered":"","protected":false},"featured_media":27818,"comment_status":"open","ping_status":"closed","template":"","meta":{"content-type":"","om_disable_all_campaigns":false,"_uf_show_specific_survey":0,"_uf_disable_surveys":false,"jetpack_publicize_message":"","jetpack_publicize_feature_enabled":true,"jetpack_social_post_already_shared":false,"jetpack_social_options":{"image_generator_settings":{"template":"highway","default_image_id":0,"font":"","enabled":false},"version":2}},"product_brand":[],"product_cat":[882,487],"product_tag":[],"class_list":{"0":"post-27817","1":"product","2":"type-product","3":"status-publish","4":"has-post-thumbnail","6":"product_cat-gynecologie","7":"product_cat-medical","9":"first","10":"instock","11":"taxable","12":"shipping-taxable","13":"purchasable","14":"product-type-simple"},"supplier_id":null,"supplier_sku":"","barcode":null,"atum_controlled":true,"out_stock_date":null,"out_stock_threshold":null,"inheritable":false,"inbound_stock":0,"stock_on_hold":0,"sold_today":0,"sales_last_days":0,"reserved_stock":0,"customer_returns":0,"warehouse_damage":0,"lost_in_post":0,"other_logs":0,"out_stock_days":0,"lost_sales":0,"has_location":false,"update_date":"2026-04-10T00:05:02","atum_locations":[],"atum_stock_status":"instock","restock_status":false,"low_stock_amount":"","sales_update_date":"2026-04-10T00:05:02","calc_backorders":null,"aioseo_notices":[],"jetpack_publicize_connections":[],"jetpack-related-posts":[{"id":28127,"url":"https:\/\/docmarket-dz.com\/index.php\/product\/pince-k-pince-kelly-s-g-droite-14-cm\/","url_meta":{"origin":27817,"position":0},"title":"Pince K ( PINCE KELLY &#8211; S\/G &#8211; DROITE  14 CM","author":"fatmazohra.nasri","date":"16\/12\/2023","format":false,"excerpt":"La\u00a0pince Kelly\u00a0est une pince m\u00e9dicale de pr\u00e9cision en acier inoxydable. Droite et sans griffes, elle fait 14 cm. Autoclavable. Sp\u00e9cialit\u00e9 Chirurgie","rel":"","context":"Article similaire","block_context":{"text":"Article similaire","link":""},"img":{"alt_text":"","src":"","width":0,"height":0},"classes":[]},{"id":28133,"url":"https:\/\/docmarket-dz.com\/index.php\/product\/pince-hemostatique-halstead-13-cm-droite-s-g\/","url_meta":{"origin":27817,"position":1},"title":"Pince h\u00e9mostatique ( HALSTEAD . 13 CM DROITE S\/G","author":"fatmazohra.nasri","date":"16\/12\/2023","format":false,"excerpt":"La\u00a0pince h\u00e9mostatique de Halstead (ou pince moustique)\u00a0est une pince chirurgicale en acier inoxydable. Avec ses machoires rainur\u00e9es et son m\u00e9canisme d'autoblocage \u00e0 cr\u00e9maill\u00e8re, elle est bien adapt\u00e9e pour stopper les saignements (clamps de vaisseaux), saisir et manipuler des tissus ou dispositifs m\u00e9dicaux (compresses, aiguilles ...). La pince de Halstead droites\u2026","rel":"","context":"Article similaire","block_context":{"text":"Article similaire","link":""},"img":{"alt_text":"","src":"https:\/\/i0.wp.com\/docmarket-dz.com\/wp-content\/uploads\/2023\/12\/148982_IP08213_pince-rochester_pean_kocher_SG-droite-HOLTEX_Original-600x409-1.jpg?fit=602%2C588&ssl=1&resize=350%2C200","width":350,"height":200,"srcset":"https:\/\/i0.wp.com\/docmarket-dz.com\/wp-content\/uploads\/2023\/12\/148982_IP08213_pince-rochester_pean_kocher_SG-droite-HOLTEX_Original-600x409-1.jpg?fit=602%2C588&ssl=1&resize=350%2C200 1x, https:\/\/i0.wp.com\/docmarket-dz.com\/wp-content\/uploads\/2023\/12\/148982_IP08213_pince-rochester_pean_kocher_SG-droite-HOLTEX_Original-600x409-1.jpg?fit=602%2C588&ssl=1&resize=525%2C300 1.5x"},"classes":[]},{"id":28138,"url":"https:\/\/docmarket-dz.com\/index.php\/product\/pince-a-pansement-longuette-courbe-24-cm\/","url_meta":{"origin":27817,"position":2},"title":"Pince \u00e0 pansement longuette courbe ( 24 CM )","author":"fatmazohra.nasri","date":"16\/12\/2023","format":false,"excerpt":"La pince Longuette droite est une pince m\u00e9dicale en acier inoxydable dot\u00e9e d'un tr\u00e8s long manche, de deux gros mors ovales et stri\u00e9s, et d'un syst\u00e8me de blocage \u00e0 cr\u00e9maill\u00e8re. Elle est utilis\u00e9e pour, par exemple, monter des compresses pli\u00e9es dans le cadre des nettoyages et des badigeonnages antiseptiques lors\u2026","rel":"","context":"Article similaire","block_context":{"text":"Article similaire","link":""},"img":{"alt_text":"","src":"https:\/\/i0.wp.com\/docmarket-dz.com\/wp-content\/uploads\/2023\/12\/29e4edb4da3707409c9a879f98f10f99.jpg?fit=900%2C900&ssl=1&resize=350%2C200","width":350,"height":200,"srcset":"https:\/\/i0.wp.com\/docmarket-dz.com\/wp-content\/uploads\/2023\/12\/29e4edb4da3707409c9a879f98f10f99.jpg?fit=900%2C900&ssl=1&resize=350%2C200 1x, https:\/\/i0.wp.com\/docmarket-dz.com\/wp-content\/uploads\/2023\/12\/29e4edb4da3707409c9a879f98f10f99.jpg?fit=900%2C900&ssl=1&resize=525%2C300 1.5x, https:\/\/i0.wp.com\/docmarket-dz.com\/wp-content\/uploads\/2023\/12\/29e4edb4da3707409c9a879f98f10f99.jpg?fit=900%2C900&ssl=1&resize=700%2C400 2x"},"classes":[]},{"id":26002,"url":"https:\/\/docmarket-dz.com\/index.php\/product\/pinces-bipolaires-20-00-cm-long-1mm-pointe-bayonet-europeenne\/","url_meta":{"origin":27817,"position":3},"title":"Pinces Bipolaires -20.00 Cm Long &#8211; 1mm Pointe Bayonet Europeenne","author":"falek.h","date":"12\/03\/2023","format":false,"excerpt":"","rel":"","context":"Article similaire","block_context":{"text":"Article similaire","link":""},"img":{"alt_text":"","src":"","width":0,"height":0},"classes":[]},{"id":28799,"url":"https:\/\/docmarket-dz.com\/index.php\/product\/boite-daccouchement-simple-complete10-articles\/","url_meta":{"origin":27817,"position":4},"title":"Boite d&#8217;accouchement Simple Compl\u00e8te(10 Articles)","author":"fatmazohra.nasri","date":"04\/04\/2024","format":false,"excerpt":"La\u00a0bo\u00eete pour accouchement simple\u00a0de la marque Holtex contient des instruments\u00a0\u00e0 destination des professionnels de sant\u00e9\u00a0et en particulier des sages-femmes, con\u00e7us pour permettre de\u00a0pratiquer un accouchement sans complication. Tous ces instruments sont fabriqu\u00e9s en\u00a0acier inoxydable\u00a0et b\u00e9n\u00e9ficient d\u2019une\u00a0excellente r\u00e9sistance. Robuste, ce mat\u00e9riel r\u00e9pond aux exigences des normes en vigueur et\u00a0supporte les nettoyages\u2026","rel":"","context":"Article similaire","block_context":{"text":"Article similaire","link":""},"img":{"alt_text":"","src":"https:\/\/i0.wp.com\/docmarket-dz.com\/wp-content\/uploads\/2024\/04\/boite-accouchement-Photoroom.png-Photoroom.jpg?fit=609%2C606&ssl=1&resize=350%2C200","width":350,"height":200,"srcset":"https:\/\/i0.wp.com\/docmarket-dz.com\/wp-content\/uploads\/2024\/04\/boite-accouchement-Photoroom.png-Photoroom.jpg?fit=609%2C606&ssl=1&resize=350%2C200 1x, https:\/\/i0.wp.com\/docmarket-dz.com\/wp-content\/uploads\/2024\/04\/boite-accouchement-Photoroom.png-Photoroom.jpg?fit=609%2C606&ssl=1&resize=525%2C300 1.5x"},"classes":[]},{"id":28447,"url":"https:\/\/docmarket-dz.com\/index.php\/product\/trocart-de-ponction-biopsie-osseuse-pbo-g-11-10-cm\/","url_meta":{"origin":27817,"position":5},"title":"Trocart de Ponction Biopsie Osseuse (PBO) G 11\/10 cm","author":"fatmazohra.nasri","date":"05\/02\/2024","format":false,"excerpt":"","rel":"","context":"Article similaire","block_context":{"text":"Article similaire","link":""},"img":{"alt_text":"","src":"https:\/\/i0.wp.com\/docmarket-dz.com\/wp-content\/uploads\/2024\/02\/IMG_2921.jpg?fit=598%2C603&ssl=1&resize=350%2C200","width":350,"height":200,"srcset":"https:\/\/i0.wp.com\/docmarket-dz.com\/wp-content\/uploads\/2024\/02\/IMG_2921.jpg?fit=598%2C603&ssl=1&resize=350%2C200 1x, https:\/\/i0.wp.com\/docmarket-dz.com\/wp-content\/uploads\/2024\/02\/IMG_2921.jpg?fit=598%2C603&ssl=1&resize=525%2C300 1.5x"},"classes":[]}],"jetpack_sharing_enabled":true,"tiered_pricing_type":"fixed","tiered_pricing_fixed_rules":[],"tiered_pricing_product_settings":{"layout":"default","base_unit_name":{"singular":null,"plural":null},"default_variation":null},"tiered_pricing_minimum_quantity":null,"tiered_pricing_roles_data":[],"tiered_pricing_percentage_rules":[],"_links":{"self":[{"href":"https:\/\/docmarket-dz.com\/index.php\/wp-json\/wp\/v2\/product\/27817","targetHints":{"allow":["GET"]}}],"collection":[{"href":"https:\/\/docmarket-dz.com\/index.php\/wp-json\/wp\/v2\/product"}],"about":[{"href":"https:\/\/docmarket-dz.com\/index.php\/wp-json\/wp\/v2\/types\/product"}],"replies":[{"embeddable":true,"href":"https:\/\/docmarket-dz.com\/index.php\/wp-json\/wp\/v2\/comments?post=27817"}],"wp:featuredmedia":[{"embeddable":true,"href":"https:\/\/docmarket-dz.com\/index.php\/wp-json\/wp\/v2\/media\/27818"}],"wp:attachment":[{"href":"https:\/\/docmarket-dz.com\/index.php\/wp-json\/wp\/v2\/media?parent=27817"}],"wp:term":[{"taxonomy":"product_brand","embeddable":true,"href":"https:\/\/docmarket-dz.com\/index.php\/wp-json\/wp\/v2\/product_brand?post=27817"},{"taxonomy":"product_cat","embeddable":true,"href":"https:\/\/docmarket-dz.com\/index.php\/wp-json\/wp\/v2\/product_cat?post=27817"},{"taxonomy":"product_tag","embeddable":true,"href":"https:\/\/docmarket-dz.com\/index.php\/wp-json\/wp\/v2\/product_tag?post=27817"}],"curies":[{"name":"wp","href":"https:\/\/api.w.org\/{rel}","templated":true}]}}