{"id":27819,"date":"2023-11-13T10:37:57","date_gmt":"2023-11-13T09:37:57","guid":{"rendered":"https:\/\/docmarket-dz.com\/?post_type=product&#038;p=27819"},"modified":"2025-02-27T13:27:22","modified_gmt":"2025-02-27T12:27:22","slug":"ventouse-hidjama-al-madina","status":"publish","type":"product","link":"https:\/\/docmarket-dz.com\/index.php\/product\/ventouse-hidjama-al-madina\/","title":{"rendered":"Ventouse HIJAMA AL Madina"},"content":{"rendered":"<p>Ce produit est d\u00e9sinfect\u00e9 par des dispositifs de st\u00e9rilisation.<\/p>\n<p>Ce produit est fabriqu\u00e9 pour un usage unique seulement.<\/p>\n","protected":false},"excerpt":{"rendered":"<p>Ce produit est d\u00e9sinfect\u00e9 par des dispositifs de st\u00e9rilisation. Ce produit est fabriqu\u00e9 pour un usage unique seulement.<\/p>\n","protected":false},"featured_media":27820,"comment_status":"open","ping_status":"closed","template":"","meta":{"content-type":"","om_disable_all_campaigns":false,"_uf_show_specific_survey":0,"_uf_disable_surveys":false,"jetpack_publicize_message":"","jetpack_publicize_feature_enabled":true,"jetpack_social_post_already_shared":false,"jetpack_social_options":{"image_generator_settings":{"template":"highway","default_image_id":0,"font":"","enabled":false},"version":2}},"product_brand":[],"product_cat":[739],"product_tag":[],"class_list":{"0":"post-27819","1":"product","2":"type-product","3":"status-publish","4":"has-post-thumbnail","6":"product_cat-acupuncture","8":"first","9":"onbackorder","10":"taxable","11":"shipping-taxable","12":"purchasable","13":"product-type-simple"},"supplier_id":null,"supplier_sku":"","barcode":null,"atum_controlled":true,"out_stock_date":"2025-02-27 13:27:22","out_stock_threshold":null,"inheritable":false,"inbound_stock":0,"stock_on_hold":0,"sold_today":0,"sales_last_days":0,"reserved_stock":0,"customer_returns":0,"warehouse_damage":0,"lost_in_post":0,"other_logs":0,"out_stock_days":406,"lost_sales":0,"has_location":false,"update_date":"2026-04-10T00:05:03","atum_locations":[{"id":960,"name":"D2","slug":"d2"}],"atum_stock_status":"onbackorder","restock_status":false,"low_stock_amount":"","sales_update_date":"2026-04-10T00:05:03","calc_backorders":0,"aioseo_notices":[],"jetpack_publicize_connections":[],"jetpack-related-posts":[{"id":27821,"url":"https:\/\/docmarket-dz.com\/index.php\/product\/ventouse-hidjama-22\/","url_meta":{"origin":27819,"position":0},"title":"Ventouse HIJAMA 2*2","author":"fatmazohra.nasri","date":"13\/11\/2023","format":false,"excerpt":"Ce produit est d\u00e9sinfect\u00e9 par des dispositifs de st\u00e9rilisation. Ce produit est fabriqu\u00e9 pour un usage unique seulement.","rel":"","context":"Article similaire","block_context":{"text":"Article similaire","link":""},"img":{"alt_text":"","src":"https:\/\/i0.wp.com\/docmarket-dz.com\/wp-content\/uploads\/2023\/11\/image0.png?fit=599%2C596&ssl=1&resize=350%2C200","width":350,"height":200,"srcset":"https:\/\/i0.wp.com\/docmarket-dz.com\/wp-content\/uploads\/2023\/11\/image0.png?fit=599%2C596&ssl=1&resize=350%2C200 1x, https:\/\/i0.wp.com\/docmarket-dz.com\/wp-content\/uploads\/2023\/11\/image0.png?fit=599%2C596&ssl=1&resize=525%2C300 1.5x"},"classes":[]},{"id":24527,"url":"https:\/\/docmarket-dz.com\/index.php\/product\/desinfectant-sols-et-surfaces-500-ml\/","url_meta":{"origin":27819,"position":1},"title":"desinfectant nettoyant multisurface 500 ML","author":"falek.h","date":"01\/01\/2023","format":false,"excerpt":"Le d\u00e9sinfectant sols et surfaces BacterClean est une pr\u00e9paration combin\u00e9e pour la d\u00e9sinfection et le nettoyage de mat\u00e9riels m\u00e9dicaux, de dispositifs m\u00e9dicaux et de tous types de surfaces. Il est \u00e9labor\u00e9 \u00e0 base d'ammonium quaternaire, il est sans parfum, sans ald\u00e9hydes, ni ph\u00e9nols et se caract\u00e9rise par une bonne puissance\u2026","rel":"","context":"Article similaire","block_context":{"text":"Article similaire","link":""},"img":{"alt_text":"","src":"https:\/\/i0.wp.com\/docmarket-dz.com\/wp-content\/uploads\/2023\/01\/desinfectant-PhotoRoom-e1672563198479.jpg?fit=600%2C531&ssl=1&resize=350%2C200","width":350,"height":200,"srcset":"https:\/\/i0.wp.com\/docmarket-dz.com\/wp-content\/uploads\/2023\/01\/desinfectant-PhotoRoom-e1672563198479.jpg?fit=600%2C531&ssl=1&resize=350%2C200 1x, https:\/\/i0.wp.com\/docmarket-dz.com\/wp-content\/uploads\/2023\/01\/desinfectant-PhotoRoom-e1672563198479.jpg?fit=600%2C531&ssl=1&resize=525%2C300 1.5x"},"classes":[]},{"id":29922,"url":"https:\/\/docmarket-dz.com\/index.php\/product\/ventouse-hijama-3-taille-el-islamia\/","url_meta":{"origin":27819,"position":2},"title":"Ventouse HIJAMA 3 taille &#8211; El ISLAMIA","author":"Sofiane Arbouche","date":"27\/02\/2025","format":false,"excerpt":"Les sac de ventouse 3 mod\u00e8les pour la Hijame contient 6 unit\u00e9s. 2 petite ventouse + 2 moyenne + 2 grande","rel":"","context":"Article similaire","block_context":{"text":"Article similaire","link":""},"img":{"alt_text":"","src":"https:\/\/i0.wp.com\/docmarket-dz.com\/wp-content\/uploads\/2024\/07\/Sans-titre-1.jpg?fit=903%2C1200&ssl=1&resize=350%2C200","width":350,"height":200,"srcset":"https:\/\/i0.wp.com\/docmarket-dz.com\/wp-content\/uploads\/2024\/07\/Sans-titre-1.jpg?fit=903%2C1200&ssl=1&resize=350%2C200 1x, https:\/\/i0.wp.com\/docmarket-dz.com\/wp-content\/uploads\/2024\/07\/Sans-titre-1.jpg?fit=903%2C1200&ssl=1&resize=525%2C300 1.5x, https:\/\/i0.wp.com\/docmarket-dz.com\/wp-content\/uploads\/2024\/07\/Sans-titre-1.jpg?fit=903%2C1200&ssl=1&resize=700%2C400 2x"},"classes":[]},{"id":28562,"url":"https:\/\/docmarket-dz.com\/index.php\/product\/hysterometre-valleix-avec-curseur25cm\/","url_meta":{"origin":27819,"position":3},"title":"HYSTEROMETRE VALLEIX AVEC CURSEUR 25CM","author":"TIKELALINE Amel","date":"25\/02\/2024","format":false,"excerpt":"Usage :\u00a0outil de mesure de la profondeur de l'ut\u00e9rus Destination :\u00a0chirurgie gyn\u00e9cologique, chirurgie ut\u00e9rine Entretien :\u00a0livr\u00e9 non st\u00e9rile, ce dispositif doit \u00eatre lav\u00e9, d\u00e9sinfect\u00e9 et st\u00e9rilis\u00e9 avant toute utilisation","rel":"","context":"Article similaire","block_context":{"text":"Article similaire","link":""},"img":{"alt_text":"","src":"https:\/\/i0.wp.com\/docmarket-dz.com\/wp-content\/uploads\/2024\/02\/hysterometre-de-valleix-a-curseur-25cm.jpg?fit=800%2C800&ssl=1&resize=350%2C200","width":350,"height":200,"srcset":"https:\/\/i0.wp.com\/docmarket-dz.com\/wp-content\/uploads\/2024\/02\/hysterometre-de-valleix-a-curseur-25cm.jpg?fit=800%2C800&ssl=1&resize=350%2C200 1x, https:\/\/i0.wp.com\/docmarket-dz.com\/wp-content\/uploads\/2024\/02\/hysterometre-de-valleix-a-curseur-25cm.jpg?fit=800%2C800&ssl=1&resize=525%2C300 1.5x, https:\/\/i0.wp.com\/docmarket-dz.com\/wp-content\/uploads\/2024\/02\/hysterometre-de-valleix-a-curseur-25cm.jpg?fit=800%2C800&ssl=1&resize=700%2C400 2x"},"classes":[]},{"id":29150,"url":"https:\/\/docmarket-dz.com\/index.php\/product\/ventouse-hidjama-el-islamia\/","url_meta":{"origin":27819,"position":4},"title":"Ventouse HIJAMA grand mod\u00e8le &#8211; El ISLAMIA","author":"TIKELALINE Amel","date":"02\/07\/2024","format":false,"excerpt":"Les sac de ventouse grand mod\u00e8le pour la Hijame contient 6 unit\u00e9s, 6 ventouses.","rel":"","context":"Article similaire","block_context":{"text":"Article similaire","link":""},"img":{"alt_text":"","src":"https:\/\/i0.wp.com\/docmarket-dz.com\/wp-content\/uploads\/2024\/07\/Sans-titre-1.jpg?fit=903%2C1200&ssl=1&resize=350%2C200","width":350,"height":200,"srcset":"https:\/\/i0.wp.com\/docmarket-dz.com\/wp-content\/uploads\/2024\/07\/Sans-titre-1.jpg?fit=903%2C1200&ssl=1&resize=350%2C200 1x, https:\/\/i0.wp.com\/docmarket-dz.com\/wp-content\/uploads\/2024\/07\/Sans-titre-1.jpg?fit=903%2C1200&ssl=1&resize=525%2C300 1.5x, https:\/\/i0.wp.com\/docmarket-dz.com\/wp-content\/uploads\/2024\/07\/Sans-titre-1.jpg?fit=903%2C1200&ssl=1&resize=700%2C400 2x"},"classes":[]},{"id":28026,"url":"https:\/\/docmarket-dz.com\/index.php\/product\/bechtoscope-plus-liquide-desinfectant-concentre-1l\/","url_meta":{"origin":27819,"position":5},"title":"Bechtoscope Plus &#8211; liquide d\u00e9sinfectant concentr\u00e9 1L","author":"Sofiane Arbouche","date":"06\/12\/2023","format":false,"excerpt":"\u00a0Le produit Bechtoscope plus est une solution de d\u00e9sinfection pour instruments m\u00e9dicaux, invasifs et non invasifs, ainsi que pour les dispositifs m\u00e9dicaux, y compris les endoscopes rigides et flexibles. \u2022\u00a0 \u00a0 \u00a0 \u00a0Propri\u00e9t\u00e9s: Il est compos\u00e9 d\u2019ald\u00e9hydes et de compos\u00e9s d\u2019ammonium quaternaire, avec une forte activit\u00e9 microbiologique \u00e0 faible concentration.\u2026","rel":"","context":"Article similaire","block_context":{"text":"Article similaire","link":""},"img":{"alt_text":"","src":"https:\/\/i0.wp.com\/docmarket-dz.com\/wp-content\/uploads\/2023\/12\/IMG_2131.png?fit=599%2C601&ssl=1&resize=350%2C200","width":350,"height":200,"srcset":"https:\/\/i0.wp.com\/docmarket-dz.com\/wp-content\/uploads\/2023\/12\/IMG_2131.png?fit=599%2C601&ssl=1&resize=350%2C200 1x, https:\/\/i0.wp.com\/docmarket-dz.com\/wp-content\/uploads\/2023\/12\/IMG_2131.png?fit=599%2C601&ssl=1&resize=525%2C300 1.5x"},"classes":[]}],"jetpack_sharing_enabled":true,"tiered_pricing_type":"fixed","tiered_pricing_fixed_rules":[],"tiered_pricing_product_settings":{"layout":"default","base_unit_name":{"singular":null,"plural":null},"default_variation":null},"tiered_pricing_minimum_quantity":null,"tiered_pricing_roles_data":[],"tiered_pricing_percentage_rules":[],"_links":{"self":[{"href":"https:\/\/docmarket-dz.com\/index.php\/wp-json\/wp\/v2\/product\/27819","targetHints":{"allow":["GET"]}}],"collection":[{"href":"https:\/\/docmarket-dz.com\/index.php\/wp-json\/wp\/v2\/product"}],"about":[{"href":"https:\/\/docmarket-dz.com\/index.php\/wp-json\/wp\/v2\/types\/product"}],"replies":[{"embeddable":true,"href":"https:\/\/docmarket-dz.com\/index.php\/wp-json\/wp\/v2\/comments?post=27819"}],"wp:featuredmedia":[{"embeddable":true,"href":"https:\/\/docmarket-dz.com\/index.php\/wp-json\/wp\/v2\/media\/27820"}],"wp:attachment":[{"href":"https:\/\/docmarket-dz.com\/index.php\/wp-json\/wp\/v2\/media?parent=27819"}],"wp:term":[{"taxonomy":"product_brand","embeddable":true,"href":"https:\/\/docmarket-dz.com\/index.php\/wp-json\/wp\/v2\/product_brand?post=27819"},{"taxonomy":"product_cat","embeddable":true,"href":"https:\/\/docmarket-dz.com\/index.php\/wp-json\/wp\/v2\/product_cat?post=27819"},{"taxonomy":"product_tag","embeddable":true,"href":"https:\/\/docmarket-dz.com\/index.php\/wp-json\/wp\/v2\/product_tag?post=27819"}],"curies":[{"name":"wp","href":"https:\/\/api.w.org\/{rel}","templated":true}]}}