{"id":27836,"date":"2023-11-14T17:29:13","date_gmt":"2023-11-14T16:29:13","guid":{"rendered":"https:\/\/docmarket-dz.com\/?post_type=product&#038;p=27836"},"modified":"2024-10-04T02:55:29","modified_gmt":"2024-10-04T01:55:29","slug":"gants-non-poudre","status":"publish","type":"product","link":"https:\/\/docmarket-dz.com\/index.php\/product\/gants-non-poudre\/","title":{"rendered":"Gants Non poudr\u00e9"},"content":{"rendered":"<p>Gants d&#8217;examen en nitrile jetables, r\u00e9sistance chimique, sans poudre, non st\u00e9riles, ambidextres.<\/p>\n<div class=\"yj6qo\">Marque allemande, haut-de-gamme<\/div>\n","protected":false},"excerpt":{"rendered":"<p>Gants d&#8217;examen en nitrile jetables, r\u00e9sistance chimique, sans poudre, non st\u00e9riles, ambidextres. Marque allemande, haut-de-gamme<\/p>\n","protected":false},"featured_media":27837,"comment_status":"open","ping_status":"closed","template":"","meta":{"content-type":"","om_disable_all_campaigns":false,"_uf_show_specific_survey":0,"_uf_disable_surveys":false,"jetpack_publicize_message":"","jetpack_publicize_feature_enabled":true,"jetpack_social_post_already_shared":false,"jetpack_social_options":{"image_generator_settings":{"template":"highway","default_image_id":0,"font":"","enabled":false},"version":2}},"product_brand":[],"product_cat":[100,882,560,486,487,739,883],"product_tag":[],"class_list":{"0":"post-27836","1":"product","2":"type-product","3":"status-publish","4":"has-post-thumbnail","6":"product_cat-dentaire","7":"product_cat-gynecologie","8":"product_cat-hygiene","9":"product_cat-laboratoire","10":"product_cat-medical","11":"product_cat-acupuncture","12":"product_cat-radiologie","14":"first","15":"instock","16":"taxable","17":"shipping-taxable","18":"purchasable","19":"product-type-simple"},"supplier_id":null,"supplier_sku":"","barcode":null,"atum_controlled":true,"out_stock_date":null,"out_stock_threshold":null,"inheritable":false,"inbound_stock":0,"stock_on_hold":0,"sold_today":0,"sales_last_days":0,"reserved_stock":0,"customer_returns":0,"warehouse_damage":0,"lost_in_post":0,"other_logs":0,"out_stock_days":0,"lost_sales":0,"has_location":false,"update_date":"2026-04-10T00:05:03","atum_locations":[],"atum_stock_status":"instock","restock_status":false,"low_stock_amount":1,"sales_update_date":"2026-04-10T00:05:03","calc_backorders":0,"aioseo_notices":[],"jetpack_publicize_connections":[],"jetpack-related-posts":[{"id":30768,"url":"https:\/\/docmarket-dz.com\/index.php\/product\/gant-nitril-floreo-bleu-s\/","url_meta":{"origin":27836,"position":0},"title":"Gant NITRIL FLOREO BLEU S","author":"Amel","date":"25\/03\/2026","format":false,"excerpt":"Gants d\u2019examen en Nitrile (boite de 100 unit\u00e9s) : Non st\u00e9rile Ambidextre Usage unique","rel":"","context":"Article similaire","block_context":{"text":"Article similaire","link":""},"img":{"alt_text":"","src":"https:\/\/i0.wp.com\/docmarket-dz.com\/wp-content\/uploads\/2024\/06\/Sans-titre-1.png?fit=225%2C225&ssl=1&resize=350%2C200","width":350,"height":200},"classes":[]},{"id":29077,"url":"https:\/\/docmarket-dz.com\/index.php\/product\/gant-nitril-box-de-100-unite-medcare\/","url_meta":{"origin":27836,"position":1},"title":"Gant NITRIL- Box de 100 unit\u00e9-MEDCARE","author":"Sofiane Arbouche","date":"19\/06\/2024","format":false,"excerpt":"Gants d\u2019examen en Nitrile (boite de 100 unit\u00e9s) : Non st\u00e9rile Ambidextre Usage unique","rel":"","context":"Article similaire","block_context":{"text":"Article similaire","link":""},"img":{"alt_text":"","src":"https:\/\/i0.wp.com\/docmarket-dz.com\/wp-content\/uploads\/2024\/06\/Sans-titre-1.png?fit=225%2C225&ssl=1&resize=350%2C200","width":350,"height":200},"classes":[]},{"id":29179,"url":"https:\/\/docmarket-dz.com\/index.php\/product\/gant-nitril-box-de-100-unite-exam-gloves\/","url_meta":{"origin":27836,"position":2},"title":"Gant NITRIL- Box de 100 unit\u00e9-EXAM GLOVES","author":"Sofiane Arbouche","date":"10\/07\/2024","format":false,"excerpt":"Gants d\u2019examen en Nitrile (boite de 100 unit\u00e9s) : Non st\u00e9rile Ambidextre Usage unique","rel":"","context":"Article similaire","block_context":{"text":"Article similaire","link":""},"img":{"alt_text":"","src":"https:\/\/i0.wp.com\/docmarket-dz.com\/wp-content\/uploads\/2024\/07\/Sans-titre-1.png?fit=210%2C240&ssl=1&resize=350%2C200","width":350,"height":200},"classes":[]},{"id":27635,"url":"https:\/\/docmarket-dz.com\/index.php\/product\/gant-nitril-box-de-100-unite-maxwell\/","url_meta":{"origin":27836,"position":3},"title":"Gant NITRIL  &#8211; Box de 100 unit\u00e9-MAXWELL","author":"Somia Belmadani","date":"26\/10\/2023","format":false,"excerpt":"Gants d\u2019examen en latex (boite de 100 unit\u00e9s) : Non st\u00e9rile Ambidextre Usage unique L\u00e9g\u00e8rement poudr\u00e9e","rel":"","context":"Article similaire","block_context":{"text":"Article similaire","link":""},"img":{"alt_text":"","src":"https:\/\/i0.wp.com\/docmarket-dz.com\/wp-content\/uploads\/2023\/10\/fewr-1-e1697710044629.jpg?fit=600%2C501&ssl=1&resize=350%2C200","width":350,"height":200,"srcset":"https:\/\/i0.wp.com\/docmarket-dz.com\/wp-content\/uploads\/2023\/10\/fewr-1-e1697710044629.jpg?fit=600%2C501&ssl=1&resize=350%2C200 1x, https:\/\/i0.wp.com\/docmarket-dz.com\/wp-content\/uploads\/2023\/10\/fewr-1-e1697710044629.jpg?fit=600%2C501&ssl=1&resize=525%2C300 1.5x"},"classes":[]},{"id":27631,"url":"https:\/\/docmarket-dz.com\/index.php\/product\/gant-latex-box-de-100-unite-hand-guard\/","url_meta":{"origin":27836,"position":4},"title":"Gant LATEX- Box de 100 unit\u00e9-HAND GUARD","author":"Somia Belmadani","date":"19\/10\/2023","format":false,"excerpt":"Gants d\u2019examen en latex (boite de 100 unit\u00e9s) : Non st\u00e9rile Ambidextre Usage unique L\u00e9g\u00e8rement poudr\u00e9e","rel":"","context":"Article similaire","block_context":{"text":"Article similaire","link":""},"img":{"alt_text":"","src":"https:\/\/i0.wp.com\/docmarket-dz.com\/wp-content\/uploads\/2023\/10\/Imacge1-e1697708715975.png?fit=992%2C1200&ssl=1&resize=350%2C200","width":350,"height":200,"srcset":"https:\/\/i0.wp.com\/docmarket-dz.com\/wp-content\/uploads\/2023\/10\/Imacge1-e1697708715975.png?fit=992%2C1200&ssl=1&resize=350%2C200 1x, https:\/\/i0.wp.com\/docmarket-dz.com\/wp-content\/uploads\/2023\/10\/Imacge1-e1697708715975.png?fit=992%2C1200&ssl=1&resize=525%2C300 1.5x, https:\/\/i0.wp.com\/docmarket-dz.com\/wp-content\/uploads\/2023\/10\/Imacge1-e1697708715975.png?fit=992%2C1200&ssl=1&resize=700%2C400 2x"},"classes":[]},{"id":27625,"url":"https:\/\/docmarket-dz.com\/index.php\/product\/gant-chirurgical-sterile-box-de-100-unite\/","url_meta":{"origin":27836,"position":5},"title":"GANTS CHIRURGICAUX STERILES H 7.5 en LATEX &#8211; Marque GANT H","author":"Somia Belmadani","date":"19\/10\/2023","format":false,"excerpt":"","rel":"","context":"Article similaire","block_context":{"text":"Article similaire","link":""},"img":{"alt_text":"","src":"https:\/\/i0.wp.com\/docmarket-dz.com\/wp-content\/uploads\/2023\/10\/IMG_1778.jpg?fit=602%2C599&ssl=1&resize=350%2C200","width":350,"height":200,"srcset":"https:\/\/i0.wp.com\/docmarket-dz.com\/wp-content\/uploads\/2023\/10\/IMG_1778.jpg?fit=602%2C599&ssl=1&resize=350%2C200 1x, https:\/\/i0.wp.com\/docmarket-dz.com\/wp-content\/uploads\/2023\/10\/IMG_1778.jpg?fit=602%2C599&ssl=1&resize=525%2C300 1.5x"},"classes":[]}],"jetpack_sharing_enabled":true,"tiered_pricing_type":"fixed","tiered_pricing_fixed_rules":[],"tiered_pricing_product_settings":{"layout":"default","base_unit_name":{"singular":null,"plural":null},"default_variation":null},"tiered_pricing_minimum_quantity":null,"tiered_pricing_roles_data":[],"tiered_pricing_percentage_rules":[],"_links":{"self":[{"href":"https:\/\/docmarket-dz.com\/index.php\/wp-json\/wp\/v2\/product\/27836","targetHints":{"allow":["GET"]}}],"collection":[{"href":"https:\/\/docmarket-dz.com\/index.php\/wp-json\/wp\/v2\/product"}],"about":[{"href":"https:\/\/docmarket-dz.com\/index.php\/wp-json\/wp\/v2\/types\/product"}],"replies":[{"embeddable":true,"href":"https:\/\/docmarket-dz.com\/index.php\/wp-json\/wp\/v2\/comments?post=27836"}],"wp:featuredmedia":[{"embeddable":true,"href":"https:\/\/docmarket-dz.com\/index.php\/wp-json\/wp\/v2\/media\/27837"}],"wp:attachment":[{"href":"https:\/\/docmarket-dz.com\/index.php\/wp-json\/wp\/v2\/media?parent=27836"}],"wp:term":[{"taxonomy":"product_brand","embeddable":true,"href":"https:\/\/docmarket-dz.com\/index.php\/wp-json\/wp\/v2\/product_brand?post=27836"},{"taxonomy":"product_cat","embeddable":true,"href":"https:\/\/docmarket-dz.com\/index.php\/wp-json\/wp\/v2\/product_cat?post=27836"},{"taxonomy":"product_tag","embeddable":true,"href":"https:\/\/docmarket-dz.com\/index.php\/wp-json\/wp\/v2\/product_tag?post=27836"}],"curies":[{"name":"wp","href":"https:\/\/api.w.org\/{rel}","templated":true}]}}