{"id":27891,"date":"2023-11-26T10:10:57","date_gmt":"2023-11-26T09:10:57","guid":{"rendered":"https:\/\/docmarket-dz.com\/?post_type=product&#038;p=27891"},"modified":"2026-02-02T13:10:34","modified_gmt":"2026-02-02T12:10:34","slug":"presse-needles-020x2x1-5","status":"publish","type":"product","link":"https:\/\/docmarket-dz.com\/index.php\/product\/presse-needles-020x2x1-5\/","title":{"rendered":"Presse-Needles 0.20x2x1.5"},"content":{"rendered":"","protected":false},"excerpt":{"rendered":"","protected":false},"featured_media":27892,"comment_status":"open","ping_status":"closed","template":"","meta":{"content-type":"","om_disable_all_campaigns":false,"_uf_show_specific_survey":0,"_uf_disable_surveys":false,"jetpack_publicize_message":"","jetpack_publicize_feature_enabled":true,"jetpack_social_post_already_shared":false,"jetpack_social_options":{"image_generator_settings":{"template":"highway","default_image_id":0,"font":"","enabled":false},"version":2}},"product_brand":[],"product_cat":[739],"product_tag":[],"class_list":{"0":"post-27891","1":"product","2":"type-product","3":"status-publish","4":"has-post-thumbnail","6":"product_cat-acupuncture","8":"first","9":"instock","10":"taxable","11":"shipping-taxable","12":"purchasable","13":"product-type-simple"},"supplier_id":null,"supplier_sku":"","barcode":null,"atum_controlled":true,"out_stock_date":null,"out_stock_threshold":null,"inheritable":false,"inbound_stock":0,"stock_on_hold":0,"sold_today":0,"sales_last_days":0,"reserved_stock":0,"customer_returns":0,"warehouse_damage":0,"lost_in_post":0,"other_logs":0,"out_stock_days":0,"lost_sales":0,"has_location":false,"update_date":"2026-04-10T00:05:15","atum_locations":[],"atum_stock_status":"instock","restock_status":false,"low_stock_amount":"","sales_update_date":"2026-04-10T00:05:15","calc_backorders":null,"aioseo_notices":[],"jetpack_publicize_connections":[],"jetpack-related-posts":[{"id":27968,"url":"https:\/\/docmarket-dz.com\/index.php\/product\/trocart-bone-marrow-aspiration-needle-g16-4cm\/","url_meta":{"origin":27891,"position":0},"title":"Trocart ponction moelle osseuse 16G X 40 mm","author":"Sofiane Arbouche","date":"03\/12\/2023","format":false,"excerpt":"","rel":"","context":"Article similaire","block_context":{"text":"Article similaire","link":""},"img":{"alt_text":"","src":"https:\/\/i0.wp.com\/docmarket-dz.com\/wp-content\/uploads\/2023\/12\/IMG_2923-1.jpg?fit=600%2C602&ssl=1&resize=350%2C200","width":350,"height":200,"srcset":"https:\/\/i0.wp.com\/docmarket-dz.com\/wp-content\/uploads\/2023\/12\/IMG_2923-1.jpg?fit=600%2C602&ssl=1&resize=350%2C200 1x, https:\/\/i0.wp.com\/docmarket-dz.com\/wp-content\/uploads\/2023\/12\/IMG_2923-1.jpg?fit=600%2C602&ssl=1&resize=525%2C300 1.5x"},"classes":[]},{"id":27871,"url":"https:\/\/docmarket-dz.com\/index.php\/product\/ventouse-pour-ecg-jeu-de-6\/","url_meta":{"origin":27891,"position":1},"title":"Ventouse pour ECG &#8211; Sac de 6 unit\u00e9s","author":"fatmazohra.nasri","date":"25\/11\/2023","format":false,"excerpt":"Ces \u00e9lectrodes (poires) pr\u00e9cordiales sont con\u00e7ues pour l'enregistrement d'\u00e9lectrocardiogrammes de routine. Leur ventouse en m\u00e9tal adh\u00e8re \u00e0 la peau du patient gr\u00e2ce \u00e0 la d\u00e9pression obtenue en pressant la poire. Elles sont adapt\u00e9es \u00e0 des cables dot\u00e9s de diff\u00e9rents types de connexion : fiche banane, pression, pince. R\u00e9utilisables, elles sont\u2026","rel":"","context":"Article similaire","block_context":{"text":"Article similaire","link":""},"img":{"alt_text":"","src":"https:\/\/i0.wp.com\/docmarket-dz.com\/wp-content\/uploads\/2023\/11\/IMG_1995-PhotoRoom.png-PhotoRoom.png?fit=606%2C608&ssl=1&resize=350%2C200","width":350,"height":200,"srcset":"https:\/\/i0.wp.com\/docmarket-dz.com\/wp-content\/uploads\/2023\/11\/IMG_1995-PhotoRoom.png-PhotoRoom.png?fit=606%2C608&ssl=1&resize=350%2C200 1x, https:\/\/i0.wp.com\/docmarket-dz.com\/wp-content\/uploads\/2023\/11\/IMG_1995-PhotoRoom.png-PhotoRoom.png?fit=606%2C608&ssl=1&resize=525%2C300 1.5x"},"classes":[]}],"jetpack_sharing_enabled":true,"tiered_pricing_type":"fixed","tiered_pricing_fixed_rules":[],"tiered_pricing_product_settings":{"layout":"default","base_unit_name":{"singular":null,"plural":null},"default_variation":null},"tiered_pricing_minimum_quantity":null,"tiered_pricing_roles_data":[],"tiered_pricing_percentage_rules":[],"_links":{"self":[{"href":"https:\/\/docmarket-dz.com\/index.php\/wp-json\/wp\/v2\/product\/27891","targetHints":{"allow":["GET"]}}],"collection":[{"href":"https:\/\/docmarket-dz.com\/index.php\/wp-json\/wp\/v2\/product"}],"about":[{"href":"https:\/\/docmarket-dz.com\/index.php\/wp-json\/wp\/v2\/types\/product"}],"replies":[{"embeddable":true,"href":"https:\/\/docmarket-dz.com\/index.php\/wp-json\/wp\/v2\/comments?post=27891"}],"wp:featuredmedia":[{"embeddable":true,"href":"https:\/\/docmarket-dz.com\/index.php\/wp-json\/wp\/v2\/media\/27892"}],"wp:attachment":[{"href":"https:\/\/docmarket-dz.com\/index.php\/wp-json\/wp\/v2\/media?parent=27891"}],"wp:term":[{"taxonomy":"product_brand","embeddable":true,"href":"https:\/\/docmarket-dz.com\/index.php\/wp-json\/wp\/v2\/product_brand?post=27891"},{"taxonomy":"product_cat","embeddable":true,"href":"https:\/\/docmarket-dz.com\/index.php\/wp-json\/wp\/v2\/product_cat?post=27891"},{"taxonomy":"product_tag","embeddable":true,"href":"https:\/\/docmarket-dz.com\/index.php\/wp-json\/wp\/v2\/product_tag?post=27891"}],"curies":[{"name":"wp","href":"https:\/\/api.w.org\/{rel}","templated":true}]}}