{"id":27909,"date":"2023-11-26T16:07:53","date_gmt":"2023-11-26T15:07:53","guid":{"rendered":"https:\/\/docmarket-dz.com\/?post_type=product&#038;p=27909"},"modified":"2025-12-08T14:11:49","modified_gmt":"2025-12-08T13:11:49","slug":"housse-dechographe-petit-format","status":"publish","type":"product","link":"https:\/\/docmarket-dz.com\/index.php\/product\/housse-dechographe-petit-format\/","title":{"rendered":"Housse d&#8217;echographe petit format"},"content":{"rendered":"","protected":false},"excerpt":{"rendered":"","protected":false},"featured_media":28158,"comment_status":"open","ping_status":"closed","template":"","meta":{"content-type":"","om_disable_all_campaigns":false,"_uf_show_specific_survey":0,"_uf_disable_surveys":false,"jetpack_publicize_message":"","jetpack_publicize_feature_enabled":true,"jetpack_social_post_already_shared":false,"jetpack_social_options":{"image_generator_settings":{"template":"highway","default_image_id":0,"font":"","enabled":false},"version":2}},"product_brand":[],"product_cat":[906,882,487,883],"product_tag":[],"class_list":{"0":"post-27909","1":"product","2":"type-product","3":"status-publish","4":"has-post-thumbnail","6":"product_cat-cardiologei","7":"product_cat-gynecologie","8":"product_cat-medical","9":"product_cat-radiologie","11":"first","12":"instock","13":"taxable","14":"shipping-taxable","15":"purchasable","16":"product-type-simple"},"supplier_id":null,"supplier_sku":"","barcode":null,"atum_controlled":true,"out_stock_date":null,"out_stock_threshold":null,"inheritable":false,"inbound_stock":0,"stock_on_hold":0,"sold_today":0,"sales_last_days":0,"reserved_stock":0,"customer_returns":0,"warehouse_damage":0,"lost_in_post":0,"other_logs":0,"out_stock_days":0,"lost_sales":0,"has_location":false,"update_date":"2026-04-10T00:05:03","atum_locations":[],"atum_stock_status":"instock","restock_status":false,"low_stock_amount":"","sales_update_date":"2026-04-10T00:05:03","calc_backorders":0,"aioseo_notices":[],"jetpack_publicize_connections":[],"jetpack-related-posts":[{"id":27911,"url":"https:\/\/docmarket-dz.com\/index.php\/product\/housse-dechographe-grand-format\/","url_meta":{"origin":27909,"position":0},"title":"Housse d&#8217;echographe grand format","author":"fatmazohra.nasri","date":"26\/11\/2023","format":false,"excerpt":"","rel":"","context":"Article similaire","block_context":{"text":"Article similaire","link":""},"img":{"alt_text":"","src":"https:\/\/i0.wp.com\/docmarket-dz.com\/wp-content\/uploads\/2023\/11\/IMG_2333.jpeg?fit=768%2C1020&ssl=1&resize=350%2C200","width":350,"height":200,"srcset":"https:\/\/i0.wp.com\/docmarket-dz.com\/wp-content\/uploads\/2023\/11\/IMG_2333.jpeg?fit=768%2C1020&ssl=1&resize=350%2C200 1x, https:\/\/i0.wp.com\/docmarket-dz.com\/wp-content\/uploads\/2023\/11\/IMG_2333.jpeg?fit=768%2C1020&ssl=1&resize=525%2C300 1.5x, https:\/\/i0.wp.com\/docmarket-dz.com\/wp-content\/uploads\/2023\/11\/IMG_2333.jpeg?fit=768%2C1020&ssl=1&resize=700%2C400 2x"},"classes":[]},{"id":30126,"url":"https:\/\/docmarket-dz.com\/index.php\/product\/housse-de-camera-sterile-pour-endoscopie\/","url_meta":{"origin":27909,"position":1},"title":"Housse de camera st\u00e9rile pour endoscopie","author":"Sofiane Arbouche","date":"19\/05\/2025","format":false,"excerpt":"Housses de protection pour cam\u00e9ras endoscopiques - St\u00e9rile: Fabriqu\u00e9 en Poly\u00e9thyl\u00e8ne \"imperm\u00e9able\" et st\u00e9rilis\u00e9 au gaz d'oxyde d'\u00e9thyl\u00e8ne, elle contribue a minimiser le risque de contamination bact\u00e9rienne, d'infections. Elles prot\u00e8gent les \u00e9quipements des fluides et sont faciles a manipuler","rel":"","context":"Article similaire","block_context":{"text":"Article similaire","link":""},"img":{"alt_text":"","src":"https:\/\/i0.wp.com\/docmarket-dz.com\/wp-content\/uploads\/2025\/05\/Sans-titre-3.jpg?fit=801%2C1200&ssl=1&resize=350%2C200","width":350,"height":200,"srcset":"https:\/\/i0.wp.com\/docmarket-dz.com\/wp-content\/uploads\/2025\/05\/Sans-titre-3.jpg?fit=801%2C1200&ssl=1&resize=350%2C200 1x, https:\/\/i0.wp.com\/docmarket-dz.com\/wp-content\/uploads\/2025\/05\/Sans-titre-3.jpg?fit=801%2C1200&ssl=1&resize=525%2C300 1.5x, https:\/\/i0.wp.com\/docmarket-dz.com\/wp-content\/uploads\/2025\/05\/Sans-titre-3.jpg?fit=801%2C1200&ssl=1&resize=700%2C400 2x"},"classes":[]},{"id":28156,"url":"https:\/\/docmarket-dz.com\/index.php\/product\/alaise\/","url_meta":{"origin":27909,"position":2},"title":"Alaise &#8211; Housse de table d&#8217;examen","author":"fatmazohra.nasri","date":"25\/12\/2023","format":false,"excerpt":"","rel":"","context":"Article similaire","block_context":{"text":"Article similaire","link":""},"img":{"alt_text":"","src":"https:\/\/i0.wp.com\/docmarket-dz.com\/wp-content\/uploads\/2023\/12\/Sans-titre.png?fit=225%2C225&ssl=1&resize=350%2C200","width":350,"height":200},"classes":[]},{"id":28661,"url":"https:\/\/docmarket-dz.com\/index.php\/product\/couette-en-fibre-silicone\/","url_meta":{"origin":27909,"position":3},"title":"Parure de draps (3 pi\u00e8ces)","author":"TIKELALINE Amel","date":"20\/03\/2024","format":false,"excerpt":"Parure de draps (3 pi\u00e8ces) 01 Places Dim:240\/150 Drap housse 0.90\/190 Drap plat 240\/150 1 Taies d'oreiller 50\/70","rel":"","context":"Article similaire","block_context":{"text":"Article similaire","link":""},"img":{"alt_text":"","src":"https:\/\/i0.wp.com\/docmarket-dz.com\/wp-content\/uploads\/2024\/03\/20240321_154348-002-Photoroom.png-Photoroom.jpg?fit=597%2C671&ssl=1&resize=350%2C200","width":350,"height":200,"srcset":"https:\/\/i0.wp.com\/docmarket-dz.com\/wp-content\/uploads\/2024\/03\/20240321_154348-002-Photoroom.png-Photoroom.jpg?fit=597%2C671&ssl=1&resize=350%2C200 1x, https:\/\/i0.wp.com\/docmarket-dz.com\/wp-content\/uploads\/2024\/03\/20240321_154348-002-Photoroom.png-Photoroom.jpg?fit=597%2C671&ssl=1&resize=525%2C300 1.5x"},"classes":[]},{"id":26647,"url":"https:\/\/docmarket-dz.com\/index.php\/product\/desinfectant-spray-surfasaf\/","url_meta":{"origin":27909,"position":4},"title":"SPRAY SURFA&#8217;SAFE PREMIUM D\u00e9sinfectant FL\/750 ML","author":"falek.h","date":"17\/03\/2023","format":false,"excerpt":"\u00a0 \u00a0 \u00a0 \u00a0 INDICATIONS: Mousse d\u00e9tergente d\u00e9sinfectante, destin\u00e9e au nettoyage et \u00e0 la d\u00e9sinfection des surfaces, des structures externes des \u00e9quipements (respirateurs, g\u00e9n\u00e9rateurs d\u2019h\u00e9modialyse\u2026) et des dispositifs m\u00e9dicaux non immergeables et non invasifs (sondes \u00e9chographiques classiques, c\u00e2bles et connectiques, capteurs de pression, testeurs de glyc\u00e9mie, tensiom\u00e8tres, marteaux \u00e0 r\u00e9flexe\u2026)\u2026","rel":"","context":"Article similaire","block_context":{"text":"Article similaire","link":""},"img":{"alt_text":"","src":"https:\/\/i0.wp.com\/docmarket-dz.com\/wp-content\/uploads\/2023\/03\/DESINFECTANT-SPRAY-SURFASAF-e1680615017544.jpg?fit=600%2C600&ssl=1&resize=350%2C200","width":350,"height":200,"srcset":"https:\/\/i0.wp.com\/docmarket-dz.com\/wp-content\/uploads\/2023\/03\/DESINFECTANT-SPRAY-SURFASAF-e1680615017544.jpg?fit=600%2C600&ssl=1&resize=350%2C200 1x, https:\/\/i0.wp.com\/docmarket-dz.com\/wp-content\/uploads\/2023\/03\/DESINFECTANT-SPRAY-SURFASAF-e1680615017544.jpg?fit=600%2C600&ssl=1&resize=525%2C300 1.5x"},"classes":[]},{"id":24893,"url":"https:\/\/docmarket-dz.com\/index.php\/product\/kit-hijama-acupuncture\/","url_meta":{"origin":27909,"position":5},"title":"Kit Hijama El Islamia &#8211; petit mod\u00e8le &#8211; 6 pi\u00e8ce","author":"falek.h","date":"29\/01\/2023","format":false,"excerpt":"","rel":"","context":"Article similaire","block_context":{"text":"Article similaire","link":""},"img":{"alt_text":"","src":"https:\/\/i0.wp.com\/docmarket-dz.com\/wp-content\/uploads\/2023\/01\/Kit-Hijama-Acupuncture.jpg?fit=600%2C600&ssl=1&resize=350%2C200","width":350,"height":200,"srcset":"https:\/\/i0.wp.com\/docmarket-dz.com\/wp-content\/uploads\/2023\/01\/Kit-Hijama-Acupuncture.jpg?fit=600%2C600&ssl=1&resize=350%2C200 1x, https:\/\/i0.wp.com\/docmarket-dz.com\/wp-content\/uploads\/2023\/01\/Kit-Hijama-Acupuncture.jpg?fit=600%2C600&ssl=1&resize=525%2C300 1.5x"},"classes":[]}],"jetpack_sharing_enabled":true,"tiered_pricing_type":"fixed","tiered_pricing_fixed_rules":[],"tiered_pricing_product_settings":{"layout":"default","base_unit_name":{"singular":null,"plural":null},"default_variation":null},"tiered_pricing_minimum_quantity":null,"tiered_pricing_roles_data":[],"tiered_pricing_percentage_rules":[],"_links":{"self":[{"href":"https:\/\/docmarket-dz.com\/index.php\/wp-json\/wp\/v2\/product\/27909","targetHints":{"allow":["GET"]}}],"collection":[{"href":"https:\/\/docmarket-dz.com\/index.php\/wp-json\/wp\/v2\/product"}],"about":[{"href":"https:\/\/docmarket-dz.com\/index.php\/wp-json\/wp\/v2\/types\/product"}],"replies":[{"embeddable":true,"href":"https:\/\/docmarket-dz.com\/index.php\/wp-json\/wp\/v2\/comments?post=27909"}],"wp:featuredmedia":[{"embeddable":true,"href":"https:\/\/docmarket-dz.com\/index.php\/wp-json\/wp\/v2\/media\/28158"}],"wp:attachment":[{"href":"https:\/\/docmarket-dz.com\/index.php\/wp-json\/wp\/v2\/media?parent=27909"}],"wp:term":[{"taxonomy":"product_brand","embeddable":true,"href":"https:\/\/docmarket-dz.com\/index.php\/wp-json\/wp\/v2\/product_brand?post=27909"},{"taxonomy":"product_cat","embeddable":true,"href":"https:\/\/docmarket-dz.com\/index.php\/wp-json\/wp\/v2\/product_cat?post=27909"},{"taxonomy":"product_tag","embeddable":true,"href":"https:\/\/docmarket-dz.com\/index.php\/wp-json\/wp\/v2\/product_tag?post=27909"}],"curies":[{"name":"wp","href":"https:\/\/api.w.org\/{rel}","templated":true}]}}