{"id":27912,"date":"2023-11-26T16:27:13","date_gmt":"2023-11-26T15:27:13","guid":{"rendered":"https:\/\/docmarket-dz.com\/?post_type=product&#038;p=27912"},"modified":"2024-06-19T12:08:39","modified_gmt":"2024-06-19T11:08:39","slug":"pese-personne-mecanique-avec-toisecapacite-180kg-swing-med","status":"publish","type":"product","link":"https:\/\/docmarket-dz.com\/index.php\/product\/pese-personne-mecanique-avec-toisecapacite-180kg-swing-med\/","title":{"rendered":"PESE PERSONNE MECANIQUE AVEC TOISECAPACITE: 180Kg SWING MED"},"content":{"rendered":"<p>La balance plate-forme SM081-JS est une balance pr\u00e9cise<br \/>\nqui est parfaite pour une utilisation en<br \/>\nclinique ou en h\u00f4pital.<\/p>\n<p>Haute pr\u00e9cision<br \/>\nConstruction robuste<br \/>\nPliable pour un rangement facile<br \/>\nAssemblage facile<br \/>\nGrand cadran pour une lecture facile<br \/>\nTige de hauteur<br \/>\nMax. pesant: 180Kg , Grad : 1Kg<br \/>\nPlage de hauteur: 210-60 cm<br \/>\nDimensions de la plate-forme : 31 x 37 x 7,5 (H) cm<br \/>\nHauteur de la plate-forme 75 mm-r\u00e9glable<\/p>\n","protected":false},"excerpt":{"rendered":"<p>La balance plate-forme SM081-JS est une balance pr\u00e9cise qui est parfaite pour une utilisation en clinique ou en h\u00f4pital. Haute pr\u00e9cision Construction robuste Pliable pour un rangement facile Assemblage facile Grand cadran pour une lecture facile Tige de hauteur Max. pesant: 180Kg , Grad : 1Kg Plage de hauteur: 210-60 cm Dimensions de la plate-forme [&hellip;]<\/p>\n","protected":false},"featured_media":27913,"comment_status":"open","ping_status":"closed","template":"","meta":{"content-type":"","om_disable_all_campaigns":false,"_uf_show_specific_survey":0,"_uf_disable_surveys":false,"jetpack_publicize_message":"","jetpack_publicize_feature_enabled":true,"jetpack_social_post_already_shared":false,"jetpack_social_options":{"image_generator_settings":{"template":"highway","default_image_id":0,"font":"","enabled":false},"version":2}},"product_brand":[],"product_cat":[739],"product_tag":[],"class_list":{"0":"post-27912","1":"product","2":"type-product","3":"status-publish","4":"has-post-thumbnail","6":"product_cat-acupuncture","8":"first","9":"onbackorder","10":"taxable","11":"shipping-taxable","12":"purchasable","13":"product-type-simple"},"supplier_id":null,"supplier_sku":"","barcode":null,"atum_controlled":true,"out_stock_date":"2024-06-19 11:48:08","out_stock_threshold":null,"inheritable":false,"inbound_stock":0,"stock_on_hold":0,"sold_today":0,"sales_last_days":0,"reserved_stock":0,"customer_returns":0,"warehouse_damage":0,"lost_in_post":0,"other_logs":0,"out_stock_days":659,"lost_sales":0,"has_location":false,"update_date":"2026-04-10T00:05:05","atum_locations":[],"atum_stock_status":"onbackorder","restock_status":false,"low_stock_amount":"","sales_update_date":"2026-04-10T00:05:05","calc_backorders":0,"aioseo_notices":[],"jetpack_publicize_connections":[],"jetpack-related-posts":[{"id":28136,"url":"https:\/\/docmarket-dz.com\/index.php\/product\/pince-a-chalazion-desmarres-9-cm\/","url_meta":{"origin":27912,"position":0},"title":"PINCE A CHALAZION DESMARRES 9 CM","author":"fatmazohra.nasri","date":"16\/12\/2023","format":false,"excerpt":"COMPOSITION:\u00a0 \u00a0 \u00a0 \u00a0 \u00a0 \u00a0 Acier inoxydable FORME DU CORP:\u00a0 \u00a0 \u00a0 \u00a0Corp Plat LONGUEUR TOTALE:\u00a0 9Cm LARGEUR:\u00a0 \u00a0 \u00a0 \u00a0 \u00a0 \u00a0 \u00a0 \u00a0 \u00a0 \u00a0 \u00a0 \u00a026 Cm PARTICULARITES:\u00a0 \u00a0 \u00a0 \u00a0Avec arr\u00eat \u00e0 vis","rel":"","context":"Article similaire","block_context":{"text":"Article similaire","link":""},"img":{"alt_text":"","src":"https:\/\/i0.wp.com\/docmarket-dz.com\/wp-content\/uploads\/2023\/12\/H_3920_1.jpg?fit=599%2C601&ssl=1&resize=350%2C200","width":350,"height":200,"srcset":"https:\/\/i0.wp.com\/docmarket-dz.com\/wp-content\/uploads\/2023\/12\/H_3920_1.jpg?fit=599%2C601&ssl=1&resize=350%2C200 1x, https:\/\/i0.wp.com\/docmarket-dz.com\/wp-content\/uploads\/2023\/12\/H_3920_1.jpg?fit=599%2C601&ssl=1&resize=525%2C300 1.5x"},"classes":[]},{"id":26146,"url":"https:\/\/docmarket-dz.com\/index.php\/product\/aiguille-de-prelevement-avec-plateau-g21\/","url_meta":{"origin":27912,"position":1},"title":"AIGUILLE DE PRELEVEMENT A PLATEAU G21","author":"falek.h","date":"12\/03\/2023","format":false,"excerpt":"D\u00e9tails Aiguille de pr\u00e9l\u00e8vement facile \u00e0 manipuler. Assure une meilleure p\u00e9n\u00e9tration et le confort du patient : Tranchant du biseau trait\u00e9 par \u00e9lectrochimie. Canule lubrifi\u00e9e par \u00e9vaporation gazeuse. Manchon souple sur l'aiguille perce-bouchon. Surfaces de pr\u00e9hension plates et non polies sur les capuchons protecteurs. T\u00e9moin de non-ouverture. Caract\u00e9ristiques techniques Coloris\u00a0:\u2026","rel":"","context":"Article similaire","block_context":{"text":"Article similaire","link":""},"img":{"alt_text":"","src":"https:\/\/i0.wp.com\/docmarket-dz.com\/wp-content\/uploads\/2023\/03\/Aiguilles-de-prelevement-21G-1.png?fit=807%2C592&ssl=1&resize=350%2C200","width":350,"height":200,"srcset":"https:\/\/i0.wp.com\/docmarket-dz.com\/wp-content\/uploads\/2023\/03\/Aiguilles-de-prelevement-21G-1.png?fit=807%2C592&ssl=1&resize=350%2C200 1x, https:\/\/i0.wp.com\/docmarket-dz.com\/wp-content\/uploads\/2023\/03\/Aiguilles-de-prelevement-21G-1.png?fit=807%2C592&ssl=1&resize=525%2C300 1.5x, https:\/\/i0.wp.com\/docmarket-dz.com\/wp-content\/uploads\/2023\/03\/Aiguilles-de-prelevement-21G-1.png?fit=807%2C592&ssl=1&resize=700%2C400 2x"},"classes":[]},{"id":26409,"url":"https:\/\/docmarket-dz.com\/index.php\/product\/trousse-ophtalmique-sterile-couvre-table-140-cm-x-190-cm-champ-ophtalmique-100cm-x-120-cm-avec-02-poches-de-recueil\/","url_meta":{"origin":27912,"position":2},"title":"Trousse Ophtalmique sterile : Couvre table (140 cm x 190 cm) Champ ophtalmique (100cm x 120 cm) Avec 02 poches de recueil","author":"falek.h","date":"12\/03\/2023","format":false,"excerpt":"La trousse st\u00e9rile d'ophtalmologie \u00e0 usage unique\u00a0 est compos\u00e9e d'un grand champ avec fen\u00eatre adh\u00e9sive, film \u00e0 inciser, 2 poches de recueil et de barrettes conformables.","rel":"","context":"Article similaire","block_context":{"text":"Article similaire","link":""},"img":{"alt_text":"","src":"https:\/\/i0.wp.com\/docmarket-dz.com\/wp-content\/uploads\/2023\/03\/trousse-d-ophtalmologie-sterile.jpg?fit=800%2C600&ssl=1&resize=350%2C200","width":350,"height":200,"srcset":"https:\/\/i0.wp.com\/docmarket-dz.com\/wp-content\/uploads\/2023\/03\/trousse-d-ophtalmologie-sterile.jpg?fit=800%2C600&ssl=1&resize=350%2C200 1x, https:\/\/i0.wp.com\/docmarket-dz.com\/wp-content\/uploads\/2023\/03\/trousse-d-ophtalmologie-sterile.jpg?fit=800%2C600&ssl=1&resize=525%2C300 1.5x, https:\/\/i0.wp.com\/docmarket-dz.com\/wp-content\/uploads\/2023\/03\/trousse-d-ophtalmologie-sterile.jpg?fit=800%2C600&ssl=1&resize=700%2C400 2x"},"classes":[]},{"id":24367,"url":"https:\/\/docmarket-dz.com\/index.php\/product\/sparadrap-perfore-4mx18cm\/","url_meta":{"origin":27912,"position":3},"title":"SPARADRAP PERFORE 4MX18CM","author":"falek.h","date":"23\/12\/2022","format":false,"excerpt":"Sparadrap perfor\u00e9 adh\u00e9sif, \u00e0 l\u2019Oxyde de Zinc \u2022\u00a0 \u00a0Neoplast- sparadrap perfor\u00e9 \u00e0 base d\u2019oxyde de Zinc \u2022\u00a0 \u00a0Bandage occlusif, adh\u00e9sif pour peaux normales \u2022\u00a0 \u00a0Fixation de\u00a0 compresses, drains et tubes \u2022\u00a0 \u00a0Perm\u00e9able \u00e0 l\u2019air \u2022\u00a0 \u00a0Se d\u00e9chire facilement \u2022\u00a0 \u00a0Dimensions : 4 M x 18 cm","rel":"","context":"Article similaire","block_context":{"text":"Article similaire","link":""},"img":{"alt_text":"","src":"https:\/\/i0.wp.com\/docmarket-dz.com\/wp-content\/uploads\/2022\/12\/SPARADRAP-PERFORE-4MX18CM-e1680775254474.jpg?fit=660%2C600&ssl=1&resize=350%2C200","width":350,"height":200,"srcset":"https:\/\/i0.wp.com\/docmarket-dz.com\/wp-content\/uploads\/2022\/12\/SPARADRAP-PERFORE-4MX18CM-e1680775254474.jpg?fit=660%2C600&ssl=1&resize=350%2C200 1x, https:\/\/i0.wp.com\/docmarket-dz.com\/wp-content\/uploads\/2022\/12\/SPARADRAP-PERFORE-4MX18CM-e1680775254474.jpg?fit=660%2C600&ssl=1&resize=525%2C300 1.5x"},"classes":[]},{"id":24380,"url":"https:\/\/docmarket-dz.com\/index.php\/product\/negatoscope-led-02-plages-extra-plat\/","url_meta":{"origin":27912,"position":4},"title":"NEGATOSCOPE LED EXTRA PLAT &#8211;  IMPORTATION","author":"falek.h","date":"23\/12\/2022","format":false,"excerpt":"N\u00e9gatoscope extra-plat (1, 2, 3 ou 4 plages). Fabriqu\u00e9 en alliage d'aluminium haute r\u00e9sistance, la structure de l'\u00e9cran ainsi que le corps du n\u00e9gatoscope extra-plat en font un mat\u00e9riel qui r\u00e9sistera \u00e0 l'usure provoqu\u00e9e par une utilisation intensive sur une longue dur\u00e9e. Afin de parfaire la solidit\u00e9 de sa structure,\u2026","rel":"","context":"Article similaire","block_context":{"text":"Article similaire","link":""},"img":{"alt_text":"","src":"https:\/\/i0.wp.com\/docmarket-dz.com\/wp-content\/uploads\/2022\/12\/negato-led.jpg?fit=500%2C500&ssl=1&resize=350%2C200","width":350,"height":200},"classes":[]},{"id":28127,"url":"https:\/\/docmarket-dz.com\/index.php\/product\/pince-k-pince-kelly-s-g-droite-14-cm\/","url_meta":{"origin":27912,"position":5},"title":"Pince K ( PINCE KELLY &#8211; S\/G &#8211; DROITE  14 CM","author":"fatmazohra.nasri","date":"16\/12\/2023","format":false,"excerpt":"La\u00a0pince Kelly\u00a0est une pince m\u00e9dicale de pr\u00e9cision en acier inoxydable. Droite et sans griffes, elle fait 14 cm. Autoclavable. Sp\u00e9cialit\u00e9 Chirurgie","rel":"","context":"Article similaire","block_context":{"text":"Article similaire","link":""},"img":{"alt_text":"","src":"","width":0,"height":0},"classes":[]}],"jetpack_sharing_enabled":true,"tiered_pricing_type":"fixed","tiered_pricing_fixed_rules":[],"tiered_pricing_product_settings":{"layout":"default","base_unit_name":{"singular":null,"plural":null},"default_variation":null},"tiered_pricing_minimum_quantity":null,"tiered_pricing_roles_data":[],"tiered_pricing_percentage_rules":[],"_links":{"self":[{"href":"https:\/\/docmarket-dz.com\/index.php\/wp-json\/wp\/v2\/product\/27912","targetHints":{"allow":["GET"]}}],"collection":[{"href":"https:\/\/docmarket-dz.com\/index.php\/wp-json\/wp\/v2\/product"}],"about":[{"href":"https:\/\/docmarket-dz.com\/index.php\/wp-json\/wp\/v2\/types\/product"}],"replies":[{"embeddable":true,"href":"https:\/\/docmarket-dz.com\/index.php\/wp-json\/wp\/v2\/comments?post=27912"}],"wp:featuredmedia":[{"embeddable":true,"href":"https:\/\/docmarket-dz.com\/index.php\/wp-json\/wp\/v2\/media\/27913"}],"wp:attachment":[{"href":"https:\/\/docmarket-dz.com\/index.php\/wp-json\/wp\/v2\/media?parent=27912"}],"wp:term":[{"taxonomy":"product_brand","embeddable":true,"href":"https:\/\/docmarket-dz.com\/index.php\/wp-json\/wp\/v2\/product_brand?post=27912"},{"taxonomy":"product_cat","embeddable":true,"href":"https:\/\/docmarket-dz.com\/index.php\/wp-json\/wp\/v2\/product_cat?post=27912"},{"taxonomy":"product_tag","embeddable":true,"href":"https:\/\/docmarket-dz.com\/index.php\/wp-json\/wp\/v2\/product_tag?post=27912"}],"curies":[{"name":"wp","href":"https:\/\/api.w.org\/{rel}","templated":true}]}}