{"id":27916,"date":"2023-11-27T12:40:56","date_gmt":"2023-11-27T11:40:56","guid":{"rendered":"https:\/\/docmarket-dz.com\/?post_type=product&#038;p=27916"},"modified":"2023-11-27T12:40:56","modified_gmt":"2023-11-27T11:40:56","slug":"podoscope-local","status":"publish","type":"product","link":"https:\/\/docmarket-dz.com\/index.php\/product\/podoscope-local\/","title":{"rendered":"PODOSCOPE LOCAL"},"content":{"rendered":"","protected":false},"excerpt":{"rendered":"","protected":false},"featured_media":27917,"comment_status":"open","ping_status":"closed","template":"","meta":{"content-type":"","om_disable_all_campaigns":false,"_uf_show_specific_survey":0,"_uf_disable_surveys":false,"jetpack_publicize_message":"","jetpack_publicize_feature_enabled":true,"jetpack_social_post_already_shared":false,"jetpack_social_options":{"image_generator_settings":{"template":"highway","default_image_id":0,"font":"","enabled":false},"version":2}},"product_brand":[],"product_cat":[555],"product_tag":[],"class_list":{"0":"post-27916","1":"product","2":"type-product","3":"status-publish","4":"has-post-thumbnail","6":"product_cat-equipement","8":"first","9":"instock","10":"taxable","11":"shipping-taxable","12":"purchasable","13":"product-type-simple"},"supplier_id":null,"supplier_sku":"","barcode":null,"atum_controlled":true,"out_stock_date":null,"out_stock_threshold":null,"inheritable":false,"inbound_stock":0,"stock_on_hold":0,"sold_today":0,"sales_last_days":0,"reserved_stock":0,"customer_returns":0,"warehouse_damage":0,"lost_in_post":0,"other_logs":0,"out_stock_days":0,"lost_sales":0,"has_location":false,"update_date":"2026-04-10T00:05:05","atum_locations":[],"atum_stock_status":"instock","restock_status":false,"low_stock_amount":"","sales_update_date":"2026-04-10T00:05:05","calc_backorders":null,"aioseo_notices":[],"jetpack_publicize_connections":[],"jetpack-related-posts":[{"id":27923,"url":"https:\/\/docmarket-dz.com\/index.php\/product\/control-mesure-podoscope-avec-lumiere-polarisee-firn-france\/","url_meta":{"origin":27916,"position":0},"title":"Control &amp; Mesure-PODOSCOPE AVEC LUMIERE POLARISEE-FIRN-France","author":"fatmazohra.nasri","date":"27\/11\/2023","format":false,"excerpt":"","rel":"","context":"Article similaire","block_context":{"text":"Article similaire","link":""},"img":{"alt_text":"","src":"","width":0,"height":0},"classes":[]},{"id":26383,"url":"https:\/\/docmarket-dz.com\/index.php\/product\/test-antigenique-local-precisio\/","url_meta":{"origin":27916,"position":1},"title":"TEST ANTIGENIQUE LOCAL PRECISIO","author":"falek.h","date":"12\/03\/2023","format":false,"excerpt":"","rel":"","context":"Article similaire","block_context":{"text":"Article similaire","link":""},"img":{"alt_text":"","src":"https:\/\/i0.wp.com\/docmarket-dz.com\/wp-content\/uploads\/2023\/03\/my_precisio_lsd-removebg-preview-300x300-1.png?fit=300%2C300&ssl=1&resize=350%2C200","width":350,"height":200},"classes":[]},{"id":30641,"url":"https:\/\/docmarket-dz.com\/index.php\/product\/gel-echo-ecg-5kg-local\/","url_meta":{"origin":27916,"position":2},"title":"GEL ECHO\/ ECG 5KG LOCAL","author":"Amel","date":"08\/01\/2026","format":false,"excerpt":"","rel":"","context":"Article similaire","block_context":{"text":"Article similaire","link":""},"img":{"alt_text":"","src":"","width":0,"height":0},"classes":[]},{"id":24451,"url":"https:\/\/docmarket-dz.com\/index.php\/product\/negatoscope-en-inox-local\/","url_meta":{"origin":27916,"position":3},"title":"NEGATOSCOPE EN ALUMINIUM &#8211; LOCAL","author":"falek.h","date":"25\/12\/2022","format":false,"excerpt":"Eclairage \u00e0 neon, Fabriqu\u00e9 en aluminium et plexi, lumineux. cache en aluminum, Eclairage \u00e0 neon, Pein- ture \u00ab \u00e9poxy \u00bb. Dimensions : Largeur : 100 mm, Longueur : 680 mm, Hauteur : 440 mm.","rel":"","context":"Article similaire","block_context":{"text":"Article similaire","link":""},"img":{"alt_text":"","src":"https:\/\/i0.wp.com\/docmarket-dz.com\/wp-content\/uploads\/2022\/12\/snapedit_1671981468692.jpg?fit=1200%2C1200&ssl=1&resize=350%2C200","width":350,"height":200,"srcset":"https:\/\/i0.wp.com\/docmarket-dz.com\/wp-content\/uploads\/2022\/12\/snapedit_1671981468692.jpg?fit=1200%2C1200&ssl=1&resize=350%2C200 1x, https:\/\/i0.wp.com\/docmarket-dz.com\/wp-content\/uploads\/2022\/12\/snapedit_1671981468692.jpg?fit=1200%2C1200&ssl=1&resize=525%2C300 1.5x, https:\/\/i0.wp.com\/docmarket-dz.com\/wp-content\/uploads\/2022\/12\/snapedit_1671981468692.jpg?fit=1200%2C1200&ssl=1&resize=700%2C400 2x, https:\/\/i0.wp.com\/docmarket-dz.com\/wp-content\/uploads\/2022\/12\/snapedit_1671981468692.jpg?fit=1200%2C1200&ssl=1&resize=1050%2C600 3x"},"classes":[]},{"id":24355,"url":"https:\/\/docmarket-dz.com\/index.php\/product\/gel-echo-250-ml-local\/","url_meta":{"origin":27916,"position":4},"title":"Gel Echo 250 ml","author":"falek.h","date":"23\/12\/2022","format":false,"excerpt":"","rel":"","context":"Article similaire","block_context":{"text":"Article similaire","link":""},"img":{"alt_text":"","src":"https:\/\/i0.wp.com\/docmarket-dz.com\/wp-content\/uploads\/2022\/12\/9e8eaecc1cd65860d73df802170296a0-PhotoRoom-e1697443460320.jpg?fit=600%2C600&ssl=1&resize=350%2C200","width":350,"height":200,"srcset":"https:\/\/i0.wp.com\/docmarket-dz.com\/wp-content\/uploads\/2022\/12\/9e8eaecc1cd65860d73df802170296a0-PhotoRoom-e1697443460320.jpg?fit=600%2C600&ssl=1&resize=350%2C200 1x, https:\/\/i0.wp.com\/docmarket-dz.com\/wp-content\/uploads\/2022\/12\/9e8eaecc1cd65860d73df802170296a0-PhotoRoom-e1697443460320.jpg?fit=600%2C600&ssl=1&resize=525%2C300 1.5x"},"classes":[]},{"id":30214,"url":"https:\/\/docmarket-dz.com\/index.php\/product\/negatoscope-grand-model-local\/","url_meta":{"origin":27916,"position":5},"title":"NEGATOSCOPE GRAND MODEL- LOCAL-","author":"Amel","date":"02\/07\/2025","format":false,"excerpt":"Description du produit : - Coffre en t\u00f4le de10\/10eme ; - Deux r\u00e9glettes duo 2 x 20 W - Plage plexi blanc cristal - Interrupteur poussoir - Fil \u00e9lectrique 1500 - Traitement de fer - Peinture antirouille \u2013 \u00e9poxy. \u00a0 Sp\u00e9cifications techniques : Dimensions 130 x 44 cm","rel":"","context":"Article similaire","block_context":{"text":"Article similaire","link":""},"img":{"alt_text":"","src":"https:\/\/i0.wp.com\/docmarket-dz.com\/wp-content\/uploads\/2022\/12\/snapedit_1671981516463.jpg?fit=1200%2C1200&ssl=1&resize=350%2C200","width":350,"height":200,"srcset":"https:\/\/i0.wp.com\/docmarket-dz.com\/wp-content\/uploads\/2022\/12\/snapedit_1671981516463.jpg?fit=1200%2C1200&ssl=1&resize=350%2C200 1x, https:\/\/i0.wp.com\/docmarket-dz.com\/wp-content\/uploads\/2022\/12\/snapedit_1671981516463.jpg?fit=1200%2C1200&ssl=1&resize=525%2C300 1.5x, https:\/\/i0.wp.com\/docmarket-dz.com\/wp-content\/uploads\/2022\/12\/snapedit_1671981516463.jpg?fit=1200%2C1200&ssl=1&resize=700%2C400 2x, https:\/\/i0.wp.com\/docmarket-dz.com\/wp-content\/uploads\/2022\/12\/snapedit_1671981516463.jpg?fit=1200%2C1200&ssl=1&resize=1050%2C600 3x"},"classes":[]}],"jetpack_sharing_enabled":true,"tiered_pricing_type":"fixed","tiered_pricing_fixed_rules":[],"tiered_pricing_product_settings":{"layout":"default","base_unit_name":{"singular":null,"plural":null},"default_variation":null},"tiered_pricing_minimum_quantity":null,"tiered_pricing_roles_data":[],"tiered_pricing_percentage_rules":[],"_links":{"self":[{"href":"https:\/\/docmarket-dz.com\/index.php\/wp-json\/wp\/v2\/product\/27916","targetHints":{"allow":["GET"]}}],"collection":[{"href":"https:\/\/docmarket-dz.com\/index.php\/wp-json\/wp\/v2\/product"}],"about":[{"href":"https:\/\/docmarket-dz.com\/index.php\/wp-json\/wp\/v2\/types\/product"}],"replies":[{"embeddable":true,"href":"https:\/\/docmarket-dz.com\/index.php\/wp-json\/wp\/v2\/comments?post=27916"}],"wp:featuredmedia":[{"embeddable":true,"href":"https:\/\/docmarket-dz.com\/index.php\/wp-json\/wp\/v2\/media\/27917"}],"wp:attachment":[{"href":"https:\/\/docmarket-dz.com\/index.php\/wp-json\/wp\/v2\/media?parent=27916"}],"wp:term":[{"taxonomy":"product_brand","embeddable":true,"href":"https:\/\/docmarket-dz.com\/index.php\/wp-json\/wp\/v2\/product_brand?post=27916"},{"taxonomy":"product_cat","embeddable":true,"href":"https:\/\/docmarket-dz.com\/index.php\/wp-json\/wp\/v2\/product_cat?post=27916"},{"taxonomy":"product_tag","embeddable":true,"href":"https:\/\/docmarket-dz.com\/index.php\/wp-json\/wp\/v2\/product_tag?post=27916"}],"curies":[{"name":"wp","href":"https:\/\/api.w.org\/{rel}","templated":true}]}}