{"id":27919,"date":"2023-11-27T12:56:08","date_gmt":"2023-11-27T11:56:08","guid":{"rendered":"https:\/\/docmarket-dz.com\/?post_type=product&#038;p=27919"},"modified":"2023-11-27T12:56:09","modified_gmt":"2023-11-27T11:56:09","slug":"baropodometrie-3d-podoscan-sensor-medica-italie","status":"publish","type":"product","link":"https:\/\/docmarket-dz.com\/index.php\/product\/baropodometrie-3d-podoscan-sensor-medica-italie\/","title":{"rendered":"Baropodom\u00e9trie-3D PodoScan-SENSOR MEDICA-Italie"},"content":{"rendered":"<p>&nbsp;<\/p>\n<p>&nbsp;<\/p>\n","protected":false},"excerpt":{"rendered":"<p>&nbsp; &nbsp;<\/p>\n","protected":false},"featured_media":27920,"comment_status":"open","ping_status":"closed","template":"","meta":{"content-type":"","om_disable_all_campaigns":false,"_uf_show_specific_survey":0,"_uf_disable_surveys":false,"jetpack_publicize_message":"","jetpack_publicize_feature_enabled":true,"jetpack_social_post_already_shared":false,"jetpack_social_options":{"image_generator_settings":{"template":"highway","default_image_id":0,"font":"","enabled":false},"version":2}},"product_brand":[],"product_cat":[555,487],"product_tag":[],"class_list":{"0":"post-27919","1":"product","2":"type-product","3":"status-publish","4":"has-post-thumbnail","6":"product_cat-equipement","7":"product_cat-medical","9":"first","10":"instock","11":"taxable","12":"shipping-taxable","13":"purchasable","14":"product-type-simple"},"supplier_id":null,"supplier_sku":"","barcode":null,"atum_controlled":true,"out_stock_date":null,"out_stock_threshold":null,"inheritable":false,"inbound_stock":0,"stock_on_hold":0,"sold_today":0,"sales_last_days":0,"reserved_stock":0,"customer_returns":0,"warehouse_damage":0,"lost_in_post":0,"other_logs":0,"out_stock_days":0,"lost_sales":0,"has_location":false,"update_date":"2026-04-10T00:05:05","atum_locations":[],"atum_stock_status":"instock","restock_status":false,"low_stock_amount":"","sales_update_date":"2026-04-10T00:05:05","calc_backorders":null,"aioseo_notices":[],"jetpack_publicize_connections":[],"jetpack-related-posts":[{"id":26790,"url":"https:\/\/docmarket-dz.com\/index.php\/product\/papier-4-wd-italie\/","url_meta":{"origin":27919,"position":0},"title":"PAPIER 4% WD ITALIE","author":"falek.h","date":"01\/01\/1970","format":false,"excerpt":"","rel":"","context":"Article similaire","block_context":{"text":"Article similaire","link":""},"img":{"alt_text":"","src":"","width":0,"height":0},"classes":[]},{"id":25409,"url":"https:\/\/docmarket-dz.com\/index.php\/product\/chariot-medicament-equipe\/","url_meta":{"origin":27919,"position":1},"title":"CHARIOT MEDICAMENT  EQUIPE","author":"falek.h","date":"12\/03\/2023","format":false,"excerpt":"","rel":"","context":"Article similaire","block_context":{"text":"Article similaire","link":""},"img":{"alt_text":"","src":"","width":0,"height":0},"classes":[]},{"id":26681,"url":"https:\/\/docmarket-dz.com\/index.php\/product\/edta-creme-canal-prep\/","url_meta":{"origin":27919,"position":2},"title":"EDTA CREME CANAL PREP","author":"falek.h","date":"17\/03\/2023","format":false,"excerpt":"E.D.T.A. acide \u00e9thyl\u00e8nediaminet\u00e9traac\u00e9tique Application : Irrigant dans la th\u00e9rapie endodontique Nettoyage et modelage des canaux Avantages R\u00e9duit le stress pendant les traitements du canal radiculaire \u00c9limine les substances organiques Favorise la p\u00e9n\u00e9tration des m\u00e9dicaments","rel":"","context":"Article similaire","block_context":{"text":"Article similaire","link":""},"img":{"alt_text":"","src":"https:\/\/i0.wp.com\/docmarket-dz.com\/wp-content\/uploads\/2023\/03\/EDTA-CREME-CANAL-PREP-1.jpg?fit=500%2C500&ssl=1&resize=350%2C200","width":350,"height":200},"classes":[]},{"id":28367,"url":"https:\/\/docmarket-dz.com\/index.php\/product\/solute-de-dakin-500-ml-2m\/","url_meta":{"origin":27919,"position":3},"title":"SOLUT\u00c9 DE DAKIN 500 ml","author":"Sofiane Arbouche","date":"18\/01\/2024","format":false,"excerpt":"DAKIN est un m\u00e9dicament antiseptique local \u00e0 usage externe, bact\u00e9ricide, fongicide et virucide, contenant du chlore, utilis\u00e9 pour l\u2019antisepsie de la peau, des muqueuses et des plaies superficielles.","rel":"","context":"Article similaire","block_context":{"text":"Article similaire","link":""},"img":{"alt_text":"","src":"https:\/\/i0.wp.com\/docmarket-dz.com\/wp-content\/uploads\/2024\/01\/sol-PhotoRoom.png-PhotoRoom.png?fit=600%2C600&ssl=1&resize=350%2C200","width":350,"height":200,"srcset":"https:\/\/i0.wp.com\/docmarket-dz.com\/wp-content\/uploads\/2024\/01\/sol-PhotoRoom.png-PhotoRoom.png?fit=600%2C600&ssl=1&resize=350%2C200 1x, https:\/\/i0.wp.com\/docmarket-dz.com\/wp-content\/uploads\/2024\/01\/sol-PhotoRoom.png-PhotoRoom.png?fit=600%2C600&ssl=1&resize=525%2C300 1.5x"},"classes":[]},{"id":28737,"url":"https:\/\/docmarket-dz.com\/index.php\/product\/aerateur-transtympanique-shepard-drain-transtympanique-tube-t\/","url_meta":{"origin":27919,"position":4},"title":"A\u00e9rateur transtympanique \u201d Drain transtympanique \u201c TUBE T","author":"fatmazohra.nasri","date":"31\/03\/2024","format":false,"excerpt":"Les a\u00e9rateurs transtympaniques se placent \u00e0 travers la membrane tympanique et procurent une a\u00e9ration entre l\u2019oreille moyenne et le conduit auditif externe.Ce passage non obstru\u00e9 permet \u00e9galement le drainage des liquides, r\u00e9sultant de l\u2019otite moyenne aig\u00fce ou chronique. Par ailleurs, le placement chirurgical d\u2019un a\u00e9rateur transtympanique permet d\u2019\u00e9quilibrer les pressions\u2026","rel":"","context":"Article similaire","block_context":{"text":"Article similaire","link":""},"img":{"alt_text":"","src":"https:\/\/i0.wp.com\/docmarket-dz.com\/wp-content\/uploads\/2024\/03\/T-Tube.png?fit=647%2C601&ssl=1&resize=350%2C200","width":350,"height":200,"srcset":"https:\/\/i0.wp.com\/docmarket-dz.com\/wp-content\/uploads\/2024\/03\/T-Tube.png?fit=647%2C601&ssl=1&resize=350%2C200 1x, https:\/\/i0.wp.com\/docmarket-dz.com\/wp-content\/uploads\/2024\/03\/T-Tube.png?fit=647%2C601&ssl=1&resize=525%2C300 1.5x"},"classes":[]}],"jetpack_sharing_enabled":true,"tiered_pricing_type":"fixed","tiered_pricing_fixed_rules":[],"tiered_pricing_product_settings":{"layout":"default","base_unit_name":{"singular":null,"plural":null},"default_variation":null},"tiered_pricing_minimum_quantity":null,"tiered_pricing_roles_data":[],"tiered_pricing_percentage_rules":[],"_links":{"self":[{"href":"https:\/\/docmarket-dz.com\/index.php\/wp-json\/wp\/v2\/product\/27919","targetHints":{"allow":["GET"]}}],"collection":[{"href":"https:\/\/docmarket-dz.com\/index.php\/wp-json\/wp\/v2\/product"}],"about":[{"href":"https:\/\/docmarket-dz.com\/index.php\/wp-json\/wp\/v2\/types\/product"}],"replies":[{"embeddable":true,"href":"https:\/\/docmarket-dz.com\/index.php\/wp-json\/wp\/v2\/comments?post=27919"}],"wp:featuredmedia":[{"embeddable":true,"href":"https:\/\/docmarket-dz.com\/index.php\/wp-json\/wp\/v2\/media\/27920"}],"wp:attachment":[{"href":"https:\/\/docmarket-dz.com\/index.php\/wp-json\/wp\/v2\/media?parent=27919"}],"wp:term":[{"taxonomy":"product_brand","embeddable":true,"href":"https:\/\/docmarket-dz.com\/index.php\/wp-json\/wp\/v2\/product_brand?post=27919"},{"taxonomy":"product_cat","embeddable":true,"href":"https:\/\/docmarket-dz.com\/index.php\/wp-json\/wp\/v2\/product_cat?post=27919"},{"taxonomy":"product_tag","embeddable":true,"href":"https:\/\/docmarket-dz.com\/index.php\/wp-json\/wp\/v2\/product_tag?post=27919"}],"curies":[{"name":"wp","href":"https:\/\/api.w.org\/{rel}","templated":true}]}}