{"id":27933,"date":"2023-10-27T13:59:15","date_gmt":"2023-10-27T12:59:15","guid":{"rendered":"https:\/\/docmarket-dz.com\/?post_type=product&#038;p=27933"},"modified":"2023-11-27T17:02:55","modified_gmt":"2023-11-27T16:02:55","slug":"defibrillateur-externe-semiautomatique-de-marque-starcare","status":"publish","type":"product","link":"https:\/\/docmarket-dz.com\/index.php\/product\/defibrillateur-externe-semiautomatique-de-marque-starcare\/","title":{"rendered":"DEFIBRILLATEUR EXTERNE SEMIAUTOMATIQUE DE MARQUE STARCARE"},"content":{"rendered":"","protected":false},"excerpt":{"rendered":"","protected":false},"featured_media":27934,"comment_status":"open","ping_status":"closed","template":"","meta":{"content-type":"","om_disable_all_campaigns":false,"_uf_show_specific_survey":0,"_uf_disable_surveys":false,"jetpack_publicize_message":"","jetpack_publicize_feature_enabled":true,"jetpack_social_post_already_shared":false,"jetpack_social_options":{"image_generator_settings":{"template":"highway","default_image_id":0,"font":"","enabled":false},"version":2}},"product_brand":[],"product_cat":[555,487],"product_tag":[],"class_list":{"0":"post-27933","1":"product","2":"type-product","3":"status-publish","4":"has-post-thumbnail","6":"product_cat-equipement","7":"product_cat-medical","9":"first","10":"instock","11":"purchasable","12":"product-type-simple"},"supplier_id":null,"supplier_sku":"","barcode":null,"atum_controlled":true,"out_stock_date":null,"out_stock_threshold":null,"inheritable":false,"inbound_stock":0,"stock_on_hold":0,"sold_today":0,"sales_last_days":0,"reserved_stock":0,"customer_returns":0,"warehouse_damage":0,"lost_in_post":0,"other_logs":0,"out_stock_days":0,"lost_sales":0,"has_location":false,"update_date":"2026-04-10T00:05:02","atum_locations":[],"atum_stock_status":"instock","restock_status":false,"low_stock_amount":"","sales_update_date":"2026-04-10T00:05:02","calc_backorders":null,"aioseo_notices":[],"jetpack_publicize_connections":[],"jetpack-related-posts":[{"id":27926,"url":"https:\/\/docmarket-dz.com\/index.php\/product\/defibrillateur-manuel-et-aed-360j-avec-scope-ecg-synchro-avec-pacemaker-biphasique-palettes-adultes-et-pediatrique-module-spo2-gratuit-marque-starcare\/","url_meta":{"origin":27933,"position":0},"title":"DEFIBRILLATEUR MANUEL ET AED 360J AVEC SCOPE\/ECG\/SYNCHRO AVEC PACEMAKER- BIPHASIQUE- PALETTES ADULTES ET PEDIATRIQUE &#8220;MODULE SPO2 GRATUIT&#8221; MARQUE STARCARE","author":"fatmazohra.nasri","date":"27\/11\/2023","format":false,"excerpt":"","rel":"","context":"Article similaire","block_context":{"text":"Article similaire","link":""},"img":{"alt_text":"","src":"","width":0,"height":0},"classes":[]},{"id":29616,"url":"https:\/\/docmarket-dz.com\/index.php\/product\/petite-boite-chirurgie-complete-11-elements-marque-starcare\/","url_meta":{"origin":27933,"position":1},"title":"Petite Boite Chirurgie Complete 11 El\u00e9ments Marque StarCare","author":"Amel","date":"06\/11\/2024","format":false,"excerpt":"","rel":"","context":"Article similaire","block_context":{"text":"Article similaire","link":""},"img":{"alt_text":"","src":"","width":0,"height":0},"classes":[]},{"id":27907,"url":"https:\/\/docmarket-dz.com\/index.php\/product\/negatoscope-standard-01-plage-starcare\/","url_meta":{"origin":27933,"position":2},"title":"NEGATOSCOPE STANDARD 01 PLAGE STARCARE","author":"fatmazohra.nasri","date":"26\/11\/2023","format":false,"excerpt":"","rel":"","context":"Article similaire","block_context":{"text":"Article similaire","link":""},"img":{"alt_text":"","src":"https:\/\/i0.wp.com\/docmarket-dz.com\/wp-content\/uploads\/2023\/11\/negatoscope-starcare-4-plages.jpg?fit=602%2C592&ssl=1&resize=350%2C200","width":350,"height":200,"srcset":"https:\/\/i0.wp.com\/docmarket-dz.com\/wp-content\/uploads\/2023\/11\/negatoscope-starcare-4-plages.jpg?fit=602%2C592&ssl=1&resize=350%2C200 1x, https:\/\/i0.wp.com\/docmarket-dz.com\/wp-content\/uploads\/2023\/11\/negatoscope-starcare-4-plages.jpg?fit=602%2C592&ssl=1&resize=525%2C300 1.5x"},"classes":[]},{"id":28608,"url":"https:\/\/docmarket-dz.com\/index.php\/product\/brassard-02-sorties-taille-m-starcare\/","url_meta":{"origin":27933,"position":3},"title":"BRASSARD 02 SORTIES TAILLE M STARCARE","author":"s.arbouche","date":"11\/03\/2024","format":false,"excerpt":"","rel":"","context":"Article similaire","block_context":{"text":"Article similaire","link":""},"img":{"alt_text":"","src":"https:\/\/i0.wp.com\/docmarket-dz.com\/wp-content\/uploads\/2024\/03\/IMG_20240311_141251-removebg-preview-1.png?fit=577%2C432&ssl=1&resize=350%2C200","width":350,"height":200,"srcset":"https:\/\/i0.wp.com\/docmarket-dz.com\/wp-content\/uploads\/2024\/03\/IMG_20240311_141251-removebg-preview-1.png?fit=577%2C432&ssl=1&resize=350%2C200 1x, https:\/\/i0.wp.com\/docmarket-dz.com\/wp-content\/uploads\/2024\/03\/IMG_20240311_141251-removebg-preview-1.png?fit=577%2C432&ssl=1&resize=525%2C300 1.5x"},"classes":[]},{"id":27545,"url":"https:\/\/docmarket-dz.com\/index.php\/product\/micro-toise-murale-starcare\/","url_meta":{"origin":27933,"position":4},"title":"MICRO TOISE MURALE STARCARE","author":"fatmazohra.nasri","date":"17\/10\/2023","format":false,"excerpt":"Cette micro toise murale, pr\u00e9cise au mm, est tr\u00e8s simple d\u2019utilisation. La taille de la personne mesur\u00e9e est indiqu\u00e9e dans la fen\u00eatre de lecture au niveau de la ligne de rep\u00e8re.","rel":"","context":"Article similaire","block_context":{"text":"Article similaire","link":""},"img":{"alt_text":"","src":"https:\/\/i0.wp.com\/docmarket-dz.com\/wp-content\/uploads\/2023\/10\/micro-toise-starcare.jpg?fit=607%2C594&ssl=1&resize=350%2C200","width":350,"height":200,"srcset":"https:\/\/i0.wp.com\/docmarket-dz.com\/wp-content\/uploads\/2023\/10\/micro-toise-starcare.jpg?fit=607%2C594&ssl=1&resize=350%2C200 1x, https:\/\/i0.wp.com\/docmarket-dz.com\/wp-content\/uploads\/2023\/10\/micro-toise-starcare.jpg?fit=607%2C594&ssl=1&resize=525%2C300 1.5x"},"classes":[]},{"id":28657,"url":"https:\/\/docmarket-dz.com\/index.php\/product\/solution-hydroalcoolique-cristal-1l\/","url_meta":{"origin":27933,"position":5},"title":"Solution Hydroalcoolique Cristal 1L","author":"TIKELALINE Amel","date":"19\/03\/2024","format":false,"excerpt":"Solution alcoolique en bouteille de 1 litre de la marque Cristal. Formul\u00e9e pour un usage externe seulement. Contient un pourcentage appropri\u00e9 d'alcool pour d\u00e9sinfecter efficacement les surfaces. Convient pour une utilisation dans les environnements m\u00e9dicaux, commerciaux et domestiques. Id\u00e9ale pour la d\u00e9sinfection des mains, des surfaces et des instruments m\u00e9dicaux.\u2026","rel":"","context":"Article similaire","block_context":{"text":"Article similaire","link":""},"img":{"alt_text":"","src":"https:\/\/i0.wp.com\/docmarket-dz.com\/wp-content\/uploads\/2024\/03\/IMG_20240324_102231-removebg-preview-2-1.png?fit=599%2C601&ssl=1&resize=350%2C200","width":350,"height":200,"srcset":"https:\/\/i0.wp.com\/docmarket-dz.com\/wp-content\/uploads\/2024\/03\/IMG_20240324_102231-removebg-preview-2-1.png?fit=599%2C601&ssl=1&resize=350%2C200 1x, https:\/\/i0.wp.com\/docmarket-dz.com\/wp-content\/uploads\/2024\/03\/IMG_20240324_102231-removebg-preview-2-1.png?fit=599%2C601&ssl=1&resize=525%2C300 1.5x"},"classes":[]}],"jetpack_sharing_enabled":true,"tiered_pricing_type":"fixed","tiered_pricing_fixed_rules":[],"tiered_pricing_product_settings":{"layout":"default","base_unit_name":{"singular":null,"plural":null},"default_variation":null},"tiered_pricing_minimum_quantity":null,"tiered_pricing_roles_data":[],"tiered_pricing_percentage_rules":[],"_links":{"self":[{"href":"https:\/\/docmarket-dz.com\/index.php\/wp-json\/wp\/v2\/product\/27933","targetHints":{"allow":["GET"]}}],"collection":[{"href":"https:\/\/docmarket-dz.com\/index.php\/wp-json\/wp\/v2\/product"}],"about":[{"href":"https:\/\/docmarket-dz.com\/index.php\/wp-json\/wp\/v2\/types\/product"}],"replies":[{"embeddable":true,"href":"https:\/\/docmarket-dz.com\/index.php\/wp-json\/wp\/v2\/comments?post=27933"}],"wp:featuredmedia":[{"embeddable":true,"href":"https:\/\/docmarket-dz.com\/index.php\/wp-json\/wp\/v2\/media\/27934"}],"wp:attachment":[{"href":"https:\/\/docmarket-dz.com\/index.php\/wp-json\/wp\/v2\/media?parent=27933"}],"wp:term":[{"taxonomy":"product_brand","embeddable":true,"href":"https:\/\/docmarket-dz.com\/index.php\/wp-json\/wp\/v2\/product_brand?post=27933"},{"taxonomy":"product_cat","embeddable":true,"href":"https:\/\/docmarket-dz.com\/index.php\/wp-json\/wp\/v2\/product_cat?post=27933"},{"taxonomy":"product_tag","embeddable":true,"href":"https:\/\/docmarket-dz.com\/index.php\/wp-json\/wp\/v2\/product_tag?post=27933"}],"curies":[{"name":"wp","href":"https:\/\/api.w.org\/{rel}","templated":true}]}}