{"id":27981,"date":"2023-12-04T10:11:58","date_gmt":"2023-12-04T09:11:58","guid":{"rendered":"https:\/\/docmarket-dz.com\/?post_type=product&#038;p=27981"},"modified":"2024-01-28T17:08:20","modified_gmt":"2024-01-28T16:08:20","slug":"doppler-cardio-portatif-avec-sonde-8-mhz","status":"publish","type":"product","link":"https:\/\/docmarket-dz.com\/index.php\/product\/doppler-cardio-portatif-avec-sonde-8-mhz\/","title":{"rendered":"DOPPLER CARDIO PORTATIF AVEC SONDE 8 MHz"},"content":{"rendered":"<p>Le\u00a0<strong>doppler f\u0153tal et vasculaire de poche Sonoline C de Gima<\/strong>\u00a0avec \u00e9cran couleur est un dispositif de diagnostic m\u00e9dical portable con\u00e7u pour d\u00e9tecter les signes de vie f\u0153tale. Il est utilis\u00e9 pour \u00e9valuer la circulation sanguine et le battement cardiaque f\u0153tal pendant la grossesse. Le doppler de f\u0153tal et vasculaire Sonoline C est propos\u00e9 avec diff\u00e9rentes sondes (choix en option).<\/p>\n<p>Le\u00a0<strong>doppler f\u0153tal et vasculaire de poche Sonoline C\u00a0<\/strong>est un choix pratique pour les professionnels de la sant\u00e9 qui cherchent un dispositif portable. Il convient \u00e9galement pour l\u2019autocontr\u00f4le \u00e0 domicile par les femmes enceintes.<\/p>\n<p>L&#8217;\u00e9cran couleur LCD facilite la visualisation claire du trac\u00e9 des battements du c\u0153ur du f\u0153tus et permet un r\u00e9sultat pr\u00e9cis du RCF afin de former un diagnostic juste.<\/p>\n<p>Trois modes de fonctionnement sont disponibles\u00a0: un mode d\u2019affichage du RCF en temps r\u00e9el, un mode d\u2019affichage du RCF moyen et un mode manuel. Une sortie audio vous permet de brancher des \u00e9couteurs pour une \u00e9coute direct. Il est \u00e9galement \u00e9quip\u00e9 d\u2019un signal d\u2019alarme rouge en cas de rythme cardiaque en dehors des valeurs normales.<\/p>\n<h2>Caract\u00e9ristiques techniques du doppler f\u0153tal et vasculaire de poche Sonoline C<\/h2>\n<ul>\n<li>Sondes disponibles\u00a0: 2, 3, 8 MHz<\/li>\n<li>Fr\u00e9quence ultrasons\u00a0: 2MHZ \u00b1 10%<\/li>\n<li>Fr\u00e9quence cardiaque du f\u0153tus\u00a0:\n<ul>\n<li>Plage\u00a0: 50-240 bpm<\/li>\n<li>R\u00e9solution : 1 bpm<\/li>\n<li>Pr\u00e9cision : \u00b1 2 bpm<\/li>\n<\/ul>\n<\/li>\n<li>Alarme<\/li>\n<li>Arr\u00eat automatique apr\u00e8s 1 minute sans signal<\/li>\n<li>Poids\u00a0: 245 g<\/li>\n<li>Dimensions\u00a0: 135 x 95 x 35 mm<\/li>\n<li>Alimentation\u00a0: 2 batteries AA LR6<\/li>\n<li>Autonomie\u00a0: 8h<\/li>\n<\/ul>\n<p>P\u00e9riode d\u2019utilisation\u00a0: \u00e0 partir de la 12\u00e8me semaine de gestation<\/p>\n","protected":false},"excerpt":{"rendered":"<p>Le\u00a0doppler f\u0153tal et vasculaire de poche Sonoline C de Gima\u00a0avec \u00e9cran couleur est un dispositif de diagnostic m\u00e9dical portable con\u00e7u pour d\u00e9tecter les signes de vie f\u0153tale. Il est utilis\u00e9 pour \u00e9valuer la circulation sanguine et le battement cardiaque f\u0153tal pendant la grossesse. Le doppler de f\u0153tal et vasculaire Sonoline C est propos\u00e9 avec diff\u00e9rentes [&hellip;]<\/p>\n","protected":false},"featured_media":27982,"comment_status":"open","ping_status":"closed","template":"","meta":{"content-type":"","om_disable_all_campaigns":false,"_uf_show_specific_survey":0,"_uf_disable_surveys":false,"jetpack_publicize_message":"","jetpack_publicize_feature_enabled":true,"jetpack_social_post_already_shared":false,"jetpack_social_options":{"image_generator_settings":{"template":"highway","default_image_id":0,"font":"","enabled":false},"version":2}},"product_brand":[],"product_cat":[555,487],"product_tag":[],"class_list":{"0":"post-27981","1":"product","2":"type-product","3":"status-publish","4":"has-post-thumbnail","6":"product_cat-equipement","7":"product_cat-medical","9":"first","10":"onbackorder","11":"taxable","12":"shipping-taxable","13":"purchasable","14":"product-type-simple"},"supplier_id":null,"supplier_sku":"","barcode":null,"atum_controlled":true,"out_stock_date":null,"out_stock_threshold":null,"inheritable":false,"inbound_stock":0,"stock_on_hold":0,"sold_today":0,"sales_last_days":0,"reserved_stock":0,"customer_returns":0,"warehouse_damage":0,"lost_in_post":0,"other_logs":0,"out_stock_days":0,"lost_sales":0,"has_location":false,"update_date":"2026-04-10T00:05:02","atum_locations":[],"atum_stock_status":"onbackorder","restock_status":false,"low_stock_amount":"","sales_update_date":"2026-04-10T00:05:02","calc_backorders":null,"aioseo_notices":[],"jetpack_publicize_connections":[],"jetpack-related-posts":[{"id":28200,"url":"https:\/\/docmarket-dz.com\/index.php\/product\/doppler-vasculaire-sonolinne-b-avec-pack-02-sondes-vasculaire-0508-mhz-instructions\/","url_meta":{"origin":27981,"position":0},"title":"Doppler vasculaire sonolinne B AVEC PACK 02 SONDES VASCULAIRE 05&amp;08 Mhz Instructions","author":"fatmazohra.nasri","date":"27\/12\/2023","format":false,"excerpt":"","rel":"","context":"Article similaire","block_context":{"text":"Article similaire","link":""},"img":{"alt_text":"","src":"","width":0,"height":0},"classes":[]},{"id":28196,"url":"https:\/\/docmarket-dz.com\/index.php\/product\/doppler-de-frequence-cardiaque-foetale-sonotech-pro\/","url_meta":{"origin":27981,"position":1},"title":"DOPPLER DE FR\u00c9QUENCE CARDIAQUE FOETALE SONOTECH PRO","author":"fatmazohra.nasri","date":"26\/12\/2023","format":false,"excerpt":"","rel":"","context":"Article similaire","block_context":{"text":"Article similaire","link":""},"img":{"alt_text":"","src":"https:\/\/i0.wp.com\/docmarket-dz.com\/wp-content\/uploads\/2023\/12\/IMG_2414.jpeg?fit=1001%2C1200&ssl=1&resize=350%2C200","width":350,"height":200,"srcset":"https:\/\/i0.wp.com\/docmarket-dz.com\/wp-content\/uploads\/2023\/12\/IMG_2414.jpeg?fit=1001%2C1200&ssl=1&resize=350%2C200 1x, https:\/\/i0.wp.com\/docmarket-dz.com\/wp-content\/uploads\/2023\/12\/IMG_2414.jpeg?fit=1001%2C1200&ssl=1&resize=525%2C300 1.5x, https:\/\/i0.wp.com\/docmarket-dz.com\/wp-content\/uploads\/2023\/12\/IMG_2414.jpeg?fit=1001%2C1200&ssl=1&resize=700%2C400 2x"},"classes":[]},{"id":28500,"url":"https:\/\/docmarket-dz.com\/index.php\/product\/sonde-cannelee-12-cm\/","url_meta":{"origin":27981,"position":2},"title":"Sonde cannel\u00e9e 12 cm","author":"fatmazohra.nasri","date":"07\/02\/2024","format":false,"excerpt":"La\u00a0sonde cannel\u00e9e, compos\u00e9e d'une canule, est un instrument de chirurgie utilis\u00e9 pour la\u00a0dissection\u00a0ainsi que la d\u00e9coupe des pansements en toute s\u00e9curit\u00e9 sur le patient. \u00a0 Sonde cannel\u00e9e Instrument de\u00a0chirurgie Sert \u00e0 la dissection et \u00e0 la d\u00e9coupe de\u00a0pansements Domaines chirurgical, v\u00e9t\u00e9rinaire et infirmier Plusieurs dimensions disponibles","rel":"","context":"Article similaire","block_context":{"text":"Article similaire","link":""},"img":{"alt_text":"","src":"https:\/\/i0.wp.com\/docmarket-dz.com\/wp-content\/uploads\/2024\/02\/Sonde-cannelee-12-cm.jpg?fit=600%2C602&ssl=1&resize=350%2C200","width":350,"height":200,"srcset":"https:\/\/i0.wp.com\/docmarket-dz.com\/wp-content\/uploads\/2024\/02\/Sonde-cannelee-12-cm.jpg?fit=600%2C602&ssl=1&resize=350%2C200 1x, https:\/\/i0.wp.com\/docmarket-dz.com\/wp-content\/uploads\/2024\/02\/Sonde-cannelee-12-cm.jpg?fit=600%2C602&ssl=1&resize=525%2C300 1.5x"},"classes":[]},{"id":28502,"url":"https:\/\/docmarket-dz.com\/index.php\/product\/sonde-cannelee-14-cm\/","url_meta":{"origin":27981,"position":3},"title":"Sonde cannel\u00e9e 14 cm","author":"fatmazohra.nasri","date":"07\/02\/2024","format":false,"excerpt":"La\u00a0sonde cannel\u00e9e, compos\u00e9e d'une canule, est un instrument de chirurgie utilis\u00e9 pour la\u00a0dissection\u00a0ainsi que la d\u00e9coupe des pansements en toute s\u00e9curit\u00e9 sur le patient. \u00a0 Sonde cannel\u00e9e Instrument de\u00a0chirurgie Sert \u00e0 la dissection et \u00e0 la d\u00e9coupe de\u00a0pansements Domaines chirurgical, v\u00e9t\u00e9rinaire et infirmier Plusieurs dimensions disponibles","rel":"","context":"Article similaire","block_context":{"text":"Article similaire","link":""},"img":{"alt_text":"","src":"https:\/\/i0.wp.com\/docmarket-dz.com\/wp-content\/uploads\/2024\/02\/sonde-cannelee-14-cm.jpg?fit=602%2C600&ssl=1&resize=350%2C200","width":350,"height":200,"srcset":"https:\/\/i0.wp.com\/docmarket-dz.com\/wp-content\/uploads\/2024\/02\/sonde-cannelee-14-cm.jpg?fit=602%2C600&ssl=1&resize=350%2C200 1x, https:\/\/i0.wp.com\/docmarket-dz.com\/wp-content\/uploads\/2024\/02\/sonde-cannelee-14-cm.jpg?fit=602%2C600&ssl=1&resize=525%2C300 1.5x"},"classes":[]},{"id":28504,"url":"https:\/\/docmarket-dz.com\/index.php\/product\/sonde-cannelee-16-cm\/","url_meta":{"origin":27981,"position":4},"title":"Sonde cannel\u00e9e 16 cm","author":"fatmazohra.nasri","date":"07\/02\/2024","format":false,"excerpt":"La\u00a0sonde cannel\u00e9e, compos\u00e9e d'une canule, est un instrument de chirurgie utilis\u00e9 pour la\u00a0dissection\u00a0ainsi que la d\u00e9coupe des pansements en toute s\u00e9curit\u00e9 sur le patient. \u00a0 Sonde cannel\u00e9e Instrument de\u00a0chirurgie Sert \u00e0 la dissection et \u00e0 la d\u00e9coupe de\u00a0pansements Domaines chirurgical, v\u00e9t\u00e9rinaire et infirmier Plusieurs dimensions disponibles","rel":"","context":"Article similaire","block_context":{"text":"Article similaire","link":""},"img":{"alt_text":"","src":"https:\/\/i0.wp.com\/docmarket-dz.com\/wp-content\/uploads\/2024\/02\/sonde-cannelee-16-CM.jpg?fit=613%2C599&ssl=1&resize=350%2C200","width":350,"height":200,"srcset":"https:\/\/i0.wp.com\/docmarket-dz.com\/wp-content\/uploads\/2024\/02\/sonde-cannelee-16-CM.jpg?fit=613%2C599&ssl=1&resize=350%2C200 1x, https:\/\/i0.wp.com\/docmarket-dz.com\/wp-content\/uploads\/2024\/02\/sonde-cannelee-16-CM.jpg?fit=613%2C599&ssl=1&resize=525%2C300 1.5x"},"classes":[]},{"id":28546,"url":"https:\/\/docmarket-dz.com\/index.php\/product\/wellead-sonde-gastrique-pvc-stomach-tube-10fr\/","url_meta":{"origin":27981,"position":5},"title":"WELLEAD SONDE GASTRIQUE PVC (STOMACH TUBE) 10FR","author":"fatmazohra.nasri","date":"15\/02\/2024","format":false,"excerpt":"Une\u00a0sonde endotrach\u00e9ale\u00a0(ou\u00a0tube endotrach\u00e9al) est une sonde destin\u00e9e \u00e0 \u00eatre ins\u00e9r\u00e9e par la bouche ou le nez dans la trach\u00e9e pour assurer le maintien de la perm\u00e9abilit\u00e9 des voies a\u00e9riennes et permettre la\u00a0ventilation m\u00e9canique\u00a0(voir\u00a0intubation trach\u00e9ale)","rel":"","context":"Article similaire","block_context":{"text":"Article similaire","link":""},"img":{"alt_text":"","src":"https:\/\/i0.wp.com\/docmarket-dz.com\/wp-content\/uploads\/2024\/02\/IMG_20240317_150020-removebg-preview-1.png?fit=606%2C602&ssl=1&resize=350%2C200","width":350,"height":200,"srcset":"https:\/\/i0.wp.com\/docmarket-dz.com\/wp-content\/uploads\/2024\/02\/IMG_20240317_150020-removebg-preview-1.png?fit=606%2C602&ssl=1&resize=350%2C200 1x, https:\/\/i0.wp.com\/docmarket-dz.com\/wp-content\/uploads\/2024\/02\/IMG_20240317_150020-removebg-preview-1.png?fit=606%2C602&ssl=1&resize=525%2C300 1.5x"},"classes":[]}],"jetpack_sharing_enabled":true,"tiered_pricing_type":"fixed","tiered_pricing_fixed_rules":[],"tiered_pricing_product_settings":{"layout":"default","base_unit_name":{"singular":null,"plural":null},"default_variation":null},"tiered_pricing_minimum_quantity":null,"tiered_pricing_roles_data":[],"tiered_pricing_percentage_rules":[],"_links":{"self":[{"href":"https:\/\/docmarket-dz.com\/index.php\/wp-json\/wp\/v2\/product\/27981","targetHints":{"allow":["GET"]}}],"collection":[{"href":"https:\/\/docmarket-dz.com\/index.php\/wp-json\/wp\/v2\/product"}],"about":[{"href":"https:\/\/docmarket-dz.com\/index.php\/wp-json\/wp\/v2\/types\/product"}],"replies":[{"embeddable":true,"href":"https:\/\/docmarket-dz.com\/index.php\/wp-json\/wp\/v2\/comments?post=27981"}],"wp:featuredmedia":[{"embeddable":true,"href":"https:\/\/docmarket-dz.com\/index.php\/wp-json\/wp\/v2\/media\/27982"}],"wp:attachment":[{"href":"https:\/\/docmarket-dz.com\/index.php\/wp-json\/wp\/v2\/media?parent=27981"}],"wp:term":[{"taxonomy":"product_brand","embeddable":true,"href":"https:\/\/docmarket-dz.com\/index.php\/wp-json\/wp\/v2\/product_brand?post=27981"},{"taxonomy":"product_cat","embeddable":true,"href":"https:\/\/docmarket-dz.com\/index.php\/wp-json\/wp\/v2\/product_cat?post=27981"},{"taxonomy":"product_tag","embeddable":true,"href":"https:\/\/docmarket-dz.com\/index.php\/wp-json\/wp\/v2\/product_tag?post=27981"}],"curies":[{"name":"wp","href":"https:\/\/api.w.org\/{rel}","templated":true}]}}