{"id":28026,"date":"2023-12-06T12:34:40","date_gmt":"2023-12-06T11:34:40","guid":{"rendered":"https:\/\/docmarket-dz.com\/?post_type=product&#038;p=28026"},"modified":"2025-11-19T21:54:36","modified_gmt":"2025-11-19T20:54:36","slug":"bechtoscope-plus-liquide-desinfectant-concentre-1l","status":"publish","type":"product","link":"https:\/\/docmarket-dz.com\/index.php\/product\/bechtoscope-plus-liquide-desinfectant-concentre-1l\/","title":{"rendered":"Bechtoscope Plus &#8211; liquide d\u00e9sinfectant concentr\u00e9 1L"},"content":{"rendered":"<div class=\"adn ads\" data-message-id=\"#msg-f:1795226578457828810\" data-legacy-message-id=\"18e9ed0fc4519dca\">\n<div class=\"gs\">\n<div class=\"\">\n<div id=\":n4\" class=\"ii gt\">\n<div id=\":n5\" class=\"a3s aiL \">\n<p>\u00a0Le produit Bechtoscope plus est une solution de d\u00e9sinfection pour instruments m\u00e9dicaux, invasifs et non invasifs, ainsi que pour les dispositifs m\u00e9dicaux, y compris les endoscopes rigides et flexibles.<\/p>\n<p>\u2022\u00a0 \u00a0 \u00a0 \u00a0Propri\u00e9t\u00e9s: Il est compos\u00e9 d\u2019ald\u00e9hydes et de compos\u00e9s d\u2019ammonium quaternaire, avec une forte activit\u00e9 microbiologique \u00e0 faible concentration. Sans formald\u00e9hyde et biod\u00e9gradable, il offre d\u2019excellentes propri\u00e9t\u00e9s de nettoyage et est efficace m\u00eame en pr\u00e9sence de mati\u00e8re organique. Il est compatible avec divers mat\u00e9riaux et efficace contre les bact\u00e9ries, les levures, les mycobact\u00e9ries, les virus et les spores.<br \/>\n\u2022\u00a0 \u00a0 \u00a0 \u00a0Mode d\u2019emploi: Diluer avec de l\u2019eau du robinet, immerger les instruments dans la solution apr\u00e8s d\u00e9montage et ouverture des ouvertures, puis laisser agir. Pour les surfaces, utiliser des moyens d\u2019application appropri\u00e9s imbib\u00e9s de solution.<br \/>\n\u2022\u00a0 \u00a0 \u00a0 \u00a0Compatibilit\u00e9 des mat\u00e9riaux: Convient \u00e0 une vari\u00e9t\u00e9 de m\u00e9taux et de mati\u00e8res synth\u00e9tiques.<br \/>\n\u2022\u00a0 \u00a0 \u00a0 \u00a0Pr\u00e9cautions: \u00c9viter l\u2019inhalation de poussi\u00e8res\/fum\u00e9es\/gaz\/brouillards\/vapeurs\/a\u00e9rosols, porter des \u00e9quipements de protection, se laver les mains apr\u00e8s manipulation, \u00e9viter le contact avec la peau\/les yeux\/ingestion, stocker dans un endroit ventil\u00e9 \u00e0 temp\u00e9rature contr\u00f4l\u00e9e, tenir hors de port\u00e9e des enfants, et \u00e9liminer conform\u00e9ment aux r\u00e9glementations.<\/p>\n<\/div>\n<\/div>\n<\/div>\n<\/div>\n<\/div>\n","protected":false},"excerpt":{"rendered":"<p>\u00a0Le produit Bechtoscope plus est une solution de d\u00e9sinfection pour instruments m\u00e9dicaux, invasifs et non invasifs, ainsi que pour les dispositifs m\u00e9dicaux, y compris les endoscopes rigides et flexibles. \u2022\u00a0 \u00a0 \u00a0 \u00a0Propri\u00e9t\u00e9s: Il est compos\u00e9 d\u2019ald\u00e9hydes et de compos\u00e9s d\u2019ammonium quaternaire, avec une forte activit\u00e9 microbiologique \u00e0 faible concentration. Sans formald\u00e9hyde et biod\u00e9gradable, il [&hellip;]<\/p>\n","protected":false},"featured_media":28066,"comment_status":"open","ping_status":"closed","template":"","meta":{"content-type":"","om_disable_all_campaigns":false,"_uf_show_specific_survey":0,"_uf_disable_surveys":false,"jetpack_publicize_message":"","jetpack_publicize_feature_enabled":true,"jetpack_social_post_already_shared":false,"jetpack_social_options":{"image_generator_settings":{"template":"highway","default_image_id":0,"font":"","enabled":false},"version":2}},"product_brand":[],"product_cat":[906,560,739,881,883],"product_tag":[],"class_list":{"0":"post-28026","1":"product","2":"type-product","3":"status-publish","4":"has-post-thumbnail","6":"product_cat-cardiologei","7":"product_cat-hygiene","8":"product_cat-acupuncture","9":"product_cat-orl","10":"product_cat-radiologie","11":"ts_product_brand-becht","13":"first","14":"onbackorder","15":"taxable","16":"shipping-taxable","17":"purchasable","18":"product-type-simple"},"supplier_id":null,"supplier_sku":"","barcode":null,"atum_controlled":true,"out_stock_date":"2025-11-19 21:54:37","out_stock_threshold":null,"inheritable":false,"inbound_stock":0,"stock_on_hold":0,"sold_today":0,"sales_last_days":0,"reserved_stock":0,"customer_returns":0,"warehouse_damage":0,"lost_in_post":0,"other_logs":0,"out_stock_days":141,"lost_sales":90642,"has_location":true,"update_date":"2026-04-10T00:05:12","atum_locations":[{"id":915,"name":"B","slug":"b"}],"atum_stock_status":"onbackorder","restock_status":false,"low_stock_amount":4,"sales_update_date":"2026-04-10T00:05:12","calc_backorders":0,"aioseo_notices":[],"jetpack_publicize_connections":[],"jetpack-related-posts":[{"id":28657,"url":"https:\/\/docmarket-dz.com\/index.php\/product\/solution-hydroalcoolique-cristal-1l\/","url_meta":{"origin":28026,"position":0},"title":"Solution Hydroalcoolique Cristal 1L","author":"TIKELALINE Amel","date":"19\/03\/2024","format":false,"excerpt":"Solution alcoolique en bouteille de 1 litre de la marque Cristal. Formul\u00e9e pour un usage externe seulement. Contient un pourcentage appropri\u00e9 d'alcool pour d\u00e9sinfecter efficacement les surfaces. Convient pour une utilisation dans les environnements m\u00e9dicaux, commerciaux et domestiques. Id\u00e9ale pour la d\u00e9sinfection des mains, des surfaces et des instruments m\u00e9dicaux.\u2026","rel":"","context":"Article similaire","block_context":{"text":"Article similaire","link":""},"img":{"alt_text":"","src":"https:\/\/i0.wp.com\/docmarket-dz.com\/wp-content\/uploads\/2024\/03\/IMG_20240324_102231-removebg-preview-2-1.png?fit=599%2C601&ssl=1&resize=350%2C200","width":350,"height":200,"srcset":"https:\/\/i0.wp.com\/docmarket-dz.com\/wp-content\/uploads\/2024\/03\/IMG_20240324_102231-removebg-preview-2-1.png?fit=599%2C601&ssl=1&resize=350%2C200 1x, https:\/\/i0.wp.com\/docmarket-dz.com\/wp-content\/uploads\/2024\/03\/IMG_20240324_102231-removebg-preview-2-1.png?fit=599%2C601&ssl=1&resize=525%2C300 1.5x"},"classes":[]},{"id":26638,"url":"https:\/\/docmarket-dz.com\/index.php\/product\/desinfectant-anios-clean-exel-d-1l\/","url_meta":{"origin":28026,"position":1},"title":"PRE-DESINFECTANT ANIOS CLEAN EXEL D 5L &#8221; Remplace Hexanios &#8220;","author":"falek.h","date":"17\/03\/2023","format":false,"excerpt":"Anios Clean Excel D Nettoyant pr\u00e9-d\u00e9sinfectant Anios Clean Excel D Rempla\u00e7ant du Hexanios : plus efficace, plus respectueux de l'environnement L'Anios Clean Excel D permet le nettoyage et la pr\u00e9-d\u00e9sinfection de l'instrumentation m\u00e9dico-chirurgicale, des dispositifs m\u00e9dicaux, des instruments thermosensibles et du mat\u00e9riel d'endoscopie.","rel":"","context":"Article similaire","block_context":{"text":"Article similaire","link":""},"img":{"alt_text":"","src":"https:\/\/i0.wp.com\/docmarket-dz.com\/wp-content\/uploads\/2023\/03\/DESINFECTANT-ANIOS-CLEAN-EXEL-D-1L-e1680616437736.jpg?fit=463%2C600&ssl=1&resize=350%2C200","width":350,"height":200},"classes":[]},{"id":26642,"url":"https:\/\/docmarket-dz.com\/index.php\/product\/desinfectant-instrument-instrunet\/","url_meta":{"origin":28026,"position":2},"title":"DESINFECTANT INSTRUMENT INSTRUNET","author":"falek.h","date":"17\/03\/2023","format":false,"excerpt":"Instrument Ultrason est le premier d\u00e9sinfectant libre en ald\u00e9hydes. Il est utilis\u00e9 pour des nettoyages et d\u00e9sinfections de mat\u00e9riel par ultrasons. Il s'agit d'un d\u00e9tergent enzymatique concentr\u00e9 avec 4 enzymes formul\u00e9 pour \u00e9liminer les restes organiques dans le mat\u00e9riel dentaire et chirurgical \u00e0 base de prot\u00e9ine, glucidique, lipide et cellulosique.","rel":"","context":"Article similaire","block_context":{"text":"Article similaire","link":""},"img":{"alt_text":"","src":"https:\/\/i0.wp.com\/docmarket-dz.com\/wp-content\/uploads\/2023\/03\/DESINFECTANT-INSTRUMENT-INSTRUNET-e1680613760727.jpg?fit=600%2C600&ssl=1&resize=350%2C200","width":350,"height":200,"srcset":"https:\/\/i0.wp.com\/docmarket-dz.com\/wp-content\/uploads\/2023\/03\/DESINFECTANT-INSTRUMENT-INSTRUNET-e1680613760727.jpg?fit=600%2C600&ssl=1&resize=350%2C200 1x, https:\/\/i0.wp.com\/docmarket-dz.com\/wp-content\/uploads\/2023\/03\/DESINFECTANT-INSTRUMENT-INSTRUNET-e1680613760727.jpg?fit=600%2C600&ssl=1&resize=525%2C300 1.5x"},"classes":[]},{"id":27709,"url":"https:\/\/docmarket-dz.com\/index.php\/product\/bechtol-premium-1l-concentre\/","url_meta":{"origin":28026,"position":3},"title":"Bechtol Premium 1L Concentr\u00e9 &#8211; D\u00e9sinfectant pour instruments","author":"fatmazohra.nasri","date":"04\/12\/2023","format":false,"excerpt":"Concentr\u00e9 haute performance de nouvelle g\u00e9n\u00e9ration pour la d\u00e9sinfection et le nettoyage des instruments. Pays :\u00a0Germany","rel":"","context":"Article similaire","block_context":{"text":"Article similaire","link":""},"img":{"alt_text":"","src":"https:\/\/i0.wp.com\/docmarket-dz.com\/wp-content\/uploads\/2023\/10\/IMG_1654-PhotoRoom.png-PhotoRoom.png?fit=601%2C598&ssl=1&resize=350%2C200","width":350,"height":200,"srcset":"https:\/\/i0.wp.com\/docmarket-dz.com\/wp-content\/uploads\/2023\/10\/IMG_1654-PhotoRoom.png-PhotoRoom.png?fit=601%2C598&ssl=1&resize=350%2C200 1x, https:\/\/i0.wp.com\/docmarket-dz.com\/wp-content\/uploads\/2023\/10\/IMG_1654-PhotoRoom.png-PhotoRoom.png?fit=601%2C598&ssl=1&resize=525%2C300 1.5x"},"classes":[]},{"id":26650,"url":"https:\/\/docmarket-dz.com\/index.php\/product\/desinfectant-surface-surfanium-5l\/","url_meta":{"origin":28026,"position":4},"title":"SURFANIOS Premium 5L","author":"falek.h","date":"17\/03\/2023","format":false,"excerpt":"D\u00e9tergent D\u00e9sinfectant sols et surfaces \u00a0 \u00a0 \u00a0 \u00a0 \u00a0 \u00a0 \u00a0\u00a0 Produit combinant les actions d\u00e9tergente et d\u00e9sinfectante Efficace sur les bact\u00e9ries et moisissures isol\u00e9es de l'environnement hospitalier Produit formul\u00e9 sans ald\u00e9hyde Optimisation \u00e9cotoxycologiques \u00a0 \u00a0 \u00a0 \u00a0 \u00a0 \u00a0Indications : Nettoyage et d\u00e9sinfection des sols, murs, mat\u00e9riel m\u00e9dical\u2026","rel":"","context":"Article similaire","block_context":{"text":"Article similaire","link":""},"img":{"alt_text":"","src":"https:\/\/i0.wp.com\/docmarket-dz.com\/wp-content\/uploads\/2023\/03\/DESINFECTANT-SURFACE-SURFANIUM-5L-e1680614797239.webp?fit=477%2C600&ssl=1&resize=350%2C200","width":350,"height":200},"classes":[]},{"id":26412,"url":"https:\/\/docmarket-dz.com\/index.php\/product\/desinfectant-concentre-1l\/","url_meta":{"origin":28026,"position":5},"title":"DESINFECTANT CONCENTRE 1L","author":"falek.h","date":"12\/03\/2023","format":false,"excerpt":"","rel":"","context":"Article similaire","block_context":{"text":"Article similaire","link":""},"img":{"alt_text":"","src":"","width":0,"height":0},"classes":[]}],"jetpack_sharing_enabled":true,"tiered_pricing_type":"fixed","tiered_pricing_fixed_rules":[],"tiered_pricing_product_settings":{"layout":"default","base_unit_name":{"singular":null,"plural":null},"default_variation":null},"tiered_pricing_minimum_quantity":null,"tiered_pricing_roles_data":[],"tiered_pricing_percentage_rules":[],"_links":{"self":[{"href":"https:\/\/docmarket-dz.com\/index.php\/wp-json\/wp\/v2\/product\/28026","targetHints":{"allow":["GET"]}}],"collection":[{"href":"https:\/\/docmarket-dz.com\/index.php\/wp-json\/wp\/v2\/product"}],"about":[{"href":"https:\/\/docmarket-dz.com\/index.php\/wp-json\/wp\/v2\/types\/product"}],"replies":[{"embeddable":true,"href":"https:\/\/docmarket-dz.com\/index.php\/wp-json\/wp\/v2\/comments?post=28026"}],"wp:featuredmedia":[{"embeddable":true,"href":"https:\/\/docmarket-dz.com\/index.php\/wp-json\/wp\/v2\/media\/28066"}],"wp:attachment":[{"href":"https:\/\/docmarket-dz.com\/index.php\/wp-json\/wp\/v2\/media?parent=28026"}],"wp:term":[{"taxonomy":"product_brand","embeddable":true,"href":"https:\/\/docmarket-dz.com\/index.php\/wp-json\/wp\/v2\/product_brand?post=28026"},{"taxonomy":"product_cat","embeddable":true,"href":"https:\/\/docmarket-dz.com\/index.php\/wp-json\/wp\/v2\/product_cat?post=28026"},{"taxonomy":"product_tag","embeddable":true,"href":"https:\/\/docmarket-dz.com\/index.php\/wp-json\/wp\/v2\/product_tag?post=28026"}],"curies":[{"name":"wp","href":"https:\/\/api.w.org\/{rel}","templated":true}]}}