{"id":28037,"date":"2023-12-09T10:33:47","date_gmt":"2023-12-09T09:33:47","guid":{"rendered":"https:\/\/docmarket-dz.com\/?post_type=product&#038;p=28037"},"modified":"2024-06-20T16:02:39","modified_gmt":"2024-06-20T15:02:39","slug":"brosse-de-cytologique","status":"publish","type":"product","link":"https:\/\/docmarket-dz.com\/index.php\/product\/brosse-de-cytologique\/","title":{"rendered":"BROSSE DE CYTOLOGIQUE &#8211; Cytobrosse"},"content":{"rendered":"<p>Brosse pour le pr\u00e9l\u00e8vement et l\u2019analyse cytologique.<\/p>\n<p>Dispositif m\u00e9dical st\u00e9rile \u00e0 usage unique.<\/p>\n<p>V\u00e9rifier l\u2019int\u00e9grit\u00e9 de l\u2019emballage avant usage.<\/p>\n","protected":false},"excerpt":{"rendered":"<p>Brosse pour le pr\u00e9l\u00e8vement et l\u2019analyse cytologique. Dispositif m\u00e9dical st\u00e9rile \u00e0 usage unique. V\u00e9rifier l\u2019int\u00e9grit\u00e9 de l\u2019emballage avant usage.<\/p>\n","protected":false},"featured_media":28038,"comment_status":"open","ping_status":"closed","template":"","meta":{"content-type":"","om_disable_all_campaigns":false,"_uf_show_specific_survey":0,"_uf_disable_surveys":false,"jetpack_publicize_message":"","jetpack_publicize_feature_enabled":true,"jetpack_social_post_already_shared":false,"jetpack_social_options":{"image_generator_settings":{"template":"highway","default_image_id":0,"font":"","enabled":false},"version":2}},"product_brand":[],"product_cat":[882],"product_tag":[],"class_list":{"0":"post-28037","1":"product","2":"type-product","3":"status-publish","4":"has-post-thumbnail","6":"product_cat-gynecologie","8":"first","9":"onbackorder","10":"taxable","11":"shipping-taxable","12":"product-type-simple"},"supplier_id":null,"supplier_sku":"","barcode":null,"atum_controlled":true,"out_stock_date":null,"out_stock_threshold":null,"inheritable":false,"inbound_stock":0,"stock_on_hold":0,"sold_today":0,"sales_last_days":0,"reserved_stock":0,"customer_returns":0,"warehouse_damage":0,"lost_in_post":0,"other_logs":0,"out_stock_days":0,"lost_sales":0,"has_location":false,"update_date":"2026-04-10T00:05:02","atum_locations":[],"atum_stock_status":"onbackorder","restock_status":false,"low_stock_amount":"","sales_update_date":"2026-04-10T00:05:02","calc_backorders":null,"aioseo_notices":[],"jetpack_publicize_connections":[],"jetpack-related-posts":[{"id":27848,"url":"https:\/\/docmarket-dz.com\/index.php\/product\/fixateur-cellulaire\/","url_meta":{"origin":28037,"position":0},"title":"fixateur cellulaire &#8220;Cytologique&#8221; 125 ML","author":"fatmazohra.nasri","date":"16\/11\/2023","format":false,"excerpt":"utilisation pr\u00e9vue: Soimed spray fixateur cytologique est un fixateur pour frottis cytologique \u00e0 base d'alcool, d\u00e9pose un film protecteur et garantissant une longue conservation, une moindre quantit\u00e9 vaporis\u00e9e sur la lame de verre est suffisante pour une bonne fixation en respectant l'aspect d'origine des cellules jusqu'\u00e0 la coloration. Le grand\u2026","rel":"","context":"Article similaire","block_context":{"text":"Article similaire","link":""},"img":{"alt_text":"","src":"https:\/\/i0.wp.com\/docmarket-dz.com\/wp-content\/uploads\/2023\/11\/IMG_3486-Photoroom.png-Photoroom.png?fit=605%2C600&ssl=1&resize=350%2C200","width":350,"height":200,"srcset":"https:\/\/i0.wp.com\/docmarket-dz.com\/wp-content\/uploads\/2023\/11\/IMG_3486-Photoroom.png-Photoroom.png?fit=605%2C600&ssl=1&resize=350%2C200 1x, https:\/\/i0.wp.com\/docmarket-dz.com\/wp-content\/uploads\/2023\/11\/IMG_3486-Photoroom.png-Photoroom.png?fit=605%2C600&ssl=1&resize=525%2C300 1.5x"},"classes":[]},{"id":26505,"url":"https:\/\/docmarket-dz.com\/index.php\/product\/brosse-a-dent-odf\/","url_meta":{"origin":28037,"position":1},"title":"BROSSE A DENT ODF","author":"falek.h","date":"01\/01\/1970","format":false,"excerpt":"","rel":"","context":"Article similaire","block_context":{"text":"Article similaire","link":""},"img":{"alt_text":"","src":"","width":0,"height":0},"classes":[]},{"id":26506,"url":"https:\/\/docmarket-dz.com\/index.php\/product\/brosse-interdentaire-kit-8\/","url_meta":{"origin":28037,"position":2},"title":"BROSSE INTERDENTAIRE KIT\/8","author":"falek.h","date":"01\/01\/1970","format":false,"excerpt":"","rel":"","context":"Article similaire","block_context":{"text":"Article similaire","link":""},"img":{"alt_text":"","src":"","width":0,"height":0},"classes":[]},{"id":26507,"url":"https:\/\/docmarket-dz.com\/index.php\/product\/brosse-interdentaire-kit-5\/","url_meta":{"origin":28037,"position":3},"title":"BROSSE INTERDENTAIRE KIT\/5","author":"falek.h","date":"01\/01\/1970","format":false,"excerpt":"","rel":"","context":"Article similaire","block_context":{"text":"Article similaire","link":""},"img":{"alt_text":"","src":"","width":0,"height":0},"classes":[]},{"id":26508,"url":"https:\/\/docmarket-dz.com\/index.php\/product\/brosse-pour-nettoyage-des-fraise-pd\/","url_meta":{"origin":28037,"position":4},"title":"BROSSE POUR NETTOYAGE DES FRAISE PD","author":"falek.h","date":"01\/01\/1970","format":false,"excerpt":"","rel":"","context":"Article similaire","block_context":{"text":"Article similaire","link":""},"img":{"alt_text":"","src":"","width":0,"height":0},"classes":[]},{"id":26583,"url":"https:\/\/docmarket-dz.com\/index.php\/product\/composite-coffret-ventura-7ser\/","url_meta":{"origin":28037,"position":5},"title":"COMPOSITE COFFRET VENTURA 7SER","author":"falek.h","date":"01\/01\/1970","format":false,"excerpt":"DESCRIPTION Composite nano-hybride. Le composite nano-hybride universel photopolym\u00e9risable qui permet de r\u00e9aliser d'excellentes restaurations ant\u00e9rieures et post\u00e9rieures de haute qualit\u00e9. Il s'agit d'un composite hybride moderne modifi\u00e9 avec des nanoparticules de c\u00e9ramique. Il pr\u00e9sente donc d'excellentes propri\u00e9t\u00e9s de manipulation et garantit des restaurations esth\u00e9tiques, s\u00fbres et durables gr\u00e2ce \u00e0 sa\u2026","rel":"","context":"Article similaire","block_context":{"text":"Article similaire","link":""},"img":{"alt_text":"","src":"https:\/\/i0.wp.com\/docmarket-dz.com\/wp-content\/uploads\/1970\/01\/73120-13618021-e1697015782133.jpg?fit=600%2C333&ssl=1&resize=350%2C200","width":350,"height":200,"srcset":"https:\/\/i0.wp.com\/docmarket-dz.com\/wp-content\/uploads\/1970\/01\/73120-13618021-e1697015782133.jpg?fit=600%2C333&ssl=1&resize=350%2C200 1x, https:\/\/i0.wp.com\/docmarket-dz.com\/wp-content\/uploads\/1970\/01\/73120-13618021-e1697015782133.jpg?fit=600%2C333&ssl=1&resize=525%2C300 1.5x"},"classes":[]}],"jetpack_sharing_enabled":true,"tiered_pricing_type":"fixed","tiered_pricing_fixed_rules":[],"tiered_pricing_product_settings":{"layout":"default","base_unit_name":{"singular":null,"plural":null},"default_variation":null},"tiered_pricing_minimum_quantity":null,"tiered_pricing_roles_data":[],"tiered_pricing_percentage_rules":[],"_links":{"self":[{"href":"https:\/\/docmarket-dz.com\/index.php\/wp-json\/wp\/v2\/product\/28037","targetHints":{"allow":["GET"]}}],"collection":[{"href":"https:\/\/docmarket-dz.com\/index.php\/wp-json\/wp\/v2\/product"}],"about":[{"href":"https:\/\/docmarket-dz.com\/index.php\/wp-json\/wp\/v2\/types\/product"}],"replies":[{"embeddable":true,"href":"https:\/\/docmarket-dz.com\/index.php\/wp-json\/wp\/v2\/comments?post=28037"}],"wp:featuredmedia":[{"embeddable":true,"href":"https:\/\/docmarket-dz.com\/index.php\/wp-json\/wp\/v2\/media\/28038"}],"wp:attachment":[{"href":"https:\/\/docmarket-dz.com\/index.php\/wp-json\/wp\/v2\/media?parent=28037"}],"wp:term":[{"taxonomy":"product_brand","embeddable":true,"href":"https:\/\/docmarket-dz.com\/index.php\/wp-json\/wp\/v2\/product_brand?post=28037"},{"taxonomy":"product_cat","embeddable":true,"href":"https:\/\/docmarket-dz.com\/index.php\/wp-json\/wp\/v2\/product_cat?post=28037"},{"taxonomy":"product_tag","embeddable":true,"href":"https:\/\/docmarket-dz.com\/index.php\/wp-json\/wp\/v2\/product_tag?post=28037"}],"curies":[{"name":"wp","href":"https:\/\/api.w.org\/{rel}","templated":true}]}}