{"id":28043,"date":"2023-12-09T11:29:53","date_gmt":"2023-12-09T10:29:53","guid":{"rendered":"https:\/\/docmarket-dz.com\/?post_type=product&#038;p=28043"},"modified":"2024-01-28T17:07:12","modified_gmt":"2024-01-28T16:07:12","slug":"audiometre","status":"publish","type":"product","link":"https:\/\/docmarket-dz.com\/index.php\/product\/audiometre\/","title":{"rendered":"Audiom\u00e8tre"},"content":{"rendered":"<p>Audiom\u00e8tre CA\/COI R\u00e9ponse Patient fonctionnant Enti\u00e8rement sur PC Enregistrement des donn\u00e9es patients Marque : MAICO type: MA 33 BC Origine : Allemagne<\/p>\n","protected":false},"excerpt":{"rendered":"<p>Audiom\u00e8tre CA\/COI R\u00e9ponse Patient fonctionnant Enti\u00e8rement sur PC Enregistrement des donn\u00e9es patients Marque : MAICO type: MA 33 BC Origine : Allemagne<\/p>\n","protected":false},"featured_media":28045,"comment_status":"open","ping_status":"closed","template":"","meta":{"content-type":"","om_disable_all_campaigns":false,"_uf_show_specific_survey":0,"_uf_disable_surveys":false,"jetpack_publicize_message":"","jetpack_publicize_feature_enabled":true,"jetpack_social_post_already_shared":false,"jetpack_social_options":{"image_generator_settings":{"template":"highway","default_image_id":0,"font":"","enabled":false},"version":2}},"product_brand":[],"product_cat":[487,881],"product_tag":[],"class_list":{"0":"post-28043","1":"product","2":"type-product","3":"status-publish","4":"has-post-thumbnail","6":"product_cat-medical","7":"product_cat-orl","9":"first","10":"onbackorder","11":"taxable","12":"shipping-taxable","13":"purchasable","14":"product-type-simple"},"supplier_id":null,"supplier_sku":"","barcode":null,"atum_controlled":true,"out_stock_date":null,"out_stock_threshold":null,"inheritable":false,"inbound_stock":0,"stock_on_hold":0,"sold_today":0,"sales_last_days":0,"reserved_stock":0,"customer_returns":0,"warehouse_damage":0,"lost_in_post":0,"other_logs":0,"out_stock_days":0,"lost_sales":0,"has_location":false,"update_date":"2026-04-10T00:05:05","atum_locations":[],"atum_stock_status":"onbackorder","restock_status":false,"low_stock_amount":"","sales_update_date":"2026-04-10T00:05:05","calc_backorders":null,"aioseo_notices":[],"jetpack_publicize_connections":[],"jetpack-related-posts":[{"id":25371,"url":"https:\/\/docmarket-dz.com\/index.php\/product\/cable-patient-pour-ecg-ar-600-1200\/","url_meta":{"origin":28043,"position":0},"title":"CABLE PATIENT POUR ECG AR  600\/1200","author":"falek.h","date":"12\/03\/2023","format":false,"excerpt":"CABLE PATIENT POUR ECG AR 600\/1200","rel":"","context":"Article similaire","block_context":{"text":"Article similaire","link":""},"img":{"alt_text":"","src":"","width":0,"height":0},"classes":[]},{"id":28464,"url":"https:\/\/docmarket-dz.com\/index.php\/product\/camisol-patient-giap\/","url_meta":{"origin":28043,"position":1},"title":"CAMISOL patient GIAP","author":"fatmazohra.nasri","date":"05\/02\/2024","format":false,"excerpt":"","rel":"","context":"Article similaire","block_context":{"text":"Article similaire","link":""},"img":{"alt_text":"","src":"https:\/\/i0.wp.com\/docmarket-dz.com\/wp-content\/uploads\/2024\/02\/DSC5443-Photoroom.png-Photoroom.png?fit=596%2C604&ssl=1&resize=350%2C200","width":350,"height":200,"srcset":"https:\/\/i0.wp.com\/docmarket-dz.com\/wp-content\/uploads\/2024\/02\/DSC5443-Photoroom.png-Photoroom.png?fit=596%2C604&ssl=1&resize=350%2C200 1x, https:\/\/i0.wp.com\/docmarket-dz.com\/wp-content\/uploads\/2024\/02\/DSC5443-Photoroom.png-Photoroom.png?fit=596%2C604&ssl=1&resize=525%2C300 1.5x"},"classes":[]},{"id":25370,"url":"https:\/\/docmarket-dz.com\/index.php\/product\/cable-patient-pour-ecg-shiller-at-1-at2\/","url_meta":{"origin":28043,"position":2},"title":"CABLE PATIENT POUR ECG  SHILLER AT 1  \/ AT2","author":"falek.h","date":"12\/03\/2023","format":false,"excerpt":"CABLE PATIENT POUR ECG SHILLER AT 1 \/ AT2","rel":"","context":"Article similaire","block_context":{"text":"Article similaire","link":""},"img":{"alt_text":"","src":"https:\/\/i0.wp.com\/docmarket-dz.com\/wp-content\/uploads\/2023\/03\/CABLE-PATIENT-POUR-ECG-SHILLER-AT-1-AT2-1.jpg?fit=601%2C602&ssl=1&resize=350%2C200","width":350,"height":200,"srcset":"https:\/\/i0.wp.com\/docmarket-dz.com\/wp-content\/uploads\/2023\/03\/CABLE-PATIENT-POUR-ECG-SHILLER-AT-1-AT2-1.jpg?fit=601%2C602&ssl=1&resize=350%2C200 1x, https:\/\/i0.wp.com\/docmarket-dz.com\/wp-content\/uploads\/2023\/03\/CABLE-PATIENT-POUR-ECG-SHILLER-AT-1-AT2-1.jpg?fit=601%2C602&ssl=1&resize=525%2C300 1.5x"},"classes":[]},{"id":25373,"url":"https:\/\/docmarket-dz.com\/index.php\/product\/cable-patient-pour-ecg-marquette-500-1100-1200\/","url_meta":{"origin":28043,"position":3},"title":"CABLE PATIENT POUR ECG MARQUETTE 500 \/1100\/1200","author":"falek.h","date":"12\/03\/2023","format":false,"excerpt":"CABLE PATIENT POUR ECG MARQUETTE 500 \/1100\/1200","rel":"","context":"Article similaire","block_context":{"text":"Article similaire","link":""},"img":{"alt_text":"","src":"https:\/\/i0.wp.com\/docmarket-dz.com\/wp-content\/uploads\/2023\/03\/CABLE-PATIENT-POUR-ECG-MARQUETTE-500-1100-1200.jpg?fit=605%2C599&ssl=1&resize=350%2C200","width":350,"height":200,"srcset":"https:\/\/i0.wp.com\/docmarket-dz.com\/wp-content\/uploads\/2023\/03\/CABLE-PATIENT-POUR-ECG-MARQUETTE-500-1100-1200.jpg?fit=605%2C599&ssl=1&resize=350%2C200 1x, https:\/\/i0.wp.com\/docmarket-dz.com\/wp-content\/uploads\/2023\/03\/CABLE-PATIENT-POUR-ECG-MARQUETTE-500-1100-1200.jpg?fit=605%2C599&ssl=1&resize=525%2C300 1.5x"},"classes":[]},{"id":25372,"url":"https:\/\/docmarket-dz.com\/index.php\/product\/cable-patient-pour-ecg-delda-1-3-60-plus\/","url_meta":{"origin":28043,"position":4},"title":"CABLE PATIENT POUR ECG DELTA 1\/3\/60 PLUS","author":"falek.h","date":"12\/03\/2023","format":false,"excerpt":"CABLE PATIENT POUR ECG DELDA 1\/3\/60 PLUS","rel":"","context":"Article similaire","block_context":{"text":"Article similaire","link":""},"img":{"alt_text":"","src":"https:\/\/i0.wp.com\/docmarket-dz.com\/wp-content\/uploads\/2023\/03\/CABLE-PATIENT-POUR-ECG-DELTA-1-3-60-PLUS-e1680780242337.webp?fit=569%2C600&ssl=1&resize=350%2C200","width":350,"height":200,"srcset":"https:\/\/i0.wp.com\/docmarket-dz.com\/wp-content\/uploads\/2023\/03\/CABLE-PATIENT-POUR-ECG-DELTA-1-3-60-PLUS-e1680780242337.webp?fit=569%2C600&ssl=1&resize=350%2C200 1x, https:\/\/i0.wp.com\/docmarket-dz.com\/wp-content\/uploads\/2023\/03\/CABLE-PATIENT-POUR-ECG-DELTA-1-3-60-PLUS-e1680780242337.webp?fit=569%2C600&ssl=1&resize=525%2C300 1.5x"},"classes":[]},{"id":25448,"url":"https:\/\/docmarket-dz.com\/index.php\/product\/silicon-patient-plate-martin-connecteur\/","url_meta":{"origin":28043,"position":5},"title":"Silicon Patient Plate Martin  Connecteur","author":"falek.h","date":"12\/03\/2023","format":false,"excerpt":"","rel":"","context":"Article similaire","block_context":{"text":"Article similaire","link":""},"img":{"alt_text":"","src":"","width":0,"height":0},"classes":[]}],"jetpack_sharing_enabled":true,"tiered_pricing_type":"fixed","tiered_pricing_fixed_rules":[],"tiered_pricing_product_settings":{"layout":"default","base_unit_name":{"singular":null,"plural":null},"default_variation":null},"tiered_pricing_minimum_quantity":null,"tiered_pricing_roles_data":[],"tiered_pricing_percentage_rules":[],"_links":{"self":[{"href":"https:\/\/docmarket-dz.com\/index.php\/wp-json\/wp\/v2\/product\/28043","targetHints":{"allow":["GET"]}}],"collection":[{"href":"https:\/\/docmarket-dz.com\/index.php\/wp-json\/wp\/v2\/product"}],"about":[{"href":"https:\/\/docmarket-dz.com\/index.php\/wp-json\/wp\/v2\/types\/product"}],"replies":[{"embeddable":true,"href":"https:\/\/docmarket-dz.com\/index.php\/wp-json\/wp\/v2\/comments?post=28043"}],"wp:featuredmedia":[{"embeddable":true,"href":"https:\/\/docmarket-dz.com\/index.php\/wp-json\/wp\/v2\/media\/28045"}],"wp:attachment":[{"href":"https:\/\/docmarket-dz.com\/index.php\/wp-json\/wp\/v2\/media?parent=28043"}],"wp:term":[{"taxonomy":"product_brand","embeddable":true,"href":"https:\/\/docmarket-dz.com\/index.php\/wp-json\/wp\/v2\/product_brand?post=28043"},{"taxonomy":"product_cat","embeddable":true,"href":"https:\/\/docmarket-dz.com\/index.php\/wp-json\/wp\/v2\/product_cat?post=28043"},{"taxonomy":"product_tag","embeddable":true,"href":"https:\/\/docmarket-dz.com\/index.php\/wp-json\/wp\/v2\/product_tag?post=28043"}],"curies":[{"name":"wp","href":"https:\/\/api.w.org\/{rel}","templated":true}]}}