{"id":28072,"date":"2023-12-10T13:49:33","date_gmt":"2023-12-10T12:49:33","guid":{"rendered":"https:\/\/docmarket-dz.com\/?post_type=product&#038;p=28072"},"modified":"2024-04-01T12:45:06","modified_gmt":"2024-04-01T11:45:06","slug":"fixateur-uniroll-f-2x20l","status":"publish","type":"product","link":"https:\/\/docmarket-dz.com\/index.php\/product\/fixateur-uniroll-f-2x20l\/","title":{"rendered":"Fixateur UNIROLL-F 2x20L"},"content":{"rendered":"<p>\u2022\u00a0 \u00a0 \u00a0 \u00a0Uniroll-F: fixateur radiographique<br \/>\n\u2022\u00a0 \u00a0 \u00a0 \u00a0Pour machines de d\u00e9veloppement avec transport par rouleaux et par pulv\u00e9risation<br \/>\n\u2022\u00a0 \u00a0 \u00a0 \u00a0Temps de fixation de 15 sec. ou plus<br \/>\n\u2022\u00a0 \u00a0 \u00a0 \u00a0Avantages:<br \/>\n\u2022\u00a0 \u00a0 \u00a0 \u00a0Adapt\u00e9 aux machines \u00e0 grande vitesse<br \/>\n\u2022\u00a0 \u00a0 \u00a0 \u00a0Utilisable avec divers r\u00e9v\u00e9lateurs radiographiques<br \/>\n\u2022\u00a0 \u00a0 \u00a0 \u00a0Format liquide en deux parties<br \/>\n\u2022\u00a0 \u00a0 \u00a0 \u00a0Quantit\u00e9: 2 x 20 litres<\/p>\n","protected":false},"excerpt":{"rendered":"<p>\u2022\u00a0 \u00a0 \u00a0 \u00a0Uniroll-F: fixateur radiographique \u2022\u00a0 \u00a0 \u00a0 \u00a0Pour machines de d\u00e9veloppement avec transport par rouleaux et par pulv\u00e9risation \u2022\u00a0 \u00a0 \u00a0 \u00a0Temps de fixation de 15 sec. ou plus \u2022\u00a0 \u00a0 \u00a0 \u00a0Avantages: \u2022\u00a0 \u00a0 \u00a0 \u00a0Adapt\u00e9 aux machines \u00e0 grande vitesse \u2022\u00a0 \u00a0 \u00a0 \u00a0Utilisable avec divers r\u00e9v\u00e9lateurs radiographiques \u2022\u00a0 \u00a0 \u00a0 [&hellip;]<\/p>\n","protected":false},"featured_media":28079,"comment_status":"open","ping_status":"closed","template":"","meta":{"content-type":"","om_disable_all_campaigns":false,"_uf_show_specific_survey":0,"_uf_disable_surveys":false,"jetpack_publicize_message":"","jetpack_publicize_feature_enabled":true,"jetpack_social_post_already_shared":false,"jetpack_social_options":{"image_generator_settings":{"template":"highway","default_image_id":0,"font":"","enabled":false},"version":2}},"product_brand":[],"product_cat":[487,883],"product_tag":[],"class_list":{"0":"post-28072","1":"product","2":"type-product","3":"status-publish","4":"has-post-thumbnail","6":"product_cat-medical","7":"product_cat-radiologie","9":"first","10":"onbackorder","11":"taxable","12":"shipping-taxable","13":"purchasable","14":"product-type-simple"},"supplier_id":null,"supplier_sku":"","barcode":null,"atum_controlled":true,"out_stock_date":null,"out_stock_threshold":null,"inheritable":false,"inbound_stock":0,"stock_on_hold":0,"sold_today":0,"sales_last_days":0,"reserved_stock":0,"customer_returns":0,"warehouse_damage":0,"lost_in_post":0,"other_logs":0,"out_stock_days":0,"lost_sales":0,"has_location":false,"update_date":"2026-04-10T00:04:57","atum_locations":[],"atum_stock_status":"onbackorder","restock_status":false,"low_stock_amount":"","sales_update_date":"2026-04-10T00:04:57","calc_backorders":null,"aioseo_notices":[],"jetpack_publicize_connections":[],"jetpack-related-posts":[{"id":28133,"url":"https:\/\/docmarket-dz.com\/index.php\/product\/pince-hemostatique-halstead-13-cm-droite-s-g\/","url_meta":{"origin":28072,"position":0},"title":"Pince h\u00e9mostatique ( HALSTEAD . 13 CM DROITE S\/G","author":"fatmazohra.nasri","date":"16\/12\/2023","format":false,"excerpt":"La\u00a0pince h\u00e9mostatique de Halstead (ou pince moustique)\u00a0est une pince chirurgicale en acier inoxydable. Avec ses machoires rainur\u00e9es et son m\u00e9canisme d'autoblocage \u00e0 cr\u00e9maill\u00e8re, elle est bien adapt\u00e9e pour stopper les saignements (clamps de vaisseaux), saisir et manipuler des tissus ou dispositifs m\u00e9dicaux (compresses, aiguilles ...). La pince de Halstead droites\u2026","rel":"","context":"Article similaire","block_context":{"text":"Article similaire","link":""},"img":{"alt_text":"","src":"https:\/\/i0.wp.com\/docmarket-dz.com\/wp-content\/uploads\/2023\/12\/148982_IP08213_pince-rochester_pean_kocher_SG-droite-HOLTEX_Original-600x409-1.jpg?fit=602%2C588&ssl=1&resize=350%2C200","width":350,"height":200,"srcset":"https:\/\/i0.wp.com\/docmarket-dz.com\/wp-content\/uploads\/2023\/12\/148982_IP08213_pince-rochester_pean_kocher_SG-droite-HOLTEX_Original-600x409-1.jpg?fit=602%2C588&ssl=1&resize=350%2C200 1x, https:\/\/i0.wp.com\/docmarket-dz.com\/wp-content\/uploads\/2023\/12\/148982_IP08213_pince-rochester_pean_kocher_SG-droite-HOLTEX_Original-600x409-1.jpg?fit=602%2C588&ssl=1&resize=525%2C300 1.5x"},"classes":[]},{"id":28190,"url":"https:\/\/docmarket-dz.com\/index.php\/product\/vapozone-sur-pied-vapeur-chaud-et-froid-46-20-steam-chine\/","url_meta":{"origin":28072,"position":1},"title":"VAPOZONE SUR PIED VAPEUR CHAUD ET FROID 46\/20 STEAM CHINE","author":"fatmazohra.nasri","date":"26\/12\/2023","format":false,"excerpt":"Ozone Facial Steamer: Nettoyez votre peau avec ce bateau \u00e0 vapeur debout. Comprend un mode \u00e0 double action qui utilise l\u2019anion d\u2019ozone et l\u2019eau bouillante pour produire de la vapeur infus\u00e9e d\u2019ozone. L\u2019ozone desserre la salet\u00e9 et l\u2019huile pi\u00e9g\u00e9es dans les pores et ajoute l\u2019hydratation pour rendre votre peau souple.\u2026","rel":"","context":"Article similaire","block_context":{"text":"Article similaire","link":""},"img":{"alt_text":"","src":"https:\/\/i0.wp.com\/docmarket-dz.com\/wp-content\/uploads\/2023\/12\/hj-e1703602557543.webp?fit=784%2C743&ssl=1&resize=350%2C200","width":350,"height":200,"srcset":"https:\/\/i0.wp.com\/docmarket-dz.com\/wp-content\/uploads\/2023\/12\/hj-e1703602557543.webp?fit=784%2C743&ssl=1&resize=350%2C200 1x, https:\/\/i0.wp.com\/docmarket-dz.com\/wp-content\/uploads\/2023\/12\/hj-e1703602557543.webp?fit=784%2C743&ssl=1&resize=525%2C300 1.5x, https:\/\/i0.wp.com\/docmarket-dz.com\/wp-content\/uploads\/2023\/12\/hj-e1703602557543.webp?fit=784%2C743&ssl=1&resize=700%2C400 2x"},"classes":[]}],"jetpack_sharing_enabled":true,"tiered_pricing_type":"fixed","tiered_pricing_fixed_rules":[],"tiered_pricing_product_settings":{"layout":"default","base_unit_name":{"singular":null,"plural":null},"default_variation":null},"tiered_pricing_minimum_quantity":null,"tiered_pricing_roles_data":[],"tiered_pricing_percentage_rules":[],"_links":{"self":[{"href":"https:\/\/docmarket-dz.com\/index.php\/wp-json\/wp\/v2\/product\/28072","targetHints":{"allow":["GET"]}}],"collection":[{"href":"https:\/\/docmarket-dz.com\/index.php\/wp-json\/wp\/v2\/product"}],"about":[{"href":"https:\/\/docmarket-dz.com\/index.php\/wp-json\/wp\/v2\/types\/product"}],"replies":[{"embeddable":true,"href":"https:\/\/docmarket-dz.com\/index.php\/wp-json\/wp\/v2\/comments?post=28072"}],"wp:featuredmedia":[{"embeddable":true,"href":"https:\/\/docmarket-dz.com\/index.php\/wp-json\/wp\/v2\/media\/28079"}],"wp:attachment":[{"href":"https:\/\/docmarket-dz.com\/index.php\/wp-json\/wp\/v2\/media?parent=28072"}],"wp:term":[{"taxonomy":"product_brand","embeddable":true,"href":"https:\/\/docmarket-dz.com\/index.php\/wp-json\/wp\/v2\/product_brand?post=28072"},{"taxonomy":"product_cat","embeddable":true,"href":"https:\/\/docmarket-dz.com\/index.php\/wp-json\/wp\/v2\/product_cat?post=28072"},{"taxonomy":"product_tag","embeddable":true,"href":"https:\/\/docmarket-dz.com\/index.php\/wp-json\/wp\/v2\/product_tag?post=28072"}],"curies":[{"name":"wp","href":"https:\/\/api.w.org\/{rel}","templated":true}]}}