{"id":28112,"date":"2023-12-12T10:55:07","date_gmt":"2023-12-12T09:55:07","guid":{"rendered":"https:\/\/docmarket-dz.com\/?post_type=product&#038;p=28112"},"modified":"2024-07-14T11:36:53","modified_gmt":"2024-07-14T10:36:53","slug":"ldh-cebio-r1-240-ml-r2-120-ml100-tests","status":"publish","type":"product","link":"https:\/\/docmarket-dz.com\/index.php\/product\/ldh-cebio-r1-240-ml-r2-120-ml100-tests\/","title":{"rendered":"LDH CEBIO R1 2*40 ml  R2 1*20 ml(100 tests)"},"content":{"rendered":"<div class=\"adn ads\" data-message-id=\"#msg-f:1795232932574597068\" data-legacy-message-id=\"18e9f2d733310fcc\">\n<div class=\"gs\">\n<div class=\"\">\n<div id=\":nz\" class=\"ii gt\">\n<div id=\":o0\" class=\"a3s aiL \">\n<div dir=\"auto\">\n<div dir=\"ltr\">\n<p>R\u00e9actif pour le dosage quantitatif de l&#8217;activit\u00e9 Lactate Deshydrog\u00e9nase dans le s\u00e9rum et le piasma humains.<\/p>\n<\/div>\n<\/div>\n<\/div>\n<\/div>\n<\/div>\n<\/div>\n<\/div>\n","protected":false},"excerpt":{"rendered":"<p>R\u00e9actif pour le dosage quantitatif de l&#8217;activit\u00e9 Lactate Deshydrog\u00e9nase dans le s\u00e9rum et le piasma humains.<\/p>\n","protected":false},"featured_media":28114,"comment_status":"open","ping_status":"closed","template":"","meta":{"content-type":"","om_disable_all_campaigns":false,"_uf_show_specific_survey":0,"_uf_disable_surveys":false,"jetpack_publicize_message":"","jetpack_publicize_feature_enabled":true,"jetpack_social_post_already_shared":false,"jetpack_social_options":{"image_generator_settings":{"template":"highway","default_image_id":0,"font":"","enabled":false},"version":2}},"product_brand":[],"product_cat":[486,487],"product_tag":[],"class_list":{"0":"post-28112","1":"product","2":"type-product","3":"status-publish","4":"has-post-thumbnail","6":"product_cat-laboratoire","7":"product_cat-medical","8":"ts_product_brand-cebio","10":"first","11":"outofstock","12":"taxable","13":"shipping-taxable","14":"purchasable","15":"product-type-simple"},"supplier_id":null,"supplier_sku":"","barcode":null,"atum_controlled":true,"out_stock_date":null,"out_stock_threshold":null,"inheritable":false,"inbound_stock":0,"stock_on_hold":0,"sold_today":0,"sales_last_days":0,"reserved_stock":0,"customer_returns":0,"warehouse_damage":0,"lost_in_post":0,"other_logs":0,"out_stock_days":0,"lost_sales":0,"has_location":false,"update_date":"2026-04-28T00:13:00","atum_locations":[],"atum_stock_status":"outofstock","restock_status":false,"low_stock_amount":"","sales_update_date":"2026-04-28T00:13:00","calc_backorders":null,"aioseo_notices":[],"jetpack_publicize_connections":[],"jetpack-related-posts":[{"id":29676,"url":"https:\/\/docmarket-dz.com\/index.php\/product\/uree-berthelot-4x125-ml-biosearch\/","url_meta":{"origin":28112,"position":0},"title":"Kit Ur\u00e9e &#8211; R1 4X35 ml + R2 2X18 ml","author":"Sofiane Arbouche","date":"18\/11\/2024","format":false,"excerpt":"","rel":"","context":"Article similaire","block_context":{"text":"Article similaire","link":""},"img":{"alt_text":"","src":"https:\/\/i0.wp.com\/docmarket-dz.com\/wp-content\/uploads\/2024\/11\/Sans-titre-5.jpg?fit=1080%2C1080&ssl=1&resize=350%2C200","width":350,"height":200,"srcset":"https:\/\/i0.wp.com\/docmarket-dz.com\/wp-content\/uploads\/2024\/11\/Sans-titre-5.jpg?fit=1080%2C1080&ssl=1&resize=350%2C200 1x, https:\/\/i0.wp.com\/docmarket-dz.com\/wp-content\/uploads\/2024\/11\/Sans-titre-5.jpg?fit=1080%2C1080&ssl=1&resize=525%2C300 1.5x, https:\/\/i0.wp.com\/docmarket-dz.com\/wp-content\/uploads\/2024\/11\/Sans-titre-5.jpg?fit=1080%2C1080&ssl=1&resize=700%2C400 2x, https:\/\/i0.wp.com\/docmarket-dz.com\/wp-content\/uploads\/2024\/11\/Sans-titre-5.jpg?fit=1080%2C1080&ssl=1&resize=1050%2C600 3x"},"classes":[]},{"id":27557,"url":"https:\/\/docmarket-dz.com\/index.php\/product\/betadine-moussante-250-ml\/","url_meta":{"origin":28112,"position":1},"title":"BETADINE MOUSSANTE -250 ML","author":"Somia Belmadani","date":"17\/10\/2023","format":false,"excerpt":"B\u00c9TADINE SCRUB 4 % : solution moussante pour application cutan\u00e9e ; flacon de 250 ML","rel":"","context":"Article similaire","block_context":{"text":"Article similaire","link":""},"img":{"alt_text":"","src":"https:\/\/i0.wp.com\/docmarket-dz.com\/wp-content\/uploads\/2023\/10\/BETADINE-MOUSSANTE-4-500-ML-PhotoRoom-e1672565769588.webp?fit=600%2C544&ssl=1&resize=350%2C200","width":350,"height":200,"srcset":"https:\/\/i0.wp.com\/docmarket-dz.com\/wp-content\/uploads\/2023\/10\/BETADINE-MOUSSANTE-4-500-ML-PhotoRoom-e1672565769588.webp?fit=600%2C544&ssl=1&resize=350%2C200 1x, https:\/\/i0.wp.com\/docmarket-dz.com\/wp-content\/uploads\/2023\/10\/BETADINE-MOUSSANTE-4-500-ML-PhotoRoom-e1672565769588.webp?fit=600%2C544&ssl=1&resize=525%2C300 1.5x"},"classes":[]},{"id":27559,"url":"https:\/\/docmarket-dz.com\/index.php\/product\/betadine-moussante-500-ml\/","url_meta":{"origin":28112,"position":2},"title":"BETADINE MOUSSANTE -500 ML","author":"Somia Belmadani","date":"17\/10\/2023","format":false,"excerpt":"B\u00c9TADINE SCRUB 4 % : solution moussante pour application cutan\u00e9e ; flacon de 500 ML","rel":"","context":"Article similaire","block_context":{"text":"Article similaire","link":""},"img":{"alt_text":"","src":"https:\/\/i0.wp.com\/docmarket-dz.com\/wp-content\/uploads\/2023\/10\/BETADINE-MOUSSANTE-4-1-LITRE-PhotoRoom-e1672565645162.webp?fit=600%2C547&ssl=1&resize=350%2C200","width":350,"height":200,"srcset":"https:\/\/i0.wp.com\/docmarket-dz.com\/wp-content\/uploads\/2023\/10\/BETADINE-MOUSSANTE-4-1-LITRE-PhotoRoom-e1672565645162.webp?fit=600%2C547&ssl=1&resize=350%2C200 1x, https:\/\/i0.wp.com\/docmarket-dz.com\/wp-content\/uploads\/2023\/10\/BETADINE-MOUSSANTE-4-1-LITRE-PhotoRoom-e1672565645162.webp?fit=600%2C547&ssl=1&resize=525%2C300 1.5x"},"classes":[]},{"id":27555,"url":"https:\/\/docmarket-dz.com\/index.php\/product\/betadine-moussante-125-ml\/","url_meta":{"origin":28112,"position":3},"title":"BETADINE MOUSSANTE -125 ML","author":"Somia Belmadani","date":"17\/10\/2023","format":false,"excerpt":"B\u00c9TADINE SCRUB 4 % : solution moussante pour application cutan\u00e9e ; flacon de 125 ML","rel":"","context":"Article similaire","block_context":{"text":"Article similaire","link":""},"img":{"alt_text":"","src":"https:\/\/i0.wp.com\/docmarket-dz.com\/wp-content\/uploads\/2023\/10\/BETADINE-MOUSSANTE-4-125-ML-Copie-PhotoRoom-e1672565878517.webp?fit=600%2C543&ssl=1&resize=350%2C200","width":350,"height":200,"srcset":"https:\/\/i0.wp.com\/docmarket-dz.com\/wp-content\/uploads\/2023\/10\/BETADINE-MOUSSANTE-4-125-ML-Copie-PhotoRoom-e1672565878517.webp?fit=600%2C543&ssl=1&resize=350%2C200 1x, https:\/\/i0.wp.com\/docmarket-dz.com\/wp-content\/uploads\/2023\/10\/BETADINE-MOUSSANTE-4-125-ML-Copie-PhotoRoom-e1672565878517.webp?fit=600%2C543&ssl=1&resize=525%2C300 1.5x"},"classes":[]},{"id":30267,"url":"https:\/\/docmarket-dz.com\/index.php\/product\/giemsa-500-ml\/","url_meta":{"origin":28112,"position":4},"title":"Giemsa 500 ml","author":"Amel","date":"24\/07\/2025","format":false,"excerpt":"","rel":"","context":"Article similaire","block_context":{"text":"Article similaire","link":""},"img":{"alt_text":"","src":"","width":0,"height":0},"classes":[]},{"id":24497,"url":"https:\/\/docmarket-dz.com\/index.php\/product\/violet-de-gentiane-60-ml\/","url_meta":{"origin":28112,"position":5},"title":"Violet de gentiane 60 ml","author":"falek.h","date":"26\/12\/2022","format":false,"excerpt":"","rel":"","context":"Article similaire","block_context":{"text":"Article similaire","link":""},"img":{"alt_text":"","src":"https:\/\/i0.wp.com\/docmarket-dz.com\/wp-content\/uploads\/2022\/12\/PhotoRoom-20221226_142316-e1672053925818.jpg?fit=600%2C543&ssl=1&resize=350%2C200","width":350,"height":200,"srcset":"https:\/\/i0.wp.com\/docmarket-dz.com\/wp-content\/uploads\/2022\/12\/PhotoRoom-20221226_142316-e1672053925818.jpg?fit=600%2C543&ssl=1&resize=350%2C200 1x, https:\/\/i0.wp.com\/docmarket-dz.com\/wp-content\/uploads\/2022\/12\/PhotoRoom-20221226_142316-e1672053925818.jpg?fit=600%2C543&ssl=1&resize=525%2C300 1.5x"},"classes":[]}],"jetpack_sharing_enabled":true,"tiered_pricing_type":"fixed","tiered_pricing_fixed_rules":[],"tiered_pricing_product_settings":{"layout":"default","base_unit_name":{"singular":null,"plural":null},"default_variation":null},"tiered_pricing_minimum_quantity":null,"tiered_pricing_roles_data":[],"tiered_pricing_percentage_rules":[],"_links":{"self":[{"href":"https:\/\/docmarket-dz.com\/index.php\/wp-json\/wp\/v2\/product\/28112","targetHints":{"allow":["GET"]}}],"collection":[{"href":"https:\/\/docmarket-dz.com\/index.php\/wp-json\/wp\/v2\/product"}],"about":[{"href":"https:\/\/docmarket-dz.com\/index.php\/wp-json\/wp\/v2\/types\/product"}],"replies":[{"embeddable":true,"href":"https:\/\/docmarket-dz.com\/index.php\/wp-json\/wp\/v2\/comments?post=28112"}],"wp:featuredmedia":[{"embeddable":true,"href":"https:\/\/docmarket-dz.com\/index.php\/wp-json\/wp\/v2\/media\/28114"}],"wp:attachment":[{"href":"https:\/\/docmarket-dz.com\/index.php\/wp-json\/wp\/v2\/media?parent=28112"}],"wp:term":[{"taxonomy":"product_brand","embeddable":true,"href":"https:\/\/docmarket-dz.com\/index.php\/wp-json\/wp\/v2\/product_brand?post=28112"},{"taxonomy":"product_cat","embeddable":true,"href":"https:\/\/docmarket-dz.com\/index.php\/wp-json\/wp\/v2\/product_cat?post=28112"},{"taxonomy":"product_tag","embeddable":true,"href":"https:\/\/docmarket-dz.com\/index.php\/wp-json\/wp\/v2\/product_tag?post=28112"}],"curies":[{"name":"wp","href":"https:\/\/api.w.org\/{rel}","templated":true}]}}