{"id":28121,"date":"2023-12-12T16:40:36","date_gmt":"2023-12-12T15:40:36","guid":{"rendered":"https:\/\/docmarket-dz.com\/?post_type=product&#038;p=28121"},"modified":"2024-12-03T17:43:30","modified_gmt":"2024-12-03T16:43:30","slug":"betadine-ms-125-ml","status":"publish","type":"product","link":"https:\/\/docmarket-dz.com\/index.php\/product\/betadine-ms-125-ml\/","title":{"rendered":"B\u00e9tadine MS 125 ml"},"content":{"rendered":"","protected":false},"excerpt":{"rendered":"","protected":false},"featured_media":28122,"comment_status":"open","ping_status":"closed","template":"","meta":{"content-type":"","om_disable_all_campaigns":false,"_uf_show_specific_survey":0,"_uf_disable_surveys":false,"jetpack_publicize_message":"","jetpack_publicize_feature_enabled":true,"jetpack_social_post_already_shared":false,"jetpack_social_options":{"image_generator_settings":{"template":"highway","default_image_id":0,"font":"","enabled":false},"version":2}},"product_brand":[],"product_cat":[882,560,487,739,881],"product_tag":[],"class_list":{"0":"post-28121","1":"product","2":"type-product","3":"status-publish","4":"has-post-thumbnail","6":"product_cat-gynecologie","7":"product_cat-hygiene","8":"product_cat-medical","9":"product_cat-acupuncture","10":"product_cat-orl","12":"first","13":"instock","14":"taxable","15":"shipping-taxable","16":"purchasable","17":"product-type-simple"},"supplier_id":null,"supplier_sku":"","barcode":null,"atum_controlled":true,"out_stock_date":null,"out_stock_threshold":null,"inheritable":false,"inbound_stock":0,"stock_on_hold":0,"sold_today":0,"sales_last_days":0,"reserved_stock":0,"customer_returns":0,"warehouse_damage":0,"lost_in_post":0,"other_logs":0,"out_stock_days":0,"lost_sales":0,"has_location":true,"update_date":"2026-04-10T00:04:57","atum_locations":[{"id":937,"name":"C0","slug":"c0"}],"atum_stock_status":"instock","restock_status":false,"low_stock_amount":1,"sales_update_date":"2026-04-10T00:04:57","calc_backorders":0,"aioseo_notices":[],"jetpack_publicize_connections":[],"jetpack-related-posts":[{"id":27555,"url":"https:\/\/docmarket-dz.com\/index.php\/product\/betadine-moussante-125-ml\/","url_meta":{"origin":28121,"position":0},"title":"BETADINE MOUSSANTE -125 ML","author":"Somia Belmadani","date":"17\/10\/2023","format":false,"excerpt":"B\u00c9TADINE SCRUB 4 % : solution moussante pour application cutan\u00e9e ; flacon de 125 ML","rel":"","context":"Article similaire","block_context":{"text":"Article similaire","link":""},"img":{"alt_text":"","src":"https:\/\/i0.wp.com\/docmarket-dz.com\/wp-content\/uploads\/2023\/10\/BETADINE-MOUSSANTE-4-125-ML-Copie-PhotoRoom-e1672565878517.webp?fit=600%2C543&ssl=1&resize=350%2C200","width":350,"height":200,"srcset":"https:\/\/i0.wp.com\/docmarket-dz.com\/wp-content\/uploads\/2023\/10\/BETADINE-MOUSSANTE-4-125-ML-Copie-PhotoRoom-e1672565878517.webp?fit=600%2C543&ssl=1&resize=350%2C200 1x, https:\/\/i0.wp.com\/docmarket-dz.com\/wp-content\/uploads\/2023\/10\/BETADINE-MOUSSANTE-4-125-ML-Copie-PhotoRoom-e1672565878517.webp?fit=600%2C543&ssl=1&resize=525%2C300 1.5x"},"classes":[]},{"id":28119,"url":"https:\/\/docmarket-dz.com\/index.php\/product\/betadine-ms-1litre\/","url_meta":{"origin":28121,"position":1},"title":"B\u00e9tadine MS 1Litre","author":"fatmazohra.nasri","date":"12\/12\/2023","format":false,"excerpt":"","rel":"","context":"Article similaire","block_context":{"text":"Article similaire","link":""},"img":{"alt_text":"","src":"https:\/\/i0.wp.com\/docmarket-dz.com\/wp-content\/uploads\/2023\/12\/IMG_2188.png?fit=599%2C607&ssl=1&resize=350%2C200","width":350,"height":200,"srcset":"https:\/\/i0.wp.com\/docmarket-dz.com\/wp-content\/uploads\/2023\/12\/IMG_2188.png?fit=599%2C607&ssl=1&resize=350%2C200 1x, https:\/\/i0.wp.com\/docmarket-dz.com\/wp-content\/uploads\/2023\/12\/IMG_2188.png?fit=599%2C607&ssl=1&resize=525%2C300 1.5x"},"classes":[]},{"id":27534,"url":"https:\/\/docmarket-dz.com\/index.php\/product\/betadine-solui-odine-flc-125ml\/","url_meta":{"origin":28121,"position":2},"title":"BETADINE SOLUI-ODINE FLC-125ML","author":"Somia Belmadani","date":"17\/10\/2023","format":false,"excerpt":"Une solution antiseptique \u00e0 base de povidone iod\u00e9e (10%) est employ\u00e9 pour le traitement local d'appoint des affections de la peau et des muqueuses infect\u00e9es ou risquant de s'infecter mais \u00e9galement pour l'antisepsie du champ op\u00e9ratoire. Forme............................Solution pour application locale Dosage..........................10 % Contenance...................125 ml","rel":"","context":"Article similaire","block_context":{"text":"Article similaire","link":""},"img":{"alt_text":"","src":"https:\/\/i0.wp.com\/docmarket-dz.com\/wp-content\/uploads\/2023\/10\/0000172.png?fit=603%2C601&ssl=1&resize=350%2C200","width":350,"height":200,"srcset":"https:\/\/i0.wp.com\/docmarket-dz.com\/wp-content\/uploads\/2023\/10\/0000172.png?fit=603%2C601&ssl=1&resize=350%2C200 1x, https:\/\/i0.wp.com\/docmarket-dz.com\/wp-content\/uploads\/2023\/10\/0000172.png?fit=603%2C601&ssl=1&resize=525%2C300 1.5x"},"classes":[]},{"id":27557,"url":"https:\/\/docmarket-dz.com\/index.php\/product\/betadine-moussante-250-ml\/","url_meta":{"origin":28121,"position":3},"title":"BETADINE MOUSSANTE -250 ML","author":"Somia Belmadani","date":"17\/10\/2023","format":false,"excerpt":"B\u00c9TADINE SCRUB 4 % : solution moussante pour application cutan\u00e9e ; flacon de 250 ML","rel":"","context":"Article similaire","block_context":{"text":"Article similaire","link":""},"img":{"alt_text":"","src":"https:\/\/i0.wp.com\/docmarket-dz.com\/wp-content\/uploads\/2023\/10\/BETADINE-MOUSSANTE-4-500-ML-PhotoRoom-e1672565769588.webp?fit=600%2C544&ssl=1&resize=350%2C200","width":350,"height":200,"srcset":"https:\/\/i0.wp.com\/docmarket-dz.com\/wp-content\/uploads\/2023\/10\/BETADINE-MOUSSANTE-4-500-ML-PhotoRoom-e1672565769588.webp?fit=600%2C544&ssl=1&resize=350%2C200 1x, https:\/\/i0.wp.com\/docmarket-dz.com\/wp-content\/uploads\/2023\/10\/BETADINE-MOUSSANTE-4-500-ML-PhotoRoom-e1672565769588.webp?fit=600%2C544&ssl=1&resize=525%2C300 1.5x"},"classes":[]},{"id":27559,"url":"https:\/\/docmarket-dz.com\/index.php\/product\/betadine-moussante-500-ml\/","url_meta":{"origin":28121,"position":4},"title":"BETADINE MOUSSANTE -500 ML","author":"Somia Belmadani","date":"17\/10\/2023","format":false,"excerpt":"B\u00c9TADINE SCRUB 4 % : solution moussante pour application cutan\u00e9e ; flacon de 500 ML","rel":"","context":"Article similaire","block_context":{"text":"Article similaire","link":""},"img":{"alt_text":"","src":"https:\/\/i0.wp.com\/docmarket-dz.com\/wp-content\/uploads\/2023\/10\/BETADINE-MOUSSANTE-4-1-LITRE-PhotoRoom-e1672565645162.webp?fit=600%2C547&ssl=1&resize=350%2C200","width":350,"height":200,"srcset":"https:\/\/i0.wp.com\/docmarket-dz.com\/wp-content\/uploads\/2023\/10\/BETADINE-MOUSSANTE-4-1-LITRE-PhotoRoom-e1672565645162.webp?fit=600%2C547&ssl=1&resize=350%2C200 1x, https:\/\/i0.wp.com\/docmarket-dz.com\/wp-content\/uploads\/2023\/10\/BETADINE-MOUSSANTE-4-1-LITRE-PhotoRoom-e1672565645162.webp?fit=600%2C547&ssl=1&resize=525%2C300 1.5x"},"classes":[]},{"id":27548,"url":"https:\/\/docmarket-dz.com\/index.php\/product\/betadine-solui-odine-flc-250-ml\/","url_meta":{"origin":28121,"position":5},"title":"BETADINE SOLUI-ODINE FLC- 250 ML","author":"Somia Belmadani","date":"17\/10\/2023","format":false,"excerpt":"Une solution antiseptique \u00e0 base de povidone iod\u00e9e (10%) est employ\u00e9 pour le traitement local d'appoint des affections de la peau et des muqueuses infect\u00e9es ou risquant de s'infecter mais \u00e9galement pour l'antisepsie du champ op\u00e9ratoire. Forme............................Solution pour application locale Dosage..........................10 % Contenance................... 250 ML","rel":"","context":"Article similaire","block_context":{"text":"Article similaire","link":""},"img":{"alt_text":"","src":"https:\/\/i0.wp.com\/docmarket-dz.com\/wp-content\/uploads\/2023\/10\/BETADINE-10-SOLUIODINE-PLYVIDONE-IODE-1-LITRE-Copie-PhotoRoom-e1672566570554.webp?fit=600%2C534&ssl=1&resize=350%2C200","width":350,"height":200,"srcset":"https:\/\/i0.wp.com\/docmarket-dz.com\/wp-content\/uploads\/2023\/10\/BETADINE-10-SOLUIODINE-PLYVIDONE-IODE-1-LITRE-Copie-PhotoRoom-e1672566570554.webp?fit=600%2C534&ssl=1&resize=350%2C200 1x, https:\/\/i0.wp.com\/docmarket-dz.com\/wp-content\/uploads\/2023\/10\/BETADINE-10-SOLUIODINE-PLYVIDONE-IODE-1-LITRE-Copie-PhotoRoom-e1672566570554.webp?fit=600%2C534&ssl=1&resize=525%2C300 1.5x"},"classes":[]}],"jetpack_sharing_enabled":true,"tiered_pricing_type":"fixed","tiered_pricing_fixed_rules":[],"tiered_pricing_product_settings":{"layout":"default","base_unit_name":{"singular":null,"plural":null},"default_variation":null},"tiered_pricing_minimum_quantity":null,"tiered_pricing_roles_data":[],"tiered_pricing_percentage_rules":[],"_links":{"self":[{"href":"https:\/\/docmarket-dz.com\/index.php\/wp-json\/wp\/v2\/product\/28121","targetHints":{"allow":["GET"]}}],"collection":[{"href":"https:\/\/docmarket-dz.com\/index.php\/wp-json\/wp\/v2\/product"}],"about":[{"href":"https:\/\/docmarket-dz.com\/index.php\/wp-json\/wp\/v2\/types\/product"}],"replies":[{"embeddable":true,"href":"https:\/\/docmarket-dz.com\/index.php\/wp-json\/wp\/v2\/comments?post=28121"}],"wp:featuredmedia":[{"embeddable":true,"href":"https:\/\/docmarket-dz.com\/index.php\/wp-json\/wp\/v2\/media\/28122"}],"wp:attachment":[{"href":"https:\/\/docmarket-dz.com\/index.php\/wp-json\/wp\/v2\/media?parent=28121"}],"wp:term":[{"taxonomy":"product_brand","embeddable":true,"href":"https:\/\/docmarket-dz.com\/index.php\/wp-json\/wp\/v2\/product_brand?post=28121"},{"taxonomy":"product_cat","embeddable":true,"href":"https:\/\/docmarket-dz.com\/index.php\/wp-json\/wp\/v2\/product_cat?post=28121"},{"taxonomy":"product_tag","embeddable":true,"href":"https:\/\/docmarket-dz.com\/index.php\/wp-json\/wp\/v2\/product_tag?post=28121"}],"curies":[{"name":"wp","href":"https:\/\/api.w.org\/{rel}","templated":true}]}}