{"id":28123,"date":"2023-12-12T16:51:47","date_gmt":"2023-12-12T15:51:47","guid":{"rendered":"https:\/\/docmarket-dz.com\/?post_type=product&#038;p=28123"},"modified":"2025-10-30T15:56:02","modified_gmt":"2025-10-30T14:56:02","slug":"bande-de-coton-ouate-075-cm-fix-cast","status":"publish","type":"product","link":"https:\/\/docmarket-dz.com\/index.php\/product\/bande-de-coton-ouate-075-cm-fix-cast\/","title":{"rendered":"Bande de Coton ( OUATE) 07.5 CM FIX CAST"},"content":{"rendered":"","protected":false},"excerpt":{"rendered":"","protected":false},"featured_media":28124,"comment_status":"open","ping_status":"closed","template":"","meta":{"content-type":"","om_disable_all_campaigns":false,"_uf_show_specific_survey":0,"_uf_disable_surveys":false,"jetpack_publicize_message":"","jetpack_publicize_feature_enabled":true,"jetpack_social_post_already_shared":false,"jetpack_social_options":{"image_generator_settings":{"template":"highway","default_image_id":0,"font":"","enabled":false},"version":2}},"product_brand":[],"product_cat":[487],"product_tag":[],"class_list":{"0":"post-28123","1":"product","2":"type-product","3":"status-publish","4":"has-post-thumbnail","6":"product_cat-medical","8":"first","9":"instock","10":"taxable","11":"shipping-taxable","12":"purchasable","13":"product-type-simple"},"supplier_id":null,"supplier_sku":"","barcode":null,"atum_controlled":true,"out_stock_date":null,"out_stock_threshold":null,"inheritable":false,"inbound_stock":0,"stock_on_hold":0,"sold_today":0,"sales_last_days":0,"reserved_stock":0,"customer_returns":0,"warehouse_damage":0,"lost_in_post":0,"other_logs":0,"out_stock_days":0,"lost_sales":0,"has_location":true,"update_date":"2026-04-16T00:08:01","atum_locations":[{"id":917,"name":"B2","slug":"b2"}],"atum_stock_status":"instock","restock_status":false,"low_stock_amount":2,"sales_update_date":"2026-04-16T00:08:01","calc_backorders":0,"aioseo_notices":[],"jetpack_publicize_connections":[],"jetpack-related-posts":[{"id":27568,"url":"https:\/\/docmarket-dz.com\/index.php\/product\/bande-de-resine-fix-cast-n4-10cmx360\/","url_meta":{"origin":28123,"position":0},"title":"BANDE DE RESINE FIX CAST N4- 10cmx360","author":"Somia Belmadani","date":"17\/10\/2023","format":false,"excerpt":"Description: Est un produit en fibre de verre impr\u00e9gn\u00e9 de r\u00e9sine. Il durcit lorsqu\u2019il humidifi\u00e9 et s\u00e9ch\u00e9 au contact de l\u2019air ( une sorte de pl\u00e2tre). Il est utilis\u00e9 pour fixer et soutenir une partie du corps fractur\u00e9 et autre maladie orthop\u00e9dique. \u00a0","rel":"","context":"Article similaire","block_context":{"text":"Article similaire","link":""},"img":{"alt_text":"","src":"https:\/\/i0.wp.com\/docmarket-dz.com\/wp-content\/uploads\/2023\/10\/ImDWage1-e1697547695952.jpg?fit=600%2C599&ssl=1&resize=350%2C200","width":350,"height":200,"srcset":"https:\/\/i0.wp.com\/docmarket-dz.com\/wp-content\/uploads\/2023\/10\/ImDWage1-e1697547695952.jpg?fit=600%2C599&ssl=1&resize=350%2C200 1x, https:\/\/i0.wp.com\/docmarket-dz.com\/wp-content\/uploads\/2023\/10\/ImDWage1-e1697547695952.jpg?fit=600%2C599&ssl=1&resize=525%2C300 1.5x"},"classes":[]},{"id":27566,"url":"https:\/\/docmarket-dz.com\/index.php\/product\/bande-de-resine-fix-cast-n3-7-5cmx360\/","url_meta":{"origin":28123,"position":1},"title":"BANDE DE RESINE FIX CAST N3- 7.5cmx360","author":"Somia Belmadani","date":"17\/10\/2023","format":false,"excerpt":"Description: Est un produit en fibre de verre impr\u00e9gn\u00e9 de r\u00e9sine. Il durcit lorsqu\u2019il humidifi\u00e9 et s\u00e9ch\u00e9 au contact de l\u2019air ( une sorte de pl\u00e2tre). Il est utilis\u00e9 pour fixer et soutenir une partie du corps fractur\u00e9 et autre maladie orthop\u00e9dique. \u00a0","rel":"","context":"Article similaire","block_context":{"text":"Article similaire","link":""},"img":{"alt_text":"","src":"https:\/\/i0.wp.com\/docmarket-dz.com\/wp-content\/uploads\/2023\/10\/FIXCAST-N%C2%B03Semiomed-PhotoRoom-e1697546804186.jpg?fit=600%2C600&ssl=1&resize=350%2C200","width":350,"height":200,"srcset":"https:\/\/i0.wp.com\/docmarket-dz.com\/wp-content\/uploads\/2023\/10\/FIXCAST-N%C2%B03Semiomed-PhotoRoom-e1697546804186.jpg?fit=600%2C600&ssl=1&resize=350%2C200 1x, https:\/\/i0.wp.com\/docmarket-dz.com\/wp-content\/uploads\/2023\/10\/FIXCAST-N%C2%B03Semiomed-PhotoRoom-e1697546804186.jpg?fit=600%2C600&ssl=1&resize=525%2C300 1.5x"},"classes":[]},{"id":27562,"url":"https:\/\/docmarket-dz.com\/index.php\/product\/bande-de-resine-fix-cast-n2-5cmx360\/","url_meta":{"origin":28123,"position":2},"title":"BANDE DE RESINE FIX CAST N2- 5cmx360","author":"Somia Belmadani","date":"17\/10\/2023","format":false,"excerpt":"Description: Est un produit en fibre de verre impr\u00e9gn\u00e9 de r\u00e9sine. Il durcit lorsqu\u2019il humidifi\u00e9 et s\u00e9ch\u00e9 au contact de l\u2019air ( une sorte de pl\u00e2tre). Il est utilis\u00e9 pour fixer et soutenir une partie du corps fractur\u00e9 et autre maladie orthop\u00e9dique. \u00a0","rel":"","context":"Article similaire","block_context":{"text":"Article similaire","link":""},"img":{"alt_text":"","src":"https:\/\/i0.wp.com\/docmarket-dz.com\/wp-content\/uploads\/2023\/10\/fixcast-resine-2-PhotoRoom-1-e1697546610540.jpg?fit=600%2C600&ssl=1&resize=350%2C200","width":350,"height":200,"srcset":"https:\/\/i0.wp.com\/docmarket-dz.com\/wp-content\/uploads\/2023\/10\/fixcast-resine-2-PhotoRoom-1-e1697546610540.jpg?fit=600%2C600&ssl=1&resize=350%2C200 1x, https:\/\/i0.wp.com\/docmarket-dz.com\/wp-content\/uploads\/2023\/10\/fixcast-resine-2-PhotoRoom-1-e1697546610540.jpg?fit=600%2C600&ssl=1&resize=525%2C300 1.5x"},"classes":[]},{"id":27572,"url":"https:\/\/docmarket-dz.com\/index.php\/product\/bande-de-resine-fix-cast-n5-12-5cmx360\/","url_meta":{"origin":28123,"position":3},"title":"BANDE DE RESINE FIX CAST N5- 12.5cmx360","author":"Somia Belmadani","date":"17\/10\/2023","format":false,"excerpt":"Description: Est un produit en fibre de verre impr\u00e9gn\u00e9 de r\u00e9sine. Il durcit lorsqu\u2019il humidifi\u00e9 et s\u00e9ch\u00e9 au contact de l\u2019air ( une sorte de pl\u00e2tre). Il est utilis\u00e9 pour fixer et soutenir une partie du corps fractur\u00e9 et autre maladie orthop\u00e9dique. \u00a0","rel":"","context":"Article similaire","block_context":{"text":"Article similaire","link":""},"img":{"alt_text":"","src":"https:\/\/i0.wp.com\/docmarket-dz.com\/wp-content\/uploads\/2023\/10\/29662354_348796252294349_6864899408686758028_o-removebg-preview.png?fit=567%2C440&ssl=1&resize=350%2C200","width":350,"height":200,"srcset":"https:\/\/i0.wp.com\/docmarket-dz.com\/wp-content\/uploads\/2023\/10\/29662354_348796252294349_6864899408686758028_o-removebg-preview.png?fit=567%2C440&ssl=1&resize=350%2C200 1x, https:\/\/i0.wp.com\/docmarket-dz.com\/wp-content\/uploads\/2023\/10\/29662354_348796252294349_6864899408686758028_o-removebg-preview.png?fit=567%2C440&ssl=1&resize=525%2C300 1.5x"},"classes":[]},{"id":27658,"url":"https:\/\/docmarket-dz.com\/index.php\/product\/bande-de-crepe-4m15-cm\/","url_meta":{"origin":28123,"position":4},"title":"BANDE DE CREPE 4M*15 CM","author":"fatmazohra.nasri","date":"22\/10\/2023","format":false,"excerpt":"","rel":"","context":"Article similaire","block_context":{"text":"Article similaire","link":""},"img":{"alt_text":"","src":"https:\/\/i0.wp.com\/docmarket-dz.com\/wp-content\/uploads\/2023\/10\/3401575037502-sylamed-bande-crepe-15cm-x-4m-2x.webp?fit=1200%2C1200&ssl=1&resize=350%2C200","width":350,"height":200,"srcset":"https:\/\/i0.wp.com\/docmarket-dz.com\/wp-content\/uploads\/2023\/10\/3401575037502-sylamed-bande-crepe-15cm-x-4m-2x.webp?fit=1200%2C1200&ssl=1&resize=350%2C200 1x, https:\/\/i0.wp.com\/docmarket-dz.com\/wp-content\/uploads\/2023\/10\/3401575037502-sylamed-bande-crepe-15cm-x-4m-2x.webp?fit=1200%2C1200&ssl=1&resize=525%2C300 1.5x, https:\/\/i0.wp.com\/docmarket-dz.com\/wp-content\/uploads\/2023\/10\/3401575037502-sylamed-bande-crepe-15cm-x-4m-2x.webp?fit=1200%2C1200&ssl=1&resize=700%2C400 2x, https:\/\/i0.wp.com\/docmarket-dz.com\/wp-content\/uploads\/2023\/10\/3401575037502-sylamed-bande-crepe-15cm-x-4m-2x.webp?fit=1200%2C1200&ssl=1&resize=1050%2C600 3x"},"classes":[]},{"id":27660,"url":"https:\/\/docmarket-dz.com\/index.php\/product\/bande-de-crepe-4m10-cm\/","url_meta":{"origin":28123,"position":5},"title":"BANDE DE CREPE 4M*10 CM","author":"fatmazohra.nasri","date":"22\/10\/2023","format":false,"excerpt":"","rel":"","context":"Article similaire","block_context":{"text":"Article similaire","link":""},"img":{"alt_text":"","src":"https:\/\/i0.wp.com\/docmarket-dz.com\/wp-content\/uploads\/2023\/10\/1515-cover-image-bande-de-crepe-4m-x-10-cm.jpeg?fit=588%2C587&ssl=1&resize=350%2C200","width":350,"height":200,"srcset":"https:\/\/i0.wp.com\/docmarket-dz.com\/wp-content\/uploads\/2023\/10\/1515-cover-image-bande-de-crepe-4m-x-10-cm.jpeg?fit=588%2C587&ssl=1&resize=350%2C200 1x, https:\/\/i0.wp.com\/docmarket-dz.com\/wp-content\/uploads\/2023\/10\/1515-cover-image-bande-de-crepe-4m-x-10-cm.jpeg?fit=588%2C587&ssl=1&resize=525%2C300 1.5x"},"classes":[]}],"jetpack_sharing_enabled":true,"tiered_pricing_type":"fixed","tiered_pricing_fixed_rules":[],"tiered_pricing_product_settings":{"layout":"default","base_unit_name":{"singular":null,"plural":null},"default_variation":null},"tiered_pricing_minimum_quantity":null,"tiered_pricing_roles_data":[],"tiered_pricing_percentage_rules":[],"_links":{"self":[{"href":"https:\/\/docmarket-dz.com\/index.php\/wp-json\/wp\/v2\/product\/28123","targetHints":{"allow":["GET"]}}],"collection":[{"href":"https:\/\/docmarket-dz.com\/index.php\/wp-json\/wp\/v2\/product"}],"about":[{"href":"https:\/\/docmarket-dz.com\/index.php\/wp-json\/wp\/v2\/types\/product"}],"replies":[{"embeddable":true,"href":"https:\/\/docmarket-dz.com\/index.php\/wp-json\/wp\/v2\/comments?post=28123"}],"wp:featuredmedia":[{"embeddable":true,"href":"https:\/\/docmarket-dz.com\/index.php\/wp-json\/wp\/v2\/media\/28124"}],"wp:attachment":[{"href":"https:\/\/docmarket-dz.com\/index.php\/wp-json\/wp\/v2\/media?parent=28123"}],"wp:term":[{"taxonomy":"product_brand","embeddable":true,"href":"https:\/\/docmarket-dz.com\/index.php\/wp-json\/wp\/v2\/product_brand?post=28123"},{"taxonomy":"product_cat","embeddable":true,"href":"https:\/\/docmarket-dz.com\/index.php\/wp-json\/wp\/v2\/product_cat?post=28123"},{"taxonomy":"product_tag","embeddable":true,"href":"https:\/\/docmarket-dz.com\/index.php\/wp-json\/wp\/v2\/product_tag?post=28123"}],"curies":[{"name":"wp","href":"https:\/\/api.w.org\/{rel}","templated":true}]}}