{"id":28133,"date":"2023-12-16T12:01:11","date_gmt":"2023-12-16T11:01:11","guid":{"rendered":"https:\/\/docmarket-dz.com\/?post_type=product&#038;p=28133"},"modified":"2025-12-08T15:57:56","modified_gmt":"2025-12-08T14:57:56","slug":"pince-hemostatique-halstead-13-cm-droite-s-g","status":"publish","type":"product","link":"https:\/\/docmarket-dz.com\/index.php\/product\/pince-hemostatique-halstead-13-cm-droite-s-g\/","title":{"rendered":"Pince h\u00e9mostatique ( HALSTEAD . 13 CM DROITE S\/G"},"content":{"rendered":"<p>La\u00a0<strong>pince h\u00e9mostatique de Halstead (ou pince moustique)<\/strong>\u00a0est une pince chirurgicale en acier inoxydable. Avec ses machoires rainur\u00e9es et son m\u00e9canisme d&#8217;autoblocage \u00e0 cr\u00e9maill\u00e8re, elle est bien adapt\u00e9e pour stopper les saignements (clamps de vaisseaux), saisir et manipuler des tissus ou dispositifs m\u00e9dicaux (compresses, aiguilles &#8230;).<\/p>\n<p>La pince de Halstead droites a une longeur de 13 cm. Elle est autoclavables \u00e0 134\u00b0 C pendant 18 minutes et se nettoie en machine ou \u00e0 la main avec un produit nettoyant n&#8217;attaquant pas l&#8217;acier inoxydable.<\/p>\n<p>Instrumentation m\u00e9dicale garantie 2 ans par remplacement pur et simple de l&#8217;instrument reconnu d\u00e9fectueux de notre fait.<\/p>\n<p><strong>Pince de Halstead droite disponible en deux mod\u00e8les :<\/strong><br \/>\n&#8211; Pince Halstead droite avec griffes,<br \/>\n&#8211; Pince Halstead droite sans griffe.<\/p>\n","protected":false},"excerpt":{"rendered":"<p>La\u00a0pince h\u00e9mostatique de Halstead (ou pince moustique)\u00a0est une pince chirurgicale en acier inoxydable. Avec ses machoires rainur\u00e9es et son m\u00e9canisme d&#8217;autoblocage \u00e0 cr\u00e9maill\u00e8re, elle est bien adapt\u00e9e pour stopper les saignements (clamps de vaisseaux), saisir et manipuler des tissus ou dispositifs m\u00e9dicaux (compresses, aiguilles &#8230;). La pince de Halstead droites a une longeur de 13 [&hellip;]<\/p>\n","protected":false},"featured_media":28135,"comment_status":"open","ping_status":"closed","template":"","meta":{"content-type":"","om_disable_all_campaigns":false,"_uf_show_specific_survey":0,"_uf_disable_surveys":false,"jetpack_publicize_message":"","jetpack_publicize_feature_enabled":true,"jetpack_social_post_already_shared":false,"jetpack_social_options":{"image_generator_settings":{"template":"highway","default_image_id":0,"font":"","enabled":false},"version":2}},"product_brand":[],"product_cat":[882,487],"product_tag":[],"class_list":{"0":"post-28133","1":"product","2":"type-product","3":"status-publish","4":"has-post-thumbnail","6":"product_cat-gynecologie","7":"product_cat-medical","9":"first","10":"onbackorder","11":"taxable","12":"shipping-taxable","13":"purchasable","14":"product-type-simple"},"supplier_id":null,"supplier_sku":"","barcode":null,"atum_controlled":true,"out_stock_date":"2025-12-08 15:57:56","out_stock_threshold":null,"inheritable":false,"inbound_stock":0,"stock_on_hold":0,"sold_today":0,"sales_last_days":0,"reserved_stock":0,"customer_returns":0,"warehouse_damage":0,"lost_in_post":0,"other_logs":0,"out_stock_days":122,"lost_sales":0,"has_location":false,"update_date":"2026-04-10T00:04:56","atum_locations":[],"atum_stock_status":"onbackorder","restock_status":false,"low_stock_amount":"","sales_update_date":"2026-04-10T00:04:56","calc_backorders":0,"aioseo_notices":[],"jetpack_publicize_connections":[],"jetpack-related-posts":[{"id":28127,"url":"https:\/\/docmarket-dz.com\/index.php\/product\/pince-k-pince-kelly-s-g-droite-14-cm\/","url_meta":{"origin":28133,"position":0},"title":"Pince K ( PINCE KELLY &#8211; S\/G &#8211; DROITE  14 CM","author":"fatmazohra.nasri","date":"16\/12\/2023","format":false,"excerpt":"La\u00a0pince Kelly\u00a0est une pince m\u00e9dicale de pr\u00e9cision en acier inoxydable. Droite et sans griffes, elle fait 14 cm. Autoclavable. Sp\u00e9cialit\u00e9 Chirurgie","rel":"","context":"Article similaire","block_context":{"text":"Article similaire","link":""},"img":{"alt_text":"","src":"","width":0,"height":0},"classes":[]},{"id":28138,"url":"https:\/\/docmarket-dz.com\/index.php\/product\/pince-a-pansement-longuette-courbe-24-cm\/","url_meta":{"origin":28133,"position":1},"title":"Pince \u00e0 pansement longuette courbe ( 24 CM )","author":"fatmazohra.nasri","date":"16\/12\/2023","format":false,"excerpt":"La pince Longuette droite est une pince m\u00e9dicale en acier inoxydable dot\u00e9e d'un tr\u00e8s long manche, de deux gros mors ovales et stri\u00e9s, et d'un syst\u00e8me de blocage \u00e0 cr\u00e9maill\u00e8re. Elle est utilis\u00e9e pour, par exemple, monter des compresses pli\u00e9es dans le cadre des nettoyages et des badigeonnages antiseptiques lors\u2026","rel":"","context":"Article similaire","block_context":{"text":"Article similaire","link":""},"img":{"alt_text":"","src":"https:\/\/i0.wp.com\/docmarket-dz.com\/wp-content\/uploads\/2023\/12\/29e4edb4da3707409c9a879f98f10f99.jpg?fit=900%2C900&ssl=1&resize=350%2C200","width":350,"height":200,"srcset":"https:\/\/i0.wp.com\/docmarket-dz.com\/wp-content\/uploads\/2023\/12\/29e4edb4da3707409c9a879f98f10f99.jpg?fit=900%2C900&ssl=1&resize=350%2C200 1x, https:\/\/i0.wp.com\/docmarket-dz.com\/wp-content\/uploads\/2023\/12\/29e4edb4da3707409c9a879f98f10f99.jpg?fit=900%2C900&ssl=1&resize=525%2C300 1.5x, https:\/\/i0.wp.com\/docmarket-dz.com\/wp-content\/uploads\/2023\/12\/29e4edb4da3707409c9a879f98f10f99.jpg?fit=900%2C900&ssl=1&resize=700%2C400 2x"},"classes":[]},{"id":24372,"url":"https:\/\/docmarket-dz.com\/index.php\/product\/pince-halstead-droite-s-g-13-cm\/","url_meta":{"origin":28133,"position":2},"title":"PINCE HALSTEAD DROITE S\/G 13 CM","author":"falek.h","date":"23\/12\/2022","format":false,"excerpt":"","rel":"","context":"Article similaire","block_context":{"text":"Article similaire","link":""},"img":{"alt_text":"","src":"https:\/\/i0.wp.com\/docmarket-dz.com\/wp-content\/uploads\/2022\/12\/PINCE-HALSTEAD-DROITE-13-CM.jpg?fit=800%2C800&ssl=1&resize=350%2C200","width":350,"height":200,"srcset":"https:\/\/i0.wp.com\/docmarket-dz.com\/wp-content\/uploads\/2022\/12\/PINCE-HALSTEAD-DROITE-13-CM.jpg?fit=800%2C800&ssl=1&resize=350%2C200 1x, https:\/\/i0.wp.com\/docmarket-dz.com\/wp-content\/uploads\/2022\/12\/PINCE-HALSTEAD-DROITE-13-CM.jpg?fit=800%2C800&ssl=1&resize=525%2C300 1.5x, https:\/\/i0.wp.com\/docmarket-dz.com\/wp-content\/uploads\/2022\/12\/PINCE-HALSTEAD-DROITE-13-CM.jpg?fit=800%2C800&ssl=1&resize=700%2C400 2x"},"classes":[]},{"id":24730,"url":"https:\/\/docmarket-dz.com\/index.php\/product\/pince-kelly-droite-16-cm-2\/","url_meta":{"origin":28133,"position":3},"title":"Pince Kelly  S\/G Droite 16 cm","author":"Sofiane Arbouche","date":"07\/01\/2023","format":false,"excerpt":"","rel":"","context":"Article similaire","block_context":{"text":"Article similaire","link":""},"img":{"alt_text":"","src":"https:\/\/i0.wp.com\/docmarket-dz.com\/wp-content\/uploads\/2023\/01\/pince-de-kelly-droite-16-cm.jpg?fit=458%2C458&ssl=1&resize=350%2C200","width":350,"height":200},"classes":[]},{"id":26001,"url":"https:\/\/docmarket-dz.com\/index.php\/product\/pince-bipolaires-18-00-cm-de-long-1mm-pointe-droite-europeenne\/","url_meta":{"origin":28133,"position":4},"title":"Pince Bipolaires  &#8211; 18.00 Cm  De Long &#8211; 1mm Pointe Droite Europeenne","author":"falek.h","date":"12\/03\/2023","format":false,"excerpt":"","rel":"","context":"Article similaire","block_context":{"text":"Article similaire","link":""},"img":{"alt_text":"","src":"","width":0,"height":0},"classes":[]},{"id":28136,"url":"https:\/\/docmarket-dz.com\/index.php\/product\/pince-a-chalazion-desmarres-9-cm\/","url_meta":{"origin":28133,"position":5},"title":"PINCE A CHALAZION DESMARRES 9 CM","author":"fatmazohra.nasri","date":"16\/12\/2023","format":false,"excerpt":"COMPOSITION:\u00a0 \u00a0 \u00a0 \u00a0 \u00a0 \u00a0 Acier inoxydable FORME DU CORP:\u00a0 \u00a0 \u00a0 \u00a0Corp Plat LONGUEUR TOTALE:\u00a0 9Cm LARGEUR:\u00a0 \u00a0 \u00a0 \u00a0 \u00a0 \u00a0 \u00a0 \u00a0 \u00a0 \u00a0 \u00a0 \u00a026 Cm PARTICULARITES:\u00a0 \u00a0 \u00a0 \u00a0Avec arr\u00eat \u00e0 vis","rel":"","context":"Article similaire","block_context":{"text":"Article similaire","link":""},"img":{"alt_text":"","src":"https:\/\/i0.wp.com\/docmarket-dz.com\/wp-content\/uploads\/2023\/12\/H_3920_1.jpg?fit=599%2C601&ssl=1&resize=350%2C200","width":350,"height":200,"srcset":"https:\/\/i0.wp.com\/docmarket-dz.com\/wp-content\/uploads\/2023\/12\/H_3920_1.jpg?fit=599%2C601&ssl=1&resize=350%2C200 1x, https:\/\/i0.wp.com\/docmarket-dz.com\/wp-content\/uploads\/2023\/12\/H_3920_1.jpg?fit=599%2C601&ssl=1&resize=525%2C300 1.5x"},"classes":[]}],"jetpack_sharing_enabled":true,"tiered_pricing_type":"fixed","tiered_pricing_fixed_rules":[],"tiered_pricing_product_settings":{"layout":"default","base_unit_name":{"singular":null,"plural":null},"default_variation":null},"tiered_pricing_minimum_quantity":null,"tiered_pricing_roles_data":[],"tiered_pricing_percentage_rules":[],"_links":{"self":[{"href":"https:\/\/docmarket-dz.com\/index.php\/wp-json\/wp\/v2\/product\/28133","targetHints":{"allow":["GET"]}}],"collection":[{"href":"https:\/\/docmarket-dz.com\/index.php\/wp-json\/wp\/v2\/product"}],"about":[{"href":"https:\/\/docmarket-dz.com\/index.php\/wp-json\/wp\/v2\/types\/product"}],"replies":[{"embeddable":true,"href":"https:\/\/docmarket-dz.com\/index.php\/wp-json\/wp\/v2\/comments?post=28133"}],"wp:featuredmedia":[{"embeddable":true,"href":"https:\/\/docmarket-dz.com\/index.php\/wp-json\/wp\/v2\/media\/28135"}],"wp:attachment":[{"href":"https:\/\/docmarket-dz.com\/index.php\/wp-json\/wp\/v2\/media?parent=28133"}],"wp:term":[{"taxonomy":"product_brand","embeddable":true,"href":"https:\/\/docmarket-dz.com\/index.php\/wp-json\/wp\/v2\/product_brand?post=28133"},{"taxonomy":"product_cat","embeddable":true,"href":"https:\/\/docmarket-dz.com\/index.php\/wp-json\/wp\/v2\/product_cat?post=28133"},{"taxonomy":"product_tag","embeddable":true,"href":"https:\/\/docmarket-dz.com\/index.php\/wp-json\/wp\/v2\/product_tag?post=28133"}],"curies":[{"name":"wp","href":"https:\/\/api.w.org\/{rel}","templated":true}]}}