{"id":28138,"date":"2023-12-16T12:17:56","date_gmt":"2023-12-16T11:17:56","guid":{"rendered":"https:\/\/docmarket-dz.com\/?post_type=product&#038;p=28138"},"modified":"2024-03-31T17:50:55","modified_gmt":"2024-03-31T16:50:55","slug":"pince-a-pansement-longuette-courbe-24-cm","status":"publish","type":"product","link":"https:\/\/docmarket-dz.com\/index.php\/product\/pince-a-pansement-longuette-courbe-24-cm\/","title":{"rendered":"Pince \u00e0 pansement longuette courbe ( 24 CM )"},"content":{"rendered":"<p>La pince Longuette droite est une pince m\u00e9dicale en acier inoxydable dot\u00e9e d&#8217;un tr\u00e8s long manche, de deux gros mors ovales et stri\u00e9s, et d&#8217;un syst\u00e8me de blocage \u00e0 cr\u00e9maill\u00e8re.<\/p>\n<p>Elle est utilis\u00e9e pour, par exemple, monter des compresses pli\u00e9es dans le cadre des nettoyages et des badigeonnages antiseptiques lors des soins des plaies ou des pr\u00e9parations pr\u00e9-op\u00e9ratoires. Avec sa grande longueur, la pince Longuette est \u00e9galement employ\u00e9e en gyn\u00e9cologie pour r\u00e9aliser des h\u00e9mostases de zones difficiles d&#8217;acc\u00e8s ou pour saisir le fil d&#8217;un st\u00e9rilet.<\/p>\n","protected":false},"excerpt":{"rendered":"<p>La pince Longuette droite est une pince m\u00e9dicale en acier inoxydable dot\u00e9e d&#8217;un tr\u00e8s long manche, de deux gros mors ovales et stri\u00e9s, et d&#8217;un syst\u00e8me de blocage \u00e0 cr\u00e9maill\u00e8re. Elle est utilis\u00e9e pour, par exemple, monter des compresses pli\u00e9es dans le cadre des nettoyages et des badigeonnages antiseptiques lors des soins des plaies ou [&hellip;]<\/p>\n","protected":false},"featured_media":28139,"comment_status":"open","ping_status":"closed","template":"","meta":{"content-type":"","om_disable_all_campaigns":false,"_uf_show_specific_survey":0,"_uf_disable_surveys":false,"jetpack_publicize_message":"","jetpack_publicize_feature_enabled":true,"jetpack_social_post_already_shared":false,"jetpack_social_options":{"image_generator_settings":{"template":"highway","default_image_id":0,"font":"","enabled":false},"version":2}},"product_brand":[],"product_cat":[487],"product_tag":[],"class_list":{"0":"post-28138","1":"product","2":"type-product","3":"status-publish","4":"has-post-thumbnail","6":"product_cat-medical","8":"first","9":"onbackorder","10":"taxable","11":"shipping-taxable","12":"purchasable","13":"product-type-simple"},"supplier_id":null,"supplier_sku":"","barcode":null,"atum_controlled":true,"out_stock_date":null,"out_stock_threshold":null,"inheritable":false,"inbound_stock":0,"stock_on_hold":0,"sold_today":0,"sales_last_days":0,"reserved_stock":0,"customer_returns":0,"warehouse_damage":0,"lost_in_post":0,"other_logs":0,"out_stock_days":0,"lost_sales":0,"has_location":false,"update_date":"2026-04-16T00:07:52","atum_locations":[],"atum_stock_status":"onbackorder","restock_status":false,"low_stock_amount":"","sales_update_date":"2026-04-16T00:07:52","calc_backorders":null,"aioseo_notices":[],"jetpack_publicize_connections":[],"jetpack-related-posts":[{"id":28133,"url":"https:\/\/docmarket-dz.com\/index.php\/product\/pince-hemostatique-halstead-13-cm-droite-s-g\/","url_meta":{"origin":28138,"position":0},"title":"Pince h\u00e9mostatique ( HALSTEAD . 13 CM DROITE S\/G","author":"fatmazohra.nasri","date":"16\/12\/2023","format":false,"excerpt":"La\u00a0pince h\u00e9mostatique de Halstead (ou pince moustique)\u00a0est une pince chirurgicale en acier inoxydable. Avec ses machoires rainur\u00e9es et son m\u00e9canisme d'autoblocage \u00e0 cr\u00e9maill\u00e8re, elle est bien adapt\u00e9e pour stopper les saignements (clamps de vaisseaux), saisir et manipuler des tissus ou dispositifs m\u00e9dicaux (compresses, aiguilles ...). La pince de Halstead droites\u2026","rel":"","context":"Article similaire","block_context":{"text":"Article similaire","link":""},"img":{"alt_text":"","src":"https:\/\/i0.wp.com\/docmarket-dz.com\/wp-content\/uploads\/2023\/12\/148982_IP08213_pince-rochester_pean_kocher_SG-droite-HOLTEX_Original-600x409-1.jpg?fit=602%2C588&ssl=1&resize=350%2C200","width":350,"height":200,"srcset":"https:\/\/i0.wp.com\/docmarket-dz.com\/wp-content\/uploads\/2023\/12\/148982_IP08213_pince-rochester_pean_kocher_SG-droite-HOLTEX_Original-600x409-1.jpg?fit=602%2C588&ssl=1&resize=350%2C200 1x, https:\/\/i0.wp.com\/docmarket-dz.com\/wp-content\/uploads\/2023\/12\/148982_IP08213_pince-rochester_pean_kocher_SG-droite-HOLTEX_Original-600x409-1.jpg?fit=602%2C588&ssl=1&resize=525%2C300 1.5x"},"classes":[]},{"id":28127,"url":"https:\/\/docmarket-dz.com\/index.php\/product\/pince-k-pince-kelly-s-g-droite-14-cm\/","url_meta":{"origin":28138,"position":1},"title":"Pince K ( PINCE KELLY &#8211; S\/G &#8211; DROITE  14 CM","author":"fatmazohra.nasri","date":"16\/12\/2023","format":false,"excerpt":"La\u00a0pince Kelly\u00a0est une pince m\u00e9dicale de pr\u00e9cision en acier inoxydable. Droite et sans griffes, elle fait 14 cm. Autoclavable. Sp\u00e9cialit\u00e9 Chirurgie","rel":"","context":"Article similaire","block_context":{"text":"Article similaire","link":""},"img":{"alt_text":"","src":"","width":0,"height":0},"classes":[]},{"id":29037,"url":"https:\/\/docmarket-dz.com\/index.php\/product\/pince-foerster-striee-courbe-24-cm-marque-holtex-ref-ip43524\/","url_meta":{"origin":28138,"position":2},"title":"Pince Foerster stri\u00e9e courbe ( 24 CM ) Marque Holtex REF: IP43524","author":"Sofiane Arbouche","date":"11\/06\/2024","format":false,"excerpt":"Ce dispositif m\u00e9dical est un produit de sant\u00e9 r\u00e9glement\u00e9 qui porte, au titre de cette r\u00e8glementation, le marquage CE. D\u00e9nomination :\u00a0Pince Foerster courbe Holtex 24cm Destination :\u00a0- Fabricant :\u00a0Holtex","rel":"","context":"Article similaire","block_context":{"text":"Article similaire","link":""},"img":{"alt_text":"","src":"","width":0,"height":0},"classes":[]},{"id":27817,"url":"https:\/\/docmarket-dz.com\/index.php\/product\/pince-a-biopsie-gynecologique-douay-20-cm\/","url_meta":{"origin":28138,"position":3},"title":"PINCE A BIOPSIE GYNECOLOGIQUE DOUAY 20 CM","author":"fatmazohra.nasri","date":"13\/11\/2023","format":false,"excerpt":"","rel":"","context":"Article similaire","block_context":{"text":"Article similaire","link":""},"img":{"alt_text":"","src":"https:\/\/i0.wp.com\/docmarket-dz.com\/wp-content\/uploads\/2023\/11\/062278abc53e9bd768c5ec9202328954.jpg?fit=500%2C500&ssl=1&resize=350%2C200","width":350,"height":200},"classes":[]},{"id":26089,"url":"https:\/\/docmarket-dz.com\/index.php\/product\/pince-de-dissection-courbee-5x330-avec-poignee\/","url_meta":{"origin":28138,"position":4},"title":"Pince De Dissection Courbee 5&#215;330 Avec Poignee","author":"falek.h","date":"12\/03\/2023","format":false,"excerpt":"","rel":"","context":"Article similaire","block_context":{"text":"Article similaire","link":""},"img":{"alt_text":"","src":"","width":0,"height":0},"classes":[]},{"id":24372,"url":"https:\/\/docmarket-dz.com\/index.php\/product\/pince-halstead-droite-s-g-13-cm\/","url_meta":{"origin":28138,"position":5},"title":"PINCE HALSTEAD DROITE S\/G 13 CM","author":"falek.h","date":"23\/12\/2022","format":false,"excerpt":"","rel":"","context":"Article similaire","block_context":{"text":"Article similaire","link":""},"img":{"alt_text":"","src":"https:\/\/i0.wp.com\/docmarket-dz.com\/wp-content\/uploads\/2022\/12\/PINCE-HALSTEAD-DROITE-13-CM.jpg?fit=800%2C800&ssl=1&resize=350%2C200","width":350,"height":200,"srcset":"https:\/\/i0.wp.com\/docmarket-dz.com\/wp-content\/uploads\/2022\/12\/PINCE-HALSTEAD-DROITE-13-CM.jpg?fit=800%2C800&ssl=1&resize=350%2C200 1x, https:\/\/i0.wp.com\/docmarket-dz.com\/wp-content\/uploads\/2022\/12\/PINCE-HALSTEAD-DROITE-13-CM.jpg?fit=800%2C800&ssl=1&resize=525%2C300 1.5x, https:\/\/i0.wp.com\/docmarket-dz.com\/wp-content\/uploads\/2022\/12\/PINCE-HALSTEAD-DROITE-13-CM.jpg?fit=800%2C800&ssl=1&resize=700%2C400 2x"},"classes":[]}],"jetpack_sharing_enabled":true,"tiered_pricing_type":"fixed","tiered_pricing_fixed_rules":[],"tiered_pricing_product_settings":{"layout":"default","base_unit_name":{"singular":null,"plural":null},"default_variation":null},"tiered_pricing_minimum_quantity":null,"tiered_pricing_roles_data":[],"tiered_pricing_percentage_rules":[],"_links":{"self":[{"href":"https:\/\/docmarket-dz.com\/index.php\/wp-json\/wp\/v2\/product\/28138","targetHints":{"allow":["GET"]}}],"collection":[{"href":"https:\/\/docmarket-dz.com\/index.php\/wp-json\/wp\/v2\/product"}],"about":[{"href":"https:\/\/docmarket-dz.com\/index.php\/wp-json\/wp\/v2\/types\/product"}],"replies":[{"embeddable":true,"href":"https:\/\/docmarket-dz.com\/index.php\/wp-json\/wp\/v2\/comments?post=28138"}],"wp:featuredmedia":[{"embeddable":true,"href":"https:\/\/docmarket-dz.com\/index.php\/wp-json\/wp\/v2\/media\/28139"}],"wp:attachment":[{"href":"https:\/\/docmarket-dz.com\/index.php\/wp-json\/wp\/v2\/media?parent=28138"}],"wp:term":[{"taxonomy":"product_brand","embeddable":true,"href":"https:\/\/docmarket-dz.com\/index.php\/wp-json\/wp\/v2\/product_brand?post=28138"},{"taxonomy":"product_cat","embeddable":true,"href":"https:\/\/docmarket-dz.com\/index.php\/wp-json\/wp\/v2\/product_cat?post=28138"},{"taxonomy":"product_tag","embeddable":true,"href":"https:\/\/docmarket-dz.com\/index.php\/wp-json\/wp\/v2\/product_tag?post=28138"}],"curies":[{"name":"wp","href":"https:\/\/api.w.org\/{rel}","templated":true}]}}