{"id":28190,"date":"2023-12-26T15:56:25","date_gmt":"2023-12-26T14:56:25","guid":{"rendered":"https:\/\/docmarket-dz.com\/?post_type=product&#038;p=28190"},"modified":"2024-01-09T15:47:40","modified_gmt":"2024-01-09T14:47:40","slug":"vapozone-sur-pied-vapeur-chaud-et-froid-46-20-steam-chine","status":"publish","type":"product","link":"https:\/\/docmarket-dz.com\/index.php\/product\/vapozone-sur-pied-vapeur-chaud-et-froid-46-20-steam-chine\/","title":{"rendered":"VAPOZONE SUR PIED VAPEUR CHAUD ET FROID 46\/20 STEAM CHINE"},"content":{"rendered":"<ul class=\"a-unordered-list a-vertical a-spacing-mini\">\n<li class=\"a-spacing-mini\"><span class=\"a-list-item\">Ozone Facial Steamer: Nettoyez votre peau avec ce bateau \u00e0 vapeur debout. Comprend un mode \u00e0 double action qui utilise l\u2019anion d\u2019ozone et l\u2019eau bouillante pour produire de la vapeur infus\u00e9e d\u2019ozone. L\u2019ozone desserre la salet\u00e9 et l\u2019huile pi\u00e9g\u00e9es dans les pores et ajoute l\u2019hydratation pour rendre votre peau souple.<\/span><\/li>\n<li class=\"a-spacing-mini\"><span class=\"a-list-item\">Nettoyage en profondeur: Nanosizing les ions oxyg\u00e8ne Spray Mist plus th\u00e9orie de la vapeur \u00e0 vapeur chaud, plus facile pour l\u2019ouverture des pores, utilisez un coton pour essuyer votre maquillage apr\u00e8s la vapeur et nettoyez avec de l\u2019eau, nettoyez soigneusement votre visage.<\/span><\/li>\n<li class=\"a-spacing-mini\"><span class=\"a-list-item\">Appliquer sur tous les types de peau et tous les types de personnes: peu importe que vous soyez un type de peau huileux, normal ou sec, des adolescentes ou des mamans, de jeunes gar\u00e7ons ou des hommes d\u2019\u00e2ge moyen, vous pouvez tous utiliser cette machine, d\u00e9tendre votre peau apr\u00e8s un travail occup\u00e9 , suivez le bon \u00e9tat.<\/span><\/li>\n<li class=\"a-spacing-mini\"><span class=\"a-list-item\">Papier \u00e0 vapeur de peau polyvalent: un cuiseur de dalton sur le visage debout \u00e0 l\u2019ozone professionnel consiste \u00e0 un traitement cutan\u00e9 polyvalent pour les salons de beaut\u00e9 professionnels, les spas et l\u2019utilisation \u00e0 domicile. Il dispose d\u2019un design simple avec 4 roues qui vous permet de le d\u00e9placer facilement.<\/span><\/li>\n<li class=\"a-spacing-mini\"><span class=\"a-list-item\">Utilisations multiples: \u00e9quipement de beaut\u00e9 professionnel, adapt\u00e9 au salon de beaut\u00e9, au salon de coiffure ou \u00e0 d\u2019autres lieux de traitement professionnels. Ou vous pouvez en avoir un \u00e0 la maison, la conception simple et le fonctionnement facile peuvent vous fournir un traitement au niveau de la profession \u00e0 la maison<\/span><\/li>\n<\/ul>\n","protected":false},"excerpt":{"rendered":"<p>Ozone Facial Steamer: Nettoyez votre peau avec ce bateau \u00e0 vapeur debout. Comprend un mode \u00e0 double action qui utilise l\u2019anion d\u2019ozone et l\u2019eau bouillante pour produire de la vapeur infus\u00e9e d\u2019ozone. L\u2019ozone desserre la salet\u00e9 et l\u2019huile pi\u00e9g\u00e9es dans les pores et ajoute l\u2019hydratation pour rendre votre peau souple. Nettoyage en profondeur: Nanosizing les [&hellip;]<\/p>\n","protected":false},"featured_media":28191,"comment_status":"open","ping_status":"closed","template":"","meta":{"content-type":"","om_disable_all_campaigns":false,"_uf_show_specific_survey":0,"_uf_disable_surveys":false,"jetpack_publicize_message":"","jetpack_publicize_feature_enabled":true,"jetpack_social_post_already_shared":false,"jetpack_social_options":{"image_generator_settings":{"template":"highway","default_image_id":0,"font":"","enabled":false},"version":2}},"product_brand":[],"product_cat":[555],"product_tag":[],"class_list":{"0":"post-28190","1":"product","2":"type-product","3":"status-publish","4":"has-post-thumbnail","6":"product_cat-equipement","8":"first","9":"onbackorder","10":"taxable","11":"shipping-taxable","12":"purchasable","13":"product-type-simple"},"supplier_id":null,"supplier_sku":"","barcode":null,"atum_controlled":true,"out_stock_date":null,"out_stock_threshold":null,"inheritable":false,"inbound_stock":0,"stock_on_hold":0,"sold_today":0,"sales_last_days":0,"reserved_stock":0,"customer_returns":0,"warehouse_damage":0,"lost_in_post":0,"other_logs":0,"out_stock_days":0,"lost_sales":0,"has_location":false,"update_date":"2026-04-10T00:05:01","atum_locations":[],"atum_stock_status":"onbackorder","restock_status":false,"low_stock_amount":"","sales_update_date":"2026-04-10T00:05:01","calc_backorders":null,"aioseo_notices":[],"jetpack_publicize_connections":[],"jetpack-related-posts":[{"id":28001,"url":"https:\/\/docmarket-dz.com\/index.php\/product\/autoclave-50l-classe-b-avec-imprimante-integree\/","url_meta":{"origin":28190,"position":0},"title":"Autoclave 50L classe B avec imprimante int\u00e9gr\u00e9e  (Le prix change selon l&#8217;arrivage)","author":"fatmazohra.nasri","date":"04\/11\/2023","format":false,"excerpt":"Ecran LCD R\u00e9servoir int\u00e9gr\u00e9e facile \u00e0 nettoyer avec capteur de qualit\u00e9 d\u2019eau Porte avec verrouillage automatique s\u00e9curis\u00e9 04 programmes de st\u00e9rilisation Protection contre la surchauffe, la suppression, protection de g\u00e9n\u00e9rateur de vapeur G\u00e9n\u00e9rateur de vapeur int\u00e9gr\u00e9 Temp\u00e9rature de st\u00e9rilisation : 121\u00b0C - 134\u00b0C Pression : 0.3 Mpa Taille de chambre\u2026","rel":"","context":"Article similaire","block_context":{"text":"Article similaire","link":""},"img":{"alt_text":"","src":"https:\/\/i0.wp.com\/docmarket-dz.com\/wp-content\/uploads\/2023\/12\/NET-AAL-XL-B_Autoclave_table_class_type_result.jpg?fit=603%2C599&ssl=1&resize=350%2C200","width":350,"height":200,"srcset":"https:\/\/i0.wp.com\/docmarket-dz.com\/wp-content\/uploads\/2023\/12\/NET-AAL-XL-B_Autoclave_table_class_type_result.jpg?fit=603%2C599&ssl=1&resize=350%2C200 1x, https:\/\/i0.wp.com\/docmarket-dz.com\/wp-content\/uploads\/2023\/12\/NET-AAL-XL-B_Autoclave_table_class_type_result.jpg?fit=603%2C599&ssl=1&resize=525%2C300 1.5x"},"classes":[]},{"id":28003,"url":"https:\/\/docmarket-dz.com\/index.php\/product\/autoclave-classe-b-capacite-80l-avec-imprimante-integree-le-prix-change-selon-larrivage\/","url_meta":{"origin":28190,"position":1},"title":"Autoclave classe B capacit\u00e9 80L avec imprimante int\u00e9gr\u00e9e ( Le prix change selon l&#8217;arrivage)","author":"fatmazohra.nasri","date":"04\/12\/2023","format":false,"excerpt":"Ecran LCD R\u00e9servoir int\u00e9gr\u00e9e facile \u00e0 nettoyer avec capteur de qualit\u00e9 d\u2019eau Porte avec verrouillage automatique s\u00e9curis\u00e9 Multiprogramme plus programmes tests : BD, Test de vide Protection contre la surchauffe, la suppression, protection de g\u00e9n\u00e9rateur de vapeur G\u00e9n\u00e9rateur de vapeur int\u00e9gr\u00e9 Temp\u00e9rature de st\u00e9rilisation : 121\u00b0C- 136\u00b0C Pression : 0.3\u2026","rel":"","context":"Article similaire","block_context":{"text":"Article similaire","link":""},"img":{"alt_text":"","src":"https:\/\/i0.wp.com\/docmarket-dz.com\/wp-content\/uploads\/2023\/12\/NET-AAL-XL-B_Autoclave_table_class_type_result.jpg?fit=603%2C599&ssl=1&resize=350%2C200","width":350,"height":200,"srcset":"https:\/\/i0.wp.com\/docmarket-dz.com\/wp-content\/uploads\/2023\/12\/NET-AAL-XL-B_Autoclave_table_class_type_result.jpg?fit=603%2C599&ssl=1&resize=350%2C200 1x, https:\/\/i0.wp.com\/docmarket-dz.com\/wp-content\/uploads\/2023\/12\/NET-AAL-XL-B_Autoclave_table_class_type_result.jpg?fit=603%2C599&ssl=1&resize=525%2C300 1.5x"},"classes":[]},{"id":28026,"url":"https:\/\/docmarket-dz.com\/index.php\/product\/bechtoscope-plus-liquide-desinfectant-concentre-1l\/","url_meta":{"origin":28190,"position":2},"title":"Bechtoscope Plus &#8211; liquide d\u00e9sinfectant concentr\u00e9 1L","author":"Sofiane Arbouche","date":"06\/12\/2023","format":false,"excerpt":"\u00a0Le produit Bechtoscope plus est une solution de d\u00e9sinfection pour instruments m\u00e9dicaux, invasifs et non invasifs, ainsi que pour les dispositifs m\u00e9dicaux, y compris les endoscopes rigides et flexibles. \u2022\u00a0 \u00a0 \u00a0 \u00a0Propri\u00e9t\u00e9s: Il est compos\u00e9 d\u2019ald\u00e9hydes et de compos\u00e9s d\u2019ammonium quaternaire, avec une forte activit\u00e9 microbiologique \u00e0 faible concentration.\u2026","rel":"","context":"Article similaire","block_context":{"text":"Article similaire","link":""},"img":{"alt_text":"","src":"https:\/\/i0.wp.com\/docmarket-dz.com\/wp-content\/uploads\/2023\/12\/IMG_2131.png?fit=599%2C601&ssl=1&resize=350%2C200","width":350,"height":200,"srcset":"https:\/\/i0.wp.com\/docmarket-dz.com\/wp-content\/uploads\/2023\/12\/IMG_2131.png?fit=599%2C601&ssl=1&resize=350%2C200 1x, https:\/\/i0.wp.com\/docmarket-dz.com\/wp-content\/uploads\/2023\/12\/IMG_2131.png?fit=599%2C601&ssl=1&resize=525%2C300 1.5x"},"classes":[]},{"id":27999,"url":"https:\/\/docmarket-dz.com\/index.php\/product\/autoclave-de-paillasse-45-l-classe-b-avec-imprimante-integree\/","url_meta":{"origin":28190,"position":3},"title":"Autoclave de paillasse 45 L classe B avec imprimante int\u00e9gr\u00e9e","author":"fatmazohra.nasri","date":"04\/12\/2023","format":false,"excerpt":"3 Afficheurs Num\u00e9riques Chambre int\u00e9rieure en inox : \u00d8 315 x 575 mm 04 pr\u00e9programmes de st\u00e9rilisation 02 Programme test : B&D, Vide Porte avec verrouillage automatique s\u00e9curis\u00e9 Protection contre la surchauffe, la suppression, protection de g\u00e9n\u00e9rateur de vapeur G\u00e9n\u00e9rateur de vapeur int\u00e9gr\u00e9 Temp\u00e9rature de st\u00e9rilisation : 121\u00b0C - 134\u00b0C","rel":"","context":"Article similaire","block_context":{"text":"Article similaire","link":""},"img":{"alt_text":"","src":"https:\/\/i0.wp.com\/docmarket-dz.com\/wp-content\/uploads\/2023\/12\/380_1_prod.png?fit=599%2C601&ssl=1&resize=350%2C200","width":350,"height":200,"srcset":"https:\/\/i0.wp.com\/docmarket-dz.com\/wp-content\/uploads\/2023\/12\/380_1_prod.png?fit=599%2C601&ssl=1&resize=350%2C200 1x, https:\/\/i0.wp.com\/docmarket-dz.com\/wp-content\/uploads\/2023\/12\/380_1_prod.png?fit=599%2C601&ssl=1&resize=525%2C300 1.5x"},"classes":[]},{"id":28807,"url":"https:\/\/docmarket-dz.com\/index.php\/product\/lampe-a-ultra-violet-a-un-neon\/","url_meta":{"origin":28190,"position":4},"title":"Lampe \u00e0 ultra-violet \u00e0 un n\u00e9on","author":"fatmazohra.nasri","date":"04\/04\/2024","format":false,"excerpt":"Fabriqu\u00e9e en inox avec une seule porte horizontale. Un tube \u00e9met des rayons ultra-violets germicides et transforme l\u2019oxyg\u00e8ne en ozone, l\u2019effet du rayonnement U.V. est bact\u00e9ricide, vermicide et g\u00e9nocide. Puissance : 30 W Dur\u00e9e de st\u00e9rilisation : 1000 heures. Dimensions : Largeur : 200 mm, Longueur : 1200 mm, Profondeur\u2026","rel":"","context":"Article similaire","block_context":{"text":"Article similaire","link":""},"img":{"alt_text":"","src":"","width":0,"height":0},"classes":[]},{"id":27871,"url":"https:\/\/docmarket-dz.com\/index.php\/product\/ventouse-pour-ecg-jeu-de-6\/","url_meta":{"origin":28190,"position":5},"title":"Ventouse pour ECG &#8211; Sac de 6 unit\u00e9s","author":"fatmazohra.nasri","date":"25\/11\/2023","format":false,"excerpt":"Ces \u00e9lectrodes (poires) pr\u00e9cordiales sont con\u00e7ues pour l'enregistrement d'\u00e9lectrocardiogrammes de routine. Leur ventouse en m\u00e9tal adh\u00e8re \u00e0 la peau du patient gr\u00e2ce \u00e0 la d\u00e9pression obtenue en pressant la poire. Elles sont adapt\u00e9es \u00e0 des cables dot\u00e9s de diff\u00e9rents types de connexion : fiche banane, pression, pince. R\u00e9utilisables, elles sont\u2026","rel":"","context":"Article similaire","block_context":{"text":"Article similaire","link":""},"img":{"alt_text":"","src":"https:\/\/i0.wp.com\/docmarket-dz.com\/wp-content\/uploads\/2023\/11\/IMG_1995-PhotoRoom.png-PhotoRoom.png?fit=606%2C608&ssl=1&resize=350%2C200","width":350,"height":200,"srcset":"https:\/\/i0.wp.com\/docmarket-dz.com\/wp-content\/uploads\/2023\/11\/IMG_1995-PhotoRoom.png-PhotoRoom.png?fit=606%2C608&ssl=1&resize=350%2C200 1x, https:\/\/i0.wp.com\/docmarket-dz.com\/wp-content\/uploads\/2023\/11\/IMG_1995-PhotoRoom.png-PhotoRoom.png?fit=606%2C608&ssl=1&resize=525%2C300 1.5x"},"classes":[]}],"jetpack_sharing_enabled":true,"tiered_pricing_type":"fixed","tiered_pricing_fixed_rules":[],"tiered_pricing_product_settings":{"layout":"default","base_unit_name":{"singular":null,"plural":null},"default_variation":null},"tiered_pricing_minimum_quantity":null,"tiered_pricing_roles_data":[],"tiered_pricing_percentage_rules":[],"_links":{"self":[{"href":"https:\/\/docmarket-dz.com\/index.php\/wp-json\/wp\/v2\/product\/28190","targetHints":{"allow":["GET"]}}],"collection":[{"href":"https:\/\/docmarket-dz.com\/index.php\/wp-json\/wp\/v2\/product"}],"about":[{"href":"https:\/\/docmarket-dz.com\/index.php\/wp-json\/wp\/v2\/types\/product"}],"replies":[{"embeddable":true,"href":"https:\/\/docmarket-dz.com\/index.php\/wp-json\/wp\/v2\/comments?post=28190"}],"wp:featuredmedia":[{"embeddable":true,"href":"https:\/\/docmarket-dz.com\/index.php\/wp-json\/wp\/v2\/media\/28191"}],"wp:attachment":[{"href":"https:\/\/docmarket-dz.com\/index.php\/wp-json\/wp\/v2\/media?parent=28190"}],"wp:term":[{"taxonomy":"product_brand","embeddable":true,"href":"https:\/\/docmarket-dz.com\/index.php\/wp-json\/wp\/v2\/product_brand?post=28190"},{"taxonomy":"product_cat","embeddable":true,"href":"https:\/\/docmarket-dz.com\/index.php\/wp-json\/wp\/v2\/product_cat?post=28190"},{"taxonomy":"product_tag","embeddable":true,"href":"https:\/\/docmarket-dz.com\/index.php\/wp-json\/wp\/v2\/product_tag?post=28190"}],"curies":[{"name":"wp","href":"https:\/\/api.w.org\/{rel}","templated":true}]}}