{"id":28196,"date":"2023-12-26T16:44:35","date_gmt":"2023-12-26T15:44:35","guid":{"rendered":"https:\/\/docmarket-dz.com\/?post_type=product&#038;p=28196"},"modified":"2024-01-09T15:47:39","modified_gmt":"2024-01-09T14:47:39","slug":"doppler-de-frequence-cardiaque-foetale-sonotech-pro","status":"publish","type":"product","link":"https:\/\/docmarket-dz.com\/index.php\/product\/doppler-de-frequence-cardiaque-foetale-sonotech-pro\/","title":{"rendered":"DOPPLER DE FR\u00c9QUENCE CARDIAQUE FOETALE SONOTECH PRO"},"content":{"rendered":"","protected":false},"excerpt":{"rendered":"","protected":false},"featured_media":28197,"comment_status":"open","ping_status":"closed","template":"","meta":{"content-type":"","om_disable_all_campaigns":false,"_uf_show_specific_survey":0,"_uf_disable_surveys":false,"jetpack_publicize_message":"","jetpack_publicize_feature_enabled":true,"jetpack_social_post_already_shared":false,"jetpack_social_options":{"image_generator_settings":{"template":"highway","default_image_id":0,"font":"","enabled":false},"version":2}},"product_brand":[],"product_cat":[555,487],"product_tag":[],"class_list":{"0":"post-28196","1":"product","2":"type-product","3":"status-publish","4":"has-post-thumbnail","6":"product_cat-equipement","7":"product_cat-medical","9":"first","10":"onbackorder","11":"taxable","12":"shipping-taxable","13":"purchasable","14":"product-type-simple"},"supplier_id":null,"supplier_sku":"","barcode":null,"atum_controlled":true,"out_stock_date":null,"out_stock_threshold":null,"inheritable":false,"inbound_stock":0,"stock_on_hold":0,"sold_today":0,"sales_last_days":0,"reserved_stock":0,"customer_returns":0,"warehouse_damage":0,"lost_in_post":0,"other_logs":0,"out_stock_days":0,"lost_sales":0,"has_location":false,"update_date":"2026-04-10T00:05:02","atum_locations":[],"atum_stock_status":"onbackorder","restock_status":false,"low_stock_amount":"","sales_update_date":"2026-04-10T00:05:02","calc_backorders":null,"aioseo_notices":[],"jetpack_publicize_connections":[],"jetpack-related-posts":[{"id":27981,"url":"https:\/\/docmarket-dz.com\/index.php\/product\/doppler-cardio-portatif-avec-sonde-8-mhz\/","url_meta":{"origin":28196,"position":0},"title":"DOPPLER CARDIO PORTATIF AVEC SONDE 8 MHz","author":"fatmazohra.nasri","date":"04\/12\/2023","format":false,"excerpt":"Le\u00a0doppler f\u0153tal et vasculaire de poche Sonoline C de Gima\u00a0avec \u00e9cran couleur est un dispositif de diagnostic m\u00e9dical portable con\u00e7u pour d\u00e9tecter les signes de vie f\u0153tale. Il est utilis\u00e9 pour \u00e9valuer la circulation sanguine et le battement cardiaque f\u0153tal pendant la grossesse. Le doppler de f\u0153tal et vasculaire Sonoline\u2026","rel":"","context":"Article similaire","block_context":{"text":"Article similaire","link":""},"img":{"alt_text":"","src":"https:\/\/i0.wp.com\/docmarket-dz.com\/wp-content\/uploads\/2023\/12\/29480-doppler-1.png?fit=602%2C601&ssl=1&resize=350%2C200","width":350,"height":200,"srcset":"https:\/\/i0.wp.com\/docmarket-dz.com\/wp-content\/uploads\/2023\/12\/29480-doppler-1.png?fit=602%2C601&ssl=1&resize=350%2C200 1x, https:\/\/i0.wp.com\/docmarket-dz.com\/wp-content\/uploads\/2023\/12\/29480-doppler-1.png?fit=602%2C601&ssl=1&resize=525%2C300 1.5x"},"classes":[]},{"id":28200,"url":"https:\/\/docmarket-dz.com\/index.php\/product\/doppler-vasculaire-sonolinne-b-avec-pack-02-sondes-vasculaire-0508-mhz-instructions\/","url_meta":{"origin":28196,"position":1},"title":"Doppler vasculaire sonolinne B AVEC PACK 02 SONDES VASCULAIRE 05&amp;08 Mhz Instructions","author":"fatmazohra.nasri","date":"27\/12\/2023","format":false,"excerpt":"","rel":"","context":"Article similaire","block_context":{"text":"Article similaire","link":""},"img":{"alt_text":"","src":"","width":0,"height":0},"classes":[]},{"id":26529,"url":"https:\/\/docmarket-dz.com\/index.php\/product\/cavit-i-pro\/","url_meta":{"origin":28196,"position":2},"title":"CAVIT I-PRO","author":"falek.h","date":"01\/01\/1970","format":false,"excerpt":"","rel":"","context":"Article similaire","block_context":{"text":"Article similaire","link":""},"img":{"alt_text":"","src":"","width":0,"height":0},"classes":[]},{"id":25363,"url":"https:\/\/docmarket-dz.com\/index.php\/product\/cable-ecg-pour-moniteur-ge-dinamap-pro-1000\/","url_meta":{"origin":28196,"position":3},"title":"CABLE ECG POUR MONITEUR  GE Dinamap Pro 1000","author":"falek.h","date":"12\/03\/2023","format":false,"excerpt":"CABLE ECG POUR MONITEUR GE Dinamap Pro 1000","rel":"","context":"Article similaire","block_context":{"text":"Article similaire","link":""},"img":{"alt_text":"","src":"https:\/\/i0.wp.com\/docmarket-dz.com\/wp-content\/uploads\/2023\/03\/CABLE-ECG-POUR-MONITEUR-GE-Dinamap-Pro-1000.png?fit=602%2C607&ssl=1&resize=350%2C200","width":350,"height":200,"srcset":"https:\/\/i0.wp.com\/docmarket-dz.com\/wp-content\/uploads\/2023\/03\/CABLE-ECG-POUR-MONITEUR-GE-Dinamap-Pro-1000.png?fit=602%2C607&ssl=1&resize=350%2C200 1x, https:\/\/i0.wp.com\/docmarket-dz.com\/wp-content\/uploads\/2023\/03\/CABLE-ECG-POUR-MONITEUR-GE-Dinamap-Pro-1000.png?fit=602%2C607&ssl=1&resize=525%2C300 1.5x"},"classes":[]},{"id":25235,"url":"https:\/\/docmarket-dz.com\/index.php\/product\/draps-dexamen-cotex-pro-52m6r\/","url_meta":{"origin":28196,"position":4},"title":"DRAPS DEXAMEN COTEX PRO 52Mx6R en papier","author":"falek.h","date":"26\/02\/2023","format":false,"excerpt":"","rel":"","context":"Article similaire","block_context":{"text":"Article similaire","link":""},"img":{"alt_text":"","src":"https:\/\/i0.wp.com\/docmarket-dz.com\/wp-content\/uploads\/2023\/02\/DRAPS-DEXAMEN-COTEX-PRO-52M-6R-e1680776587930.png?fit=600%2C600&ssl=1&resize=350%2C200","width":350,"height":200,"srcset":"https:\/\/i0.wp.com\/docmarket-dz.com\/wp-content\/uploads\/2023\/02\/DRAPS-DEXAMEN-COTEX-PRO-52M-6R-e1680776587930.png?fit=600%2C600&ssl=1&resize=350%2C200 1x, https:\/\/i0.wp.com\/docmarket-dz.com\/wp-content\/uploads\/2023\/02\/DRAPS-DEXAMEN-COTEX-PRO-52M-6R-e1680776587930.png?fit=600%2C600&ssl=1&resize=525%2C300 1.5x"},"classes":[]},{"id":26530,"url":"https:\/\/docmarket-dz.com\/index.php\/product\/cavit-i-pro-lc\/","url_meta":{"origin":28196,"position":5},"title":"CAVIT I-PRO LC","author":"falek.h","date":"01\/01\/1970","format":false,"excerpt":"Haute adh\u00e9rence Non-collant Radio-opaque Haute r\u00e9sistance et duret\u00e9 Facilement emballable Duret\u00e9 diff\u00e9rente apr\u00e8s r\u00e9glage Sans eug\u00e9nol","rel":"","context":"Article similaire","block_context":{"text":"Article similaire","link":""},"img":{"alt_text":"","src":"https:\/\/i0.wp.com\/docmarket-dz.com\/wp-content\/uploads\/1970\/01\/i-pro-50g-temporary-filling-e1696412645869.jpg?fit=600%2C720&ssl=1&resize=350%2C200","width":350,"height":200,"srcset":"https:\/\/i0.wp.com\/docmarket-dz.com\/wp-content\/uploads\/1970\/01\/i-pro-50g-temporary-filling-e1696412645869.jpg?fit=600%2C720&ssl=1&resize=350%2C200 1x, https:\/\/i0.wp.com\/docmarket-dz.com\/wp-content\/uploads\/1970\/01\/i-pro-50g-temporary-filling-e1696412645869.jpg?fit=600%2C720&ssl=1&resize=525%2C300 1.5x"},"classes":[]}],"jetpack_sharing_enabled":true,"tiered_pricing_type":"fixed","tiered_pricing_fixed_rules":[],"tiered_pricing_product_settings":{"layout":"default","base_unit_name":{"singular":null,"plural":null},"default_variation":null},"tiered_pricing_minimum_quantity":null,"tiered_pricing_roles_data":[],"tiered_pricing_percentage_rules":[],"_links":{"self":[{"href":"https:\/\/docmarket-dz.com\/index.php\/wp-json\/wp\/v2\/product\/28196","targetHints":{"allow":["GET"]}}],"collection":[{"href":"https:\/\/docmarket-dz.com\/index.php\/wp-json\/wp\/v2\/product"}],"about":[{"href":"https:\/\/docmarket-dz.com\/index.php\/wp-json\/wp\/v2\/types\/product"}],"replies":[{"embeddable":true,"href":"https:\/\/docmarket-dz.com\/index.php\/wp-json\/wp\/v2\/comments?post=28196"}],"wp:featuredmedia":[{"embeddable":true,"href":"https:\/\/docmarket-dz.com\/index.php\/wp-json\/wp\/v2\/media\/28197"}],"wp:attachment":[{"href":"https:\/\/docmarket-dz.com\/index.php\/wp-json\/wp\/v2\/media?parent=28196"}],"wp:term":[{"taxonomy":"product_brand","embeddable":true,"href":"https:\/\/docmarket-dz.com\/index.php\/wp-json\/wp\/v2\/product_brand?post=28196"},{"taxonomy":"product_cat","embeddable":true,"href":"https:\/\/docmarket-dz.com\/index.php\/wp-json\/wp\/v2\/product_cat?post=28196"},{"taxonomy":"product_tag","embeddable":true,"href":"https:\/\/docmarket-dz.com\/index.php\/wp-json\/wp\/v2\/product_tag?post=28196"}],"curies":[{"name":"wp","href":"https:\/\/api.w.org\/{rel}","templated":true}]}}