{"id":28332,"date":"2024-01-14T16:38:43","date_gmt":"2024-01-14T15:38:43","guid":{"rendered":"https:\/\/docmarket-dz.com\/?post_type=product&#038;p=28332"},"modified":"2025-05-12T16:19:59","modified_gmt":"2025-05-12T15:19:59","slug":"papier-pour-ecg-10020","status":"publish","type":"product","link":"https:\/\/docmarket-dz.com\/index.php\/product\/papier-pour-ecg-10020\/","title":{"rendered":"Papier pour ECG 110*20 &#8211; Pack de 10 rouleaux"},"content":{"rendered":"","protected":false},"excerpt":{"rendered":"","protected":false},"featured_media":28333,"comment_status":"open","ping_status":"closed","template":"","meta":{"content-type":"","om_disable_all_campaigns":false,"_uf_show_specific_survey":0,"_uf_disable_surveys":false,"jetpack_publicize_message":"","jetpack_publicize_feature_enabled":true,"jetpack_social_post_already_shared":false,"jetpack_social_options":{"image_generator_settings":{"template":"highway","default_image_id":0,"font":"","enabled":false},"version":2}},"product_brand":[],"product_cat":[906,487],"product_tag":[],"class_list":{"0":"post-28332","1":"product","2":"type-product","3":"status-publish","4":"has-post-thumbnail","6":"product_cat-cardiologei","7":"product_cat-medical","9":"first","10":"instock","11":"taxable","12":"shipping-taxable","13":"purchasable","14":"product-type-simple"},"supplier_id":null,"supplier_sku":"","barcode":null,"atum_controlled":true,"out_stock_date":null,"out_stock_threshold":null,"inheritable":false,"inbound_stock":0,"stock_on_hold":0,"sold_today":0,"sales_last_days":0,"reserved_stock":0,"customer_returns":0,"warehouse_damage":0,"lost_in_post":0,"other_logs":0,"out_stock_days":0,"lost_sales":0,"has_location":true,"update_date":"2026-04-10T00:04:57","atum_locations":[{"id":959,"name":"D1","slug":"d1"}],"atum_stock_status":"instock","restock_status":false,"low_stock_amount":1,"sales_update_date":"2026-04-10T00:04:57","calc_backorders":0,"aioseo_notices":[],"jetpack_publicize_connections":[],"jetpack-related-posts":[{"id":30328,"url":"https:\/\/docmarket-dz.com\/index.php\/product\/papier-ecg-58-x-20-pack-de-10-rouleaux\/","url_meta":{"origin":28332,"position":0},"title":"Papier ECG 58 x 20 pack de 10 rouleaux","author":"Amel","date":"07\/09\/2025","format":false,"excerpt":"","rel":"","context":"Article similaire","block_context":{"text":"Article similaire","link":""},"img":{"alt_text":"","src":"","width":0,"height":0},"classes":[]},{"id":28623,"url":"https:\/\/docmarket-dz.com\/index.php\/product\/papier-ecg-63x30-pack-de-10-rouleaux\/","url_meta":{"origin":28332,"position":1},"title":"Papier ECG 63X30 &#8220;Pack de 10 Rouleaux&#8221;","author":"Sofiane Arbouche","date":"13\/03\/2024","format":false,"excerpt":"","rel":"","context":"Article similaire","block_context":{"text":"Article similaire","link":""},"img":{"alt_text":"","src":"https:\/\/i0.wp.com\/docmarket-dz.com\/wp-content\/uploads\/2024\/03\/42334.L.jpg?fit=563%2C563&ssl=1&resize=350%2C200","width":350,"height":200,"srcset":"https:\/\/i0.wp.com\/docmarket-dz.com\/wp-content\/uploads\/2024\/03\/42334.L.jpg?fit=563%2C563&ssl=1&resize=350%2C200 1x, https:\/\/i0.wp.com\/docmarket-dz.com\/wp-content\/uploads\/2024\/03\/42334.L.jpg?fit=563%2C563&ssl=1&resize=525%2C300 1.5x"},"classes":[]},{"id":28082,"url":"https:\/\/docmarket-dz.com\/index.php\/product\/papier-ecg-80x20\/","url_meta":{"origin":28332,"position":2},"title":"Papier ECG 80&#215;20 &#8211; Pack de 10 rouleaux","author":"fatmazohra.nasri","date":"10\/12\/2023","format":false,"excerpt":"","rel":"","context":"Article similaire","block_context":{"text":"Article similaire","link":""},"img":{"alt_text":"","src":"https:\/\/i0.wp.com\/docmarket-dz.com\/wp-content\/uploads\/2023\/10\/IMG_1701-1.jpg?fit=603%2C607&ssl=1&resize=350%2C200","width":350,"height":200,"srcset":"https:\/\/i0.wp.com\/docmarket-dz.com\/wp-content\/uploads\/2023\/10\/IMG_1701-1.jpg?fit=603%2C607&ssl=1&resize=350%2C200 1x, https:\/\/i0.wp.com\/docmarket-dz.com\/wp-content\/uploads\/2023\/10\/IMG_1701-1.jpg?fit=603%2C607&ssl=1&resize=525%2C300 1.5x"},"classes":[]},{"id":29800,"url":"https:\/\/docmarket-dz.com\/index.php\/product\/papier-ecg-110140142\/","url_meta":{"origin":28332,"position":3},"title":"Papier ECG 110*140*142","author":"Amel","date":"26\/12\/2024","format":false,"excerpt":"","rel":"","context":"Article similaire","block_context":{"text":"Article similaire","link":""},"img":{"alt_text":"","src":"","width":0,"height":0},"classes":[]},{"id":27977,"url":"https:\/\/docmarket-dz.com\/index.php\/product\/ecg-12-pistes-avec-interpretation-1200g-contec\/","url_meta":{"origin":28332,"position":4},"title":"ECG 12 PISTES AVEC INTERPRETATION 1200G CONTEC","author":"fatmazohra.nasri","date":"04\/12\/2023","format":false,"excerpt":"ECG 12 PISTES AVEC INTERPRETATION 1200G CONTEC ECG 12 pistes avec mesure et interpr\u00e9tation automatique. Enregistrement des 12 d\u00e9rivations standards. Gestion de la base de donn\u00e9es (nom, \u00e2ge, sexe, taille, poids, etc..) Impression Multi formats (A4). Ecran LCD tactile 160 x 120 m. Enregistrement automatique ou manuel. M\u00e9moire interne de\u2026","rel":"","context":"Article similaire","block_context":{"text":"Article similaire","link":""},"img":{"alt_text":"","src":"https:\/\/i0.wp.com\/docmarket-dz.com\/wp-content\/uploads\/2023\/12\/ecg-12-pistes-avec-interpretation-1200g-contec-2.jpg?fit=608%2C601&ssl=1&resize=350%2C200","width":350,"height":200,"srcset":"https:\/\/i0.wp.com\/docmarket-dz.com\/wp-content\/uploads\/2023\/12\/ecg-12-pistes-avec-interpretation-1200g-contec-2.jpg?fit=608%2C601&ssl=1&resize=350%2C200 1x, https:\/\/i0.wp.com\/docmarket-dz.com\/wp-content\/uploads\/2023\/12\/ecg-12-pistes-avec-interpretation-1200g-contec-2.jpg?fit=608%2C601&ssl=1&resize=525%2C300 1.5x"},"classes":[]},{"id":28083,"url":"https:\/\/docmarket-dz.com\/index.php\/product\/papier-thermique-57x20\/","url_meta":{"origin":28332,"position":5},"title":"Papier thermique 57&#215;20 pack de 10 rouleaux","author":"fatmazohra.nasri","date":"10\/12\/2023","format":false,"excerpt":"","rel":"","context":"Article similaire","block_context":{"text":"Article similaire","link":""},"img":{"alt_text":"","src":"https:\/\/i0.wp.com\/docmarket-dz.com\/wp-content\/uploads\/2023\/12\/IMG_2134-1-PhotoRoom-1.png-PhotoRoom-1.png?fit=601%2C600&ssl=1&resize=350%2C200","width":350,"height":200,"srcset":"https:\/\/i0.wp.com\/docmarket-dz.com\/wp-content\/uploads\/2023\/12\/IMG_2134-1-PhotoRoom-1.png-PhotoRoom-1.png?fit=601%2C600&ssl=1&resize=350%2C200 1x, https:\/\/i0.wp.com\/docmarket-dz.com\/wp-content\/uploads\/2023\/12\/IMG_2134-1-PhotoRoom-1.png-PhotoRoom-1.png?fit=601%2C600&ssl=1&resize=525%2C300 1.5x"},"classes":[]}],"jetpack_sharing_enabled":true,"tiered_pricing_type":"fixed","tiered_pricing_fixed_rules":{"10":283.49},"tiered_pricing_product_settings":{"layout":"default","base_unit_name":{"singular":null,"plural":null},"default_variation":null},"tiered_pricing_minimum_quantity":null,"tiered_pricing_roles_data":[],"tiered_pricing_percentage_rules":[],"_links":{"self":[{"href":"https:\/\/docmarket-dz.com\/index.php\/wp-json\/wp\/v2\/product\/28332","targetHints":{"allow":["GET"]}}],"collection":[{"href":"https:\/\/docmarket-dz.com\/index.php\/wp-json\/wp\/v2\/product"}],"about":[{"href":"https:\/\/docmarket-dz.com\/index.php\/wp-json\/wp\/v2\/types\/product"}],"replies":[{"embeddable":true,"href":"https:\/\/docmarket-dz.com\/index.php\/wp-json\/wp\/v2\/comments?post=28332"}],"wp:featuredmedia":[{"embeddable":true,"href":"https:\/\/docmarket-dz.com\/index.php\/wp-json\/wp\/v2\/media\/28333"}],"wp:attachment":[{"href":"https:\/\/docmarket-dz.com\/index.php\/wp-json\/wp\/v2\/media?parent=28332"}],"wp:term":[{"taxonomy":"product_brand","embeddable":true,"href":"https:\/\/docmarket-dz.com\/index.php\/wp-json\/wp\/v2\/product_brand?post=28332"},{"taxonomy":"product_cat","embeddable":true,"href":"https:\/\/docmarket-dz.com\/index.php\/wp-json\/wp\/v2\/product_cat?post=28332"},{"taxonomy":"product_tag","embeddable":true,"href":"https:\/\/docmarket-dz.com\/index.php\/wp-json\/wp\/v2\/product_tag?post=28332"}],"curies":[{"name":"wp","href":"https:\/\/api.w.org\/{rel}","templated":true}]}}