{"id":28334,"date":"2024-01-14T16:44:37","date_gmt":"2024-01-14T15:44:37","guid":{"rendered":"https:\/\/docmarket-dz.com\/?post_type=product&#038;p=28334"},"modified":"2026-01-17T16:39:17","modified_gmt":"2026-01-17T15:39:17","slug":"poire-a-injection-vaginal-et-rectale-330-ml","status":"publish","type":"product","link":"https:\/\/docmarket-dz.com\/index.php\/product\/poire-a-injection-vaginal-et-rectale-330-ml\/","title":{"rendered":"Poire A injection Vaginal et Rectale 330 ML"},"content":{"rendered":"<ul>\n<li>1 canule vaginale<\/li>\n<li>1 canule rectale<\/li>\n<li>Capacit\u00e9: 330 ml<\/li>\n<li>Dimensions: 90 x 255 mm<\/li>\n<li>Poire en PVC plastifi\u00e9 mou sans cadmium et sans plomb<\/li>\n<li>Canule en \u00e9thyl\u00e8ne polym\u00e9ris\u00e9 de qualit\u00e9 alimentaire<\/li>\n<li>R\u00e9sistance \u00e0 la temp\u00e9rature: -40 \u00b0C \u00e0 +300 \u00b0C<\/li>\n<\/ul>\n","protected":false},"excerpt":{"rendered":"<p>1 canule vaginale 1 canule rectale Capacit\u00e9: 330 ml Dimensions: 90 x 255 mm Poire en PVC plastifi\u00e9 mou sans cadmium et sans plomb Canule en \u00e9thyl\u00e8ne polym\u00e9ris\u00e9 de qualit\u00e9 alimentaire R\u00e9sistance \u00e0 la temp\u00e9rature: -40 \u00b0C \u00e0 +300 \u00b0C<\/p>\n","protected":false},"featured_media":28335,"comment_status":"open","ping_status":"closed","template":"","meta":{"content-type":"","om_disable_all_campaigns":false,"_uf_show_specific_survey":0,"_uf_disable_surveys":false,"jetpack_publicize_message":"","jetpack_publicize_feature_enabled":true,"jetpack_social_post_already_shared":false,"jetpack_social_options":{"image_generator_settings":{"template":"highway","default_image_id":0,"font":"","enabled":false},"version":2}},"product_brand":[],"product_cat":[882,487],"product_tag":[],"class_list":{"0":"post-28334","1":"product","2":"type-product","3":"status-publish","4":"has-post-thumbnail","6":"product_cat-gynecologie","7":"product_cat-medical","9":"first","10":"onbackorder","11":"taxable","12":"shipping-taxable","13":"purchasable","14":"product-type-simple"},"supplier_id":null,"supplier_sku":"","barcode":null,"atum_controlled":true,"out_stock_date":"2026-01-17 16:39:17","out_stock_threshold":null,"inheritable":false,"inbound_stock":0,"stock_on_hold":0,"sold_today":0,"sales_last_days":0,"reserved_stock":0,"customer_returns":0,"warehouse_damage":0,"lost_in_post":0,"other_logs":0,"out_stock_days":82,"lost_sales":15656,"has_location":true,"update_date":"2026-04-10T00:05:15","atum_locations":[{"id":941,"name":"C4","slug":"c4"}],"atum_stock_status":"onbackorder","restock_status":false,"low_stock_amount":"","sales_update_date":"2026-04-10T00:05:15","calc_backorders":0,"aioseo_notices":[],"jetpack_publicize_connections":[],"jetpack-related-posts":[{"id":26516,"url":"https:\/\/docmarket-dz.com\/index.php\/product\/canule-d-aspiration-euronda\/","url_meta":{"origin":28334,"position":0},"title":"CANULE D ASPIRATION EURONDA","author":"falek.h","date":"01\/01\/1970","format":false,"excerpt":"","rel":"","context":"Article similaire","block_context":{"text":"Article similaire","link":""},"img":{"alt_text":"","src":"https:\/\/i0.wp.com\/docmarket-dz.com\/wp-content\/uploads\/2023\/03\/CANULE-D-ASPIRATION-EURONDA.jpg?fit=604%2C611&ssl=1&resize=350%2C200","width":350,"height":200,"srcset":"https:\/\/i0.wp.com\/docmarket-dz.com\/wp-content\/uploads\/2023\/03\/CANULE-D-ASPIRATION-EURONDA.jpg?fit=604%2C611&ssl=1&resize=350%2C200 1x, https:\/\/i0.wp.com\/docmarket-dz.com\/wp-content\/uploads\/2023\/03\/CANULE-D-ASPIRATION-EURONDA.jpg?fit=604%2C611&ssl=1&resize=525%2C300 1.5x"},"classes":[]},{"id":28174,"url":"https:\/\/docmarket-dz.com\/index.php\/product\/canule-daspiration-auriculaire-14mm\/","url_meta":{"origin":28334,"position":1},"title":"Canule d&#8217;aspiration auriculaire 1.4mm","author":"fatmazohra.nasri","date":"26\/12\/2023","format":false,"excerpt":"","rel":"","context":"Article similaire","block_context":{"text":"Article similaire","link":""},"img":{"alt_text":"","src":"https:\/\/i0.wp.com\/docmarket-dz.com\/wp-content\/uploads\/2023\/12\/79828-13024133.jpg?fit=588%2C608&ssl=1&resize=350%2C200","width":350,"height":200,"srcset":"https:\/\/i0.wp.com\/docmarket-dz.com\/wp-content\/uploads\/2023\/12\/79828-13024133.jpg?fit=588%2C608&ssl=1&resize=350%2C200 1x, https:\/\/i0.wp.com\/docmarket-dz.com\/wp-content\/uploads\/2023\/12\/79828-13024133.jpg?fit=588%2C608&ssl=1&resize=525%2C300 1.5x"},"classes":[]},{"id":28181,"url":"https:\/\/docmarket-dz.com\/index.php\/product\/canule-daspiration-auriculaire-1mm\/","url_meta":{"origin":28334,"position":2},"title":"Canule d&#8217;aspiration auriculaire 2mm","author":"fatmazohra.nasri","date":"26\/12\/2023","format":false,"excerpt":"","rel":"","context":"Article similaire","block_context":{"text":"Article similaire","link":""},"img":{"alt_text":"","src":"","width":0,"height":0},"classes":[]},{"id":28183,"url":"https:\/\/docmarket-dz.com\/index.php\/product\/canule-daspiration-auriculaire-12mm\/","url_meta":{"origin":28334,"position":3},"title":"Canule d&#8217;aspiration auriculaire 1.2mm","author":"fatmazohra.nasri","date":"26\/12\/2023","format":false,"excerpt":"","rel":"","context":"Article similaire","block_context":{"text":"Article similaire","link":""},"img":{"alt_text":"","src":"","width":0,"height":0},"classes":[]},{"id":28172,"url":"https:\/\/docmarket-dz.com\/index.php\/product\/canule-daspiration-auriculaire-04mm\/","url_meta":{"origin":28334,"position":4},"title":"Canule d&#8217;aspiration auriculaire 0.4mm","author":"fatmazohra.nasri","date":"26\/12\/2023","format":false,"excerpt":"","rel":"","context":"Article similaire","block_context":{"text":"Article similaire","link":""},"img":{"alt_text":"","src":"https:\/\/i0.wp.com\/docmarket-dz.com\/wp-content\/uploads\/2023\/12\/INS653-3-scaled-1.jpg?fit=605%2C645&ssl=1&resize=350%2C200","width":350,"height":200,"srcset":"https:\/\/i0.wp.com\/docmarket-dz.com\/wp-content\/uploads\/2023\/12\/INS653-3-scaled-1.jpg?fit=605%2C645&ssl=1&resize=350%2C200 1x, https:\/\/i0.wp.com\/docmarket-dz.com\/wp-content\/uploads\/2023\/12\/INS653-3-scaled-1.jpg?fit=605%2C645&ssl=1&resize=525%2C300 1.5x"},"classes":[]},{"id":28179,"url":"https:\/\/docmarket-dz.com\/index.php\/product\/canule-daspiration-auriculaire-07mm\/","url_meta":{"origin":28334,"position":5},"title":"Canule d&#8217;aspiration auriculaire 0.7mm","author":"fatmazohra.nasri","date":"26\/12\/2023","format":false,"excerpt":"","rel":"","context":"Article similaire","block_context":{"text":"Article similaire","link":""},"img":{"alt_text":"","src":"https:\/\/i0.wp.com\/docmarket-dz.com\/wp-content\/uploads\/2023\/12\/75154-9954845.jpg?fit=595%2C601&ssl=1&resize=350%2C200","width":350,"height":200,"srcset":"https:\/\/i0.wp.com\/docmarket-dz.com\/wp-content\/uploads\/2023\/12\/75154-9954845.jpg?fit=595%2C601&ssl=1&resize=350%2C200 1x, https:\/\/i0.wp.com\/docmarket-dz.com\/wp-content\/uploads\/2023\/12\/75154-9954845.jpg?fit=595%2C601&ssl=1&resize=525%2C300 1.5x"},"classes":[]}],"jetpack_sharing_enabled":true,"tiered_pricing_type":"fixed","tiered_pricing_fixed_rules":[],"tiered_pricing_product_settings":{"layout":"default","base_unit_name":{"singular":null,"plural":null},"default_variation":null},"tiered_pricing_minimum_quantity":null,"tiered_pricing_roles_data":[],"tiered_pricing_percentage_rules":[],"_links":{"self":[{"href":"https:\/\/docmarket-dz.com\/index.php\/wp-json\/wp\/v2\/product\/28334","targetHints":{"allow":["GET"]}}],"collection":[{"href":"https:\/\/docmarket-dz.com\/index.php\/wp-json\/wp\/v2\/product"}],"about":[{"href":"https:\/\/docmarket-dz.com\/index.php\/wp-json\/wp\/v2\/types\/product"}],"replies":[{"embeddable":true,"href":"https:\/\/docmarket-dz.com\/index.php\/wp-json\/wp\/v2\/comments?post=28334"}],"wp:featuredmedia":[{"embeddable":true,"href":"https:\/\/docmarket-dz.com\/index.php\/wp-json\/wp\/v2\/media\/28335"}],"wp:attachment":[{"href":"https:\/\/docmarket-dz.com\/index.php\/wp-json\/wp\/v2\/media?parent=28334"}],"wp:term":[{"taxonomy":"product_brand","embeddable":true,"href":"https:\/\/docmarket-dz.com\/index.php\/wp-json\/wp\/v2\/product_brand?post=28334"},{"taxonomy":"product_cat","embeddable":true,"href":"https:\/\/docmarket-dz.com\/index.php\/wp-json\/wp\/v2\/product_cat?post=28334"},{"taxonomy":"product_tag","embeddable":true,"href":"https:\/\/docmarket-dz.com\/index.php\/wp-json\/wp\/v2\/product_tag?post=28334"}],"curies":[{"name":"wp","href":"https:\/\/api.w.org\/{rel}","templated":true}]}}