{"id":28408,"date":"2024-01-24T14:43:00","date_gmt":"2024-01-24T13:43:00","guid":{"rendered":"https:\/\/docmarket-dz.com\/?post_type=product&#038;p=28408"},"modified":"2024-10-27T09:44:44","modified_gmt":"2024-10-27T08:44:44","slug":"tenu-de-bloc-2","status":"publish","type":"product","link":"https:\/\/docmarket-dz.com\/index.php\/product\/tenu-de-bloc-2\/","title":{"rendered":"TENU DE BLOC ISACCO"},"content":{"rendered":"<p>TENU DE BLOV TAILLE 36 A 54<\/p>\n","protected":false},"excerpt":{"rendered":"<p>TENU DE BLOV TAILLE 36 A 54<\/p>\n","protected":false},"featured_media":28407,"comment_status":"open","ping_status":"closed","template":"","meta":{"content-type":"","om_disable_all_campaigns":false,"_uf_show_specific_survey":0,"_uf_disable_surveys":false,"jetpack_publicize_message":"","jetpack_publicize_feature_enabled":true,"jetpack_social_post_already_shared":true,"jetpack_social_options":{"image_generator_settings":{"template":"highway","default_image_id":0,"font":"","enabled":false},"version":2}},"product_brand":[],"product_cat":[882,487],"product_tag":[],"class_list":{"0":"post-28408","1":"product","2":"type-product","3":"status-publish","4":"has-post-thumbnail","6":"product_cat-gynecologie","7":"product_cat-medical","9":"first","10":"onbackorder","11":"taxable","12":"shipping-taxable","13":"purchasable","14":"product-type-simple"},"supplier_id":null,"supplier_sku":"","barcode":null,"atum_controlled":true,"out_stock_date":"2024-10-27 09:44:45","out_stock_threshold":null,"inheritable":false,"inbound_stock":0,"stock_on_hold":0,"sold_today":0,"sales_last_days":0,"reserved_stock":0,"customer_returns":0,"warehouse_damage":0,"lost_in_post":0,"other_logs":0,"out_stock_days":529,"lost_sales":740600,"has_location":false,"update_date":"2026-04-10T00:05:02","atum_locations":[],"atum_stock_status":"onbackorder","restock_status":false,"low_stock_amount":"","sales_update_date":"2026-04-10T00:05:02","calc_backorders":0,"aioseo_notices":[],"jetpack_publicize_connections":[],"jetpack-related-posts":[{"id":26488,"url":"https:\/\/docmarket-dz.com\/index.php\/product\/blouse-isacco\/","url_meta":{"origin":28408,"position":0},"title":"BLOUSE ISACCO","author":"falek.h","date":"01\/01\/1970","format":false,"excerpt":"Cette blouse blanche m\u00e9dicale est manches longues avec une forme slim ajust\u00e9e. D\u00e9couvrez cette blouse\u00a0 m\u00e9dicale, 100% coton avec manches longues et 3 poches, se faire en bouton pressions, par la marque Isacco, une marque italienne. Confortable et pratique, tr\u00e8s bonne qualit\u00e9,\u00a0 elle est id\u00e9ale pour les m\u00e9tiers en laboratoire,\u2026","rel":"","context":"Article similaire","block_context":{"text":"Article similaire","link":""},"img":{"alt_text":"","src":"https:\/\/i0.wp.com\/docmarket-dz.com\/wp-content\/uploads\/1970\/01\/blouse-medicale-100-coton-manches-longues-isacco-pas-chere-1.jpg?fit=600%2C800&ssl=1&resize=350%2C200","width":350,"height":200,"srcset":"https:\/\/i0.wp.com\/docmarket-dz.com\/wp-content\/uploads\/1970\/01\/blouse-medicale-100-coton-manches-longues-isacco-pas-chere-1.jpg?fit=600%2C800&ssl=1&resize=350%2C200 1x, https:\/\/i0.wp.com\/docmarket-dz.com\/wp-content\/uploads\/1970\/01\/blouse-medicale-100-coton-manches-longues-isacco-pas-chere-1.jpg?fit=600%2C800&ssl=1&resize=525%2C300 1.5x"},"classes":[]},{"id":29294,"url":"https:\/\/docmarket-dz.com\/index.php\/product\/formol-36-1l\/","url_meta":{"origin":28408,"position":1},"title":"FORMOL 36\u00b0 1L","author":"TIKELALINE Amel","date":"03\/09\/2024","format":false,"excerpt":"","rel":"","context":"Article similaire","block_context":{"text":"Article similaire","link":""},"img":{"alt_text":"","src":"","width":0,"height":0},"classes":[]},{"id":28461,"url":"https:\/\/docmarket-dz.com\/index.php\/product\/fil-2-0-mm-ar-resorbable-boite-de-36-fils\/","url_meta":{"origin":28408,"position":2},"title":"Fil 2\/0 MM AR R\u00e9sorbable Boite de 36 fils","author":"fatmazohra.nasri","date":"05\/02\/2024","format":false,"excerpt":"","rel":"","context":"Article similaire","block_context":{"text":"Article similaire","link":""},"img":{"alt_text":"","src":"https:\/\/i0.wp.com\/docmarket-dz.com\/wp-content\/uploads\/2024\/02\/60687057_1715616778583925_98289025193869312_n-Photoroom.png-Photoroom-1.jpg?fit=720%2C960&ssl=1&resize=350%2C200","width":350,"height":200,"srcset":"https:\/\/i0.wp.com\/docmarket-dz.com\/wp-content\/uploads\/2024\/02\/60687057_1715616778583925_98289025193869312_n-Photoroom.png-Photoroom-1.jpg?fit=720%2C960&ssl=1&resize=350%2C200 1x, https:\/\/i0.wp.com\/docmarket-dz.com\/wp-content\/uploads\/2024\/02\/60687057_1715616778583925_98289025193869312_n-Photoroom.png-Photoroom-1.jpg?fit=720%2C960&ssl=1&resize=525%2C300 1.5x, https:\/\/i0.wp.com\/docmarket-dz.com\/wp-content\/uploads\/2024\/02\/60687057_1715616778583925_98289025193869312_n-Photoroom.png-Photoroom-1.jpg?fit=720%2C960&ssl=1&resize=700%2C400 2x"},"classes":[]},{"id":30580,"url":"https:\/\/docmarket-dz.com\/index.php\/product\/fils-de-suture-resorbable-5-0-18mm-ar-boite-de-36-unites-sterimed\/","url_meta":{"origin":28408,"position":3},"title":"Fils de suture r\u00e9sorbable 5\/0 18mm AR &#8220;Boite de 36 unit\u00e9s&#8221; STERIMED","author":"Amel","date":"15\/12\/2025","format":false,"excerpt":"","rel":"","context":"Article similaire","block_context":{"text":"Article similaire","link":""},"img":{"alt_text":"","src":"https:\/\/i0.wp.com\/docmarket-dz.com\/wp-content\/uploads\/2023\/11\/610qzoCPKIL._AC_UF350350_QL80_-Photoroom.png-Photoroom-1.png?fit=350%2C350&ssl=1&resize=350%2C200","width":350,"height":200},"classes":[]},{"id":27830,"url":"https:\/\/docmarket-dz.com\/index.php\/product\/fils-de-suture-resorbable-4-0-24-mm-at-boite-de-36-unites\/","url_meta":{"origin":28408,"position":4},"title":"Fils de suture r\u00e9sorbable 4\/0 24 mm AT &#8220;Boite de 36 unit\u00e9s&#8221;","author":"Sofiane Arbouche","date":"13\/11\/2023","format":false,"excerpt":"","rel":"","context":"Article similaire","block_context":{"text":"Article similaire","link":""},"img":{"alt_text":"","src":"https:\/\/i0.wp.com\/docmarket-dz.com\/wp-content\/uploads\/2023\/11\/610qzoCPKIL._AC_UF350350_QL80_-Photoroom.png-Photoroom-1.png?fit=350%2C350&ssl=1&resize=350%2C200","width":350,"height":200},"classes":[]},{"id":30579,"url":"https:\/\/docmarket-dz.com\/index.php\/product\/fils-de-suture-resorbable-4-0-22-mm-ar-boite-de-36-unites-braisorb\/","url_meta":{"origin":28408,"position":5},"title":"Fils de suture r\u00e9sorbable 4\/0 22 mm AR &#8220;Boite de 36 unit\u00e9s&#8221; BRAISORB","author":"Amel","date":"15\/12\/2025","format":false,"excerpt":"","rel":"","context":"Article similaire","block_context":{"text":"Article similaire","link":""},"img":{"alt_text":"","src":"https:\/\/i0.wp.com\/docmarket-dz.com\/wp-content\/uploads\/2023\/11\/610qzoCPKIL._AC_UF350350_QL80_-Photoroom.png-Photoroom-1.png?fit=350%2C350&ssl=1&resize=350%2C200","width":350,"height":200},"classes":[]}],"jetpack_sharing_enabled":true,"tiered_pricing_type":"fixed","tiered_pricing_fixed_rules":[],"tiered_pricing_product_settings":{"layout":"default","base_unit_name":{"singular":null,"plural":null},"default_variation":null},"tiered_pricing_minimum_quantity":null,"tiered_pricing_roles_data":[],"tiered_pricing_percentage_rules":[],"_links":{"self":[{"href":"https:\/\/docmarket-dz.com\/index.php\/wp-json\/wp\/v2\/product\/28408","targetHints":{"allow":["GET"]}}],"collection":[{"href":"https:\/\/docmarket-dz.com\/index.php\/wp-json\/wp\/v2\/product"}],"about":[{"href":"https:\/\/docmarket-dz.com\/index.php\/wp-json\/wp\/v2\/types\/product"}],"replies":[{"embeddable":true,"href":"https:\/\/docmarket-dz.com\/index.php\/wp-json\/wp\/v2\/comments?post=28408"}],"wp:featuredmedia":[{"embeddable":true,"href":"https:\/\/docmarket-dz.com\/index.php\/wp-json\/wp\/v2\/media\/28407"}],"wp:attachment":[{"href":"https:\/\/docmarket-dz.com\/index.php\/wp-json\/wp\/v2\/media?parent=28408"}],"wp:term":[{"taxonomy":"product_brand","embeddable":true,"href":"https:\/\/docmarket-dz.com\/index.php\/wp-json\/wp\/v2\/product_brand?post=28408"},{"taxonomy":"product_cat","embeddable":true,"href":"https:\/\/docmarket-dz.com\/index.php\/wp-json\/wp\/v2\/product_cat?post=28408"},{"taxonomy":"product_tag","embeddable":true,"href":"https:\/\/docmarket-dz.com\/index.php\/wp-json\/wp\/v2\/product_tag?post=28408"}],"curies":[{"name":"wp","href":"https:\/\/api.w.org\/{rel}","templated":true}]}}