{"id":28496,"date":"2024-02-07T15:59:52","date_gmt":"2024-02-07T14:59:52","guid":{"rendered":"https:\/\/docmarket-dz.com\/?post_type=product&#038;p=28496"},"modified":"2025-01-09T15:07:03","modified_gmt":"2025-01-09T14:07:03","slug":"ciseaux-iridectomie-droit-115-cm","status":"publish","type":"product","link":"https:\/\/docmarket-dz.com\/index.php\/product\/ciseaux-iridectomie-droit-115-cm\/","title":{"rendered":"Ciseaux iridectomie droit 11.5 cm"},"content":{"rendered":"<p>Les\u00a0<strong>ciseaux iridectomie droits 11.5 cm<\/strong>\u00a0sont des instruments m\u00e9dicaux et chirurgicaux de service g\u00e9n\u00e9ral pour les petits soins.<\/p>\n<p>Pr\u00e9cis gr\u00e2ce \u00e0 ses lames fines \u00e0 bouts pointues, il est compos\u00e9 d&#8217;inox d&#8217;excellente qualit\u00e9.<\/p>\n<p>Pr\u00e9caution d&#8217;emploi :<\/p>\n<p>&#8211; Tenir les instruments propres et d\u00e9sinfecter apr\u00e8s chaque utilisation.<\/p>\n<p>&#8211; A manipuler par des personnes comp\u00e9tentes et form\u00e9es.<\/p>\n<p>&#8211; Risque de contamination crois\u00e9e dans le cas d&#8217;un emploi multiple non st\u00e9rilis\u00e9.<\/p>\n<p>Conseils de nettoyage :<\/p>\n<p>&#8211; Avant la premi\u00e8re st\u00e9rilisation, de bien nettoyer les instruments.<\/p>\n<p>&#8211; Avant le nettoyage, ouvrir les instruments articul\u00e9s type ciseaux ou pinces.<\/p>\n<p>&#8211; Eviter l&#8217;utilisation de brosses ou \u00e9ponges abrasives m\u00e9talliques.<\/p>\n<p>&#8211; Utiliser des produits de nettoyage, de d\u00e9contamination et de lubrification de ph neutre (7\/8) et de l&#8217;eau de ph neutre.<\/p>\n<p>&#8211; Afin d&#8217;\u00e9viter la condensation sur les instruments, laissez-les refroidir avant leur sortie du st\u00e9rilisateur.<\/p>\n<p>Les Ciseaux Iridectomie Droits 11.5cm peuvent \u00eatre st\u00e9rilis\u00e9s en autoclave (air humide):<\/p>\n<p>&#8211; Temp\u00e9rature : environ 134\u00b0C<\/p>\n<p>&#8211; Pr\u00e9chauffage : 18 minutes<\/p>\n<p>&#8211; St\u00e9rilisation : 6 minutes<\/p>\n","protected":false},"excerpt":{"rendered":"<p>Les\u00a0ciseaux iridectomie droits 11.5 cm\u00a0sont des instruments m\u00e9dicaux et chirurgicaux de service g\u00e9n\u00e9ral pour les petits soins. Pr\u00e9cis gr\u00e2ce \u00e0 ses lames fines \u00e0 bouts pointues, il est compos\u00e9 d&#8217;inox d&#8217;excellente qualit\u00e9. Pr\u00e9caution d&#8217;emploi : &#8211; Tenir les instruments propres et d\u00e9sinfecter apr\u00e8s chaque utilisation. &#8211; A manipuler par des personnes comp\u00e9tentes et form\u00e9es. &#8211; [&hellip;]<\/p>\n","protected":false},"featured_media":28497,"comment_status":"open","ping_status":"closed","template":"","meta":{"content-type":"","om_disable_all_campaigns":false,"_uf_show_specific_survey":0,"_uf_disable_surveys":false,"jetpack_publicize_message":"","jetpack_publicize_feature_enabled":true,"jetpack_social_post_already_shared":true,"jetpack_social_options":{"image_generator_settings":{"template":"highway","default_image_id":0,"font":"","enabled":false},"version":2}},"product_brand":[],"product_cat":[739],"product_tag":[],"class_list":{"0":"post-28496","1":"product","2":"type-product","3":"status-publish","4":"has-post-thumbnail","6":"product_cat-acupuncture","8":"first","9":"instock","10":"taxable","11":"shipping-taxable","12":"purchasable","13":"product-type-simple"},"supplier_id":null,"supplier_sku":"","barcode":null,"atum_controlled":true,"out_stock_date":null,"out_stock_threshold":null,"inheritable":false,"inbound_stock":0,"stock_on_hold":0,"sold_today":0,"sales_last_days":0,"reserved_stock":0,"customer_returns":0,"warehouse_damage":0,"lost_in_post":0,"other_logs":0,"out_stock_days":0,"lost_sales":0,"has_location":true,"update_date":"2026-04-14T00:06:17","atum_locations":[{"id":940,"name":"C3","slug":"c3"}],"atum_stock_status":"instock","restock_status":false,"low_stock_amount":"","sales_update_date":"2026-04-14T00:06:17","calc_backorders":0,"aioseo_notices":[],"jetpack_publicize_connections":[],"jetpack-related-posts":[{"id":28498,"url":"https:\/\/docmarket-dz.com\/index.php\/product\/ciseaux-iridectomie-courbe12cm\/","url_meta":{"origin":28496,"position":0},"title":"Ciseaux iridectomie Courbe11.5 cm","author":"fatmazohra.nasri","date":"07\/02\/2024","format":false,"excerpt":"Ciseaux \u00e0 iridectomie usage unique avec embouts droits ou courbes adapt\u00e9s \u00e0 tous les environnements d'intervention clinique et petite chirurgie. Mat\u00e9riaux: Acier inoxydable \/ chirurgical St\u00e9rilis\u00e9: Oui","rel":"","context":"Article similaire","block_context":{"text":"Article similaire","link":""},"img":{"alt_text":"","src":"https:\/\/i0.wp.com\/docmarket-dz.com\/wp-content\/uploads\/2024\/02\/ciseaux-a-iridectomie-courbe-12cm.jpg?fit=602%2C599&ssl=1&resize=350%2C200","width":350,"height":200,"srcset":"https:\/\/i0.wp.com\/docmarket-dz.com\/wp-content\/uploads\/2024\/02\/ciseaux-a-iridectomie-courbe-12cm.jpg?fit=602%2C599&ssl=1&resize=350%2C200 1x, https:\/\/i0.wp.com\/docmarket-dz.com\/wp-content\/uploads\/2024\/02\/ciseaux-a-iridectomie-courbe-12cm.jpg?fit=602%2C599&ssl=1&resize=525%2C300 1.5x"},"classes":[]},{"id":28799,"url":"https:\/\/docmarket-dz.com\/index.php\/product\/boite-daccouchement-simple-complete10-articles\/","url_meta":{"origin":28496,"position":1},"title":"Boite d&#8217;accouchement Simple Compl\u00e8te(10 Articles)","author":"fatmazohra.nasri","date":"04\/04\/2024","format":false,"excerpt":"La\u00a0bo\u00eete pour accouchement simple\u00a0de la marque Holtex contient des instruments\u00a0\u00e0 destination des professionnels de sant\u00e9\u00a0et en particulier des sages-femmes, con\u00e7us pour permettre de\u00a0pratiquer un accouchement sans complication. Tous ces instruments sont fabriqu\u00e9s en\u00a0acier inoxydable\u00a0et b\u00e9n\u00e9ficient d\u2019une\u00a0excellente r\u00e9sistance. Robuste, ce mat\u00e9riel r\u00e9pond aux exigences des normes en vigueur et\u00a0supporte les nettoyages\u2026","rel":"","context":"Article similaire","block_context":{"text":"Article similaire","link":""},"img":{"alt_text":"","src":"https:\/\/i0.wp.com\/docmarket-dz.com\/wp-content\/uploads\/2024\/04\/boite-accouchement-Photoroom.png-Photoroom.jpg?fit=609%2C606&ssl=1&resize=350%2C200","width":350,"height":200,"srcset":"https:\/\/i0.wp.com\/docmarket-dz.com\/wp-content\/uploads\/2024\/04\/boite-accouchement-Photoroom.png-Photoroom.jpg?fit=609%2C606&ssl=1&resize=350%2C200 1x, https:\/\/i0.wp.com\/docmarket-dz.com\/wp-content\/uploads\/2024\/04\/boite-accouchement-Photoroom.png-Photoroom.jpg?fit=609%2C606&ssl=1&resize=525%2C300 1.5x"},"classes":[]},{"id":29938,"url":"https:\/\/docmarket-dz.com\/index.php\/product\/tambour-inox-200mm-x-200mm\/","url_meta":{"origin":28496,"position":2},"title":"TAMBOUR INOX 200mm X 200mm","author":"Sofiane Arbouche","date":"04\/03\/2025","format":false,"excerpt":"TAMBOUR INOX\u00a0 d'une dimension de 200mm * 200mm","rel":"","context":"Article similaire","block_context":{"text":"Article similaire","link":""},"img":{"alt_text":"","src":"https:\/\/i0.wp.com\/docmarket-dz.com\/wp-content\/uploads\/2022\/12\/TAMBOUR-INOX-290MM-X-145MM.jpg?fit=416%2C426&ssl=1&resize=350%2C200","width":350,"height":200},"classes":[]},{"id":24371,"url":"https:\/\/docmarket-dz.com\/index.php\/product\/ciseaux-mousse-droits-15-cm\/","url_meta":{"origin":28496,"position":3},"title":"CISEAUX MOUSSE DROITS 15 CM","author":"falek.h","date":"23\/12\/2022","format":false,"excerpt":"","rel":"","context":"Article similaire","block_context":{"text":"Article similaire","link":""},"img":{"alt_text":"","src":"https:\/\/i0.wp.com\/docmarket-dz.com\/wp-content\/uploads\/2022\/12\/CISEAUX-MOUSSE-DROITS-13-CM.png?fit=300%2C240&ssl=1&resize=350%2C200","width":350,"height":200},"classes":[]},{"id":24370,"url":"https:\/\/docmarket-dz.com\/index.php\/product\/ciseaux-mousse-droits-13-cm\/","url_meta":{"origin":28496,"position":4},"title":"CISEAUX MOUSSE DROITS 13 CM","author":"falek.h","date":"23\/12\/2022","format":false,"excerpt":"","rel":"","context":"Article similaire","block_context":{"text":"Article similaire","link":""},"img":{"alt_text":"","src":"https:\/\/i0.wp.com\/docmarket-dz.com\/wp-content\/uploads\/2022\/12\/CISEAUX-MOUSSE-DROITS-13-CM.png?fit=300%2C240&ssl=1&resize=350%2C200","width":350,"height":200},"classes":[]},{"id":28897,"url":"https:\/\/docmarket-dz.com\/index.php\/product\/ciseaux-mayo-droits23-cm\/","url_meta":{"origin":28496,"position":5},"title":"Ciseaux Mayo droits 05 CM Holtex","author":"fatmazohra.nasri","date":"29\/04\/2024","format":false,"excerpt":"","rel":"","context":"Article similaire","block_context":{"text":"Article similaire","link":""},"img":{"alt_text":"","src":"https:\/\/i0.wp.com\/docmarket-dz.com\/wp-content\/uploads\/2024\/04\/ciseaux_mayo_1.jpg?fit=800%2C800&ssl=1&resize=350%2C200","width":350,"height":200,"srcset":"https:\/\/i0.wp.com\/docmarket-dz.com\/wp-content\/uploads\/2024\/04\/ciseaux_mayo_1.jpg?fit=800%2C800&ssl=1&resize=350%2C200 1x, https:\/\/i0.wp.com\/docmarket-dz.com\/wp-content\/uploads\/2024\/04\/ciseaux_mayo_1.jpg?fit=800%2C800&ssl=1&resize=525%2C300 1.5x, https:\/\/i0.wp.com\/docmarket-dz.com\/wp-content\/uploads\/2024\/04\/ciseaux_mayo_1.jpg?fit=800%2C800&ssl=1&resize=700%2C400 2x"},"classes":[]}],"jetpack_sharing_enabled":true,"tiered_pricing_type":"fixed","tiered_pricing_fixed_rules":[],"tiered_pricing_product_settings":{"layout":"default","base_unit_name":{"singular":null,"plural":null},"default_variation":null},"tiered_pricing_minimum_quantity":null,"tiered_pricing_roles_data":[],"tiered_pricing_percentage_rules":[],"_links":{"self":[{"href":"https:\/\/docmarket-dz.com\/index.php\/wp-json\/wp\/v2\/product\/28496","targetHints":{"allow":["GET"]}}],"collection":[{"href":"https:\/\/docmarket-dz.com\/index.php\/wp-json\/wp\/v2\/product"}],"about":[{"href":"https:\/\/docmarket-dz.com\/index.php\/wp-json\/wp\/v2\/types\/product"}],"replies":[{"embeddable":true,"href":"https:\/\/docmarket-dz.com\/index.php\/wp-json\/wp\/v2\/comments?post=28496"}],"wp:featuredmedia":[{"embeddable":true,"href":"https:\/\/docmarket-dz.com\/index.php\/wp-json\/wp\/v2\/media\/28497"}],"wp:attachment":[{"href":"https:\/\/docmarket-dz.com\/index.php\/wp-json\/wp\/v2\/media?parent=28496"}],"wp:term":[{"taxonomy":"product_brand","embeddable":true,"href":"https:\/\/docmarket-dz.com\/index.php\/wp-json\/wp\/v2\/product_brand?post=28496"},{"taxonomy":"product_cat","embeddable":true,"href":"https:\/\/docmarket-dz.com\/index.php\/wp-json\/wp\/v2\/product_cat?post=28496"},{"taxonomy":"product_tag","embeddable":true,"href":"https:\/\/docmarket-dz.com\/index.php\/wp-json\/wp\/v2\/product_tag?post=28496"}],"curies":[{"name":"wp","href":"https:\/\/api.w.org\/{rel}","templated":true}]}}