{"id":28502,"date":"2024-02-07T16:14:05","date_gmt":"2024-02-07T15:14:05","guid":{"rendered":"https:\/\/docmarket-dz.com\/?post_type=product&#038;p=28502"},"modified":"2024-06-20T00:07:42","modified_gmt":"2024-06-19T23:07:42","slug":"sonde-cannelee-14-cm","status":"publish","type":"product","link":"https:\/\/docmarket-dz.com\/index.php\/product\/sonde-cannelee-14-cm\/","title":{"rendered":"Sonde cannel\u00e9e 14 cm"},"content":{"rendered":"<p dir=\"ltr\">La\u00a0<strong>sonde cannel\u00e9e<\/strong>, compos\u00e9e d&#8217;une canule, est un instrument de chirurgie utilis\u00e9 pour la\u00a0<strong>dissection<\/strong>\u00a0ainsi que la d\u00e9coupe des pansements en toute s\u00e9curit\u00e9 sur le patient.<\/p>\n<p>&nbsp;<\/p>\n<ul>\n<li dir=\"ltr\">\n<p dir=\"ltr\">Sonde cannel\u00e9e<\/p>\n<\/li>\n<li dir=\"ltr\">\n<p dir=\"ltr\">Instrument de\u00a0<strong>chirurgie<\/strong><\/p>\n<\/li>\n<li dir=\"ltr\">\n<p dir=\"ltr\">Sert \u00e0 la dissection et \u00e0 la d\u00e9coupe de\u00a0<strong>pansements<\/strong><\/p>\n<\/li>\n<li dir=\"ltr\">\n<p dir=\"ltr\">Domaines chirurgical, v\u00e9t\u00e9rinaire et infirmier<\/p>\n<\/li>\n<li dir=\"ltr\">\n<p dir=\"ltr\">Plusieurs dimensions disponibles<\/p>\n<\/li>\n<\/ul>\n","protected":false},"excerpt":{"rendered":"<p>La\u00a0sonde cannel\u00e9e, compos\u00e9e d&#8217;une canule, est un instrument de chirurgie utilis\u00e9 pour la\u00a0dissection\u00a0ainsi que la d\u00e9coupe des pansements en toute s\u00e9curit\u00e9 sur le patient. &nbsp; Sonde cannel\u00e9e Instrument de\u00a0chirurgie Sert \u00e0 la dissection et \u00e0 la d\u00e9coupe de\u00a0pansements Domaines chirurgical, v\u00e9t\u00e9rinaire et infirmier Plusieurs dimensions disponibles<\/p>\n","protected":false},"featured_media":28503,"comment_status":"open","ping_status":"closed","template":"","meta":{"content-type":"","om_disable_all_campaigns":false,"_uf_show_specific_survey":0,"_uf_disable_surveys":false,"jetpack_publicize_message":"","jetpack_publicize_feature_enabled":true,"jetpack_social_post_already_shared":true,"jetpack_social_options":{"image_generator_settings":{"template":"highway","default_image_id":0,"font":"","enabled":false},"version":2}},"product_brand":[],"product_cat":[739],"product_tag":[],"class_list":{"0":"post-28502","1":"product","2":"type-product","3":"status-publish","4":"has-post-thumbnail","6":"product_cat-acupuncture","8":"first","9":"onbackorder","10":"taxable","11":"shipping-taxable","12":"purchasable","13":"product-type-simple"},"supplier_id":null,"supplier_sku":"","barcode":null,"atum_controlled":true,"out_stock_date":null,"out_stock_threshold":null,"inheritable":false,"inbound_stock":0,"stock_on_hold":0,"sold_today":0,"sales_last_days":0,"reserved_stock":0,"customer_returns":0,"warehouse_damage":0,"lost_in_post":0,"other_logs":0,"out_stock_days":0,"lost_sales":0,"has_location":false,"update_date":"2026-04-10T00:04:57","atum_locations":[],"atum_stock_status":"onbackorder","restock_status":false,"low_stock_amount":"","sales_update_date":"2026-04-10T00:04:57","calc_backorders":null,"aioseo_notices":[],"jetpack_publicize_connections":[],"jetpack-related-posts":[{"id":28500,"url":"https:\/\/docmarket-dz.com\/index.php\/product\/sonde-cannelee-12-cm\/","url_meta":{"origin":28502,"position":0},"title":"Sonde cannel\u00e9e 12 cm","author":"fatmazohra.nasri","date":"07\/02\/2024","format":false,"excerpt":"La\u00a0sonde cannel\u00e9e, compos\u00e9e d'une canule, est un instrument de chirurgie utilis\u00e9 pour la\u00a0dissection\u00a0ainsi que la d\u00e9coupe des pansements en toute s\u00e9curit\u00e9 sur le patient. \u00a0 Sonde cannel\u00e9e Instrument de\u00a0chirurgie Sert \u00e0 la dissection et \u00e0 la d\u00e9coupe de\u00a0pansements Domaines chirurgical, v\u00e9t\u00e9rinaire et infirmier Plusieurs dimensions disponibles","rel":"","context":"Article similaire","block_context":{"text":"Article similaire","link":""},"img":{"alt_text":"","src":"https:\/\/i0.wp.com\/docmarket-dz.com\/wp-content\/uploads\/2024\/02\/Sonde-cannelee-12-cm.jpg?fit=600%2C602&ssl=1&resize=350%2C200","width":350,"height":200,"srcset":"https:\/\/i0.wp.com\/docmarket-dz.com\/wp-content\/uploads\/2024\/02\/Sonde-cannelee-12-cm.jpg?fit=600%2C602&ssl=1&resize=350%2C200 1x, https:\/\/i0.wp.com\/docmarket-dz.com\/wp-content\/uploads\/2024\/02\/Sonde-cannelee-12-cm.jpg?fit=600%2C602&ssl=1&resize=525%2C300 1.5x"},"classes":[]},{"id":28504,"url":"https:\/\/docmarket-dz.com\/index.php\/product\/sonde-cannelee-16-cm\/","url_meta":{"origin":28502,"position":1},"title":"Sonde cannel\u00e9e 16 cm","author":"fatmazohra.nasri","date":"07\/02\/2024","format":false,"excerpt":"La\u00a0sonde cannel\u00e9e, compos\u00e9e d'une canule, est un instrument de chirurgie utilis\u00e9 pour la\u00a0dissection\u00a0ainsi que la d\u00e9coupe des pansements en toute s\u00e9curit\u00e9 sur le patient. \u00a0 Sonde cannel\u00e9e Instrument de\u00a0chirurgie Sert \u00e0 la dissection et \u00e0 la d\u00e9coupe de\u00a0pansements Domaines chirurgical, v\u00e9t\u00e9rinaire et infirmier Plusieurs dimensions disponibles","rel":"","context":"Article similaire","block_context":{"text":"Article similaire","link":""},"img":{"alt_text":"","src":"https:\/\/i0.wp.com\/docmarket-dz.com\/wp-content\/uploads\/2024\/02\/sonde-cannelee-16-CM.jpg?fit=613%2C599&ssl=1&resize=350%2C200","width":350,"height":200,"srcset":"https:\/\/i0.wp.com\/docmarket-dz.com\/wp-content\/uploads\/2024\/02\/sonde-cannelee-16-CM.jpg?fit=613%2C599&ssl=1&resize=350%2C200 1x, https:\/\/i0.wp.com\/docmarket-dz.com\/wp-content\/uploads\/2024\/02\/sonde-cannelee-16-CM.jpg?fit=613%2C599&ssl=1&resize=525%2C300 1.5x"},"classes":[]},{"id":28799,"url":"https:\/\/docmarket-dz.com\/index.php\/product\/boite-daccouchement-simple-complete10-articles\/","url_meta":{"origin":28502,"position":2},"title":"Boite d&#8217;accouchement Simple Compl\u00e8te(10 Articles)","author":"fatmazohra.nasri","date":"04\/04\/2024","format":false,"excerpt":"La\u00a0bo\u00eete pour accouchement simple\u00a0de la marque Holtex contient des instruments\u00a0\u00e0 destination des professionnels de sant\u00e9\u00a0et en particulier des sages-femmes, con\u00e7us pour permettre de\u00a0pratiquer un accouchement sans complication. Tous ces instruments sont fabriqu\u00e9s en\u00a0acier inoxydable\u00a0et b\u00e9n\u00e9ficient d\u2019une\u00a0excellente r\u00e9sistance. Robuste, ce mat\u00e9riel r\u00e9pond aux exigences des normes en vigueur et\u00a0supporte les nettoyages\u2026","rel":"","context":"Article similaire","block_context":{"text":"Article similaire","link":""},"img":{"alt_text":"","src":"https:\/\/i0.wp.com\/docmarket-dz.com\/wp-content\/uploads\/2024\/04\/boite-accouchement-Photoroom.png-Photoroom.jpg?fit=609%2C606&ssl=1&resize=350%2C200","width":350,"height":200,"srcset":"https:\/\/i0.wp.com\/docmarket-dz.com\/wp-content\/uploads\/2024\/04\/boite-accouchement-Photoroom.png-Photoroom.jpg?fit=609%2C606&ssl=1&resize=350%2C200 1x, https:\/\/i0.wp.com\/docmarket-dz.com\/wp-content\/uploads\/2024\/04\/boite-accouchement-Photoroom.png-Photoroom.jpg?fit=609%2C606&ssl=1&resize=525%2C300 1.5x"},"classes":[]},{"id":26089,"url":"https:\/\/docmarket-dz.com\/index.php\/product\/pince-de-dissection-courbee-5x330-avec-poignee\/","url_meta":{"origin":28502,"position":3},"title":"Pince De Dissection Courbee 5&#215;330 Avec Poignee","author":"falek.h","date":"12\/03\/2023","format":false,"excerpt":"","rel":"","context":"Article similaire","block_context":{"text":"Article similaire","link":""},"img":{"alt_text":"","src":"","width":0,"height":0},"classes":[]},{"id":26253,"url":"https:\/\/docmarket-dz.com\/index.php\/product\/sonde-a-oxygene-ch12\/","url_meta":{"origin":28502,"position":4},"title":"SONDE A OXYGENE CH12","author":"falek.h","date":"12\/03\/2023","format":false,"excerpt":"","rel":"","context":"Article similaire","block_context":{"text":"Article similaire","link":""},"img":{"alt_text":"","src":"","width":0,"height":0},"classes":[]},{"id":28546,"url":"https:\/\/docmarket-dz.com\/index.php\/product\/wellead-sonde-gastrique-pvc-stomach-tube-10fr\/","url_meta":{"origin":28502,"position":5},"title":"WELLEAD SONDE GASTRIQUE PVC (STOMACH TUBE) 10FR","author":"fatmazohra.nasri","date":"15\/02\/2024","format":false,"excerpt":"Une\u00a0sonde endotrach\u00e9ale\u00a0(ou\u00a0tube endotrach\u00e9al) est une sonde destin\u00e9e \u00e0 \u00eatre ins\u00e9r\u00e9e par la bouche ou le nez dans la trach\u00e9e pour assurer le maintien de la perm\u00e9abilit\u00e9 des voies a\u00e9riennes et permettre la\u00a0ventilation m\u00e9canique\u00a0(voir\u00a0intubation trach\u00e9ale)","rel":"","context":"Article similaire","block_context":{"text":"Article similaire","link":""},"img":{"alt_text":"","src":"https:\/\/i0.wp.com\/docmarket-dz.com\/wp-content\/uploads\/2024\/02\/IMG_20240317_150020-removebg-preview-1.png?fit=606%2C602&ssl=1&resize=350%2C200","width":350,"height":200,"srcset":"https:\/\/i0.wp.com\/docmarket-dz.com\/wp-content\/uploads\/2024\/02\/IMG_20240317_150020-removebg-preview-1.png?fit=606%2C602&ssl=1&resize=350%2C200 1x, https:\/\/i0.wp.com\/docmarket-dz.com\/wp-content\/uploads\/2024\/02\/IMG_20240317_150020-removebg-preview-1.png?fit=606%2C602&ssl=1&resize=525%2C300 1.5x"},"classes":[]}],"jetpack_sharing_enabled":true,"tiered_pricing_type":"fixed","tiered_pricing_fixed_rules":[],"tiered_pricing_product_settings":{"layout":"default","base_unit_name":{"singular":null,"plural":null},"default_variation":null},"tiered_pricing_minimum_quantity":null,"tiered_pricing_roles_data":[],"tiered_pricing_percentage_rules":[],"_links":{"self":[{"href":"https:\/\/docmarket-dz.com\/index.php\/wp-json\/wp\/v2\/product\/28502","targetHints":{"allow":["GET"]}}],"collection":[{"href":"https:\/\/docmarket-dz.com\/index.php\/wp-json\/wp\/v2\/product"}],"about":[{"href":"https:\/\/docmarket-dz.com\/index.php\/wp-json\/wp\/v2\/types\/product"}],"replies":[{"embeddable":true,"href":"https:\/\/docmarket-dz.com\/index.php\/wp-json\/wp\/v2\/comments?post=28502"}],"wp:featuredmedia":[{"embeddable":true,"href":"https:\/\/docmarket-dz.com\/index.php\/wp-json\/wp\/v2\/media\/28503"}],"wp:attachment":[{"href":"https:\/\/docmarket-dz.com\/index.php\/wp-json\/wp\/v2\/media?parent=28502"}],"wp:term":[{"taxonomy":"product_brand","embeddable":true,"href":"https:\/\/docmarket-dz.com\/index.php\/wp-json\/wp\/v2\/product_brand?post=28502"},{"taxonomy":"product_cat","embeddable":true,"href":"https:\/\/docmarket-dz.com\/index.php\/wp-json\/wp\/v2\/product_cat?post=28502"},{"taxonomy":"product_tag","embeddable":true,"href":"https:\/\/docmarket-dz.com\/index.php\/wp-json\/wp\/v2\/product_tag?post=28502"}],"curies":[{"name":"wp","href":"https:\/\/api.w.org\/{rel}","templated":true}]}}