{"id":28545,"date":"2024-02-15T13:57:41","date_gmt":"2024-02-15T12:57:41","guid":{"rendered":"https:\/\/docmarket-dz.com\/?post_type=product&#038;p=28545"},"modified":"2024-02-18T10:47:29","modified_gmt":"2024-02-18T09:47:29","slug":"cathwide-sonde-gastrique-pvc-stomach-tube-8fr-b-50pcs","status":"publish","type":"product","link":"https:\/\/docmarket-dz.com\/index.php\/product\/cathwide-sonde-gastrique-pvc-stomach-tube-8fr-b-50pcs\/","title":{"rendered":"CATHWIDE SONDE GASTRIQUE PVC (STOMACH TUBE) 8FR B\/50PCS"},"content":{"rendered":"","protected":false},"excerpt":{"rendered":"","protected":false},"featured_media":28544,"comment_status":"open","ping_status":"closed","template":"","meta":{"content-type":"","om_disable_all_campaigns":false,"_uf_show_specific_survey":0,"_uf_disable_surveys":false,"jetpack_publicize_message":"","jetpack_publicize_feature_enabled":true,"jetpack_social_post_already_shared":true,"jetpack_social_options":{"image_generator_settings":{"template":"highway","default_image_id":0,"font":"","enabled":false},"version":2}},"product_brand":[],"product_cat":[487],"product_tag":[],"class_list":{"0":"post-28545","1":"product","2":"type-product","3":"status-publish","4":"has-post-thumbnail","6":"product_cat-medical","8":"first","9":"instock","10":"purchasable","11":"product-type-simple"},"supplier_id":null,"supplier_sku":"","barcode":null,"atum_controlled":true,"out_stock_date":null,"out_stock_threshold":null,"inheritable":false,"inbound_stock":0,"stock_on_hold":0,"sold_today":0,"sales_last_days":0,"reserved_stock":0,"customer_returns":0,"warehouse_damage":0,"lost_in_post":0,"other_logs":0,"out_stock_days":0,"lost_sales":0,"has_location":false,"update_date":"2026-04-16T00:08:11","atum_locations":[],"atum_stock_status":"instock","restock_status":false,"low_stock_amount":"","sales_update_date":"2026-04-16T00:08:11","calc_backorders":null,"aioseo_notices":[],"jetpack_publicize_connections":[],"jetpack-related-posts":[{"id":28543,"url":"https:\/\/docmarket-dz.com\/index.php\/product\/cathwide-sonde-gastrique-pvc-stomach-tube-6fr-b-50pcs\/","url_meta":{"origin":28545,"position":0},"title":"CATHWIDE SONDE GASTRIQUE PVC (STOMACH TUBE) 6FR B\/50PCS","author":"fatmazohra.nasri","date":"15\/02\/2024","format":false,"excerpt":"","rel":"","context":"Article similaire","block_context":{"text":"Article similaire","link":""},"img":{"alt_text":"","src":"https:\/\/i0.wp.com\/docmarket-dz.com\/wp-content\/uploads\/2024\/02\/ME2206-ME2218-e1708001339638.webp?fit=445%2C318&ssl=1&resize=350%2C200","width":350,"height":200},"classes":[]},{"id":28546,"url":"https:\/\/docmarket-dz.com\/index.php\/product\/wellead-sonde-gastrique-pvc-stomach-tube-10fr\/","url_meta":{"origin":28545,"position":1},"title":"WELLEAD SONDE GASTRIQUE PVC (STOMACH TUBE) 10FR","author":"fatmazohra.nasri","date":"15\/02\/2024","format":false,"excerpt":"Une\u00a0sonde endotrach\u00e9ale\u00a0(ou\u00a0tube endotrach\u00e9al) est une sonde destin\u00e9e \u00e0 \u00eatre ins\u00e9r\u00e9e par la bouche ou le nez dans la trach\u00e9e pour assurer le maintien de la perm\u00e9abilit\u00e9 des voies a\u00e9riennes et permettre la\u00a0ventilation m\u00e9canique\u00a0(voir\u00a0intubation trach\u00e9ale)","rel":"","context":"Article similaire","block_context":{"text":"Article similaire","link":""},"img":{"alt_text":"","src":"https:\/\/i0.wp.com\/docmarket-dz.com\/wp-content\/uploads\/2024\/02\/IMG_20240317_150020-removebg-preview-1.png?fit=606%2C602&ssl=1&resize=350%2C200","width":350,"height":200,"srcset":"https:\/\/i0.wp.com\/docmarket-dz.com\/wp-content\/uploads\/2024\/02\/IMG_20240317_150020-removebg-preview-1.png?fit=606%2C602&ssl=1&resize=350%2C200 1x, https:\/\/i0.wp.com\/docmarket-dz.com\/wp-content\/uploads\/2024\/02\/IMG_20240317_150020-removebg-preview-1.png?fit=606%2C602&ssl=1&resize=525%2C300 1.5x"},"classes":[]},{"id":28458,"url":"https:\/\/docmarket-dz.com\/index.php\/product\/sonde-gastrique-ch6\/","url_meta":{"origin":28545,"position":2},"title":"Sonde Gastrique en PVC CH6","author":"TIKELALINE Amel","date":"05\/02\/2024","format":false,"excerpt":"","rel":"","context":"Article similaire","block_context":{"text":"Article similaire","link":""},"img":{"alt_text":"","src":"https:\/\/i0.wp.com\/docmarket-dz.com\/wp-content\/uploads\/2024\/02\/IMG_2931-Photoroom.png-Photoroom.jpg?fit=601%2C602&ssl=1&resize=350%2C200","width":350,"height":200,"srcset":"https:\/\/i0.wp.com\/docmarket-dz.com\/wp-content\/uploads\/2024\/02\/IMG_2931-Photoroom.png-Photoroom.jpg?fit=601%2C602&ssl=1&resize=350%2C200 1x, https:\/\/i0.wp.com\/docmarket-dz.com\/wp-content\/uploads\/2024\/02\/IMG_2931-Photoroom.png-Photoroom.jpg?fit=601%2C602&ssl=1&resize=525%2C300 1.5x"},"classes":[]},{"id":26272,"url":"https:\/\/docmarket-dz.com\/index.php\/product\/sonde-de-foley-femme-ch18-cathwide\/","url_meta":{"origin":28545,"position":3},"title":"SONDE DE FOLEY FEMME CH18 CATHWIDE","author":"falek.h","date":"12\/03\/2023","format":false,"excerpt":"","rel":"","context":"Article similaire","block_context":{"text":"Article similaire","link":""},"img":{"alt_text":"","src":"","width":0,"height":0},"classes":[]},{"id":26276,"url":"https:\/\/docmarket-dz.com\/index.php\/product\/sonde-de-foley-homme-ch12-cathwide\/","url_meta":{"origin":28545,"position":4},"title":"SONDE DE FOLEY HOMME CH12 CATHWIDE","author":"falek.h","date":"12\/03\/2023","format":false,"excerpt":"","rel":"","context":"Article similaire","block_context":{"text":"Article similaire","link":""},"img":{"alt_text":"","src":"","width":0,"height":0},"classes":[]},{"id":26280,"url":"https:\/\/docmarket-dz.com\/index.php\/product\/sonde-de-foley-homme-ch16-cathwide\/","url_meta":{"origin":28545,"position":5},"title":"SONDE DE FOLEY HOMME CH16 CATHWIDE","author":"falek.h","date":"12\/03\/2023","format":false,"excerpt":"","rel":"","context":"Article similaire","block_context":{"text":"Article similaire","link":""},"img":{"alt_text":"","src":"","width":0,"height":0},"classes":[]}],"jetpack_sharing_enabled":true,"tiered_pricing_type":"fixed","tiered_pricing_fixed_rules":{"100":49.2},"tiered_pricing_product_settings":{"layout":"default","base_unit_name":{"singular":null,"plural":null},"default_variation":null},"tiered_pricing_minimum_quantity":null,"tiered_pricing_roles_data":[],"tiered_pricing_percentage_rules":[],"_links":{"self":[{"href":"https:\/\/docmarket-dz.com\/index.php\/wp-json\/wp\/v2\/product\/28545","targetHints":{"allow":["GET"]}}],"collection":[{"href":"https:\/\/docmarket-dz.com\/index.php\/wp-json\/wp\/v2\/product"}],"about":[{"href":"https:\/\/docmarket-dz.com\/index.php\/wp-json\/wp\/v2\/types\/product"}],"replies":[{"embeddable":true,"href":"https:\/\/docmarket-dz.com\/index.php\/wp-json\/wp\/v2\/comments?post=28545"}],"wp:featuredmedia":[{"embeddable":true,"href":"https:\/\/docmarket-dz.com\/index.php\/wp-json\/wp\/v2\/media\/28544"}],"wp:attachment":[{"href":"https:\/\/docmarket-dz.com\/index.php\/wp-json\/wp\/v2\/media?parent=28545"}],"wp:term":[{"taxonomy":"product_brand","embeddable":true,"href":"https:\/\/docmarket-dz.com\/index.php\/wp-json\/wp\/v2\/product_brand?post=28545"},{"taxonomy":"product_cat","embeddable":true,"href":"https:\/\/docmarket-dz.com\/index.php\/wp-json\/wp\/v2\/product_cat?post=28545"},{"taxonomy":"product_tag","embeddable":true,"href":"https:\/\/docmarket-dz.com\/index.php\/wp-json\/wp\/v2\/product_tag?post=28545"}],"curies":[{"name":"wp","href":"https:\/\/api.w.org\/{rel}","templated":true}]}}