{"id":28546,"date":"2024-02-15T14:03:53","date_gmt":"2024-02-15T13:03:53","guid":{"rendered":"https:\/\/docmarket-dz.com\/?post_type=product&#038;p=28546"},"modified":"2025-04-18T18:26:53","modified_gmt":"2025-04-18T17:26:53","slug":"wellead-sonde-gastrique-pvc-stomach-tube-10fr","status":"publish","type":"product","link":"https:\/\/docmarket-dz.com\/index.php\/product\/wellead-sonde-gastrique-pvc-stomach-tube-10fr\/","title":{"rendered":"WELLEAD SONDE GASTRIQUE PVC (STOMACH TUBE) 10FR"},"content":{"rendered":"<p>Une\u00a0<b>sonde endotrach\u00e9ale<\/b>\u00a0(ou\u00a0<b>tube endotrach\u00e9al<\/b>) est une sonde destin\u00e9e \u00e0 \u00eatre ins\u00e9r\u00e9e par la bouche ou le nez dans la trach\u00e9e pour assurer le maintien de la perm\u00e9abilit\u00e9 des voies a\u00e9riennes et permettre la\u00a0<a class=\"mw-redirect\" title=\"Ventilation m\u00e9canique (m\u00e9decine)\" href=\"https:\/\/fr.wikipedia.org\/wiki\/Ventilation_m%C3%A9canique_(m%C3%A9decine)\">ventilation m\u00e9canique<\/a>\u00a0(voir\u00a0<a title=\"Intubation trach\u00e9ale\" href=\"https:\/\/fr.wikipedia.org\/wiki\/Intubation_trach%C3%A9ale\">intubation trach\u00e9ale<\/a>)<\/p>\n","protected":false},"excerpt":{"rendered":"<p>Une\u00a0sonde endotrach\u00e9ale\u00a0(ou\u00a0tube endotrach\u00e9al) est une sonde destin\u00e9e \u00e0 \u00eatre ins\u00e9r\u00e9e par la bouche ou le nez dans la trach\u00e9e pour assurer le maintien de la perm\u00e9abilit\u00e9 des voies a\u00e9riennes et permettre la\u00a0ventilation m\u00e9canique\u00a0(voir\u00a0intubation trach\u00e9ale)<\/p>\n","protected":false},"featured_media":28788,"comment_status":"open","ping_status":"closed","template":"","meta":{"content-type":"","om_disable_all_campaigns":false,"_uf_show_specific_survey":0,"_uf_disable_surveys":false,"jetpack_publicize_message":"","jetpack_publicize_feature_enabled":true,"jetpack_social_post_already_shared":true,"jetpack_social_options":{"image_generator_settings":{"template":"highway","default_image_id":0,"font":"","enabled":false},"version":2}},"product_brand":[],"product_cat":[487],"product_tag":[],"class_list":{"0":"post-28546","1":"product","2":"type-product","3":"status-publish","4":"has-post-thumbnail","6":"product_cat-medical","8":"first","9":"onbackorder","10":"purchasable","11":"product-type-simple"},"supplier_id":null,"supplier_sku":"","barcode":null,"atum_controlled":true,"out_stock_date":"2025-04-18 18:26:53","out_stock_threshold":null,"inheritable":false,"inbound_stock":0,"stock_on_hold":0,"sold_today":0,"sales_last_days":0,"reserved_stock":0,"customer_returns":0,"warehouse_damage":0,"lost_in_post":0,"other_logs":0,"out_stock_days":377,"lost_sales":0,"has_location":false,"update_date":"2026-05-01T00:15:22","atum_locations":[],"atum_stock_status":"onbackorder","restock_status":false,"low_stock_amount":75,"sales_update_date":"2026-05-01T00:15:22","calc_backorders":0,"aioseo_notices":[],"jetpack_publicize_connections":[],"jetpack-related-posts":[{"id":26323,"url":"https:\/\/docmarket-dz.com\/index.php\/product\/sondes-endotracheales-intubation-n2\/","url_meta":{"origin":28546,"position":0},"title":"SONDES ENDOTRACHEALES INTUBATION N2","author":"falek.h","date":"12\/03\/2023","format":false,"excerpt":"","rel":"","context":"Article similaire","block_context":{"text":"Article similaire","link":""},"img":{"alt_text":"","src":"","width":0,"height":0},"classes":[]},{"id":26325,"url":"https:\/\/docmarket-dz.com\/index.php\/product\/sondes-endotracheales-intubation-n3\/","url_meta":{"origin":28546,"position":1},"title":"SONDES ENDOTRACHEALES INTUBATION N3","author":"falek.h","date":"12\/03\/2023","format":false,"excerpt":"","rel":"","context":"Article similaire","block_context":{"text":"Article similaire","link":""},"img":{"alt_text":"","src":"","width":0,"height":0},"classes":[]},{"id":26326,"url":"https:\/\/docmarket-dz.com\/index.php\/product\/sondes-endotracheales-intubation-n4\/","url_meta":{"origin":28546,"position":2},"title":"SONDES ENDOTRACHEALES INTUBATION N4","author":"falek.h","date":"12\/03\/2023","format":false,"excerpt":"","rel":"","context":"Article similaire","block_context":{"text":"Article similaire","link":""},"img":{"alt_text":"","src":"","width":0,"height":0},"classes":[]},{"id":26328,"url":"https:\/\/docmarket-dz.com\/index.php\/product\/sondes-endotracheales-intubation-n5\/","url_meta":{"origin":28546,"position":3},"title":"SONDES ENDOTRACHEALES INTUBATION N5","author":"falek.h","date":"12\/03\/2023","format":false,"excerpt":"","rel":"","context":"Article similaire","block_context":{"text":"Article similaire","link":""},"img":{"alt_text":"","src":"","width":0,"height":0},"classes":[]},{"id":26330,"url":"https:\/\/docmarket-dz.com\/index.php\/product\/sondes-endotracheales-intubation-n6\/","url_meta":{"origin":28546,"position":4},"title":"SONDES ENDOTRACHEALES INTUBATION N6","author":"falek.h","date":"12\/03\/2023","format":false,"excerpt":"","rel":"","context":"Article similaire","block_context":{"text":"Article similaire","link":""},"img":{"alt_text":"","src":"","width":0,"height":0},"classes":[]},{"id":26332,"url":"https:\/\/docmarket-dz.com\/index.php\/product\/sondes-endotracheales-intubation-n7\/","url_meta":{"origin":28546,"position":5},"title":"SONDES ENDOTRACHEALES INTUBATION N7","author":"falek.h","date":"12\/03\/2023","format":false,"excerpt":"","rel":"","context":"Article similaire","block_context":{"text":"Article similaire","link":""},"img":{"alt_text":"","src":"","width":0,"height":0},"classes":[]}],"jetpack_sharing_enabled":true,"tiered_pricing_type":"fixed","tiered_pricing_fixed_rules":{"100":62.05},"tiered_pricing_product_settings":{"layout":"default","base_unit_name":{"singular":null,"plural":null},"default_variation":null},"tiered_pricing_minimum_quantity":null,"tiered_pricing_roles_data":[],"tiered_pricing_percentage_rules":[],"_links":{"self":[{"href":"https:\/\/docmarket-dz.com\/index.php\/wp-json\/wp\/v2\/product\/28546","targetHints":{"allow":["GET"]}}],"collection":[{"href":"https:\/\/docmarket-dz.com\/index.php\/wp-json\/wp\/v2\/product"}],"about":[{"href":"https:\/\/docmarket-dz.com\/index.php\/wp-json\/wp\/v2\/types\/product"}],"replies":[{"embeddable":true,"href":"https:\/\/docmarket-dz.com\/index.php\/wp-json\/wp\/v2\/comments?post=28546"}],"wp:featuredmedia":[{"embeddable":true,"href":"https:\/\/docmarket-dz.com\/index.php\/wp-json\/wp\/v2\/media\/28788"}],"wp:attachment":[{"href":"https:\/\/docmarket-dz.com\/index.php\/wp-json\/wp\/v2\/media?parent=28546"}],"wp:term":[{"taxonomy":"product_brand","embeddable":true,"href":"https:\/\/docmarket-dz.com\/index.php\/wp-json\/wp\/v2\/product_brand?post=28546"},{"taxonomy":"product_cat","embeddable":true,"href":"https:\/\/docmarket-dz.com\/index.php\/wp-json\/wp\/v2\/product_cat?post=28546"},{"taxonomy":"product_tag","embeddable":true,"href":"https:\/\/docmarket-dz.com\/index.php\/wp-json\/wp\/v2\/product_tag?post=28546"}],"curies":[{"name":"wp","href":"https:\/\/api.w.org\/{rel}","templated":true}]}}