{"id":28608,"date":"2024-03-11T13:33:54","date_gmt":"2024-03-11T12:33:54","guid":{"rendered":"https:\/\/docmarket-dz.com\/?post_type=product&#038;p=28608"},"modified":"2025-11-09T12:06:03","modified_gmt":"2025-11-09T11:06:03","slug":"brassard-02-sorties-taille-m-starcare","status":"publish","type":"product","link":"https:\/\/docmarket-dz.com\/index.php\/product\/brassard-02-sorties-taille-m-starcare\/","title":{"rendered":"BRASSARD 02 SORTIES TAILLE M STARCARE"},"content":{"rendered":"","protected":false},"excerpt":{"rendered":"","protected":false},"featured_media":28636,"comment_status":"open","ping_status":"closed","template":"","meta":{"content-type":"","om_disable_all_campaigns":false,"_uf_show_specific_survey":0,"_uf_disable_surveys":false,"jetpack_publicize_message":"","jetpack_publicize_feature_enabled":true,"jetpack_social_post_already_shared":true,"jetpack_social_options":{"image_generator_settings":{"template":"highway","default_image_id":0,"font":"","enabled":false},"version":2}},"product_brand":[],"product_cat":[906,487],"product_tag":[],"class_list":{"0":"post-28608","1":"product","2":"type-product","3":"status-publish","4":"has-post-thumbnail","6":"product_cat-cardiologei","7":"product_cat-medical","9":"first","10":"instock","11":"taxable","12":"shipping-taxable","13":"purchasable","14":"product-type-simple"},"supplier_id":null,"supplier_sku":"","barcode":null,"atum_controlled":true,"out_stock_date":null,"out_stock_threshold":null,"inheritable":false,"inbound_stock":0,"stock_on_hold":0,"sold_today":0,"sales_last_days":0,"reserved_stock":0,"customer_returns":0,"warehouse_damage":0,"lost_in_post":0,"other_logs":0,"out_stock_days":0,"lost_sales":0,"has_location":false,"update_date":"2026-04-10T00:05:01","atum_locations":[],"atum_stock_status":"instock","restock_status":false,"low_stock_amount":0,"sales_update_date":"2026-04-10T00:05:01","calc_backorders":0,"aioseo_notices":[],"jetpack_publicize_connections":[],"jetpack-related-posts":[{"id":25388,"url":"https:\/\/docmarket-dz.com\/index.php\/product\/brassard-pour-moniteur-1-voie-pour-enfant\/","url_meta":{"origin":28608,"position":0},"title":"BRASSARD PNI POUR MONITEUR 1 VOIE POUR ENFANT TAILLE : 14 &#8211; 20 cm","author":"falek.h","date":"12\/03\/2023","format":false,"excerpt":"BRASSARD POUR MONITEUR 1 VOIE POUR ENFANT","rel":"","context":"Article similaire","block_context":{"text":"Article similaire","link":""},"img":{"alt_text":"","src":"https:\/\/i0.wp.com\/docmarket-dz.com\/wp-content\/uploads\/2023\/03\/BRASSARD-POUR-MONITEUR-1-VOIE-POUR-ENFANT-PhotoRoom-e1680781094807.jpg?fit=561%2C600&ssl=1&resize=350%2C200","width":350,"height":200,"srcset":"https:\/\/i0.wp.com\/docmarket-dz.com\/wp-content\/uploads\/2023\/03\/BRASSARD-POUR-MONITEUR-1-VOIE-POUR-ENFANT-PhotoRoom-e1680781094807.jpg?fit=561%2C600&ssl=1&resize=350%2C200 1x, https:\/\/i0.wp.com\/docmarket-dz.com\/wp-content\/uploads\/2023\/03\/BRASSARD-POUR-MONITEUR-1-VOIE-POUR-ENFANT-PhotoRoom-e1680781094807.jpg?fit=561%2C600&ssl=1&resize=525%2C300 1.5x"},"classes":[]},{"id":27545,"url":"https:\/\/docmarket-dz.com\/index.php\/product\/micro-toise-murale-starcare\/","url_meta":{"origin":28608,"position":1},"title":"MICRO TOISE MURALE STARCARE","author":"fatmazohra.nasri","date":"17\/10\/2023","format":false,"excerpt":"Cette micro toise murale, pr\u00e9cise au mm, est tr\u00e8s simple d\u2019utilisation. La taille de la personne mesur\u00e9e est indiqu\u00e9e dans la fen\u00eatre de lecture au niveau de la ligne de rep\u00e8re.","rel":"","context":"Article similaire","block_context":{"text":"Article similaire","link":""},"img":{"alt_text":"","src":"https:\/\/i0.wp.com\/docmarket-dz.com\/wp-content\/uploads\/2023\/10\/micro-toise-starcare.jpg?fit=607%2C594&ssl=1&resize=350%2C200","width":350,"height":200,"srcset":"https:\/\/i0.wp.com\/docmarket-dz.com\/wp-content\/uploads\/2023\/10\/micro-toise-starcare.jpg?fit=607%2C594&ssl=1&resize=350%2C200 1x, https:\/\/i0.wp.com\/docmarket-dz.com\/wp-content\/uploads\/2023\/10\/micro-toise-starcare.jpg?fit=607%2C594&ssl=1&resize=525%2C300 1.5x"},"classes":[]},{"id":27492,"url":"https:\/\/docmarket-dz.com\/index.php\/product\/tensiometre-lian-nano-avec-brassard-m-marque-spengler\/","url_meta":{"origin":28608,"position":2},"title":"Tensiometre LIAN nano avec brassard M  spengler","author":"fatmazohra.nasri","date":"16\/10\/2023","format":false,"excerpt":"Tensiom\u00e8tre manopoire Spengler Lian Nano L'essentiel du savoir-faire Spengler. L\u00e9ger mais costaud : Construit en ABS,\u00a0Lian Nano p\u00e8se moins de 150 grammes tout en \u00e9tant tr\u00e8s r\u00e9sistant aux chocs et aux chutes. Contenu Le tensiom\u00e8tre est livr\u00e9 avec un brassard taille Adulte (26-34 cm) et avec une trousse en nylon\u2026","rel":"","context":"Article similaire","block_context":{"text":"Article similaire","link":""},"img":{"alt_text":"","src":"https:\/\/i0.wp.com\/docmarket-dz.com\/wp-content\/uploads\/2023\/10\/91dPMzobjL._SL1500_Spengler.jpg?fit=1034%2C1200&ssl=1&resize=350%2C200","width":350,"height":200,"srcset":"https:\/\/i0.wp.com\/docmarket-dz.com\/wp-content\/uploads\/2023\/10\/91dPMzobjL._SL1500_Spengler.jpg?fit=1034%2C1200&ssl=1&resize=350%2C200 1x, https:\/\/i0.wp.com\/docmarket-dz.com\/wp-content\/uploads\/2023\/10\/91dPMzobjL._SL1500_Spengler.jpg?fit=1034%2C1200&ssl=1&resize=525%2C300 1.5x, https:\/\/i0.wp.com\/docmarket-dz.com\/wp-content\/uploads\/2023\/10\/91dPMzobjL._SL1500_Spengler.jpg?fit=1034%2C1200&ssl=1&resize=700%2C400 2x"},"classes":[]},{"id":27933,"url":"https:\/\/docmarket-dz.com\/index.php\/product\/defibrillateur-externe-semiautomatique-de-marque-starcare\/","url_meta":{"origin":28608,"position":3},"title":"DEFIBRILLATEUR EXTERNE SEMIAUTOMATIQUE DE MARQUE STARCARE","author":"fatmazohra.nasri","date":"27\/10\/2023","format":false,"excerpt":"","rel":"","context":"Article similaire","block_context":{"text":"Article similaire","link":""},"img":{"alt_text":"","src":"","width":0,"height":0},"classes":[]},{"id":27907,"url":"https:\/\/docmarket-dz.com\/index.php\/product\/negatoscope-standard-01-plage-starcare\/","url_meta":{"origin":28608,"position":4},"title":"NEGATOSCOPE STANDARD 01 PLAGE STARCARE","author":"fatmazohra.nasri","date":"26\/11\/2023","format":false,"excerpt":"","rel":"","context":"Article similaire","block_context":{"text":"Article similaire","link":""},"img":{"alt_text":"","src":"https:\/\/i0.wp.com\/docmarket-dz.com\/wp-content\/uploads\/2023\/11\/negatoscope-starcare-4-plages.jpg?fit=602%2C592&ssl=1&resize=350%2C200","width":350,"height":200,"srcset":"https:\/\/i0.wp.com\/docmarket-dz.com\/wp-content\/uploads\/2023\/11\/negatoscope-starcare-4-plages.jpg?fit=602%2C592&ssl=1&resize=350%2C200 1x, https:\/\/i0.wp.com\/docmarket-dz.com\/wp-content\/uploads\/2023\/11\/negatoscope-starcare-4-plages.jpg?fit=602%2C592&ssl=1&resize=525%2C300 1.5x"},"classes":[]},{"id":25386,"url":"https:\/\/docmarket-dz.com\/index.php\/product\/brassard-pour-mapa-obaise-cardioline\/","url_meta":{"origin":28608,"position":5},"title":"BRASSARD POUR MAPA OBAISE CARDIOLINE","author":"falek.h","date":"12\/03\/2023","format":false,"excerpt":"BRASSARD POUR MAPA OBAISE CARDIOLINE","rel":"","context":"Article similaire","block_context":{"text":"Article similaire","link":""},"img":{"alt_text":"","src":"https:\/\/i0.wp.com\/docmarket-dz.com\/wp-content\/uploads\/2023\/03\/BRASSARD-POUR-MAPA-OBAISE-CARDIOLINE-e1680780848976.jpg?fit=643%2C600&ssl=1&resize=350%2C200","width":350,"height":200,"srcset":"https:\/\/i0.wp.com\/docmarket-dz.com\/wp-content\/uploads\/2023\/03\/BRASSARD-POUR-MAPA-OBAISE-CARDIOLINE-e1680780848976.jpg?fit=643%2C600&ssl=1&resize=350%2C200 1x, https:\/\/i0.wp.com\/docmarket-dz.com\/wp-content\/uploads\/2023\/03\/BRASSARD-POUR-MAPA-OBAISE-CARDIOLINE-e1680780848976.jpg?fit=643%2C600&ssl=1&resize=525%2C300 1.5x"},"classes":[]}],"jetpack_sharing_enabled":true,"tiered_pricing_type":"fixed","tiered_pricing_fixed_rules":[],"tiered_pricing_product_settings":{"layout":"default","base_unit_name":{"singular":null,"plural":null},"default_variation":null},"tiered_pricing_minimum_quantity":null,"tiered_pricing_roles_data":[],"tiered_pricing_percentage_rules":[],"_links":{"self":[{"href":"https:\/\/docmarket-dz.com\/index.php\/wp-json\/wp\/v2\/product\/28608","targetHints":{"allow":["GET"]}}],"collection":[{"href":"https:\/\/docmarket-dz.com\/index.php\/wp-json\/wp\/v2\/product"}],"about":[{"href":"https:\/\/docmarket-dz.com\/index.php\/wp-json\/wp\/v2\/types\/product"}],"replies":[{"embeddable":true,"href":"https:\/\/docmarket-dz.com\/index.php\/wp-json\/wp\/v2\/comments?post=28608"}],"wp:featuredmedia":[{"embeddable":true,"href":"https:\/\/docmarket-dz.com\/index.php\/wp-json\/wp\/v2\/media\/28636"}],"wp:attachment":[{"href":"https:\/\/docmarket-dz.com\/index.php\/wp-json\/wp\/v2\/media?parent=28608"}],"wp:term":[{"taxonomy":"product_brand","embeddable":true,"href":"https:\/\/docmarket-dz.com\/index.php\/wp-json\/wp\/v2\/product_brand?post=28608"},{"taxonomy":"product_cat","embeddable":true,"href":"https:\/\/docmarket-dz.com\/index.php\/wp-json\/wp\/v2\/product_cat?post=28608"},{"taxonomy":"product_tag","embeddable":true,"href":"https:\/\/docmarket-dz.com\/index.php\/wp-json\/wp\/v2\/product_tag?post=28608"}],"curies":[{"name":"wp","href":"https:\/\/api.w.org\/{rel}","templated":true}]}}