{"id":28622,"date":"2024-03-13T10:10:25","date_gmt":"2024-03-13T09:10:25","guid":{"rendered":"https:\/\/docmarket-dz.com\/?post_type=product&#038;p=28622"},"modified":"2025-05-21T18:23:54","modified_gmt":"2025-05-21T17:23:54","slug":"bande-ph-soins-optiplaste-strapping-2-515-cm","status":"publish","type":"product","link":"https:\/\/docmarket-dz.com\/index.php\/product\/bande-ph-soins-optiplaste-strapping-2-515-cm\/","title":{"rendered":"BANDE ELASTIQUE ADHESIVE PH SOINS OPTIPLASTE STRAPPING 15 CM x 2.5 M"},"content":{"rendered":"","protected":false},"excerpt":{"rendered":"","protected":false},"featured_media":28649,"comment_status":"open","ping_status":"closed","template":"","meta":{"content-type":"","om_disable_all_campaigns":false,"_uf_show_specific_survey":0,"_uf_disable_surveys":false,"jetpack_publicize_message":"","jetpack_publicize_feature_enabled":true,"jetpack_social_post_already_shared":true,"jetpack_social_options":{"image_generator_settings":{"template":"highway","default_image_id":0,"font":"","enabled":false},"version":2}},"product_brand":[],"product_cat":[487],"product_tag":[],"class_list":{"0":"post-28622","1":"product","2":"type-product","3":"status-publish","4":"has-post-thumbnail","6":"product_cat-medical","8":"first","9":"instock","10":"taxable","11":"shipping-taxable","12":"purchasable","13":"product-type-simple"},"supplier_id":null,"supplier_sku":"","barcode":null,"atum_controlled":true,"out_stock_date":null,"out_stock_threshold":null,"inheritable":false,"inbound_stock":0,"stock_on_hold":0,"sold_today":0,"sales_last_days":0,"reserved_stock":0,"customer_returns":0,"warehouse_damage":0,"lost_in_post":0,"other_logs":0,"out_stock_days":0,"lost_sales":0,"has_location":true,"update_date":"2026-04-16T00:07:58","atum_locations":[{"id":919,"name":"B4","slug":"b4"}],"atum_stock_status":"instock","restock_status":false,"low_stock_amount":10,"sales_update_date":"2026-04-16T00:07:58","calc_backorders":0,"aioseo_notices":[],"jetpack_publicize_connections":[],"jetpack-related-posts":[{"id":30561,"url":"https:\/\/docmarket-dz.com\/index.php\/product\/urgo-strapping-bande-elastique-adhesive-25m-x-6cm\/","url_meta":{"origin":28622,"position":0},"title":"Urgo strapping bande \u00e9lastique adh\u00e9sive 2,5m \u00d7 6cm","author":"Amel","date":"09\/12\/2025","format":false,"excerpt":"","rel":"","context":"Article similaire","block_context":{"text":"Article similaire","link":""},"img":{"alt_text":"","src":"","width":0,"height":0},"classes":[]},{"id":24979,"url":"https:\/\/docmarket-dz.com\/index.php\/product\/bande-elastique\/","url_meta":{"origin":28622,"position":1},"title":"Bande \u00e9lastique","author":"falek.h","date":"24\/02\/2023","format":false,"excerpt":"","rel":"","context":"Article similaire","block_context":{"text":"Article similaire","link":""},"img":{"alt_text":"","src":"https:\/\/i0.wp.com\/docmarket-dz.com\/wp-content\/uploads\/2023\/02\/Bande-elastique-1-e1681028600667.jpg?fit=600%2C600&ssl=1&resize=350%2C200","width":350,"height":200,"srcset":"https:\/\/i0.wp.com\/docmarket-dz.com\/wp-content\/uploads\/2023\/02\/Bande-elastique-1-e1681028600667.jpg?fit=600%2C600&ssl=1&resize=350%2C200 1x, https:\/\/i0.wp.com\/docmarket-dz.com\/wp-content\/uploads\/2023\/02\/Bande-elastique-1-e1681028600667.jpg?fit=600%2C600&ssl=1&resize=525%2C300 1.5x"},"classes":[]},{"id":26409,"url":"https:\/\/docmarket-dz.com\/index.php\/product\/trousse-ophtalmique-sterile-couvre-table-140-cm-x-190-cm-champ-ophtalmique-100cm-x-120-cm-avec-02-poches-de-recueil\/","url_meta":{"origin":28622,"position":2},"title":"Trousse Ophtalmique sterile : Couvre table (140 cm x 190 cm) Champ ophtalmique (100cm x 120 cm) Avec 02 poches de recueil","author":"falek.h","date":"12\/03\/2023","format":false,"excerpt":"La trousse st\u00e9rile d'ophtalmologie \u00e0 usage unique\u00a0 est compos\u00e9e d'un grand champ avec fen\u00eatre adh\u00e9sive, film \u00e0 inciser, 2 poches de recueil et de barrettes conformables.","rel":"","context":"Article similaire","block_context":{"text":"Article similaire","link":""},"img":{"alt_text":"","src":"https:\/\/i0.wp.com\/docmarket-dz.com\/wp-content\/uploads\/2023\/03\/trousse-d-ophtalmologie-sterile.jpg?fit=800%2C600&ssl=1&resize=350%2C200","width":350,"height":200,"srcset":"https:\/\/i0.wp.com\/docmarket-dz.com\/wp-content\/uploads\/2023\/03\/trousse-d-ophtalmologie-sterile.jpg?fit=800%2C600&ssl=1&resize=350%2C200 1x, https:\/\/i0.wp.com\/docmarket-dz.com\/wp-content\/uploads\/2023\/03\/trousse-d-ophtalmologie-sterile.jpg?fit=800%2C600&ssl=1&resize=525%2C300 1.5x, https:\/\/i0.wp.com\/docmarket-dz.com\/wp-content\/uploads\/2023\/03\/trousse-d-ophtalmologie-sterile.jpg?fit=800%2C600&ssl=1&resize=700%2C400 2x"},"classes":[]},{"id":27658,"url":"https:\/\/docmarket-dz.com\/index.php\/product\/bande-de-crepe-4m15-cm\/","url_meta":{"origin":28622,"position":3},"title":"BANDE DE CREPE 4M*15 CM","author":"fatmazohra.nasri","date":"22\/10\/2023","format":false,"excerpt":"","rel":"","context":"Article similaire","block_context":{"text":"Article similaire","link":""},"img":{"alt_text":"","src":"https:\/\/i0.wp.com\/docmarket-dz.com\/wp-content\/uploads\/2023\/10\/3401575037502-sylamed-bande-crepe-15cm-x-4m-2x.webp?fit=1200%2C1200&ssl=1&resize=350%2C200","width":350,"height":200,"srcset":"https:\/\/i0.wp.com\/docmarket-dz.com\/wp-content\/uploads\/2023\/10\/3401575037502-sylamed-bande-crepe-15cm-x-4m-2x.webp?fit=1200%2C1200&ssl=1&resize=350%2C200 1x, https:\/\/i0.wp.com\/docmarket-dz.com\/wp-content\/uploads\/2023\/10\/3401575037502-sylamed-bande-crepe-15cm-x-4m-2x.webp?fit=1200%2C1200&ssl=1&resize=525%2C300 1.5x, https:\/\/i0.wp.com\/docmarket-dz.com\/wp-content\/uploads\/2023\/10\/3401575037502-sylamed-bande-crepe-15cm-x-4m-2x.webp?fit=1200%2C1200&ssl=1&resize=700%2C400 2x, https:\/\/i0.wp.com\/docmarket-dz.com\/wp-content\/uploads\/2023\/10\/3401575037502-sylamed-bande-crepe-15cm-x-4m-2x.webp?fit=1200%2C1200&ssl=1&resize=1050%2C600 3x"},"classes":[]},{"id":28496,"url":"https:\/\/docmarket-dz.com\/index.php\/product\/ciseaux-iridectomie-droit-115-cm\/","url_meta":{"origin":28622,"position":4},"title":"Ciseaux iridectomie droit 11.5 cm","author":"fatmazohra.nasri","date":"07\/02\/2024","format":false,"excerpt":"Les\u00a0ciseaux iridectomie droits 11.5 cm\u00a0sont des instruments m\u00e9dicaux et chirurgicaux de service g\u00e9n\u00e9ral pour les petits soins. Pr\u00e9cis gr\u00e2ce \u00e0 ses lames fines \u00e0 bouts pointues, il est compos\u00e9 d'inox d'excellente qualit\u00e9. Pr\u00e9caution d'emploi : - Tenir les instruments propres et d\u00e9sinfecter apr\u00e8s chaque utilisation. - A manipuler par des\u2026","rel":"","context":"Article similaire","block_context":{"text":"Article similaire","link":""},"img":{"alt_text":"","src":"https:\/\/i0.wp.com\/docmarket-dz.com\/wp-content\/uploads\/2024\/02\/CISEAUX-IRIDECTOMIE-DROITS-115-CM.jpg?fit=602%2C602&ssl=1&resize=350%2C200","width":350,"height":200,"srcset":"https:\/\/i0.wp.com\/docmarket-dz.com\/wp-content\/uploads\/2024\/02\/CISEAUX-IRIDECTOMIE-DROITS-115-CM.jpg?fit=602%2C602&ssl=1&resize=350%2C200 1x, https:\/\/i0.wp.com\/docmarket-dz.com\/wp-content\/uploads\/2024\/02\/CISEAUX-IRIDECTOMIE-DROITS-115-CM.jpg?fit=602%2C602&ssl=1&resize=525%2C300 1.5x"},"classes":[]},{"id":29014,"url":"https:\/\/docmarket-dz.com\/index.php\/product\/curapor-pansement-chirurgical-sterile-10-x-15-cm-boite-de-25\/","url_meta":{"origin":28622,"position":5},"title":"Curapor\u00ae Pansement chirurgical st\u00e9rile 10 X 15 CM Boite de 25","author":"Sofiane Arbouche","date":"02\/06\/2024","format":false,"excerpt":"","rel":"","context":"Article similaire","block_context":{"text":"Article similaire","link":""},"img":{"alt_text":"","src":"https:\/\/i0.wp.com\/docmarket-dz.com\/wp-content\/uploads\/2024\/06\/Pancement.png?fit=478%2C357&ssl=1&resize=350%2C200","width":350,"height":200},"classes":[]}],"jetpack_sharing_enabled":true,"tiered_pricing_type":"fixed","tiered_pricing_fixed_rules":[],"tiered_pricing_product_settings":{"layout":"default","base_unit_name":{"singular":null,"plural":null},"default_variation":null},"tiered_pricing_minimum_quantity":null,"tiered_pricing_roles_data":[],"tiered_pricing_percentage_rules":[],"_links":{"self":[{"href":"https:\/\/docmarket-dz.com\/index.php\/wp-json\/wp\/v2\/product\/28622","targetHints":{"allow":["GET"]}}],"collection":[{"href":"https:\/\/docmarket-dz.com\/index.php\/wp-json\/wp\/v2\/product"}],"about":[{"href":"https:\/\/docmarket-dz.com\/index.php\/wp-json\/wp\/v2\/types\/product"}],"replies":[{"embeddable":true,"href":"https:\/\/docmarket-dz.com\/index.php\/wp-json\/wp\/v2\/comments?post=28622"}],"wp:featuredmedia":[{"embeddable":true,"href":"https:\/\/docmarket-dz.com\/index.php\/wp-json\/wp\/v2\/media\/28649"}],"wp:attachment":[{"href":"https:\/\/docmarket-dz.com\/index.php\/wp-json\/wp\/v2\/media?parent=28622"}],"wp:term":[{"taxonomy":"product_brand","embeddable":true,"href":"https:\/\/docmarket-dz.com\/index.php\/wp-json\/wp\/v2\/product_brand?post=28622"},{"taxonomy":"product_cat","embeddable":true,"href":"https:\/\/docmarket-dz.com\/index.php\/wp-json\/wp\/v2\/product_cat?post=28622"},{"taxonomy":"product_tag","embeddable":true,"href":"https:\/\/docmarket-dz.com\/index.php\/wp-json\/wp\/v2\/product_tag?post=28622"}],"curies":[{"name":"wp","href":"https:\/\/api.w.org\/{rel}","templated":true}]}}