{"id":28667,"date":"2024-03-20T14:40:38","date_gmt":"2024-03-20T13:40:38","guid":{"rendered":"https:\/\/docmarket-dz.com\/?post_type=product&#038;p=28667"},"modified":"2024-04-03T16:43:32","modified_gmt":"2024-04-03T15:43:32","slug":"tensiometre-automatique-swing-med","status":"publish","type":"product","link":"https:\/\/docmarket-dz.com\/index.php\/product\/tensiometre-automatique-swing-med\/","title":{"rendered":"Tensiometre Automatique Swing Med"},"content":{"rendered":"<p>Ecran LCD Extra Large<\/p>\n<p>Brassard souple de 22 \u00e0 42 cm.<\/p>\n<p>Indicateur du seuil d&#8217;hypertension.<\/p>\n<p>Indicateur d&#8217;arythmie IHB.<\/p>\n<p>Micro USB Moyenne des 3 derni\u00e8res mesures.<\/p>\n<p>Indicateur batterie faible. Fonctionne avec 4 piles AAA<\/p>\n","protected":false},"excerpt":{"rendered":"<p>Ecran LCD Extra Large Brassard souple de 22 \u00e0 42 cm. Indicateur du seuil d&#8217;hypertension. Indicateur d&#8217;arythmie IHB. Micro USB Moyenne des 3 derni\u00e8res mesures. Indicateur batterie faible. Fonctionne avec 4 piles AAA<\/p>\n","protected":false},"featured_media":28708,"comment_status":"open","ping_status":"closed","template":"","meta":{"content-type":"","om_disable_all_campaigns":false,"_uf_show_specific_survey":0,"_uf_disable_surveys":false,"jetpack_publicize_message":"","jetpack_publicize_feature_enabled":true,"jetpack_social_post_already_shared":true,"jetpack_social_options":{"image_generator_settings":{"template":"highway","default_image_id":0,"font":"","enabled":false},"version":2}},"product_brand":[],"product_cat":[906,555,487],"product_tag":[],"class_list":{"0":"post-28667","1":"product","2":"type-product","3":"status-publish","4":"has-post-thumbnail","6":"product_cat-cardiologei","7":"product_cat-equipement","8":"product_cat-medical","10":"first","11":"instock","12":"taxable","13":"shipping-taxable","14":"purchasable","15":"product-type-simple"},"supplier_id":null,"supplier_sku":"","barcode":null,"atum_controlled":true,"out_stock_date":null,"out_stock_threshold":null,"inheritable":false,"inbound_stock":0,"stock_on_hold":0,"sold_today":0,"sales_last_days":0,"reserved_stock":0,"customer_returns":0,"warehouse_damage":0,"lost_in_post":0,"other_logs":0,"out_stock_days":0,"lost_sales":0,"has_location":false,"update_date":"2026-04-10T00:05:02","atum_locations":[],"atum_stock_status":"instock","restock_status":false,"low_stock_amount":"","sales_update_date":"2026-04-10T00:05:02","calc_backorders":null,"aioseo_notices":[],"jetpack_publicize_connections":[],"jetpack-related-posts":[{"id":26532,"url":"https:\/\/docmarket-dz.com\/index.php\/product\/ceram-etch\/","url_meta":{"origin":28667,"position":0},"title":"CERAM ETCH","author":"falek.h","date":"01\/01\/1970","format":false,"excerpt":"CERAM-ETCH\u00a0\u00a0est un gel visqueux d'acide fluorhydrique indiqu\u00e9 pour la gravure des porcelaines et c\u00e9ramiques \u00e0 base de verre. Il gravera les c\u00e9ramiques de tous types pour cr\u00e9er une surface microporeuse qui donne un fort verrouillage m\u00e9canique avec les mat\u00e9riaux en r\u00e9sine composite. LES INDICATIONS: Couronnes en vitroc\u00e9ramique Facettes et incrustations\u2026","rel":"","context":"Article similaire","block_context":{"text":"Article similaire","link":""},"img":{"alt_text":"","src":"https:\/\/i0.wp.com\/docmarket-dz.com\/wp-content\/uploads\/1970\/01\/dw.jpg?fit=673%2C791&ssl=1&resize=350%2C200","width":350,"height":200,"srcset":"https:\/\/i0.wp.com\/docmarket-dz.com\/wp-content\/uploads\/1970\/01\/dw.jpg?fit=673%2C791&ssl=1&resize=350%2C200 1x, https:\/\/i0.wp.com\/docmarket-dz.com\/wp-content\/uploads\/1970\/01\/dw.jpg?fit=673%2C791&ssl=1&resize=525%2C300 1.5x"},"classes":[]},{"id":26635,"url":"https:\/\/docmarket-dz.com\/index.php\/product\/dentocore-body\/","url_meta":{"origin":28667,"position":1},"title":"DENTOCORE BODY","author":"falek.h","date":"17\/03\/2023","format":false,"excerpt":"Indications Reconstitutions corono-radiculaires foul\u00e9es Scellement de tenons fibre de verre, carbone ou m\u00e9tal","rel":"","context":"Article similaire","block_context":{"text":"Article similaire","link":""},"img":{"alt_text":"","src":"https:\/\/i0.wp.com\/docmarket-dz.com\/wp-content\/uploads\/2023\/03\/DENTOCORE-BODY.jpg?fit=500%2C500&ssl=1&resize=350%2C200","width":350,"height":200},"classes":[]},{"id":30527,"url":"https:\/\/docmarket-dz.com\/index.php\/product\/tensiometre-automatique-rossmax-modele-z1\/","url_meta":{"origin":28667,"position":2},"title":"Tensiom\u00e8tre Automatique &#8211; ROSSMAX &#8211; Mod\u00e8le Z1","author":"Sofiane Arbouche","date":"02\/12\/2025","format":false,"excerpt":"Ce moniteur de pression art\u00e9rielle a pass\u00e9 les crit\u00e8res de l'European Society of Hypertension en r\u00e9alisant toutes les exigences. En outre, ce moniteur est conforme \u00e0 la norme requise par l\u2019AAMI (AAMI\/ANSI\/ISO 81060-2). \u00a0D\u00e9tection de mouvement La \u00abd\u00e9tection de mouvement\" permet de rappeler \u00e0 l'utilisateur de rester immobile et indique\u2026","rel":"","context":"Article similaire","block_context":{"text":"Article similaire","link":""},"img":{"alt_text":"","src":"https:\/\/i0.wp.com\/docmarket-dz.com\/wp-content\/uploads\/2025\/12\/Sans-titre-1.jpg?fit=1000%2C1000&ssl=1&resize=350%2C200","width":350,"height":200,"srcset":"https:\/\/i0.wp.com\/docmarket-dz.com\/wp-content\/uploads\/2025\/12\/Sans-titre-1.jpg?fit=1000%2C1000&ssl=1&resize=350%2C200 1x, https:\/\/i0.wp.com\/docmarket-dz.com\/wp-content\/uploads\/2025\/12\/Sans-titre-1.jpg?fit=1000%2C1000&ssl=1&resize=525%2C300 1.5x, https:\/\/i0.wp.com\/docmarket-dz.com\/wp-content\/uploads\/2025\/12\/Sans-titre-1.jpg?fit=1000%2C1000&ssl=1&resize=700%2C400 2x"},"classes":[]},{"id":26634,"url":"https:\/\/docmarket-dz.com\/index.php\/product\/dentocore\/","url_meta":{"origin":28667,"position":3},"title":"DENTOCORE","author":"falek.h","date":"17\/03\/2023","format":false,"excerpt":"Composite de reconstitution de moignons et de scellement des tenons \u00a0 Indications Reconstitutions corono-radiculaires foul\u00e9es Scellement de tenons fibre de verre, carbone ou m\u00e9tal","rel":"","context":"Article similaire","block_context":{"text":"Article similaire","link":""},"img":{"alt_text":"","src":"https:\/\/i0.wp.com\/docmarket-dz.com\/wp-content\/uploads\/2023\/03\/DENTOCORE-1.jpg?fit=497%2C500&ssl=1&resize=350%2C200","width":350,"height":200},"classes":[]},{"id":28714,"url":"https:\/\/docmarket-dz.com\/index.php\/product\/aerateur-transtympanique-shepard\/","url_meta":{"origin":28667,"position":4},"title":"A\u00e9rateur transtympanique shepard &#8221; Drain transtympanique &#8220;","author":"fatmazohra.nasri","date":"27\/03\/2024","format":false,"excerpt":"(DESCRIPTION\/INDICATION D'UTILISATION) - Les tubes de ventilation sont indiqu\u00e9s pour la ventilation ou le drainage de l'oreille moyenne. - Un tube de tympanostomie est plac\u00e9 dans une incision (myringotomie) g\u00e9n\u00e9ralement r\u00e9alis\u00e9e dans le quadrant ant\u00e9rieur-sup\u00e9rieur du tympan. - But principal : ventiler l'oreille moyenne, facilitant le drainage des fluides vers\u2026","rel":"","context":"Article similaire","block_context":{"text":"Article similaire","link":""},"img":{"alt_text":"","src":"https:\/\/i0.wp.com\/docmarket-dz.com\/wp-content\/uploads\/2024\/03\/DRAIN.jpg?fit=960%2C720&ssl=1&resize=350%2C200","width":350,"height":200,"srcset":"https:\/\/i0.wp.com\/docmarket-dz.com\/wp-content\/uploads\/2024\/03\/DRAIN.jpg?fit=960%2C720&ssl=1&resize=350%2C200 1x, https:\/\/i0.wp.com\/docmarket-dz.com\/wp-content\/uploads\/2024\/03\/DRAIN.jpg?fit=960%2C720&ssl=1&resize=525%2C300 1.5x, https:\/\/i0.wp.com\/docmarket-dz.com\/wp-content\/uploads\/2024\/03\/DRAIN.jpg?fit=960%2C720&ssl=1&resize=700%2C400 2x"},"classes":[]},{"id":26499,"url":"https:\/\/docmarket-dz.com\/index.php\/product\/bonding-quickbond-prime\/","url_meta":{"origin":28667,"position":5},"title":"BONDING QUICKBOND PRIME","author":"falek.h","date":"17\/03\/2023","format":false,"excerpt":"Collage du composite selon la technique A - B. Collage en douceur \u00e0 un endroit o\u00f9 l'on s'inqui\u00e9terait de la sensibilit\u00e9. De cette mani\u00e8re, nous pouvons r\u00e9duire l'impact sur l'organisme. Indication : Primer A, acide","rel":"","context":"Article similaire","block_context":{"text":"Article similaire","link":""},"img":{"alt_text":"","src":"https:\/\/i0.wp.com\/docmarket-dz.com\/wp-content\/uploads\/2023\/03\/BONDING-QUICKBOND-PRIME.jpg?fit=600%2C600&ssl=1&resize=350%2C200","width":350,"height":200,"srcset":"https:\/\/i0.wp.com\/docmarket-dz.com\/wp-content\/uploads\/2023\/03\/BONDING-QUICKBOND-PRIME.jpg?fit=600%2C600&ssl=1&resize=350%2C200 1x, https:\/\/i0.wp.com\/docmarket-dz.com\/wp-content\/uploads\/2023\/03\/BONDING-QUICKBOND-PRIME.jpg?fit=600%2C600&ssl=1&resize=525%2C300 1.5x"},"classes":[]}],"jetpack_sharing_enabled":true,"tiered_pricing_type":"fixed","tiered_pricing_fixed_rules":[],"tiered_pricing_product_settings":{"layout":"default","base_unit_name":{"singular":null,"plural":null},"default_variation":null},"tiered_pricing_minimum_quantity":null,"tiered_pricing_roles_data":[],"tiered_pricing_percentage_rules":[],"_links":{"self":[{"href":"https:\/\/docmarket-dz.com\/index.php\/wp-json\/wp\/v2\/product\/28667","targetHints":{"allow":["GET"]}}],"collection":[{"href":"https:\/\/docmarket-dz.com\/index.php\/wp-json\/wp\/v2\/product"}],"about":[{"href":"https:\/\/docmarket-dz.com\/index.php\/wp-json\/wp\/v2\/types\/product"}],"replies":[{"embeddable":true,"href":"https:\/\/docmarket-dz.com\/index.php\/wp-json\/wp\/v2\/comments?post=28667"}],"wp:featuredmedia":[{"embeddable":true,"href":"https:\/\/docmarket-dz.com\/index.php\/wp-json\/wp\/v2\/media\/28708"}],"wp:attachment":[{"href":"https:\/\/docmarket-dz.com\/index.php\/wp-json\/wp\/v2\/media?parent=28667"}],"wp:term":[{"taxonomy":"product_brand","embeddable":true,"href":"https:\/\/docmarket-dz.com\/index.php\/wp-json\/wp\/v2\/product_brand?post=28667"},{"taxonomy":"product_cat","embeddable":true,"href":"https:\/\/docmarket-dz.com\/index.php\/wp-json\/wp\/v2\/product_cat?post=28667"},{"taxonomy":"product_tag","embeddable":true,"href":"https:\/\/docmarket-dz.com\/index.php\/wp-json\/wp\/v2\/product_tag?post=28667"}],"curies":[{"name":"wp","href":"https:\/\/api.w.org\/{rel}","templated":true}]}}