{"id":28681,"date":"2024-03-24T11:40:09","date_gmt":"2024-03-24T10:40:09","guid":{"rendered":"https:\/\/docmarket-dz.com\/?post_type=product&#038;p=28681"},"modified":"2025-07-17T07:50:08","modified_gmt":"2025-07-17T06:50:08","slug":"tube-prp-10ml","status":"publish","type":"product","link":"https:\/\/docmarket-dz.com\/index.php\/product\/tube-prp-10ml\/","title":{"rendered":"Tube PRP 10ml"},"content":{"rendered":"<p>Con\u00e7u pour la pr\u00e9paration de plasma riche en plaquettes (PRP).<\/p>\n<p>Rev\u00eatement interne optimis\u00e9 pour une collecte efficace du PRP.<\/p>\n<p>Si votre centrifugeuse peut accueillir un tube PRP de 125 mm, un tube PRP de 120 mm est \u00e9galement compatible.<\/p>\n<p>Cependant, si votre centrifugeuse ne peut accepter qu\u2019un tube PRP de 120 mm, l\u2019utilisation d\u2019un tube PRP de 125 mm n\u2019est pas possible.<\/p>\n<p>Id\u00e9al pour les proc\u00e9dures m\u00e9dicales et esth\u00e9tiques n\u00e9cessitant du PRP.<\/p>\n","protected":false},"excerpt":{"rendered":"<p>Con\u00e7u pour la pr\u00e9paration de plasma riche en plaquettes (PRP). Rev\u00eatement interne optimis\u00e9 pour une collecte efficace du PRP. Si votre centrifugeuse peut accueillir un tube PRP de 125 mm, un tube PRP de 120 mm est \u00e9galement compatible. Cependant, si votre centrifugeuse ne peut accepter qu\u2019un tube PRP de 120 mm, l\u2019utilisation d\u2019un tube [&hellip;]<\/p>\n","protected":false},"featured_media":28761,"comment_status":"open","ping_status":"closed","template":"","meta":{"content-type":"","om_disable_all_campaigns":false,"_uf_show_specific_survey":0,"_uf_disable_surveys":false,"jetpack_publicize_message":"","jetpack_publicize_feature_enabled":true,"jetpack_social_post_already_shared":true,"jetpack_social_options":{"image_generator_settings":{"template":"highway","default_image_id":0,"font":"","enabled":false},"version":2}},"product_brand":[],"product_cat":[739],"product_tag":[],"class_list":{"0":"post-28681","1":"product","2":"type-product","3":"status-publish","4":"has-post-thumbnail","6":"product_cat-acupuncture","8":"first","9":"onbackorder","10":"taxable","11":"shipping-taxable","12":"purchasable","13":"product-type-simple"},"supplier_id":null,"supplier_sku":"","barcode":null,"atum_controlled":true,"out_stock_date":null,"out_stock_threshold":null,"inheritable":false,"inbound_stock":0,"stock_on_hold":0,"sold_today":0,"sales_last_days":0,"reserved_stock":0,"customer_returns":0,"warehouse_damage":0,"lost_in_post":0,"other_logs":0,"out_stock_days":0,"lost_sales":0,"has_location":true,"update_date":"2026-04-14T00:06:31","atum_locations":[{"id":918,"name":"B3","slug":"b3"}],"atum_stock_status":"onbackorder","restock_status":false,"low_stock_amount":"","sales_update_date":"2026-04-14T00:06:31","calc_backorders":null,"aioseo_notices":[],"jetpack_publicize_connections":[],"jetpack-related-posts":[{"id":27942,"url":"https:\/\/docmarket-dz.com\/index.php\/product\/tube-prp-12ml\/","url_meta":{"origin":28681,"position":0},"title":"Tube PRP 12ml","author":"fatmazohra.nasri","date":"28\/11\/2023","format":false,"excerpt":"","rel":"","context":"Article similaire","block_context":{"text":"Article similaire","link":""},"img":{"alt_text":"","src":"https:\/\/i0.wp.com\/docmarket-dz.com\/wp-content\/uploads\/2023\/11\/IMG_2028-1.png?fit=479%2C640&ssl=1&resize=350%2C200","width":350,"height":200},"classes":[]},{"id":26399,"url":"https:\/\/docmarket-dz.com\/index.php\/product\/tube-simple-heparine\/","url_meta":{"origin":28681,"position":1},"title":"TUBE VACU HEPARINE 4ML 13*75 MM ( VACURATE)(V)","author":"falek.h","date":"12\/03\/2023","format":false,"excerpt":"","rel":"","context":"Article similaire","block_context":{"text":"Article similaire","link":""},"img":{"alt_text":"","src":"","width":0,"height":0},"classes":[]},{"id":28807,"url":"https:\/\/docmarket-dz.com\/index.php\/product\/lampe-a-ultra-violet-a-un-neon\/","url_meta":{"origin":28681,"position":2},"title":"Lampe \u00e0 ultra-violet \u00e0 un n\u00e9on","author":"fatmazohra.nasri","date":"04\/04\/2024","format":false,"excerpt":"Fabriqu\u00e9e en inox avec une seule porte horizontale. Un tube \u00e9met des rayons ultra-violets germicides et transforme l\u2019oxyg\u00e8ne en ozone, l\u2019effet du rayonnement U.V. est bact\u00e9ricide, vermicide et g\u00e9nocide. Puissance : 30 W Dur\u00e9e de st\u00e9rilisation : 1000 heures. Dimensions : Largeur : 200 mm, Longueur : 1200 mm, Profondeur\u2026","rel":"","context":"Article similaire","block_context":{"text":"Article similaire","link":""},"img":{"alt_text":"","src":"","width":0,"height":0},"classes":[]},{"id":28737,"url":"https:\/\/docmarket-dz.com\/index.php\/product\/aerateur-transtympanique-shepard-drain-transtympanique-tube-t\/","url_meta":{"origin":28681,"position":3},"title":"A\u00e9rateur transtympanique \u201d Drain transtympanique \u201c TUBE T","author":"fatmazohra.nasri","date":"31\/03\/2024","format":false,"excerpt":"Les a\u00e9rateurs transtympaniques se placent \u00e0 travers la membrane tympanique et procurent une a\u00e9ration entre l\u2019oreille moyenne et le conduit auditif externe.Ce passage non obstru\u00e9 permet \u00e9galement le drainage des liquides, r\u00e9sultant de l\u2019otite moyenne aig\u00fce ou chronique. Par ailleurs, le placement chirurgical d\u2019un a\u00e9rateur transtympanique permet d\u2019\u00e9quilibrer les pressions\u2026","rel":"","context":"Article similaire","block_context":{"text":"Article similaire","link":""},"img":{"alt_text":"","src":"https:\/\/i0.wp.com\/docmarket-dz.com\/wp-content\/uploads\/2024\/03\/T-Tube.png?fit=647%2C601&ssl=1&resize=350%2C200","width":350,"height":200,"srcset":"https:\/\/i0.wp.com\/docmarket-dz.com\/wp-content\/uploads\/2024\/03\/T-Tube.png?fit=647%2C601&ssl=1&resize=350%2C200 1x, https:\/\/i0.wp.com\/docmarket-dz.com\/wp-content\/uploads\/2024\/03\/T-Tube.png?fit=647%2C601&ssl=1&resize=525%2C300 1.5x"},"classes":[]},{"id":28546,"url":"https:\/\/docmarket-dz.com\/index.php\/product\/wellead-sonde-gastrique-pvc-stomach-tube-10fr\/","url_meta":{"origin":28681,"position":4},"title":"WELLEAD SONDE GASTRIQUE PVC (STOMACH TUBE) 10FR","author":"fatmazohra.nasri","date":"15\/02\/2024","format":false,"excerpt":"Une\u00a0sonde endotrach\u00e9ale\u00a0(ou\u00a0tube endotrach\u00e9al) est une sonde destin\u00e9e \u00e0 \u00eatre ins\u00e9r\u00e9e par la bouche ou le nez dans la trach\u00e9e pour assurer le maintien de la perm\u00e9abilit\u00e9 des voies a\u00e9riennes et permettre la\u00a0ventilation m\u00e9canique\u00a0(voir\u00a0intubation trach\u00e9ale)","rel":"","context":"Article similaire","block_context":{"text":"Article similaire","link":""},"img":{"alt_text":"","src":"https:\/\/i0.wp.com\/docmarket-dz.com\/wp-content\/uploads\/2024\/02\/IMG_20240317_150020-removebg-preview-1.png?fit=606%2C602&ssl=1&resize=350%2C200","width":350,"height":200,"srcset":"https:\/\/i0.wp.com\/docmarket-dz.com\/wp-content\/uploads\/2024\/02\/IMG_20240317_150020-removebg-preview-1.png?fit=606%2C602&ssl=1&resize=350%2C200 1x, https:\/\/i0.wp.com\/docmarket-dz.com\/wp-content\/uploads\/2024\/02\/IMG_20240317_150020-removebg-preview-1.png?fit=606%2C602&ssl=1&resize=525%2C300 1.5x"},"classes":[]},{"id":26397,"url":"https:\/\/docmarket-dz.com\/index.php\/product\/tube-avec-gel-j\/","url_meta":{"origin":28681,"position":5},"title":"TUBE AVEC GEL (J)","author":"falek.h","date":"12\/03\/2023","format":false,"excerpt":"","rel":"","context":"Article similaire","block_context":{"text":"Article similaire","link":""},"img":{"alt_text":"","src":"","width":0,"height":0},"classes":[]}],"jetpack_sharing_enabled":true,"tiered_pricing_type":"fixed","tiered_pricing_fixed_rules":[],"tiered_pricing_product_settings":{"layout":"default","base_unit_name":{"singular":null,"plural":null},"default_variation":null},"tiered_pricing_minimum_quantity":null,"tiered_pricing_roles_data":[],"tiered_pricing_percentage_rules":[],"_links":{"self":[{"href":"https:\/\/docmarket-dz.com\/index.php\/wp-json\/wp\/v2\/product\/28681","targetHints":{"allow":["GET"]}}],"collection":[{"href":"https:\/\/docmarket-dz.com\/index.php\/wp-json\/wp\/v2\/product"}],"about":[{"href":"https:\/\/docmarket-dz.com\/index.php\/wp-json\/wp\/v2\/types\/product"}],"replies":[{"embeddable":true,"href":"https:\/\/docmarket-dz.com\/index.php\/wp-json\/wp\/v2\/comments?post=28681"}],"wp:featuredmedia":[{"embeddable":true,"href":"https:\/\/docmarket-dz.com\/index.php\/wp-json\/wp\/v2\/media\/28761"}],"wp:attachment":[{"href":"https:\/\/docmarket-dz.com\/index.php\/wp-json\/wp\/v2\/media?parent=28681"}],"wp:term":[{"taxonomy":"product_brand","embeddable":true,"href":"https:\/\/docmarket-dz.com\/index.php\/wp-json\/wp\/v2\/product_brand?post=28681"},{"taxonomy":"product_cat","embeddable":true,"href":"https:\/\/docmarket-dz.com\/index.php\/wp-json\/wp\/v2\/product_cat?post=28681"},{"taxonomy":"product_tag","embeddable":true,"href":"https:\/\/docmarket-dz.com\/index.php\/wp-json\/wp\/v2\/product_tag?post=28681"}],"curies":[{"name":"wp","href":"https:\/\/api.w.org\/{rel}","templated":true}]}}