{"id":28737,"date":"2024-03-31T15:47:34","date_gmt":"2024-03-31T14:47:34","guid":{"rendered":"https:\/\/docmarket-dz.com\/?post_type=product&#038;p=28737"},"modified":"2025-12-11T15:09:25","modified_gmt":"2025-12-11T14:09:25","slug":"aerateur-transtympanique-shepard-drain-transtympanique-tube-t","status":"publish","type":"product","link":"https:\/\/docmarket-dz.com\/index.php\/product\/aerateur-transtympanique-shepard-drain-transtympanique-tube-t\/","title":{"rendered":"A\u00e9rateur transtympanique \u201d Drain transtympanique \u201c TUBE T"},"content":{"rendered":"<p>Les a\u00e9rateurs transtympaniques se placent \u00e0 travers la membrane tympanique et procurent une a\u00e9ration entre l\u2019oreille moyenne et le conduit auditif externe.Ce passage non obstru\u00e9 permet \u00e9galement le drainage des liquides, r\u00e9sultant de l\u2019otite moyenne aig\u00fce ou chronique. Par ailleurs, le placement chirurgical d\u2019un a\u00e9rateur transtympanique permet d\u2019\u00e9quilibrer les pressions de l\u2019air entre l\u2019oreille externe et l\u2019oreille moyenne et assure une ventilation continue, emp\u00eachant l\u2019accumulation de liquide dans l\u2019oreille moyenne.<\/p>\n<p>Le T Tube est un a\u00e9rateur de longue dur\u00e9e ; ses ailettes longues et molles emp\u00eachent l\u2019expulsion de l\u2019a\u00e9rateur, tout en permettant un retrait facile. Les mod\u00e8les, notamment de longueur 12 mm peuvent \u00eatre raccourcis \u00e0 volont\u00e9.<\/p>\n<p><strong>Indications<br \/>\n<\/strong>\u2022 Otite moyenne s\u00e9reuse<br \/>\n\u2022 Otite moyenne aig\u00fce r\u00e9cidivante ne r\u00e9pondant pas de fa\u00e7on satisfaisante \u00e0 la th\u00e9rapie conventionnelle<\/p>\n<p><strong>Contre-indications<br \/>\n<\/strong>\u2022 Infection en cours de l\u2019oreille moyenne<br \/>\n\u2022 Les cas d\u2019otite moyenne r\u00e9pondant favorablement \u00e0 la seule administration de m\u00e9dicaments<br \/>\n\u2022 Les cas d\u2019otite moyenne o\u00f9 le chirurgien juge que myringotomie (ou paracent\u00e8se) suffira comme traitement<\/p>\n<p><strong>Pr\u00e9cautions<br \/>\n<\/strong>Les a\u00e9rateurs, dont le diam\u00e8tre et la taille d\u2019ailette sont plus larges, sont susceptibles d\u2019augmenter le risque de r\u00e9tention prolong\u00e9e de l\u2019a\u00e9rateur et\/ou de perforation r\u00e9siduelle.<br \/>\nIl est recommand\u00e9 au chirurgien de choisir un a\u00e9rateur, dont la taille, le type et le mat\u00e9riau r\u00e9pondent aux besoins de chaque cas clinique et minimisent les effets nocifs.<\/p>\n","protected":false},"excerpt":{"rendered":"<p>Les a\u00e9rateurs transtympaniques se placent \u00e0 travers la membrane tympanique et procurent une a\u00e9ration entre l\u2019oreille moyenne et le conduit auditif externe.Ce passage non obstru\u00e9 permet \u00e9galement le drainage des liquides, r\u00e9sultant de l\u2019otite moyenne aig\u00fce ou chronique. Par ailleurs, le placement chirurgical d\u2019un a\u00e9rateur transtympanique permet d\u2019\u00e9quilibrer les pressions de l\u2019air entre l\u2019oreille externe [&hellip;]<\/p>\n","protected":false},"featured_media":28758,"comment_status":"open","ping_status":"closed","template":"","meta":{"content-type":"","om_disable_all_campaigns":false,"_uf_show_specific_survey":0,"_uf_disable_surveys":false,"jetpack_publicize_message":"","jetpack_publicize_feature_enabled":true,"jetpack_social_post_already_shared":true,"jetpack_social_options":{"image_generator_settings":{"template":"highway","default_image_id":0,"font":"","enabled":false},"version":2}},"product_brand":[],"product_cat":[487,881],"product_tag":[],"class_list":{"0":"post-28737","1":"product","2":"type-product","3":"status-publish","4":"has-post-thumbnail","6":"product_cat-medical","7":"product_cat-orl","9":"first","10":"outofstock","11":"taxable","12":"shipping-taxable","13":"purchasable","14":"product-type-simple"},"supplier_id":null,"supplier_sku":"","barcode":null,"atum_controlled":true,"out_stock_date":"2025-12-11 15:09:26","out_stock_threshold":null,"inheritable":false,"inbound_stock":0,"stock_on_hold":0,"sold_today":0,"sales_last_days":0,"reserved_stock":0,"customer_returns":0,"warehouse_damage":0,"lost_in_post":0,"other_logs":0,"out_stock_days":119,"lost_sales":0,"has_location":true,"update_date":"2026-04-10T00:05:14","atum_locations":[{"id":940,"name":"C3","slug":"c3"}],"atum_stock_status":"outofstock","restock_status":false,"low_stock_amount":"","sales_update_date":"2026-04-10T00:05:14","calc_backorders":null,"aioseo_notices":[],"jetpack_publicize_connections":[],"jetpack-related-posts":[{"id":28714,"url":"https:\/\/docmarket-dz.com\/index.php\/product\/aerateur-transtympanique-shepard\/","url_meta":{"origin":28737,"position":0},"title":"A\u00e9rateur transtympanique shepard &#8221; Drain transtympanique &#8220;","author":"fatmazohra.nasri","date":"27\/03\/2024","format":false,"excerpt":"(DESCRIPTION\/INDICATION D'UTILISATION) - Les tubes de ventilation sont indiqu\u00e9s pour la ventilation ou le drainage de l'oreille moyenne. - Un tube de tympanostomie est plac\u00e9 dans une incision (myringotomie) g\u00e9n\u00e9ralement r\u00e9alis\u00e9e dans le quadrant ant\u00e9rieur-sup\u00e9rieur du tympan. - But principal : ventiler l'oreille moyenne, facilitant le drainage des fluides vers\u2026","rel":"","context":"Article similaire","block_context":{"text":"Article similaire","link":""},"img":{"alt_text":"","src":"https:\/\/i0.wp.com\/docmarket-dz.com\/wp-content\/uploads\/2024\/03\/DRAIN.jpg?fit=960%2C720&ssl=1&resize=350%2C200","width":350,"height":200,"srcset":"https:\/\/i0.wp.com\/docmarket-dz.com\/wp-content\/uploads\/2024\/03\/DRAIN.jpg?fit=960%2C720&ssl=1&resize=350%2C200 1x, https:\/\/i0.wp.com\/docmarket-dz.com\/wp-content\/uploads\/2024\/03\/DRAIN.jpg?fit=960%2C720&ssl=1&resize=525%2C300 1.5x, https:\/\/i0.wp.com\/docmarket-dz.com\/wp-content\/uploads\/2024\/03\/DRAIN.jpg?fit=960%2C720&ssl=1&resize=700%2C400 2x"},"classes":[]},{"id":29308,"url":"https:\/\/docmarket-dz.com\/index.php\/product\/attelles-a-depression\/","url_meta":{"origin":28737,"position":1},"title":"Attelles  \u00e0 d\u00e9pression","author":"Sofiane Arbouche","date":"09\/09\/2024","format":false,"excerpt":"Attelles r\u00e9utilisables \u00e0 d\u00e9pression permet une parfaite immobilisation du membre, dimensionn\u00e9s pour traiter les blessures les plus courantes n\u00e9cessitant attelles \u00e0 d\u00e9pression. La m\u00e9thode est simple, s\u00fbre et efficace des attelles de secours des extr\u00e9mit\u00e9s fractur\u00e9es. L'attelle est tout simplement construite \u00e0 partir de b\u00e2ches en vinyle. Comportant billes de\u2026","rel":"","context":"Article similaire","block_context":{"text":"Article similaire","link":""},"img":{"alt_text":"","src":"https:\/\/i0.wp.com\/docmarket-dz.com\/wp-content\/uploads\/2024\/09\/Sans-titre.png?fit=385%2C264&ssl=1&resize=350%2C200","width":350,"height":200},"classes":[]},{"id":27896,"url":"https:\/\/docmarket-dz.com\/index.php\/product\/grains-vaccaria\/","url_meta":{"origin":28737,"position":2},"title":"Grains VACCARIA","author":"fatmazohra.nasri","date":"26\/11\/2023","format":false,"excerpt":"Ces petites graines sont utilis\u00e9es dans la pratique de l\u2019auriculoth\u00e9rapie et de la\u00a0r\u00e9flexoth\u00e9rapie\u00a0auriculaire. Pos\u00e9es par le praticien en cabinet\u00a0sur des points en correspondance avec\u00a0la\u00a0cartographie de l\u2019oreille et laiss\u00e9es sur le patient, elles permettent que l\u2019effet th\u00e9rapeutique perdure sur plusieurs jours\u00a0entre les s\u00e9ances de soin. Prot\u00e9g\u00e9es par\u00a0un sparadrap couleur chair, elles\u2026","rel":"","context":"Article similaire","block_context":{"text":"Article similaire","link":""},"img":{"alt_text":"","src":"https:\/\/i0.wp.com\/docmarket-dz.com\/wp-content\/uploads\/2023\/11\/538-Graines-auriculaires-PhotoRoom-PhotoRoom.png-PhotoRoom.png?fit=630%2C599&ssl=1&resize=350%2C200","width":350,"height":200,"srcset":"https:\/\/i0.wp.com\/docmarket-dz.com\/wp-content\/uploads\/2023\/11\/538-Graines-auriculaires-PhotoRoom-PhotoRoom.png-PhotoRoom.png?fit=630%2C599&ssl=1&resize=350%2C200 1x, https:\/\/i0.wp.com\/docmarket-dz.com\/wp-content\/uploads\/2023\/11\/538-Graines-auriculaires-PhotoRoom-PhotoRoom.png-PhotoRoom.png?fit=630%2C599&ssl=1&resize=525%2C300 1.5x"},"classes":[]},{"id":28026,"url":"https:\/\/docmarket-dz.com\/index.php\/product\/bechtoscope-plus-liquide-desinfectant-concentre-1l\/","url_meta":{"origin":28737,"position":3},"title":"Bechtoscope Plus &#8211; liquide d\u00e9sinfectant concentr\u00e9 1L","author":"Sofiane Arbouche","date":"06\/12\/2023","format":false,"excerpt":"\u00a0Le produit Bechtoscope plus est une solution de d\u00e9sinfection pour instruments m\u00e9dicaux, invasifs et non invasifs, ainsi que pour les dispositifs m\u00e9dicaux, y compris les endoscopes rigides et flexibles. \u2022\u00a0 \u00a0 \u00a0 \u00a0Propri\u00e9t\u00e9s: Il est compos\u00e9 d\u2019ald\u00e9hydes et de compos\u00e9s d\u2019ammonium quaternaire, avec une forte activit\u00e9 microbiologique \u00e0 faible concentration.\u2026","rel":"","context":"Article similaire","block_context":{"text":"Article similaire","link":""},"img":{"alt_text":"","src":"https:\/\/i0.wp.com\/docmarket-dz.com\/wp-content\/uploads\/2023\/12\/IMG_2131.png?fit=599%2C601&ssl=1&resize=350%2C200","width":350,"height":200,"srcset":"https:\/\/i0.wp.com\/docmarket-dz.com\/wp-content\/uploads\/2023\/12\/IMG_2131.png?fit=599%2C601&ssl=1&resize=350%2C200 1x, https:\/\/i0.wp.com\/docmarket-dz.com\/wp-content\/uploads\/2023\/12\/IMG_2131.png?fit=599%2C601&ssl=1&resize=525%2C300 1.5x"},"classes":[]},{"id":28661,"url":"https:\/\/docmarket-dz.com\/index.php\/product\/couette-en-fibre-silicone\/","url_meta":{"origin":28737,"position":4},"title":"Parure de draps (3 pi\u00e8ces)","author":"TIKELALINE Amel","date":"20\/03\/2024","format":false,"excerpt":"Parure de draps (3 pi\u00e8ces) 01 Places Dim:240\/150 Drap housse 0.90\/190 Drap plat 240\/150 1 Taies d'oreiller 50\/70","rel":"","context":"Article similaire","block_context":{"text":"Article similaire","link":""},"img":{"alt_text":"","src":"https:\/\/i0.wp.com\/docmarket-dz.com\/wp-content\/uploads\/2024\/03\/20240321_154348-002-Photoroom.png-Photoroom.jpg?fit=597%2C671&ssl=1&resize=350%2C200","width":350,"height":200,"srcset":"https:\/\/i0.wp.com\/docmarket-dz.com\/wp-content\/uploads\/2024\/03\/20240321_154348-002-Photoroom.png-Photoroom.jpg?fit=597%2C671&ssl=1&resize=350%2C200 1x, https:\/\/i0.wp.com\/docmarket-dz.com\/wp-content\/uploads\/2024\/03\/20240321_154348-002-Photoroom.png-Photoroom.jpg?fit=597%2C671&ssl=1&resize=525%2C300 1.5x"},"classes":[]},{"id":25336,"url":"https:\/\/docmarket-dz.com\/index.php\/product\/thermometre-infra-rouge-auriculaire-frontal-swing-med\/","url_meta":{"origin":28737,"position":5},"title":"THERMOMETRE INFRA ROUGE AURICULAIRE \/ FRONTAL SWING MED","author":"falek.h","date":"03\/03\/2023","format":false,"excerpt":"Deux fonctions ensemble: temp\u00e9rature de la t\u00eate et temp\u00e9rature de l'oreille; Lecture rapide en 1 seconde 9 s\u00e9ries de mesures Rappel sonore Mesure Sanns Contact (Non touchant) Convient aux adultes et aux nourrissons Arr\u00eat automatique: 30 secondes sans op\u00e9ration. \u00c9cran r\u00e9tro-\u00e9clair\u00e9 avec 3 couleurs: vert, orange, rouge","rel":"","context":"Article similaire","block_context":{"text":"Article similaire","link":""},"img":{"alt_text":"","src":"https:\/\/i0.wp.com\/docmarket-dz.com\/wp-content\/uploads\/2023\/03\/THERMOMETRE-INFRA-ROUGE-AURICULAIRE-FRONTAL-SWING-MED-PhotoRoom.png-PhotoRoom.png?fit=526%2C509&ssl=1&resize=350%2C200","width":350,"height":200,"srcset":"https:\/\/i0.wp.com\/docmarket-dz.com\/wp-content\/uploads\/2023\/03\/THERMOMETRE-INFRA-ROUGE-AURICULAIRE-FRONTAL-SWING-MED-PhotoRoom.png-PhotoRoom.png?fit=526%2C509&ssl=1&resize=350%2C200 1x, https:\/\/i0.wp.com\/docmarket-dz.com\/wp-content\/uploads\/2023\/03\/THERMOMETRE-INFRA-ROUGE-AURICULAIRE-FRONTAL-SWING-MED-PhotoRoom.png-PhotoRoom.png?fit=526%2C509&ssl=1&resize=525%2C300 1.5x"},"classes":[]}],"jetpack_sharing_enabled":true,"tiered_pricing_type":"fixed","tiered_pricing_fixed_rules":[],"tiered_pricing_product_settings":{"layout":"default","base_unit_name":{"singular":null,"plural":null},"default_variation":null},"tiered_pricing_minimum_quantity":null,"tiered_pricing_roles_data":[],"tiered_pricing_percentage_rules":[],"_links":{"self":[{"href":"https:\/\/docmarket-dz.com\/index.php\/wp-json\/wp\/v2\/product\/28737","targetHints":{"allow":["GET"]}}],"collection":[{"href":"https:\/\/docmarket-dz.com\/index.php\/wp-json\/wp\/v2\/product"}],"about":[{"href":"https:\/\/docmarket-dz.com\/index.php\/wp-json\/wp\/v2\/types\/product"}],"replies":[{"embeddable":true,"href":"https:\/\/docmarket-dz.com\/index.php\/wp-json\/wp\/v2\/comments?post=28737"}],"wp:featuredmedia":[{"embeddable":true,"href":"https:\/\/docmarket-dz.com\/index.php\/wp-json\/wp\/v2\/media\/28758"}],"wp:attachment":[{"href":"https:\/\/docmarket-dz.com\/index.php\/wp-json\/wp\/v2\/media?parent=28737"}],"wp:term":[{"taxonomy":"product_brand","embeddable":true,"href":"https:\/\/docmarket-dz.com\/index.php\/wp-json\/wp\/v2\/product_brand?post=28737"},{"taxonomy":"product_cat","embeddable":true,"href":"https:\/\/docmarket-dz.com\/index.php\/wp-json\/wp\/v2\/product_cat?post=28737"},{"taxonomy":"product_tag","embeddable":true,"href":"https:\/\/docmarket-dz.com\/index.php\/wp-json\/wp\/v2\/product_tag?post=28737"}],"curies":[{"name":"wp","href":"https:\/\/api.w.org\/{rel}","templated":true}]}}