{"id":28805,"date":"2024-04-04T14:29:04","date_gmt":"2024-04-04T13:29:04","guid":{"rendered":"https:\/\/docmarket-dz.com\/?post_type=product&#038;p=28805"},"modified":"2024-12-24T18:48:46","modified_gmt":"2024-12-24T17:48:46","slug":"laryngoscope-fibre-optique-led-04-lames-1234-mcintosh-adulte-enfant-en-coffret","status":"publish","type":"product","link":"https:\/\/docmarket-dz.com\/index.php\/product\/laryngoscope-fibre-optique-led-04-lames-1234-mcintosh-adulte-enfant-en-coffret\/","title":{"rendered":"LARYNGOSCOPE FIBRE OPTIQUE LED 04 LAMES 1-2-3-4 MCINTOSH ADULTE &#8211; ENFANT EN COFFRET"},"content":{"rendered":"","protected":false},"excerpt":{"rendered":"","protected":false},"featured_media":28806,"comment_status":"open","ping_status":"closed","template":"","meta":{"content-type":"","om_disable_all_campaigns":false,"_uf_show_specific_survey":0,"_uf_disable_surveys":false,"jetpack_publicize_message":"","jetpack_publicize_feature_enabled":true,"jetpack_social_post_already_shared":true,"jetpack_social_options":{"image_generator_settings":{"template":"highway","default_image_id":0,"font":"","enabled":false},"version":2}},"product_brand":[],"product_cat":[555,487],"product_tag":[],"class_list":{"0":"post-28805","1":"product","2":"type-product","3":"status-publish","4":"has-post-thumbnail","6":"product_cat-equipement","7":"product_cat-medical","9":"first","10":"onbackorder","11":"purchasable","12":"product-type-simple"},"supplier_id":29358,"supplier_sku":"","barcode":null,"atum_controlled":true,"out_stock_date":"2024-12-24 18:48:46","out_stock_threshold":null,"inheritable":false,"inbound_stock":0,"stock_on_hold":0,"sold_today":0,"sales_last_days":0,"reserved_stock":0,"customer_returns":0,"warehouse_damage":0,"lost_in_post":0,"other_logs":0,"out_stock_days":471,"lost_sales":3313821,"has_location":false,"update_date":"2026-04-10T00:05:01","atum_locations":[],"atum_stock_status":"onbackorder","restock_status":false,"low_stock_amount":"","sales_update_date":"2026-04-10T00:05:01","calc_backorders":0,"aioseo_notices":[],"jetpack_publicize_connections":[],"jetpack-related-posts":[{"id":25994,"url":"https:\/\/docmarket-dz.com\/index.php\/product\/laryngoscope-a-4-lames-en-fibre-optic\/","url_meta":{"origin":28805,"position":0},"title":"Laryngoscope a 4 lames en Fibre Optic","author":"falek.h","date":"12\/03\/2023","format":false,"excerpt":"","rel":"","context":"Article similaire","block_context":{"text":"Article similaire","link":""},"img":{"alt_text":"","src":"","width":0,"height":0},"classes":[]},{"id":28803,"url":"https:\/\/docmarket-dz.com\/index.php\/product\/laryngoscope-mc-intosh-fibre-optic-set-halogen\/","url_meta":{"origin":28805,"position":1},"title":"Laryngoscope Mc-Intosh Fibre Optic Set Halogen","author":"fatmazohra.nasri","date":"04\/04\/2024","format":false,"excerpt":"","rel":"","context":"Article similaire","block_context":{"text":"Article similaire","link":""},"img":{"alt_text":"","src":"","width":0,"height":0},"classes":[]},{"id":26570,"url":"https:\/\/docmarket-dz.com\/index.php\/product\/coffret-tenon-fibre-de-verre-cbd-usa\/","url_meta":{"origin":28805,"position":2},"title":"COFFRET TENON FIBRE DE VERRE CBD USA","author":"falek.h","date":"01\/01\/1970","format":false,"excerpt":"","rel":"","context":"Article similaire","block_context":{"text":"Article similaire","link":""},"img":{"alt_text":"","src":"","width":0,"height":0},"classes":[]},{"id":27902,"url":"https:\/\/docmarket-dz.com\/index.php\/product\/otoscope-smartled-5500-pediatrique-marque-spengler\/","url_meta":{"origin":28805,"position":3},"title":"OTOSCOPE SMARTLED 5500 PEDIATRIQUE MARQUE SPENGLER","author":"fatmazohra.nasri","date":"26\/11\/2023","format":false,"excerpt":"Le Smartled 5500 de Spengler est un\u00a0otoscope\u00a0portable de tr\u00e8s haute pr\u00e9cision qui apporte une lumi\u00e8re d\u2019exception gr\u00e2ce \u00e0 sa double technologie LED et fibre optique, avec une\u00a0colorim\u00e9trie de 4000 K et un IRC (indice de rendu des couleurs) de 95 sur 100. Con\u00e7u avec les praticiens, Spengler propose ainsi un\u2026","rel":"","context":"Article similaire","block_context":{"text":"Article similaire","link":""},"img":{"alt_text":"","src":"https:\/\/i0.wp.com\/docmarket-dz.com\/wp-content\/uploads\/2023\/11\/51e89187d41bcd5001de729f688664d5.png?fit=604%2C632&ssl=1&resize=350%2C200","width":350,"height":200,"srcset":"https:\/\/i0.wp.com\/docmarket-dz.com\/wp-content\/uploads\/2023\/11\/51e89187d41bcd5001de729f688664d5.png?fit=604%2C632&ssl=1&resize=350%2C200 1x, https:\/\/i0.wp.com\/docmarket-dz.com\/wp-content\/uploads\/2023\/11\/51e89187d41bcd5001de729f688664d5.png?fit=604%2C632&ssl=1&resize=525%2C300 1.5x"},"classes":[]},{"id":26583,"url":"https:\/\/docmarket-dz.com\/index.php\/product\/composite-coffret-ventura-7ser\/","url_meta":{"origin":28805,"position":4},"title":"COMPOSITE COFFRET VENTURA 7SER","author":"falek.h","date":"01\/01\/1970","format":false,"excerpt":"DESCRIPTION Composite nano-hybride. Le composite nano-hybride universel photopolym\u00e9risable qui permet de r\u00e9aliser d'excellentes restaurations ant\u00e9rieures et post\u00e9rieures de haute qualit\u00e9. Il s'agit d'un composite hybride moderne modifi\u00e9 avec des nanoparticules de c\u00e9ramique. Il pr\u00e9sente donc d'excellentes propri\u00e9t\u00e9s de manipulation et garantit des restaurations esth\u00e9tiques, s\u00fbres et durables gr\u00e2ce \u00e0 sa\u2026","rel":"","context":"Article similaire","block_context":{"text":"Article similaire","link":""},"img":{"alt_text":"","src":"https:\/\/i0.wp.com\/docmarket-dz.com\/wp-content\/uploads\/1970\/01\/73120-13618021-e1697015782133.jpg?fit=600%2C333&ssl=1&resize=350%2C200","width":350,"height":200,"srcset":"https:\/\/i0.wp.com\/docmarket-dz.com\/wp-content\/uploads\/1970\/01\/73120-13618021-e1697015782133.jpg?fit=600%2C333&ssl=1&resize=350%2C200 1x, https:\/\/i0.wp.com\/docmarket-dz.com\/wp-content\/uploads\/1970\/01\/73120-13618021-e1697015782133.jpg?fit=600%2C333&ssl=1&resize=525%2C300 1.5x"},"classes":[]},{"id":28661,"url":"https:\/\/docmarket-dz.com\/index.php\/product\/couette-en-fibre-silicone\/","url_meta":{"origin":28805,"position":5},"title":"Parure de draps (3 pi\u00e8ces)","author":"TIKELALINE Amel","date":"20\/03\/2024","format":false,"excerpt":"Parure de draps (3 pi\u00e8ces) 01 Places Dim:240\/150 Drap housse 0.90\/190 Drap plat 240\/150 1 Taies d'oreiller 50\/70","rel":"","context":"Article similaire","block_context":{"text":"Article similaire","link":""},"img":{"alt_text":"","src":"https:\/\/i0.wp.com\/docmarket-dz.com\/wp-content\/uploads\/2024\/03\/20240321_154348-002-Photoroom.png-Photoroom.jpg?fit=597%2C671&ssl=1&resize=350%2C200","width":350,"height":200,"srcset":"https:\/\/i0.wp.com\/docmarket-dz.com\/wp-content\/uploads\/2024\/03\/20240321_154348-002-Photoroom.png-Photoroom.jpg?fit=597%2C671&ssl=1&resize=350%2C200 1x, https:\/\/i0.wp.com\/docmarket-dz.com\/wp-content\/uploads\/2024\/03\/20240321_154348-002-Photoroom.png-Photoroom.jpg?fit=597%2C671&ssl=1&resize=525%2C300 1.5x"},"classes":[]}],"jetpack_sharing_enabled":true,"tiered_pricing_type":"fixed","tiered_pricing_fixed_rules":[],"tiered_pricing_product_settings":{"layout":"default","base_unit_name":{"singular":null,"plural":null},"default_variation":null},"tiered_pricing_minimum_quantity":null,"tiered_pricing_roles_data":[],"tiered_pricing_percentage_rules":[],"_links":{"self":[{"href":"https:\/\/docmarket-dz.com\/index.php\/wp-json\/wp\/v2\/product\/28805","targetHints":{"allow":["GET"]}}],"collection":[{"href":"https:\/\/docmarket-dz.com\/index.php\/wp-json\/wp\/v2\/product"}],"about":[{"href":"https:\/\/docmarket-dz.com\/index.php\/wp-json\/wp\/v2\/types\/product"}],"replies":[{"embeddable":true,"href":"https:\/\/docmarket-dz.com\/index.php\/wp-json\/wp\/v2\/comments?post=28805"}],"wp:featuredmedia":[{"embeddable":true,"href":"https:\/\/docmarket-dz.com\/index.php\/wp-json\/wp\/v2\/media\/28806"}],"wp:attachment":[{"href":"https:\/\/docmarket-dz.com\/index.php\/wp-json\/wp\/v2\/media?parent=28805"}],"wp:term":[{"taxonomy":"product_brand","embeddable":true,"href":"https:\/\/docmarket-dz.com\/index.php\/wp-json\/wp\/v2\/product_brand?post=28805"},{"taxonomy":"product_cat","embeddable":true,"href":"https:\/\/docmarket-dz.com\/index.php\/wp-json\/wp\/v2\/product_cat?post=28805"},{"taxonomy":"product_tag","embeddable":true,"href":"https:\/\/docmarket-dz.com\/index.php\/wp-json\/wp\/v2\/product_tag?post=28805"}],"curies":[{"name":"wp","href":"https:\/\/api.w.org\/{rel}","templated":true}]}}