{"id":28840,"date":"2024-04-17T13:34:21","date_gmt":"2024-04-17T12:34:21","guid":{"rendered":"https:\/\/docmarket-dz.com\/?post_type=product&#038;p=28840"},"modified":"2026-02-05T15:34:13","modified_gmt":"2026-02-05T14:34:13","slug":"champ-individuel-sterile-75-x-75","status":"publish","type":"product","link":"https:\/\/docmarket-dz.com\/index.php\/product\/champ-individuel-sterile-75-x-75\/","title":{"rendered":"Champ individuel st\u00e9rile 75 x 75"},"content":{"rendered":"","protected":false},"excerpt":{"rendered":"","protected":false},"featured_media":30139,"comment_status":"open","ping_status":"closed","template":"","meta":{"content-type":"","om_disable_all_campaigns":false,"_uf_show_specific_survey":0,"_uf_disable_surveys":false,"jetpack_publicize_message":"","jetpack_publicize_feature_enabled":true,"jetpack_social_post_already_shared":true,"jetpack_social_options":{"image_generator_settings":{"template":"highway","default_image_id":0,"font":"","enabled":false},"version":2}},"product_brand":[],"product_cat":[487],"product_tag":[],"class_list":{"0":"post-28840","1":"product","2":"type-product","3":"status-publish","4":"has-post-thumbnail","6":"product_cat-medical","7":"ts_product_brand-condomed","9":"first","10":"instock","11":"taxable","12":"shipping-taxable","13":"purchasable","14":"product-type-simple"},"supplier_id":null,"supplier_sku":"","barcode":null,"atum_controlled":true,"out_stock_date":null,"out_stock_threshold":null,"inheritable":false,"inbound_stock":1,"stock_on_hold":0,"sold_today":0,"sales_last_days":0,"reserved_stock":0,"customer_returns":0,"warehouse_damage":0,"lost_in_post":0,"other_logs":0,"out_stock_days":0,"lost_sales":0,"has_location":true,"update_date":"2026-04-16T00:08:11","atum_locations":[{"id":948,"name":"D","slug":"d"}],"atum_stock_status":"instock","restock_status":false,"low_stock_amount":"","sales_update_date":"2026-04-16T00:08:11","calc_backorders":0,"aioseo_notices":[],"jetpack_publicize_connections":[],"jetpack-related-posts":[{"id":30118,"url":"https:\/\/docmarket-dz.com\/index.php\/product\/champ-individuel-sterile-75cm-x-90cm\/","url_meta":{"origin":28840,"position":0},"title":"Champ individuel st\u00e9rile 75cm x 90cm","author":"Sofiane Arbouche","date":"18\/05\/2025","format":false,"excerpt":"","rel":"","context":"Article similaire","block_context":{"text":"Article similaire","link":""},"img":{"alt_text":"","src":"https:\/\/i0.wp.com\/docmarket-dz.com\/wp-content\/uploads\/2025\/05\/Sans-titre-2.png?fit=570%2C570&ssl=1&resize=350%2C200","width":350,"height":200,"srcset":"https:\/\/i0.wp.com\/docmarket-dz.com\/wp-content\/uploads\/2025\/05\/Sans-titre-2.png?fit=570%2C570&ssl=1&resize=350%2C200 1x, https:\/\/i0.wp.com\/docmarket-dz.com\/wp-content\/uploads\/2025\/05\/Sans-titre-2.png?fit=570%2C570&ssl=1&resize=525%2C300 1.5x"},"classes":[]},{"id":27680,"url":"https:\/\/docmarket-dz.com\/index.php\/product\/compresse-sterile-75-75-b-100\/","url_meta":{"origin":28840,"position":1},"title":"Compresse STERILE 7.5 * 7.5 B 100","author":"fatmazohra.nasri","date":"23\/10\/2023","format":false,"excerpt":"","rel":"","context":"Article similaire","block_context":{"text":"Article similaire","link":""},"img":{"alt_text":"","src":"https:\/\/i0.wp.com\/docmarket-dz.com\/wp-content\/uploads\/2023\/10\/IMG_1641-PhotoRoom.png-PhotoRoom.jpg?fit=601%2C601&ssl=1&resize=350%2C200","width":350,"height":200,"srcset":"https:\/\/i0.wp.com\/docmarket-dz.com\/wp-content\/uploads\/2023\/10\/IMG_1641-PhotoRoom.png-PhotoRoom.jpg?fit=601%2C601&ssl=1&resize=350%2C200 1x, https:\/\/i0.wp.com\/docmarket-dz.com\/wp-content\/uploads\/2023\/10\/IMG_1641-PhotoRoom.png-PhotoRoom.jpg?fit=601%2C601&ssl=1&resize=525%2C300 1.5x"},"classes":[]},{"id":29219,"url":"https:\/\/docmarket-dz.com\/index.php\/product\/gants-chirurgicaux-steriles-h-75-en-latex-surgi-gloves\/","url_meta":{"origin":28840,"position":2},"title":"GANTS CHIRURGICAUX STERILES H 7.5 en LATEX &#8211; SURGI GLOVES","author":"Sofiane Arbouche","date":"31\/07\/2024","format":false,"excerpt":"","rel":"","context":"Article similaire","block_context":{"text":"Article similaire","link":""},"img":{"alt_text":"","src":"","width":0,"height":0},"classes":[]},{"id":26409,"url":"https:\/\/docmarket-dz.com\/index.php\/product\/trousse-ophtalmique-sterile-couvre-table-140-cm-x-190-cm-champ-ophtalmique-100cm-x-120-cm-avec-02-poches-de-recueil\/","url_meta":{"origin":28840,"position":3},"title":"Trousse Ophtalmique sterile : Couvre table (140 cm x 190 cm) Champ ophtalmique (100cm x 120 cm) Avec 02 poches de recueil","author":"falek.h","date":"12\/03\/2023","format":false,"excerpt":"La trousse st\u00e9rile d'ophtalmologie \u00e0 usage unique\u00a0 est compos\u00e9e d'un grand champ avec fen\u00eatre adh\u00e9sive, film \u00e0 inciser, 2 poches de recueil et de barrettes conformables.","rel":"","context":"Article similaire","block_context":{"text":"Article similaire","link":""},"img":{"alt_text":"","src":"https:\/\/i0.wp.com\/docmarket-dz.com\/wp-content\/uploads\/2023\/03\/trousse-d-ophtalmologie-sterile.jpg?fit=800%2C600&ssl=1&resize=350%2C200","width":350,"height":200,"srcset":"https:\/\/i0.wp.com\/docmarket-dz.com\/wp-content\/uploads\/2023\/03\/trousse-d-ophtalmologie-sterile.jpg?fit=800%2C600&ssl=1&resize=350%2C200 1x, https:\/\/i0.wp.com\/docmarket-dz.com\/wp-content\/uploads\/2023\/03\/trousse-d-ophtalmologie-sterile.jpg?fit=800%2C600&ssl=1&resize=525%2C300 1.5x, https:\/\/i0.wp.com\/docmarket-dz.com\/wp-content\/uploads\/2023\/03\/trousse-d-ophtalmologie-sterile.jpg?fit=800%2C600&ssl=1&resize=700%2C400 2x"},"classes":[]},{"id":24216,"url":"https:\/\/docmarket-dz.com\/index.php\/product\/compresse-individuelle-non-tisse\/","url_meta":{"origin":28840,"position":4},"title":"COMPRESSE INDIVIDUELLE NON TISSE","author":"falek.h","date":"19\/12\/2022","format":false,"excerpt":"Lingette non tiss\u00e9e 20cm x 10cm Emballage duplex","rel":"","context":"Article similaire","block_context":{"text":"Article similaire","link":""},"img":{"alt_text":"","src":"https:\/\/i0.wp.com\/docmarket-dz.com\/wp-content\/uploads\/2022\/12\/PhotoRoom-20221217_203902-PhotoRoom1-e1671462531969.jpg?fit=599%2C688&ssl=1&resize=350%2C200","width":350,"height":200,"srcset":"https:\/\/i0.wp.com\/docmarket-dz.com\/wp-content\/uploads\/2022\/12\/PhotoRoom-20221217_203902-PhotoRoom1-e1671462531969.jpg?fit=599%2C688&ssl=1&resize=350%2C200 1x, https:\/\/i0.wp.com\/docmarket-dz.com\/wp-content\/uploads\/2022\/12\/PhotoRoom-20221217_203902-PhotoRoom1-e1671462531969.jpg?fit=599%2C688&ssl=1&resize=525%2C300 1.5x"},"classes":[]},{"id":25198,"url":"https:\/\/docmarket-dz.com\/index.php\/product\/champ-sterile\/","url_meta":{"origin":28840,"position":5},"title":"CHAMP STERILE","author":"falek.h","date":"25\/02\/2023","format":false,"excerpt":"","rel":"","context":"Article similaire","block_context":{"text":"Article similaire","link":""},"img":{"alt_text":"","src":"https:\/\/i0.wp.com\/docmarket-dz.com\/wp-content\/uploads\/2023\/02\/579-large_default-PhotoRoom.png-PhotoRoom.png?fit=458%2C458&ssl=1&resize=350%2C200","width":350,"height":200},"classes":[]}],"jetpack_sharing_enabled":true,"tiered_pricing_type":"fixed","tiered_pricing_fixed_rules":[],"tiered_pricing_product_settings":{"layout":"default","base_unit_name":{"singular":null,"plural":null},"default_variation":null},"tiered_pricing_minimum_quantity":null,"tiered_pricing_roles_data":[],"tiered_pricing_percentage_rules":[],"_links":{"self":[{"href":"https:\/\/docmarket-dz.com\/index.php\/wp-json\/wp\/v2\/product\/28840","targetHints":{"allow":["GET"]}}],"collection":[{"href":"https:\/\/docmarket-dz.com\/index.php\/wp-json\/wp\/v2\/product"}],"about":[{"href":"https:\/\/docmarket-dz.com\/index.php\/wp-json\/wp\/v2\/types\/product"}],"replies":[{"embeddable":true,"href":"https:\/\/docmarket-dz.com\/index.php\/wp-json\/wp\/v2\/comments?post=28840"}],"wp:featuredmedia":[{"embeddable":true,"href":"https:\/\/docmarket-dz.com\/index.php\/wp-json\/wp\/v2\/media\/30139"}],"wp:attachment":[{"href":"https:\/\/docmarket-dz.com\/index.php\/wp-json\/wp\/v2\/media?parent=28840"}],"wp:term":[{"taxonomy":"product_brand","embeddable":true,"href":"https:\/\/docmarket-dz.com\/index.php\/wp-json\/wp\/v2\/product_brand?post=28840"},{"taxonomy":"product_cat","embeddable":true,"href":"https:\/\/docmarket-dz.com\/index.php\/wp-json\/wp\/v2\/product_cat?post=28840"},{"taxonomy":"product_tag","embeddable":true,"href":"https:\/\/docmarket-dz.com\/index.php\/wp-json\/wp\/v2\/product_tag?post=28840"}],"curies":[{"name":"wp","href":"https:\/\/api.w.org\/{rel}","templated":true}]}}