{"id":28858,"date":"2024-04-21T11:08:02","date_gmt":"2024-04-21T10:08:02","guid":{"rendered":"https:\/\/docmarket-dz.com\/?post_type=product&#038;p=28858"},"modified":"2025-02-19T14:05:34","modified_gmt":"2025-02-19T13:05:34","slug":"clamp-de-barr-pour-ombilical-en-plastique","status":"publish","type":"product","link":"https:\/\/docmarket-dz.com\/index.php\/product\/clamp-de-barr-pour-ombilical-en-plastique\/","title":{"rendered":"Clamp de Barr pour ombilical en plastique"},"content":{"rendered":"","protected":false},"excerpt":{"rendered":"","protected":false},"featured_media":29899,"comment_status":"open","ping_status":"closed","template":"","meta":{"content-type":"","om_disable_all_campaigns":false,"_uf_show_specific_survey":0,"_uf_disable_surveys":false,"jetpack_publicize_message":"","jetpack_publicize_feature_enabled":true,"jetpack_social_post_already_shared":true,"jetpack_social_options":{"image_generator_settings":{"template":"highway","default_image_id":0,"font":"","enabled":false},"version":2}},"product_brand":[],"product_cat":[882,487],"product_tag":[],"class_list":{"0":"post-28858","1":"product","2":"type-product","3":"status-publish","4":"has-post-thumbnail","6":"product_cat-gynecologie","7":"product_cat-medical","8":"ts_product_brand-ultramed","10":"first","11":"instock","12":"taxable","13":"shipping-taxable","14":"purchasable","15":"product-type-simple"},"supplier_id":null,"supplier_sku":"","barcode":null,"atum_controlled":true,"out_stock_date":null,"out_stock_threshold":null,"inheritable":false,"inbound_stock":0,"stock_on_hold":0,"sold_today":0,"sales_last_days":0,"reserved_stock":0,"customer_returns":0,"warehouse_damage":0,"lost_in_post":0,"other_logs":0,"out_stock_days":0,"lost_sales":0,"has_location":true,"update_date":"2026-04-10T00:05:02","atum_locations":[{"id":959,"name":"D1","slug":"d1"}],"atum_stock_status":"instock","restock_status":false,"low_stock_amount":50,"sales_update_date":"2026-04-10T00:05:02","calc_backorders":0,"aioseo_notices":[],"jetpack_publicize_connections":[],"jetpack-related-posts":[{"id":28799,"url":"https:\/\/docmarket-dz.com\/index.php\/product\/boite-daccouchement-simple-complete10-articles\/","url_meta":{"origin":28858,"position":0},"title":"Boite d&#8217;accouchement Simple Compl\u00e8te(10 Articles)","author":"fatmazohra.nasri","date":"04\/04\/2024","format":false,"excerpt":"La\u00a0bo\u00eete pour accouchement simple\u00a0de la marque Holtex contient des instruments\u00a0\u00e0 destination des professionnels de sant\u00e9\u00a0et en particulier des sages-femmes, con\u00e7us pour permettre de\u00a0pratiquer un accouchement sans complication. Tous ces instruments sont fabriqu\u00e9s en\u00a0acier inoxydable\u00a0et b\u00e9n\u00e9ficient d\u2019une\u00a0excellente r\u00e9sistance. Robuste, ce mat\u00e9riel r\u00e9pond aux exigences des normes en vigueur et\u00a0supporte les nettoyages\u2026","rel":"","context":"Article similaire","block_context":{"text":"Article similaire","link":""},"img":{"alt_text":"","src":"https:\/\/i0.wp.com\/docmarket-dz.com\/wp-content\/uploads\/2024\/04\/boite-accouchement-Photoroom.png-Photoroom.jpg?fit=609%2C606&ssl=1&resize=350%2C200","width":350,"height":200,"srcset":"https:\/\/i0.wp.com\/docmarket-dz.com\/wp-content\/uploads\/2024\/04\/boite-accouchement-Photoroom.png-Photoroom.jpg?fit=609%2C606&ssl=1&resize=350%2C200 1x, https:\/\/i0.wp.com\/docmarket-dz.com\/wp-content\/uploads\/2024\/04\/boite-accouchement-Photoroom.png-Photoroom.jpg?fit=609%2C606&ssl=1&resize=525%2C300 1.5x"},"classes":[]},{"id":26173,"url":"https:\/\/docmarket-dz.com\/index.php\/product\/haricot-en-plastique\/","url_meta":{"origin":28858,"position":1},"title":"HARICOT EN PLASTIQUE","author":"falek.h","date":"12\/03\/2023","format":false,"excerpt":"","rel":"","context":"Article similaire","block_context":{"text":"Article similaire","link":""},"img":{"alt_text":"","src":"","width":0,"height":0},"classes":[]},{"id":26810,"url":"https:\/\/docmarket-dz.com\/index.php\/product\/plateau-en-plastique-blanc\/","url_meta":{"origin":28858,"position":2},"title":"PLATEAU EN PLASTIQUE BLANC","author":"falek.h","date":"01\/01\/1970","format":false,"excerpt":"","rel":"","context":"Article similaire","block_context":{"text":"Article similaire","link":""},"img":{"alt_text":"","src":"https:\/\/i0.wp.com\/docmarket-dz.com\/wp-content\/uploads\/2023\/03\/PLATEAU-EN-PLASTIQUE-BLANC-e1680437955383.webp?fit=600%2C600&ssl=1&resize=350%2C200","width":350,"height":200,"srcset":"https:\/\/i0.wp.com\/docmarket-dz.com\/wp-content\/uploads\/2023\/03\/PLATEAU-EN-PLASTIQUE-BLANC-e1680437955383.webp?fit=600%2C600&ssl=1&resize=350%2C200 1x, https:\/\/i0.wp.com\/docmarket-dz.com\/wp-content\/uploads\/2023\/03\/PLATEAU-EN-PLASTIQUE-BLANC-e1680437955383.webp?fit=600%2C600&ssl=1&resize=525%2C300 1.5x"},"classes":[]},{"id":26811,"url":"https:\/\/docmarket-dz.com\/index.php\/product\/plateau-en-plastique-bleu\/","url_meta":{"origin":28858,"position":3},"title":"PLATEAU EN PLASTIQUE BLEU","author":"falek.h","date":"01\/01\/1970","format":false,"excerpt":"","rel":"","context":"Article similaire","block_context":{"text":"Article similaire","link":""},"img":{"alt_text":"","src":"https:\/\/i0.wp.com\/docmarket-dz.com\/wp-content\/uploads\/2023\/03\/PLATEAU-EN-PLASTIQUE-BLEU.jpg?fit=540%2C420&ssl=1&resize=350%2C200","width":350,"height":200,"srcset":"https:\/\/i0.wp.com\/docmarket-dz.com\/wp-content\/uploads\/2023\/03\/PLATEAU-EN-PLASTIQUE-BLEU.jpg?fit=540%2C420&ssl=1&resize=350%2C200 1x, https:\/\/i0.wp.com\/docmarket-dz.com\/wp-content\/uploads\/2023\/03\/PLATEAU-EN-PLASTIQUE-BLEU.jpg?fit=540%2C420&ssl=1&resize=525%2C300 1.5x"},"classes":[]},{"id":26812,"url":"https:\/\/docmarket-dz.com\/index.php\/product\/plateau-en-plastique-vert\/","url_meta":{"origin":28858,"position":4},"title":"PLATEAU EN PLASTIQUE VERT","author":"falek.h","date":"01\/01\/1970","format":false,"excerpt":"","rel":"","context":"Article similaire","block_context":{"text":"Article similaire","link":""},"img":{"alt_text":"","src":"https:\/\/i0.wp.com\/docmarket-dz.com\/wp-content\/uploads\/2023\/03\/PLATEAU-EN-PLASTIQUE-VERT-e1680437859481.jpg?fit=450%2C600&ssl=1&resize=350%2C200","width":350,"height":200},"classes":[]},{"id":26534,"url":"https:\/\/docmarket-dz.com\/index.php\/product\/champ-plastique-lavable\/","url_meta":{"origin":28858,"position":5},"title":"CHAMP PLASTIQUE LAVABLE","author":"falek.h","date":"01\/01\/1970","format":false,"excerpt":"","rel":"","context":"Article similaire","block_context":{"text":"Article similaire","link":""},"img":{"alt_text":"","src":"","width":0,"height":0},"classes":[]}],"jetpack_sharing_enabled":true,"tiered_pricing_type":"fixed","tiered_pricing_fixed_rules":[],"tiered_pricing_product_settings":{"layout":"default","base_unit_name":{"singular":null,"plural":null},"default_variation":null},"tiered_pricing_minimum_quantity":null,"tiered_pricing_roles_data":[],"tiered_pricing_percentage_rules":[],"_links":{"self":[{"href":"https:\/\/docmarket-dz.com\/index.php\/wp-json\/wp\/v2\/product\/28858","targetHints":{"allow":["GET"]}}],"collection":[{"href":"https:\/\/docmarket-dz.com\/index.php\/wp-json\/wp\/v2\/product"}],"about":[{"href":"https:\/\/docmarket-dz.com\/index.php\/wp-json\/wp\/v2\/types\/product"}],"replies":[{"embeddable":true,"href":"https:\/\/docmarket-dz.com\/index.php\/wp-json\/wp\/v2\/comments?post=28858"}],"wp:featuredmedia":[{"embeddable":true,"href":"https:\/\/docmarket-dz.com\/index.php\/wp-json\/wp\/v2\/media\/29899"}],"wp:attachment":[{"href":"https:\/\/docmarket-dz.com\/index.php\/wp-json\/wp\/v2\/media?parent=28858"}],"wp:term":[{"taxonomy":"product_brand","embeddable":true,"href":"https:\/\/docmarket-dz.com\/index.php\/wp-json\/wp\/v2\/product_brand?post=28858"},{"taxonomy":"product_cat","embeddable":true,"href":"https:\/\/docmarket-dz.com\/index.php\/wp-json\/wp\/v2\/product_cat?post=28858"},{"taxonomy":"product_tag","embeddable":true,"href":"https:\/\/docmarket-dz.com\/index.php\/wp-json\/wp\/v2\/product_tag?post=28858"}],"curies":[{"name":"wp","href":"https:\/\/api.w.org\/{rel}","templated":true}]}}