{"id":28932,"date":"2024-05-06T06:53:54","date_gmt":"2024-05-06T05:53:54","guid":{"rendered":"https:\/\/docmarket-dz.com\/?post_type=product&#038;p=28932"},"modified":"2026-04-09T12:12:12","modified_gmt":"2026-04-09T11:12:12","slug":"lingette-desinfectantes-bechtofix","status":"publish","type":"product","link":"https:\/\/docmarket-dz.com\/index.php\/product\/lingette-desinfectantes-bechtofix\/","title":{"rendered":"LINGETTE DESINFECTANTES BECHTOFIX"},"content":{"rendered":"","protected":false},"excerpt":{"rendered":"","protected":false},"featured_media":28934,"comment_status":"open","ping_status":"closed","template":"","meta":{"content-type":"","om_disable_all_campaigns":false,"_uf_show_specific_survey":0,"_uf_disable_surveys":false,"jetpack_publicize_message":"","jetpack_publicize_feature_enabled":true,"jetpack_social_post_already_shared":true,"jetpack_social_options":{"image_generator_settings":{"template":"highway","default_image_id":0,"font":"","enabled":false},"version":2}},"product_brand":[],"product_cat":[100,560,486,487],"product_tag":[],"class_list":{"0":"post-28932","1":"product","2":"type-product","3":"status-publish","4":"has-post-thumbnail","6":"product_cat-dentaire","7":"product_cat-hygiene","8":"product_cat-laboratoire","9":"product_cat-medical","10":"ts_product_brand-becht","12":"first","13":"instock","14":"taxable","15":"shipping-taxable","16":"purchasable","17":"product-type-simple"},"supplier_id":29775,"supplier_sku":"","barcode":null,"atum_controlled":true,"out_stock_date":null,"out_stock_threshold":null,"inheritable":false,"inbound_stock":24,"stock_on_hold":0,"sold_today":0,"sales_last_days":0,"reserved_stock":0,"customer_returns":0,"warehouse_damage":0,"lost_in_post":0,"other_logs":0,"out_stock_days":0,"lost_sales":0,"has_location":true,"update_date":"2026-04-10T00:05:15","atum_locations":[{"id":964,"name":"D6","slug":"d6"}],"atum_stock_status":"instock","restock_status":false,"low_stock_amount":"","sales_update_date":"2026-04-10T00:05:15","calc_backorders":0,"aioseo_notices":[],"jetpack_publicize_connections":[],"jetpack-related-posts":[{"id":28935,"url":"https:\/\/docmarket-dz.com\/index.php\/product\/lingette-desinfectantes-xl-wipes-sans-alcool\/","url_meta":{"origin":28932,"position":0},"title":"LINGETTE DESINFECTANTES BECHT XL WIPES &#8211; SANS ALCOOL","author":"Sofiane Arbouche","date":"06\/05\/2024","format":false,"excerpt":"","rel":"","context":"Article similaire","block_context":{"text":"Article similaire","link":""},"img":{"alt_text":"","src":"https:\/\/i0.wp.com\/docmarket-dz.com\/wp-content\/uploads\/2024\/05\/30.jpg?fit=1136%2C1200&ssl=1&resize=350%2C200","width":350,"height":200,"srcset":"https:\/\/i0.wp.com\/docmarket-dz.com\/wp-content\/uploads\/2024\/05\/30.jpg?fit=1136%2C1200&ssl=1&resize=350%2C200 1x, https:\/\/i0.wp.com\/docmarket-dz.com\/wp-content\/uploads\/2024\/05\/30.jpg?fit=1136%2C1200&ssl=1&resize=525%2C300 1.5x, https:\/\/i0.wp.com\/docmarket-dz.com\/wp-content\/uploads\/2024\/05\/30.jpg?fit=1136%2C1200&ssl=1&resize=700%2C400 2x, https:\/\/i0.wp.com\/docmarket-dz.com\/wp-content\/uploads\/2024\/05\/30.jpg?fit=1136%2C1200&ssl=1&resize=1050%2C600 3x"},"classes":[]},{"id":24216,"url":"https:\/\/docmarket-dz.com\/index.php\/product\/compresse-individuelle-non-tisse\/","url_meta":{"origin":28932,"position":1},"title":"COMPRESSE INDIVIDUELLE NON TISSE","author":"falek.h","date":"19\/12\/2022","format":false,"excerpt":"Lingette non tiss\u00e9e 20cm x 10cm Emballage duplex","rel":"","context":"Article similaire","block_context":{"text":"Article similaire","link":""},"img":{"alt_text":"","src":"https:\/\/i0.wp.com\/docmarket-dz.com\/wp-content\/uploads\/2022\/12\/PhotoRoom-20221217_203902-PhotoRoom1-e1671462531969.jpg?fit=599%2C688&ssl=1&resize=350%2C200","width":350,"height":200,"srcset":"https:\/\/i0.wp.com\/docmarket-dz.com\/wp-content\/uploads\/2022\/12\/PhotoRoom-20221217_203902-PhotoRoom1-e1671462531969.jpg?fit=599%2C688&ssl=1&resize=350%2C200 1x, https:\/\/i0.wp.com\/docmarket-dz.com\/wp-content\/uploads\/2022\/12\/PhotoRoom-20221217_203902-PhotoRoom1-e1671462531969.jpg?fit=599%2C688&ssl=1&resize=525%2C300 1.5x"},"classes":[]},{"id":26642,"url":"https:\/\/docmarket-dz.com\/index.php\/product\/desinfectant-instrument-instrunet\/","url_meta":{"origin":28932,"position":2},"title":"DESINFECTANT INSTRUMENT INSTRUNET","author":"falek.h","date":"17\/03\/2023","format":false,"excerpt":"Instrument Ultrason est le premier d\u00e9sinfectant libre en ald\u00e9hydes. Il est utilis\u00e9 pour des nettoyages et d\u00e9sinfections de mat\u00e9riel par ultrasons. Il s'agit d'un d\u00e9tergent enzymatique concentr\u00e9 avec 4 enzymes formul\u00e9 pour \u00e9liminer les restes organiques dans le mat\u00e9riel dentaire et chirurgical \u00e0 base de prot\u00e9ine, glucidique, lipide et cellulosique.","rel":"","context":"Article similaire","block_context":{"text":"Article similaire","link":""},"img":{"alt_text":"","src":"https:\/\/i0.wp.com\/docmarket-dz.com\/wp-content\/uploads\/2023\/03\/DESINFECTANT-INSTRUMENT-INSTRUNET-e1680613760727.jpg?fit=600%2C600&ssl=1&resize=350%2C200","width":350,"height":200,"srcset":"https:\/\/i0.wp.com\/docmarket-dz.com\/wp-content\/uploads\/2023\/03\/DESINFECTANT-INSTRUMENT-INSTRUNET-e1680613760727.jpg?fit=600%2C600&ssl=1&resize=350%2C200 1x, https:\/\/i0.wp.com\/docmarket-dz.com\/wp-content\/uploads\/2023\/03\/DESINFECTANT-INSTRUMENT-INSTRUNET-e1680613760727.jpg?fit=600%2C600&ssl=1&resize=525%2C300 1.5x"},"classes":[]},{"id":26643,"url":"https:\/\/docmarket-dz.com\/index.php\/product\/desinfectant-instrument-micro-10\/","url_meta":{"origin":28932,"position":3},"title":"DESINFECTANT INSTRUMENT MICRO 10","author":"falek.h","date":"17\/03\/2023","format":false,"excerpt":"D\u00e9sinfectant pour Instruments de Cabinet Micro 10 Enzyme Puissante\u00a0solution tri-enzymatique concentr\u00e9e, sans ald\u00e9hyde, pour la d\u00e9sinfection et le nettoyage de preesterilizaci\u00f3n tous les instruments dentaires et chirurgicaux. Micro 10 Enzyme a un large spectre d'efficacit\u00e9 et un haut pouvoir du d\u00e9tergent qui supprime toute s\u00e9curit\u00e9 tout type de d\u00e9p\u00f4ts qui\u2026","rel":"","context":"Article similaire","block_context":{"text":"Article similaire","link":""},"img":{"alt_text":"","src":"https:\/\/i0.wp.com\/docmarket-dz.com\/wp-content\/uploads\/2023\/03\/DESINFECTANT-INSTRUMENT-MICRO-10.jpg?fit=600%2C600&ssl=1&resize=350%2C200","width":350,"height":200,"srcset":"https:\/\/i0.wp.com\/docmarket-dz.com\/wp-content\/uploads\/2023\/03\/DESINFECTANT-INSTRUMENT-MICRO-10.jpg?fit=600%2C600&ssl=1&resize=350%2C200 1x, https:\/\/i0.wp.com\/docmarket-dz.com\/wp-content\/uploads\/2023\/03\/DESINFECTANT-INSTRUMENT-MICRO-10.jpg?fit=600%2C600&ssl=1&resize=525%2C300 1.5x"},"classes":[]},{"id":26649,"url":"https:\/\/docmarket-dz.com\/index.php\/product\/desinfectant-surface-spray-wyritol\/","url_meta":{"origin":28932,"position":4},"title":"DESINFECTANT SURFACE SPRAY WYRITOL","author":"falek.h","date":"17\/03\/2023","format":false,"excerpt":"Produit nettoyant et d\u00e9sinfectant toutes surfaces. Spray nettoyant et d\u00e9sinfectant pour tous types de surfaces, efficace sur le Covid 19 selon la norme EN 14476. Formul\u00e9 sans allerg\u00e8nes. Recommand\u00e9 pour les collectivit\u00e9s (\u00e9coles, garderies, cr\u00e9ches...), le milieu m\u00e9dical, la restauration, les bureaux, centres sportifs, etc.","rel":"","context":"Article similaire","block_context":{"text":"Article similaire","link":""},"img":{"alt_text":"","src":"https:\/\/i0.wp.com\/docmarket-dz.com\/wp-content\/uploads\/2023\/03\/DESINFECTANT-SURFACE-SPRAY-WYRITOL.jpg?fit=400%2C600&ssl=1&resize=350%2C200","width":350,"height":200},"classes":[]},{"id":26489,"url":"https:\/\/docmarket-dz.com\/index.php\/product\/boite-de-desinfection-pour-fraise\/","url_meta":{"origin":28932,"position":5},"title":"BOITE DE DESINFECTION POUR FRAISE","author":"falek.h","date":"01\/01\/1970","format":false,"excerpt":"","rel":"","context":"Article similaire","block_context":{"text":"Article similaire","link":""},"img":{"alt_text":"","src":"https:\/\/i0.wp.com\/docmarket-dz.com\/wp-content\/uploads\/1970\/01\/gobelet-pour-fraises-800x800-1.jpg?fit=800%2C800&ssl=1&resize=350%2C200","width":350,"height":200,"srcset":"https:\/\/i0.wp.com\/docmarket-dz.com\/wp-content\/uploads\/1970\/01\/gobelet-pour-fraises-800x800-1.jpg?fit=800%2C800&ssl=1&resize=350%2C200 1x, https:\/\/i0.wp.com\/docmarket-dz.com\/wp-content\/uploads\/1970\/01\/gobelet-pour-fraises-800x800-1.jpg?fit=800%2C800&ssl=1&resize=525%2C300 1.5x, https:\/\/i0.wp.com\/docmarket-dz.com\/wp-content\/uploads\/1970\/01\/gobelet-pour-fraises-800x800-1.jpg?fit=800%2C800&ssl=1&resize=700%2C400 2x"},"classes":[]}],"jetpack_sharing_enabled":true,"tiered_pricing_type":"fixed","tiered_pricing_fixed_rules":{"6":1250,"18":1200},"tiered_pricing_product_settings":{"layout":"default","base_unit_name":{"singular":null,"plural":null},"default_variation":null},"tiered_pricing_minimum_quantity":null,"tiered_pricing_roles_data":[],"tiered_pricing_percentage_rules":[],"_links":{"self":[{"href":"https:\/\/docmarket-dz.com\/index.php\/wp-json\/wp\/v2\/product\/28932","targetHints":{"allow":["GET"]}}],"collection":[{"href":"https:\/\/docmarket-dz.com\/index.php\/wp-json\/wp\/v2\/product"}],"about":[{"href":"https:\/\/docmarket-dz.com\/index.php\/wp-json\/wp\/v2\/types\/product"}],"replies":[{"embeddable":true,"href":"https:\/\/docmarket-dz.com\/index.php\/wp-json\/wp\/v2\/comments?post=28932"}],"wp:featuredmedia":[{"embeddable":true,"href":"https:\/\/docmarket-dz.com\/index.php\/wp-json\/wp\/v2\/media\/28934"}],"wp:attachment":[{"href":"https:\/\/docmarket-dz.com\/index.php\/wp-json\/wp\/v2\/media?parent=28932"}],"wp:term":[{"taxonomy":"product_brand","embeddable":true,"href":"https:\/\/docmarket-dz.com\/index.php\/wp-json\/wp\/v2\/product_brand?post=28932"},{"taxonomy":"product_cat","embeddable":true,"href":"https:\/\/docmarket-dz.com\/index.php\/wp-json\/wp\/v2\/product_cat?post=28932"},{"taxonomy":"product_tag","embeddable":true,"href":"https:\/\/docmarket-dz.com\/index.php\/wp-json\/wp\/v2\/product_tag?post=28932"}],"curies":[{"name":"wp","href":"https:\/\/api.w.org\/{rel}","templated":true}]}}