{"id":28972,"date":"2024-05-13T12:23:32","date_gmt":"2024-05-13T11:23:32","guid":{"rendered":"https:\/\/docmarket-dz.com\/?post_type=product&#038;p=28972"},"modified":"2024-05-13T12:23:33","modified_gmt":"2024-05-13T11:23:33","slug":"solution-lugol-3","status":"publish","type":"product","link":"https:\/\/docmarket-dz.com\/index.php\/product\/solution-lugol-3\/","title":{"rendered":"Solution Lugol 3%"},"content":{"rendered":"","protected":false},"excerpt":{"rendered":"","protected":false},"featured_media":0,"comment_status":"open","ping_status":"closed","template":"","meta":{"content-type":"","om_disable_all_campaigns":false,"_uf_show_specific_survey":0,"_uf_disable_surveys":false,"jetpack_publicize_message":"","jetpack_publicize_feature_enabled":true,"jetpack_social_post_already_shared":true,"jetpack_social_options":{"image_generator_settings":{"template":"highway","default_image_id":0,"font":"","enabled":false},"version":2}},"product_brand":[],"product_cat":[882,487],"product_tag":[],"class_list":{"0":"post-28972","1":"product","2":"type-product","3":"status-publish","5":"product_cat-gynecologie","6":"product_cat-medical","8":"first","9":"instock","10":"taxable","11":"shipping-taxable","12":"purchasable","13":"product-type-simple"},"supplier_id":null,"supplier_sku":"","barcode":null,"atum_controlled":true,"out_stock_date":null,"out_stock_threshold":null,"inheritable":false,"inbound_stock":0,"stock_on_hold":0,"sold_today":0,"sales_last_days":0,"reserved_stock":0,"customer_returns":0,"warehouse_damage":0,"lost_in_post":0,"other_logs":0,"out_stock_days":0,"lost_sales":0,"has_location":false,"update_date":"2026-04-10T00:05:15","atum_locations":[],"atum_stock_status":"instock","restock_status":false,"low_stock_amount":"","sales_update_date":"2026-04-10T00:05:15","calc_backorders":null,"aioseo_notices":[],"jetpack_publicize_connections":[],"jetpack-related-posts":[{"id":26684,"url":"https:\/\/docmarket-dz.com\/index.php\/product\/edta-solution-i-dental\/","url_meta":{"origin":28972,"position":0},"title":"EDTA SOLUTION I-DENTAL","author":"falek.h","date":"17\/03\/2023","format":false,"excerpt":"i-EDTA Solution, edta liquide la marque i-dental Application : - Pour le nettoyage, la lubrification et l'irrigation - Aide \u00e0 la d\u00e9calcification de la dentine dans les parois des canaux - Aide \u00e0 l'\u00e9largissement des canaux - \u00c9limination de la couche de smear","rel":"","context":"Article similaire","block_context":{"text":"Article similaire","link":""},"img":{"alt_text":"","src":"https:\/\/i0.wp.com\/docmarket-dz.com\/wp-content\/uploads\/2023\/03\/EDTA-SOLUTION-I-DENTAL-e1680609264624.jpg?fit=600%2C600&ssl=1&resize=350%2C200","width":350,"height":200,"srcset":"https:\/\/i0.wp.com\/docmarket-dz.com\/wp-content\/uploads\/2023\/03\/EDTA-SOLUTION-I-DENTAL-e1680609264624.jpg?fit=600%2C600&ssl=1&resize=350%2C200 1x, https:\/\/i0.wp.com\/docmarket-dz.com\/wp-content\/uploads\/2023\/03\/EDTA-SOLUTION-I-DENTAL-e1680609264624.jpg?fit=600%2C600&ssl=1&resize=525%2C300 1.5x"},"classes":[]},{"id":27586,"url":"https:\/\/docmarket-dz.com\/index.php\/product\/solute-de-dakin-1l-2m\/","url_meta":{"origin":28972,"position":1},"title":"SOLUT\u00c9 DE DAKIN 1L","author":"fatmazohra.nasri","date":"17\/10\/2023","format":false,"excerpt":"Antiseptique local \u00e0 usage externe bact\u00e9ricide, fongicide, virucide.","rel":"","context":"Article similaire","block_context":{"text":"Article similaire","link":""},"img":{"alt_text":"","src":"https:\/\/i0.wp.com\/docmarket-dz.com\/wp-content\/uploads\/2023\/10\/IMG_1657-PhotoRoom.png-PhotoRoom.png?fit=600%2C602&ssl=1&resize=350%2C200","width":350,"height":200,"srcset":"https:\/\/i0.wp.com\/docmarket-dz.com\/wp-content\/uploads\/2023\/10\/IMG_1657-PhotoRoom.png-PhotoRoom.png?fit=600%2C602&ssl=1&resize=350%2C200 1x, https:\/\/i0.wp.com\/docmarket-dz.com\/wp-content\/uploads\/2023\/10\/IMG_1657-PhotoRoom.png-PhotoRoom.png?fit=600%2C602&ssl=1&resize=525%2C300 1.5x"},"classes":[]},{"id":28657,"url":"https:\/\/docmarket-dz.com\/index.php\/product\/solution-hydroalcoolique-cristal-1l\/","url_meta":{"origin":28972,"position":2},"title":"Solution Hydroalcoolique Cristal 1L","author":"TIKELALINE Amel","date":"19\/03\/2024","format":false,"excerpt":"Solution alcoolique en bouteille de 1 litre de la marque Cristal. Formul\u00e9e pour un usage externe seulement. Contient un pourcentage appropri\u00e9 d'alcool pour d\u00e9sinfecter efficacement les surfaces. Convient pour une utilisation dans les environnements m\u00e9dicaux, commerciaux et domestiques. Id\u00e9ale pour la d\u00e9sinfection des mains, des surfaces et des instruments m\u00e9dicaux.\u2026","rel":"","context":"Article similaire","block_context":{"text":"Article similaire","link":""},"img":{"alt_text":"","src":"https:\/\/i0.wp.com\/docmarket-dz.com\/wp-content\/uploads\/2024\/03\/IMG_20240324_102231-removebg-preview-2-1.png?fit=599%2C601&ssl=1&resize=350%2C200","width":350,"height":200,"srcset":"https:\/\/i0.wp.com\/docmarket-dz.com\/wp-content\/uploads\/2024\/03\/IMG_20240324_102231-removebg-preview-2-1.png?fit=599%2C601&ssl=1&resize=350%2C200 1x, https:\/\/i0.wp.com\/docmarket-dz.com\/wp-content\/uploads\/2024\/03\/IMG_20240324_102231-removebg-preview-2-1.png?fit=599%2C601&ssl=1&resize=525%2C300 1.5x"},"classes":[]},{"id":28367,"url":"https:\/\/docmarket-dz.com\/index.php\/product\/solute-de-dakin-500-ml-2m\/","url_meta":{"origin":28972,"position":3},"title":"SOLUT\u00c9 DE DAKIN 500 ml","author":"Sofiane Arbouche","date":"18\/01\/2024","format":false,"excerpt":"DAKIN est un m\u00e9dicament antiseptique local \u00e0 usage externe, bact\u00e9ricide, fongicide et virucide, contenant du chlore, utilis\u00e9 pour l\u2019antisepsie de la peau, des muqueuses et des plaies superficielles.","rel":"","context":"Article similaire","block_context":{"text":"Article similaire","link":""},"img":{"alt_text":"","src":"https:\/\/i0.wp.com\/docmarket-dz.com\/wp-content\/uploads\/2024\/01\/sol-PhotoRoom.png-PhotoRoom.png?fit=600%2C600&ssl=1&resize=350%2C200","width":350,"height":200,"srcset":"https:\/\/i0.wp.com\/docmarket-dz.com\/wp-content\/uploads\/2024\/01\/sol-PhotoRoom.png-PhotoRoom.png?fit=600%2C600&ssl=1&resize=350%2C200 1x, https:\/\/i0.wp.com\/docmarket-dz.com\/wp-content\/uploads\/2024\/01\/sol-PhotoRoom.png-PhotoRoom.png?fit=600%2C600&ssl=1&resize=525%2C300 1.5x"},"classes":[]},{"id":27534,"url":"https:\/\/docmarket-dz.com\/index.php\/product\/betadine-solui-odine-flc-125ml\/","url_meta":{"origin":28972,"position":4},"title":"BETADINE SOLUI-ODINE FLC-125ML","author":"Somia Belmadani","date":"17\/10\/2023","format":false,"excerpt":"Une solution antiseptique \u00e0 base de povidone iod\u00e9e (10%) est employ\u00e9 pour le traitement local d'appoint des affections de la peau et des muqueuses infect\u00e9es ou risquant de s'infecter mais \u00e9galement pour l'antisepsie du champ op\u00e9ratoire. Forme............................Solution pour application locale Dosage..........................10 % Contenance...................125 ml","rel":"","context":"Article similaire","block_context":{"text":"Article similaire","link":""},"img":{"alt_text":"","src":"https:\/\/i0.wp.com\/docmarket-dz.com\/wp-content\/uploads\/2023\/10\/0000172.png?fit=603%2C601&ssl=1&resize=350%2C200","width":350,"height":200,"srcset":"https:\/\/i0.wp.com\/docmarket-dz.com\/wp-content\/uploads\/2023\/10\/0000172.png?fit=603%2C601&ssl=1&resize=350%2C200 1x, https:\/\/i0.wp.com\/docmarket-dz.com\/wp-content\/uploads\/2023\/10\/0000172.png?fit=603%2C601&ssl=1&resize=525%2C300 1.5x"},"classes":[]},{"id":27538,"url":"https:\/\/docmarket-dz.com\/index.php\/product\/betadine-solui-odine-flc-1-l\/","url_meta":{"origin":28972,"position":5},"title":"BETADINE SOLUI-ODINE FLC-1 L","author":"Somia Belmadani","date":"17\/10\/2023","format":false,"excerpt":"Une solution antiseptique \u00e0 base de povidone iod\u00e9e (10%) est employ\u00e9 pour le traitement local d'appoint des affections de la peau et des muqueuses infect\u00e9es ou risquant de s'infecter mais \u00e9galement pour l'antisepsie du champ op\u00e9ratoire. Forme............................Solution pour application locale Dosage..........................10 % Contenance...................1 L","rel":"","context":"Article similaire","block_context":{"text":"Article similaire","link":""},"img":{"alt_text":"","src":"https:\/\/i0.wp.com\/docmarket-dz.com\/wp-content\/uploads\/2023\/10\/SOLUIODINE-500-ML.jpg-PhotoRoom-PhotoRoom.webp?fit=612%2C792&ssl=1&resize=350%2C200","width":350,"height":200,"srcset":"https:\/\/i0.wp.com\/docmarket-dz.com\/wp-content\/uploads\/2023\/10\/SOLUIODINE-500-ML.jpg-PhotoRoom-PhotoRoom.webp?fit=612%2C792&ssl=1&resize=350%2C200 1x, https:\/\/i0.wp.com\/docmarket-dz.com\/wp-content\/uploads\/2023\/10\/SOLUIODINE-500-ML.jpg-PhotoRoom-PhotoRoom.webp?fit=612%2C792&ssl=1&resize=525%2C300 1.5x"},"classes":[]}],"jetpack_sharing_enabled":true,"tiered_pricing_type":"fixed","tiered_pricing_fixed_rules":[],"tiered_pricing_product_settings":{"layout":"default","base_unit_name":{"singular":null,"plural":null},"default_variation":null},"tiered_pricing_minimum_quantity":null,"tiered_pricing_roles_data":[],"tiered_pricing_percentage_rules":[],"_links":{"self":[{"href":"https:\/\/docmarket-dz.com\/index.php\/wp-json\/wp\/v2\/product\/28972","targetHints":{"allow":["GET"]}}],"collection":[{"href":"https:\/\/docmarket-dz.com\/index.php\/wp-json\/wp\/v2\/product"}],"about":[{"href":"https:\/\/docmarket-dz.com\/index.php\/wp-json\/wp\/v2\/types\/product"}],"replies":[{"embeddable":true,"href":"https:\/\/docmarket-dz.com\/index.php\/wp-json\/wp\/v2\/comments?post=28972"}],"wp:attachment":[{"href":"https:\/\/docmarket-dz.com\/index.php\/wp-json\/wp\/v2\/media?parent=28972"}],"wp:term":[{"taxonomy":"product_brand","embeddable":true,"href":"https:\/\/docmarket-dz.com\/index.php\/wp-json\/wp\/v2\/product_brand?post=28972"},{"taxonomy":"product_cat","embeddable":true,"href":"https:\/\/docmarket-dz.com\/index.php\/wp-json\/wp\/v2\/product_cat?post=28972"},{"taxonomy":"product_tag","embeddable":true,"href":"https:\/\/docmarket-dz.com\/index.php\/wp-json\/wp\/v2\/product_tag?post=28972"}],"curies":[{"name":"wp","href":"https:\/\/api.w.org\/{rel}","templated":true}]}}