{"id":29031,"date":"2024-06-10T11:49:15","date_gmt":"2024-06-10T10:49:15","guid":{"rendered":"https:\/\/docmarket-dz.com\/?post_type=product&#038;p=29031"},"modified":"2026-02-25T12:10:41","modified_gmt":"2026-02-25T11:10:41","slug":"sterilet-t","status":"publish","type":"product","link":"https:\/\/docmarket-dz.com\/index.php\/product\/sterilet-t\/","title":{"rendered":"St\u00e9rilet en T Cu 380A"},"content":{"rendered":"","protected":false},"excerpt":{"rendered":"","protected":false},"featured_media":0,"comment_status":"open","ping_status":"closed","template":"","meta":{"content-type":"","om_disable_all_campaigns":false,"_uf_show_specific_survey":0,"_uf_disable_surveys":false,"jetpack_publicize_message":"","jetpack_publicize_feature_enabled":true,"jetpack_social_post_already_shared":true,"jetpack_social_options":{"image_generator_settings":{"template":"highway","default_image_id":0,"font":"","enabled":false},"version":2}},"product_brand":[],"product_cat":[882],"product_tag":[],"class_list":{"0":"post-29031","1":"product","2":"type-product","3":"status-publish","5":"product_cat-gynecologie","7":"first","8":"instock","9":"taxable","10":"shipping-taxable","11":"purchasable","12":"product-type-simple"},"supplier_id":null,"supplier_sku":"","barcode":null,"atum_controlled":true,"out_stock_date":null,"out_stock_threshold":null,"inheritable":false,"inbound_stock":0,"stock_on_hold":0,"sold_today":0,"sales_last_days":0,"reserved_stock":0,"customer_returns":0,"warehouse_damage":0,"lost_in_post":0,"other_logs":0,"out_stock_days":0,"lost_sales":0,"has_location":true,"update_date":"2026-04-16T00:08:12","atum_locations":[{"id":917,"name":"B2","slug":"b2"}],"atum_stock_status":"instock","restock_status":false,"low_stock_amount":"","sales_update_date":"2026-04-16T00:08:12","calc_backorders":0,"aioseo_notices":[],"jetpack_publicize_connections":[],"jetpack-related-posts":[{"id":27696,"url":"https:\/\/docmarket-dz.com\/index.php\/product\/sterilet\/","url_meta":{"origin":29031,"position":0},"title":"St\u00e9rilet en U &#8211; CU 375","author":"fatmazohra.nasri","date":"04\/12\/2023","format":false,"excerpt":"Dispositif contraceptif intra-ut\u00e9rin (DIU) au cuivre, non hormonal\u00a0qui emp\u00eache l\u2019implantation dans l\u2019ut\u00e9rus de l\u2019ovocyte f\u00e9cond\u00e9. Cette activit\u00e9 est renforc\u00e9e de mani\u00e8re ancillaire par la pr\u00e9sence de cuivre. Le cuivre a un effet cytotoxique sur les gam\u00e8tes \u00e0 l\u2019origine d\u2019une alt\u00e9ration des spermatozo\u00efdes, entra\u00eenant ainsi une inhibition de la f\u00e9condation. Le\u2026","rel":"","context":"Article similaire","block_context":{"text":"Article similaire","link":""},"img":{"alt_text":"","src":"https:\/\/i0.wp.com\/docmarket-dz.com\/wp-content\/uploads\/2023\/10\/STERILET-PhotoRoom.png-PhotoRoom.png?fit=673%2C540&ssl=1&resize=350%2C200","width":350,"height":200,"srcset":"https:\/\/i0.wp.com\/docmarket-dz.com\/wp-content\/uploads\/2023\/10\/STERILET-PhotoRoom.png-PhotoRoom.png?fit=673%2C540&ssl=1&resize=350%2C200 1x, https:\/\/i0.wp.com\/docmarket-dz.com\/wp-content\/uploads\/2023\/10\/STERILET-PhotoRoom.png-PhotoRoom.png?fit=673%2C540&ssl=1&resize=525%2C300 1.5x"},"classes":[]},{"id":28138,"url":"https:\/\/docmarket-dz.com\/index.php\/product\/pince-a-pansement-longuette-courbe-24-cm\/","url_meta":{"origin":29031,"position":1},"title":"Pince \u00e0 pansement longuette courbe ( 24 CM )","author":"fatmazohra.nasri","date":"16\/12\/2023","format":false,"excerpt":"La pince Longuette droite est une pince m\u00e9dicale en acier inoxydable dot\u00e9e d'un tr\u00e8s long manche, de deux gros mors ovales et stri\u00e9s, et d'un syst\u00e8me de blocage \u00e0 cr\u00e9maill\u00e8re. Elle est utilis\u00e9e pour, par exemple, monter des compresses pli\u00e9es dans le cadre des nettoyages et des badigeonnages antiseptiques lors\u2026","rel":"","context":"Article similaire","block_context":{"text":"Article similaire","link":""},"img":{"alt_text":"","src":"https:\/\/i0.wp.com\/docmarket-dz.com\/wp-content\/uploads\/2023\/12\/29e4edb4da3707409c9a879f98f10f99.jpg?fit=900%2C900&ssl=1&resize=350%2C200","width":350,"height":200,"srcset":"https:\/\/i0.wp.com\/docmarket-dz.com\/wp-content\/uploads\/2023\/12\/29e4edb4da3707409c9a879f98f10f99.jpg?fit=900%2C900&ssl=1&resize=350%2C200 1x, https:\/\/i0.wp.com\/docmarket-dz.com\/wp-content\/uploads\/2023\/12\/29e4edb4da3707409c9a879f98f10f99.jpg?fit=900%2C900&ssl=1&resize=525%2C300 1.5x, https:\/\/i0.wp.com\/docmarket-dz.com\/wp-content\/uploads\/2023\/12\/29e4edb4da3707409c9a879f98f10f99.jpg?fit=900%2C900&ssl=1&resize=700%2C400 2x"},"classes":[]}],"jetpack_sharing_enabled":true,"tiered_pricing_type":"fixed","tiered_pricing_fixed_rules":[],"tiered_pricing_product_settings":{"layout":"default","base_unit_name":{"singular":null,"plural":null},"default_variation":null},"tiered_pricing_minimum_quantity":null,"tiered_pricing_roles_data":[],"tiered_pricing_percentage_rules":[],"_links":{"self":[{"href":"https:\/\/docmarket-dz.com\/index.php\/wp-json\/wp\/v2\/product\/29031","targetHints":{"allow":["GET"]}}],"collection":[{"href":"https:\/\/docmarket-dz.com\/index.php\/wp-json\/wp\/v2\/product"}],"about":[{"href":"https:\/\/docmarket-dz.com\/index.php\/wp-json\/wp\/v2\/types\/product"}],"replies":[{"embeddable":true,"href":"https:\/\/docmarket-dz.com\/index.php\/wp-json\/wp\/v2\/comments?post=29031"}],"wp:attachment":[{"href":"https:\/\/docmarket-dz.com\/index.php\/wp-json\/wp\/v2\/media?parent=29031"}],"wp:term":[{"taxonomy":"product_brand","embeddable":true,"href":"https:\/\/docmarket-dz.com\/index.php\/wp-json\/wp\/v2\/product_brand?post=29031"},{"taxonomy":"product_cat","embeddable":true,"href":"https:\/\/docmarket-dz.com\/index.php\/wp-json\/wp\/v2\/product_cat?post=29031"},{"taxonomy":"product_tag","embeddable":true,"href":"https:\/\/docmarket-dz.com\/index.php\/wp-json\/wp\/v2\/product_tag?post=29031"}],"curies":[{"name":"wp","href":"https:\/\/api.w.org\/{rel}","templated":true}]}}